{"id":70688,"date":"2025-06-25T09:10:42","date_gmt":"2025-06-25T07:10:42","guid":{"rendered":"https:\/\/varibox.best4u.dev\/order-conditions\/"},"modified":"2025-10-01T15:10:27","modified_gmt":"2025-10-01T13:10:27","slug":"warunki-skladania-zamowien","status":"publish","type":"page","link":"https:\/\/varibox.best4u.dev\/pl\/warunki-skladania-zamowien\/","title":{"rendered":"Warunki sk\u0142adania zam\u00f3wie\u0144"},"content":{"rendered":"<div class=\"gb-container gb-container-f136fbdf\"><div class=\"gb-inside-container\">\n\n<h1 class=\"wp-block-heading\">Warunki sk\u0142adania zam\u00f3wie\u0144<\/h1>\n\n\n\n<p><strong>Kiedy mog\u0119 z\u0142o\u017cy\u0107 zam\u00f3wienie w sklepie internetowym VARIBOX?<\/strong><br>Mo\u017cesz z\u0142o\u017cy\u0107 zam\u00f3wienie w sklepie internetowym VARIBOX, je\u015bli jeste\u015b klientem VARIBOX.<\/p>\n\n\n\n<p><strong>Czy mog\u0119 r\u00f3wnie\u017c zam\u00f3wi\u0107 cz\u0119\u015bci zamienne w zwyk\u0142ym procesie?<\/strong><br>Mo\u017cesz r\u00f3wnie\u017c zam\u00f3wi\u0107 cz\u0119\u015bci zamienne przy zakupie nowych pojemnik\u00f3w VARIBOX IBC.<\/p>\n\n\n\n<p><strong>Czy mog\u0119 zam\u00f3wi\u0107 cz\u0119\u015bci zamienne przez telefon lub e-mail?<\/strong><br>Nie, nie ma mo\u017cliwo\u015bci zamawiania cz\u0119\u015bci zamiennych przez e-mail lub telefon. Prosimy w tym celu korzysta\u0107 ze sklepu internetowego. W przypadku pyta\u0144 prosimy o skorzystanie z formularza na stronie kontaktowej.<\/p>\n\n\n\n<p><strong>Do kiedy mog\u0119 anulowa\u0107 moje zam\u00f3wienie?<\/strong><br>Mo\u017cesz anulowa\u0107 swoje zam\u00f3wienie do momentu otrzymania od nas potwierdzenia zam\u00f3wienia.<\/p>\n\n\n\n<p><strong>Jak mog\u0119 zmieni\u0107 moje zam\u00f3wienie?<\/strong><br>Mo\u017cesz zmieni\u0107 swoje zam\u00f3wienie do momentu zaakceptowania naszych warunk\u00f3w i dokonania zakupu. Po tym etapie nie jest to mo\u017cliwe w samym sklepie internetowym. Mo\u017cesz jednak zmieni\u0107 zam\u00f3wienie do momentu otrzymania naszego potwierdzenia. Prosimy o jak najszybszy kontakt poprzez formularz na stronie kontaktowej.<\/p>\n\n\n\n<p><strong>Z\u0142o\u017cy\u0142em b\u0142\u0119dne zam\u00f3wienie. Co powinienem zrobi\u0107?<\/strong><br>Mo\u017cesz anulowa\u0107 b\u0142\u0119dne zam\u00f3wienie do momentu otrzymania potwierdzenia zam\u00f3wienia. Po tym czasie nie jest to ju\u017c mo\u017cliwe i nale\u017cy skorzysta\u0107 z formularza zwrotu, aby odes\u0142a\u0107 cz\u0119\u015bci zamienne.<\/p>\n\n<\/div><\/div>","protected":false},"excerpt":{"rendered":"<p>Warunki sk\u0142adania zam\u00f3wie\u0144 Kiedy mog\u0119 z\u0142o\u017cy\u0107 zam\u00f3wienie w sklepie internetowym VARIBOX?Mo\u017cesz z\u0142o\u017cy\u0107 zam\u00f3wienie w sklepie internetowym VARIBOX, je\u015bli jeste\u015b klientem VARIBOX. Czy mog\u0119 r\u00f3wnie\u017c zam\u00f3wi\u0107 cz\u0119\u015bci zamienne w zwyk\u0142ym procesie?Mo\u017cesz r\u00f3wnie\u017c zam\u00f3wi\u0107 cz\u0119\u015bci zamienne przy zakupie nowych pojemnik\u00f3w VARIBOX IBC. Czy mog\u0119 zam\u00f3wi\u0107 cz\u0119\u015bci zamienne przez telefon lub e-mail?Nie, nie ma mo\u017cliwo\u015bci zamawiania cz\u0119\u015bci zamiennych [&hellip;]<\/p>\n","protected":false},"author":1,"featured_media":0,"parent":0,"menu_order":0,"comment_status":"closed","ping_status":"closed","template":"","meta":{"_acf_changed":false,"footnotes":""},"class_list":["post-70688","page","type-page","status-publish","hentry"],"blocksy_meta":[],"featured_image_urls_v2":{"full":"","thumbnail":"","medium":"","medium_large":"","large":"","1536x1536":"","2048x2048":"","woocommerce_archive_thumbnail":"","gform-image-choice-sm":"","gform-image-choice-md":"","gform-image-choice-lg":"","woocommerce_thumbnail":"","woocommerce_single":"","woocommerce_gallery_thumbnail":"","variation_swatches_image_size":"","variation_swatches_tooltip_size":""},"post_excerpt_stackable_v2":"<p>Warunki sk\u0142adania zam\u00f3wie\u0144 Kiedy mog\u0119 z\u0142o\u017cy\u0107 zam\u00f3wienie w sklepie internetowym VARIBOX?Mo\u017cesz z\u0142o\u017cy\u0107 zam\u00f3wienie w sklepie internetowym VARIBOX, je\u015bli jeste\u015b klientem VARIBOX. Czy mog\u0119 r\u00f3wnie\u017c zam\u00f3wi\u0107 cz\u0119\u015bci zamienne w zwyk\u0142ym procesie?Mo\u017cesz r\u00f3wnie\u017c zam\u00f3wi\u0107 cz\u0119\u015bci zamienne przy zakupie nowych pojemnik\u00f3w VARIBOX IBC. Czy mog\u0119 zam\u00f3wi\u0107 cz\u0119\u015bci zamienne przez telefon lub e-mail?Nie, nie ma mo\u017cliwo\u015bci zamawiania cz\u0119\u015bci zamiennych przez e-mail lub telefon. Prosimy w tym celu korzysta\u0107 ze sklepu internetowego. W przypadku pyta\u0144 prosimy o skorzystanie z formularza na stronie kontaktowej. Do kiedy mog\u0119 anulowa\u0107 moje zam\u00f3wienie?Mo\u017cesz anulowa\u0107 swoje zam\u00f3wienie do momentu otrzymania od nas potwierdzenia zam\u00f3wienia. Jak mog\u0119 zmieni\u0107 moje zam\u00f3wienie?Mo\u017cesz zmieni\u0107&hellip;<\/p>\n","category_list_v2":"","author_info_v2":{"name":"Best4u","url":"https:\/\/varibox.best4u.dev\/pl\/author\/best4u\/"},"comments_num_v2":"0 comments","acf":[],"_links":{"self":[{"href":"https:\/\/varibox.best4u.dev\/pl\/wp-json\/wp\/v2\/pages\/70688","targetHints":{"allow":["GET"]}}],"collection":[{"href":"https:\/\/varibox.best4u.dev\/pl\/wp-json\/wp\/v2\/pages"}],"about":[{"href":"https:\/\/varibox.best4u.dev\/pl\/wp-json\/wp\/v2\/types\/page"}],"author":[{"embeddable":true,"href":"https:\/\/varibox.best4u.dev\/pl\/wp-json\/wp\/v2\/users\/1"}],"replies":[{"embeddable":true,"href":"https:\/\/varibox.best4u.dev\/pl\/wp-json\/wp\/v2\/comments?post=70688"}],"version-history":[{"count":1,"href":"https:\/\/varibox.best4u.dev\/pl\/wp-json\/wp\/v2\/pages\/70688\/revisions"}],"predecessor-version":[{"id":70695,"href":"https:\/\/varibox.best4u.dev\/pl\/wp-json\/wp\/v2\/pages\/70688\/revisions\/70695"}],"wp:attachment":[{"href":"https:\/\/varibox.best4u.dev\/pl\/wp-json\/wp\/v2\/media?parent=70688"}],"curies":[{"name":"wp","href":"https:\/\/api.w.org\/{rel}","templated":true}]}}