{"id":70675,"date":"2025-06-25T09:10:10","date_gmt":"2025-06-25T07:10:10","guid":{"rendered":"https:\/\/varibox.best4u.dev\/return-conditions\/"},"modified":"2025-10-01T14:48:51","modified_gmt":"2025-10-01T12:48:51","slug":"polityka-zwrotow","status":"publish","type":"page","link":"https:\/\/varibox.best4u.dev\/pl\/polityka-zwrotow\/","title":{"rendered":"Polityka zwrot\u00f3w"},"content":{"rendered":"<div class=\"gb-container gb-container-f136fbdf\"><div class=\"gb-inside-container\">\n\n<h1 class=\"wp-block-heading\">Polityka zwrot\u00f3w<\/h1>\n\n\n\n<p>Niniejsza polityka zwrot\u00f3w dotyczy <strong>Rotovia Deventer B.V.<\/strong> oraz <strong>Rotovia Montoir SAS<\/strong>. Obowi\u0105zuje dla wszystkich <strong>zam\u00f3wie\u0144 z\u0142o\u017conych w sklepie internetowym<\/strong> naszych sp\u00f3\u0142ek, aby zapewni\u0107 przejrzysto\u015b\u0107 i jasno\u015b\u0107 dla naszych klient\u00f3w.<\/p>\n\n\n\n<p><em>Ta polityka zwrot\u00f3w nie dotyczy um\u00f3w typu business-to-business (B2B) zawieranych poza sklepem internetowym.<\/em><\/p>\n\n\n\n<p><strong>Zakres obowi\u0105zywania<\/strong><br>Polityka zwrot\u00f3w obowi\u0105zuje klient\u00f3w z nast\u0119puj\u0105cych kraj\u00f3w: Austria, Belgia, Szwajcaria, Czechy, Niemcy, Dania, Hiszpania, Finlandia, Francja, Wielka Brytania, W\u0119gry, Irlandia, W\u0142ochy, Holandia, Norwegia, Polska, Portugalia, Rumunia i Szwecja.<\/p>\n\n\n\n<h3 class=\"wp-block-heading\">Zwroty<\/h3>\n\n\n\n<p>Tak, akceptujemy zwroty zar\u00f3wno produkt\u00f3w wadliwych, jak i niewadliwych.<\/p>\n\n\n\n<ul class=\"wp-block-list\">\n<li><strong>Okres zwrotu:<\/strong> do <strong>30 dni od otrzymania towaru<\/strong>.<\/li>\n\n\n\n<li><strong>Stan produktu:<\/strong> do zwrotu kwalifikuj\u0105 si\u0119 wy\u0142\u0105cznie produkty <strong>nowe i nieu\u017cywane<\/strong>, w <strong>oryginalnym opakowaniu<\/strong>.<\/li>\n\n\n\n<li><strong>Wyj\u0105tki:<\/strong> produkty wykonane na zam\u00f3wienie oraz produkty higieniczne nie podlegaj\u0105 zwrotowi.<\/li>\n<\/ul>\n\n\n\n<h3 class=\"wp-block-heading\">Co musz\u0119 zrobi\u0107, aby zwr\u00f3ci\u0107 produkt?<\/h3>\n\n\n\n<ol class=\"wp-block-list\">\n<li>Cz\u0119\u015bci zamienne musz\u0105 by\u0107 <strong>nieu\u017cywane<\/strong>.<\/li>\n\n\n\n<li>Zg\u0142o\u015b zwrot poprzez <strong>formularz zwrotu online<\/strong> dost\u0119pny na naszej stronie zwrot\u00f3w.<\/li>\n\n\n\n<li>Starannie zapakuj produkt w <strong>oryginalne opakowanie<\/strong>.<\/li>\n\n\n\n<li>Ode\u015blij paczk\u0119 na nasz adres.<\/li>\n<\/ol>\n\n\n\n<h3 class=\"wp-block-heading\">Czy mog\u0119 \u015bledzi\u0107 status mojego zwrotu?<\/h3>\n\n\n\n<p>Obecnie <strong>nie ma mo\u017cliwo\u015bci \u015bledzenia statusu zwrotu online<\/strong>.<br>Chcesz pozna\u0107 status? Skontaktuj si\u0119 z nami poprzez formularz na stronie <strong>kontaktowej<\/strong>. Nasz dzia\u0142 obs\u0142ugi klienta udzieli Ci pomocy tak szybko, jak to mo\u017cliwe.<\/p>\n\n\n\n<h3 class=\"wp-block-heading\">Czy mo\u017cliwy jest odbi\u00f3r zwrotu przez nasz\u0105 firm\u0119?<\/h3>\n\n\n\n<p><strong>Nie, niestety nie jest to mo\u017cliwe.<\/strong><br>Klient jest odpowiedzialny za wysy\u0142k\u0119 zwracanych produkt\u00f3w na nasz adres.<\/p>\n\n\n\n<h3 class=\"wp-block-heading\">Chcia\u0142bym zmieni\u0107 zg\u0142oszony zwrot \u2013 co powinienem zrobi\u0107?<\/h3>\n\n\n\n<p>Po zarejestrowaniu produkt\u00f3w do zwrotu poprzez formularz online, zmiany s\u0105 mo\u017cliwe wy\u0142\u0105cznie poprzez kontakt z naszym <strong>dzia\u0142em obs\u0142ugi klienta<\/strong>.<br>Mo\u017cna to zrobi\u0107 za pomoc\u0105 formularza na stronie <strong>kontaktowej<\/strong>.<\/p>\n\n\n\n<h3 class=\"wp-block-heading\">Otrzyma\u0142em uszkodzony lub zepsuty produkt \u2013 co powinienem zrobi\u0107?<\/h3>\n\n\n\n<p>Je\u015bli otrzymasz uszkodzony lub zepsuty produkt, wype\u0142nij <strong>formularz reklamacyjny<\/strong>, aby go zg\u0142osi\u0107.<br>Nasz dzia\u0142 obs\u0142ugi klienta skontaktuje si\u0119 z Tob\u0105 jak najszybciej, aby rozwi\u0105za\u0107 problem.<\/p>\n\n\n\n<h3 class=\"wp-block-heading\">Proces zwrotu<\/h3>\n\n\n\n<ul class=\"wp-block-list\">\n<li><strong>Metoda:<\/strong> zwroty s\u0105 mo\u017cliwe wy\u0142\u0105cznie <strong>drog\u0105 pocztow\u0105<\/strong>.<\/li>\n\n\n\n<li><strong>Etykieta\/koszty zwrotu:<\/strong> klient ponosi koszty przesy\u0142ki zwrotnej.<\/li>\n\n\n\n<li><strong>Op\u0142ata manipulacyjna:<\/strong> <strong>nie jest pobierana<\/strong>.<\/li>\n<\/ul>\n\n\n\n<h3 class=\"wp-block-heading\">Zwroty pieni\u0119dzy<\/h3>\n\n\n\n<p>Zwroty realizujemy w ci\u0105gu <strong>30 dni<\/strong> od otrzymania i sprawdzenia przesy\u0142ki zwrotnej.<br>Pieni\u0105dze s\u0105 zwracane t\u0105 sam\u0105 metod\u0105 p\u0142atno\u015bci, kt\u00f3rej u\u017cyto przy zam\u00f3wieniu.<\/p>\n\n\n\n<h3 class=\"wp-block-heading\">Wymiana<\/h3>\n\n\n\n<p>Tak, akceptujemy wymiany. Skontaktuj si\u0119 z nami w ci\u0105gu 30 dni, aby zorganizowa\u0107 wymian\u0119.<\/p>\n\n\n\n<h3 class=\"wp-block-heading\">Kontakt<\/h3>\n\n\n\n<p>\ud83d\udce7 <strong><a>Info@varibox-ibc.com<\/a><\/strong><br>\ud83d\udcde <strong>+31 570 660711<\/strong><\/p>\n\n\n\n<p><strong>Ostatnia aktualizacja:<\/strong> 1 pa\u017adziernika 2025<\/p>\n\n<\/div><\/div>","protected":false},"excerpt":{"rendered":"<p>Polityka zwrot\u00f3w Niniejsza polityka zwrot\u00f3w dotyczy Rotovia Deventer B.V. oraz Rotovia Montoir SAS. Obowi\u0105zuje dla wszystkich zam\u00f3wie\u0144 z\u0142o\u017conych w sklepie internetowym naszych sp\u00f3\u0142ek, aby zapewni\u0107 przejrzysto\u015b\u0107 i jasno\u015b\u0107 dla naszych klient\u00f3w. Ta polityka zwrot\u00f3w nie dotyczy um\u00f3w typu business-to-business (B2B) zawieranych poza sklepem internetowym. Zakres obowi\u0105zywaniaPolityka zwrot\u00f3w obowi\u0105zuje klient\u00f3w z nast\u0119puj\u0105cych kraj\u00f3w: Austria, Belgia, Szwajcaria, [&hellip;]<\/p>\n","protected":false},"author":1,"featured_media":0,"parent":0,"menu_order":0,"comment_status":"closed","ping_status":"closed","template":"","meta":{"_acf_changed":false,"footnotes":""},"class_list":["post-70675","page","type-page","status-publish","hentry"],"blocksy_meta":[],"featured_image_urls_v2":{"full":"","thumbnail":"","medium":"","medium_large":"","large":"","1536x1536":"","2048x2048":"","woocommerce_archive_thumbnail":"","gform-image-choice-sm":"","gform-image-choice-md":"","gform-image-choice-lg":"","woocommerce_thumbnail":"","woocommerce_single":"","woocommerce_gallery_thumbnail":"","variation_swatches_image_size":"","variation_swatches_tooltip_size":""},"post_excerpt_stackable_v2":"<p>Polityka zwrot\u00f3w Niniejsza polityka zwrot\u00f3w dotyczy Rotovia Deventer B.V. oraz Rotovia Montoir SAS. Obowi\u0105zuje dla wszystkich zam\u00f3wie\u0144 z\u0142o\u017conych w sklepie internetowym naszych sp\u00f3\u0142ek, aby zapewni\u0107 przejrzysto\u015b\u0107 i jasno\u015b\u0107 dla naszych klient\u00f3w. Ta polityka zwrot\u00f3w nie dotyczy um\u00f3w typu business-to-business (B2B) zawieranych poza sklepem internetowym. Zakres obowi\u0105zywaniaPolityka zwrot\u00f3w obowi\u0105zuje klient\u00f3w z nast\u0119puj\u0105cych kraj\u00f3w: Austria, Belgia, Szwajcaria, Czechy, Niemcy, Dania, Hiszpania, Finlandia, Francja, Wielka Brytania, W\u0119gry, Irlandia, W\u0142ochy, Holandia, Norwegia, Polska, Portugalia, Rumunia i Szwecja. Zwroty Tak, akceptujemy zwroty zar\u00f3wno produkt\u00f3w wadliwych, jak i niewadliwych. Okres zwrotu: do 30 dni od otrzymania towaru. Stan produktu: do zwrotu kwalifikuj\u0105 si\u0119 wy\u0142\u0105cznie produkty nowe&hellip;<\/p>\n","category_list_v2":"","author_info_v2":{"name":"Best4u","url":"https:\/\/varibox.best4u.dev\/pl\/author\/best4u\/"},"comments_num_v2":"0 comments","acf":[],"_links":{"self":[{"href":"https:\/\/varibox.best4u.dev\/pl\/wp-json\/wp\/v2\/pages\/70675","targetHints":{"allow":["GET"]}}],"collection":[{"href":"https:\/\/varibox.best4u.dev\/pl\/wp-json\/wp\/v2\/pages"}],"about":[{"href":"https:\/\/varibox.best4u.dev\/pl\/wp-json\/wp\/v2\/types\/page"}],"author":[{"embeddable":true,"href":"https:\/\/varibox.best4u.dev\/pl\/wp-json\/wp\/v2\/users\/1"}],"replies":[{"embeddable":true,"href":"https:\/\/varibox.best4u.dev\/pl\/wp-json\/wp\/v2\/comments?post=70675"}],"version-history":[{"count":2,"href":"https:\/\/varibox.best4u.dev\/pl\/wp-json\/wp\/v2\/pages\/70675\/revisions"}],"predecessor-version":[{"id":70680,"href":"https:\/\/varibox.best4u.dev\/pl\/wp-json\/wp\/v2\/pages\/70675\/revisions\/70680"}],"wp:attachment":[{"href":"https:\/\/varibox.best4u.dev\/pl\/wp-json\/wp\/v2\/media?parent=70675"}],"curies":[{"name":"wp","href":"https:\/\/api.w.org\/{rel}","templated":true}]}}