{"id":63148,"date":"2025-02-04T14:08:20","date_gmt":"2025-02-04T13:08:20","guid":{"rendered":"https:\/\/varibox.best4u.dev\/?page_id=63148"},"modified":"2025-02-04T14:52:39","modified_gmt":"2025-02-04T13:52:39","slug":"serwis-utrzymania-varibox-sc","status":"publish","type":"page","link":"https:\/\/varibox.best4u.dev\/pl\/serwis-utrzymania-varibox-sc\/","title":{"rendered":"Serwis Utrzymania VARIBOX SC"},"content":{"rendered":"\n<h1 class=\"wp-block-heading\"><strong>Serwis Utrzymania VARIBOX SC<\/strong><\/h1>\n\n\n\n<p>W VARIBOX wierzymy w przysz\u0142o\u015b\u0107, w kt\u00f3rej chemikalia i detergenty s\u0105 bezpiecznie pakowane bez generowania odpad\u00f3w. Nasz Serwis Utrzymania VARIBOX SC w Montoir odzwierciedla to zaanga\u017cowanie, oferuj\u0105c rozwi\u0105zanie, kt\u00f3re wyd\u0142u\u017ca \u017cywotno\u015b\u0107 Twoich pojemnik\u00f3w, stawiaj\u0105c na pierwszym miejscu bezpiecze\u0144stwo, mo\u017cliwo\u015b\u0107 ponownego u\u017cycia oraz zr\u00f3wnowa\u017cony rozw\u00f3j. Dost\u0119pny w naszej fabryce VARIBOX w Montoir, w Montoir-de-Bretagne we Francji, serwis ten zapewnia, \u017ce Twoje pojemniki VARIBOX Single Containment IBC pozostaj\u0105 zgodne z przepisami, niezawodne i gotowe do u\u017cycia.<\/p>\n\n\n\n<p><strong>Dlaczego warto wybra\u0107 Serwis Utrzymania VARIBOX SC<\/strong><br>Wybieraj\u0105c Serwis Utrzymania VARIBOX SC, korzystasz z rozwi\u0105zania stworzonego dla najbardziej wymagaj\u0105cych bran\u017c. Nasze podej\u015bcie, skoncentrowane na bezpiecze\u0144stwie i trwa\u0142o\u015bci, gwarantuje, \u017ce Twoje pojemniki pozostan\u0105 w doskona\u0142ym stanie, spe\u0142niaj\u0105c jednocze\u015bnie wymagania regulacji ADR. Pojemniki VARIBOX SC IBC, z \u017cywotno\u015bci\u0105 si\u0119gaj\u0105c\u0105 nawet 10 lat, s\u0105 zaprojektowane do intensywnego u\u017cytkowania, zapewniaj\u0105c solidno\u015b\u0107 i niezawodno\u015b\u0107.<\/p>\n\n\n\n<p><strong>Zalety wyboru serwisu VARIBOX:<\/strong><\/p>\n\n\n\n<ul class=\"wp-block-list\">\n<li><strong>\u0141atwo\u015b\u0107 obs\u0142ugi:<\/strong> Prosty i przejrzysty proces, kt\u00f3ry pozwala Ci skupi\u0107 si\u0119 na podstawowej dzia\u0142alno\u015bci.<\/li>\n\n\n\n<li><strong>Wysoka jako\u015b\u0107 utrzymania:<\/strong> Oryginalne cz\u0119\u015bci gwarantuj\u0105 najlepsze parametry dzia\u0142ania Twoich pojemnik\u00f3w.<\/li>\n\n\n\n<li><strong>Zgodno\u015b\u0107 z przepisami:<\/strong> Certyfikowany serwis ADR zapewnia spok\u00f3j ducha.<\/li>\n\n\n\n<li><strong>Wzmocnienie wizerunku marki:<\/strong> Pokazuje Twoje zaanga\u017cowanie w zr\u00f3wnowa\u017cony rozw\u00f3j i bezpiecze\u0144stwo.<\/li>\n<\/ul>\n\n\n\n<p><strong>Jak dzia\u0142a Serwis Utrzymania<\/strong><br>Nasz proces serwisowy jest bezproblemowy, odzwierciedlaj\u0105c warto\u015bci VARIBOX, takie jak bezpiecze\u0144stwo, niezawodno\u015b\u0107 i zr\u00f3wnowa\u017cony rozw\u00f3j. Klienci przesy\u0142aj\u0105 swoje pojemniki VARIBOX SC do naszej fabryki w Montoir-de-Bretagne, gdzie zajmujemy si\u0119 reszt\u0105. Us\u0142uga obejmuje wymian\u0119 wewn\u0119trznego pojemnika, naprawy komponent\u00f3w, inspekcje, certyfikacje oraz zarz\u0105dzanie odpadami. Zu\u017cyte materia\u0142y s\u0105 poddawane recyklingowi i przetwarzane na surowce plastikowe do produkcji nowych pojemnik\u00f3w, co zmniejsza ilo\u015b\u0107 odpad\u00f3w i wspiera zr\u00f3wnowa\u017cony rozw\u00f3j. Po zako\u0144czeniu serwisu Twoje pojemniki mog\u0105 zosta\u0107 odebrane z certyfikatem przed\u0142u\u017caj\u0105cym ich u\u017cytkowanie o kolejne pi\u0119\u0107 lat, zapewniaj\u0105c zgodno\u015b\u0107 z przepisami i efektywno\u015b\u0107.<\/p>\n\n\n\n<p><strong>Korzy\u015bci dla Twojej firmy<\/strong><br>Serwis Utrzymania VARIBOX SC to wi\u0119cej ni\u017c tylko konserwacja pojemnik\u00f3w; to kompleksowe rozwi\u0105zanie wspieraj\u0105ce Twoje cele operacyjne i \u015brodowiskowe.<\/p>\n\n\n\n<ul class=\"wp-block-list\">\n<li><strong>Wyd\u0142u\u017cona \u017cywotno\u015b\u0107 pojemnik\u00f3w:<\/strong> Serwis zapewnia d\u0142ugotrwa\u0142\u0105 wydajno\u015b\u0107, redukuj\u0105c koszty wymiany.<\/li>\n\n\n\n<li><strong>Odpowiedzialno\u015b\u0107 ekologiczna:<\/strong> Promuje ponowne u\u017cycie i recykling, zgodnie z zasadami gospodarki o obiegu zamkni\u0119tym.<\/li>\n\n\n\n<li><strong>Oszcz\u0119dno\u015b\u0107 koszt\u00f3w:<\/strong> Redukuje potrzeb\u0119 zakupu nowych pojemnik\u00f3w i optymalizuje wykorzystanie zasob\u00f3w.<\/li>\n\n\n\n<li><strong>Bezpiecze\u0144stwo i zgodno\u015b\u0107:<\/strong> Utrzymuje certyfikacj\u0119 ADR i zwi\u0119ksza bezpiecze\u0144stwo operacyjne.<\/li>\n\n\n\n<li><strong>Niezawodno\u015b\u0107 operacyjna:<\/strong> Gwarantuje, \u017ce Twoje pojemniki VARIBOX SC pozostan\u0105 gotowe do intensywnego u\u017cytkowania.<\/li>\n<\/ul>\n\n\n\n<p>W VARIBOX d\u0105\u017cymy do tego, aby opakowania na chemikalia i detergenty by\u0142y bezpieczne, wielokrotnego u\u017cytku i poddawane recyklingowi. Wybieraj\u0105c nasz Serwis Utrzymania dla swoich pojemnik\u00f3w VARIBOX Single Containment, przyczyniasz si\u0119 do tworzenia przysz\u0142o\u015bci opartej na bezpiecznych i zr\u00f3wnowa\u017conych dzia\u0142aniach.<\/p>\n\n\n<script>\nvar gform;gform||(document.addEventListener(\"gform_main_scripts_loaded\",function(){gform.scriptsLoaded=!0}),document.addEventListener(\"gform\/theme\/scripts_loaded\",function(){gform.themeScriptsLoaded=!0}),window.addEventListener(\"DOMContentLoaded\",function(){gform.domLoaded=!0}),gform={domLoaded:!1,scriptsLoaded:!1,themeScriptsLoaded:!1,isFormEditor:()=>\"function\"==typeof InitializeEditor,callIfLoaded:function(o){return!(!gform.domLoaded||!gform.scriptsLoaded||!gform.themeScriptsLoaded&&!gform.isFormEditor()||(gform.isFormEditor()&&console.warn(\"The use of gform.initializeOnLoaded() is deprecated in the form editor context and will be removed in Gravity Forms 3.1.\"),o(),0))},initializeOnLoaded:function(o){gform.callIfLoaded(o)||(document.addEventListener(\"gform_main_scripts_loaded\",()=>{gform.scriptsLoaded=!0,gform.callIfLoaded(o)}),document.addEventListener(\"gform\/theme\/scripts_loaded\",()=>{gform.themeScriptsLoaded=!0,gform.callIfLoaded(o)}),window.addEventListener(\"DOMContentLoaded\",()=>{gform.domLoaded=!0,gform.callIfLoaded(o)}))},hooks:{action:{},filter:{}},addAction:function(o,r,e,t){gform.addHook(\"action\",o,r,e,t)},addFilter:function(o,r,e,t){gform.addHook(\"filter\",o,r,e,t)},doAction:function(o){gform.doHook(\"action\",o,arguments)},applyFilters:function(o){return gform.doHook(\"filter\",o,arguments)},removeAction:function(o,r){gform.removeHook(\"action\",o,r)},removeFilter:function(o,r,e){gform.removeHook(\"filter\",o,r,e)},addHook:function(o,r,e,t,n){null==gform.hooks[o][r]&&(gform.hooks[o][r]=[]);var d=gform.hooks[o][r];null==n&&(n=r+\"_\"+d.length),gform.hooks[o][r].push({tag:n,callable:e,priority:t=null==t?10:t})},doHook:function(r,o,e){var t;if(e=Array.prototype.slice.call(e,1),null!=gform.hooks[r][o]&&((o=gform.hooks[r][o]).sort(function(o,r){return o.priority-r.priority}),o.forEach(function(o){\"function\"!=typeof(t=o.callable)&&(t=window[t]),\"action\"==r?t.apply(null,e):e[0]=t.apply(null,e)})),\"filter\"==r)return e[0]},removeHook:function(o,r,t,n){var e;null!=gform.hooks[o][r]&&(e=(e=gform.hooks[o][r]).filter(function(o,r,e){return!!(null!=n&&n!=o.tag||null!=t&&t!=o.priority)}),gform.hooks[o][r]=e)}});\n<\/script>\n\n                <div class='gf_browser_gecko gform_wrapper gravity-theme gform-theme--no-framework' data-form-theme='gravity-theme' data-form-index='0' id='gform_wrapper_11' ><form method='post' enctype='multipart\/form-data'  id='gform_11'  action='\/pl\/wp-json\/wp\/v2\/pages\/63148' data-formid='11' novalidate>\n                        <div class='gform-body gform_body'><div id='gform_fields_11' class='gform_fields top_label form_sublabel_below description_below validation_below'><div id=\"field_11_1\" class=\"gfield gfield--type-text gfield--input-type-text gfield_contains_required field_sublabel_below gfield--no-description field_description_below field_validation_below gfield_visibility_visible\"  ><label class='gfield_label gform-field-label' for='input_11_1'>Imi\u0119 i nazwisko<span class=\"gfield_required\"><span class=\"gfield_required gfield_required_text\">(wymagane)<\/span><\/span><\/label><div class='ginput_container ginput_container_text'><input name='input_1' id='input_11_1' type='text' value='' class='large'     aria-required=\"true\" aria-invalid=\"false\"   \/><\/div><\/div><div id=\"field_11_3\" class=\"gfield gfield--type-text gfield--input-type-text gfield--width-full field_sublabel_below gfield--no-description field_description_below field_validation_below gfield_visibility_visible\"  ><label class='gfield_label gform-field-label' for='input_11_3'>Firma<\/label><div class='ginput_container ginput_container_text'><input name='input_3' id='input_11_3' type='text' value='' class='large'      aria-invalid=\"false\"   \/><\/div><\/div><div id=\"field_11_4\" class=\"gfield gfield--type-email gfield--input-type-email gfield--width-full gfield_contains_required field_sublabel_below gfield--no-description field_description_below field_validation_below gfield_visibility_visible\"  ><label class='gfield_label gform-field-label' for='input_11_4'>E-mail<span class=\"gfield_required\"><span class=\"gfield_required gfield_required_text\">(wymagane)<\/span><\/span><\/label><div class='ginput_container ginput_container_email'>\n                            <input name='input_4' id='input_11_4' type='email' value='' class='large'    aria-required=\"true\" aria-invalid=\"false\"  \/>\n                        <\/div><\/div><div id=\"field_11_5\" class=\"gfield gfield--type-phone gfield--input-type-phone gfield--width-full field_sublabel_below gfield--no-description field_description_below field_validation_below gfield_visibility_visible\"  ><label class='gfield_label gform-field-label' for='input_11_5'>Telefon<\/label><div class='ginput_container ginput_container_phone'><input name='input_5' id='input_11_5' type='tel' value='' class='large'    aria-invalid=\"false\"   \/><\/div><\/div><div id=\"field_11_6\" class=\"gfield gfield--type-select gfield--input-type-select gfield--width-full gfield_contains_required field_sublabel_below gfield--no-description field_description_below field_validation_below gfield_visibility_visible\"  ><label class='gfield_label gform-field-label' for='input_11_6'>Produkt<span class=\"gfield_required\"><span class=\"gfield_required gfield_required_text\">(wymagane)<\/span><\/span><\/label><div class='ginput_container ginput_container_select'><select name='input_6' id='input_11_6' class='large gfield_select'    aria-required=\"true\" aria-invalid=\"false\" ><option value='VARIBOX SC 1000' >VARIBOX SC 1000<\/option><option value='VARIBOX SC 800' >VARIBOX SC 800<\/option><\/select><\/div><\/div><div id=\"field_11_7\" class=\"gfield gfield--type-number gfield--input-type-number gfield--width-full gfield_contains_required field_sublabel_below gfield--no-description field_description_below field_validation_below gfield_visibility_visible\"  ><label class='gfield_label gform-field-label' for='input_11_7'>Ilo\u015b\u0107<span class=\"gfield_required\"><span class=\"gfield_required gfield_required_text\">(wymagane)<\/span><\/span><\/label><div class='ginput_container ginput_container_number'><input name='input_7' id='input_11_7' type='number' step='any'   value='' class='large'     aria-required=\"true\" aria-invalid=\"false\"  \/><\/div><\/div><div id=\"field_11_8\" class=\"gfield gfield--type-textarea gfield--input-type-textarea gfield--width-full field_sublabel_below gfield--no-description field_description_below field_validation_below gfield_visibility_visible\"  ><label class='gfield_label gform-field-label' for='input_11_8'>Dodatkowe informacje<\/label><div class='ginput_container ginput_container_textarea'><textarea name='input_8' id='input_11_8' class='textarea large'      aria-invalid=\"false\"   rows='10' cols='50'><\/textarea><\/div><\/div><fieldset id=\"field_11_9\" class=\"gfield gfield--type-consent gfield--type-choice gfield--input-type-consent gfield--width-full gfield_contains_required field_sublabel_below gfield--no-description field_description_below field_validation_below gfield_visibility_visible\"  ><legend class='gfield_label gform-field-label gfield_label_before_complex' >Warunki<span class=\"gfield_required\"><span class=\"gfield_required gfield_required_text\">(wymagane)<\/span><\/span><\/legend><div class='ginput_container ginput_container_consent'><input name='input_9.1' id='input_11_9_1' type='checkbox' value='1'   aria-required=\"true\" aria-invalid=\"false\"   \/> <label class=\"gform-field-label gform-field-label--type-inline gfield_consent_label\" for='input_11_9_1' >Zgadzam si\u0119 z <a href=\"https:\/\/varibox.best4u.dev\/conditions-and-restrictions\/\"> warunkami <\/a><\/label><input type='hidden' name='input_9.2' value='Zgadzam si\u0119 z &lt;a href=&quot;https:\/\/varibox.best4u.dev\/conditions-and-restrictions\/&quot;&gt; warunkami &lt;\/a&gt;' class='gform_hidden' \/><input type='hidden' name='input_9.3' value='7' class='gform_hidden' \/><\/div><\/fieldset><fieldset id=\"field_11_10\" class=\"gfield gfield--type-consent gfield--type-choice gfield--input-type-consent gfield--width-full gfield_contains_required field_sublabel_below gfield--no-description field_description_below field_validation_below gfield_visibility_visible\"  ><legend class='gfield_label gform-field-label gfield_label_before_complex' >Ograniczenia<span class=\"gfield_required\"><span class=\"gfield_required gfield_required_text\">(wymagane)<\/span><\/span><\/legend><div class='ginput_container ginput_container_consent'><input name='input_10.1' id='input_11_10_1' type='checkbox' value='1'   aria-required=\"true\" aria-invalid=\"false\"   \/> <label class=\"gform-field-label gform-field-label--type-inline gfield_consent_label\" for='input_11_10_1' >Szanuj\u0119 <a href=\"https:\/\/varibox.best4u.dev\/conditions-and-restrictions\/\"> ograniczenia <\/a><\/label><input type='hidden' name='input_10.2' value='Szanuj\u0119 &lt;a href=&quot;https:\/\/varibox.best4u.dev\/conditions-and-restrictions\/&quot;&gt; ograniczenia &lt;\/a&gt;' class='gform_hidden' \/><input type='hidden' name='input_10.3' value='7' class='gform_hidden' \/><\/div><\/fieldset><\/div><\/div>\n        <div class='gform-footer gform_footer top_label'> <input type='submit' id='gform_submit_button_11' class='gform_button button' onclick='gform.submission.handleButtonClick(this);' data-submission-type='submit' value='Submit'  \/> \n            <input type='hidden' class='gform_hidden' name='gform_submission_method' data-js='gform_submission_method_11' value='postback' \/>\n            <input type='hidden' class='gform_hidden' name='gform_theme' data-js='gform_theme_11' id='gform_theme_11' value='gravity-theme' \/>\n            <input type='hidden' class='gform_hidden' name='gform_style_settings' data-js='gform_style_settings_11' id='gform_style_settings_11' value='{&quot;inputPrimaryColor&quot;:&quot;#204ce5&quot;}' \/>\n            <input type='hidden' class='gform_hidden' name='is_submit_11' value='1' \/>\n            <input type='hidden' class='gform_hidden' name='gform_submit' value='11' \/>\n            \n            <input type='hidden' class='gform_hidden' name='gform_currency' data-currency='EUR' value='hemcMj5gHAm11cdcOktPc7zboFh\/MZQKZcVGzyraxPc+8SUcCbdiJg7tfVukMdUsJNT3ghdjwlnj1svDU9xiepN2hh\/RMjJSNQ0vSS25eEVRFN0=' \/>\n            <input type='hidden' class='gform_hidden' name='gform_unique_id' value='' \/>\n            <input type='hidden' class='gform_hidden' name='state_11' value='WyJ7XCI2XCI6W1wiNmQwMTQ0YmJiYTBmMzk4MTk3MDM0ODI1Yzc2OWVmYmZcIixcImIwNzg1OTg2MjQ3MDMwZWIzOWVmYzViZjBhOTAwYzI3XCJdLFwiOS4xXCI6XCI4MGM5ZDQ4Mjg0ZjZiOTAwZGY3NzBmMDA5MTkzMDI1OVwiLFwiOS4yXCI6XCI4N2YxNTFkY2Q2MDY4YTIyYzg3MjRlMmM2OWJmYTFkMFwiLFwiOS4zXCI6XCJhY2IxNDZjOGQ5ZGMwZjFlMDgxYmUxNmZmYmU3ZWY0MFwiLFwiMTAuMVwiOlwiODBjOWQ0ODI4NGY2YjkwMGRmNzcwZjAwOTE5MzAyNTlcIixcIjEwLjJcIjpcImMxNDVlMmFjYWI2ZjBjYmYyNDVlMGRmNGMxMzU1MmQxXCIsXCIxMC4zXCI6XCJhY2IxNDZjOGQ5ZGMwZjFlMDgxYmUxNmZmYmU3ZWY0MFwifSIsImQ1OWRmN2IwODUyZDRiOTU0MTA1YzViOTQyNTYyYzJlIl0=' \/>\n            <input type='hidden' autocomplete='off' class='gform_hidden' name='gform_target_page_number_11' id='gform_target_page_number_11' value='0' \/>\n            <input type='hidden' autocomplete='off' class='gform_hidden' name='gform_source_page_number_11' id='gform_source_page_number_11' value='1' \/>\n            <input type='hidden' name='gform_field_values' value='' \/>\n            \n        <\/div>\n                        <\/form>\n                        <\/div><script>\ngform.initializeOnLoaded( function() {gformInitSpinner( 11, 'https:\/\/varibox.best4u.dev\/wp-content\/plugins\/gravityforms\/images\/spinner.svg', true );jQuery('#gform_ajax_frame_11').on('load',function(){var contents = jQuery(this).contents().find('*').html();var is_postback = contents.indexOf('GF_AJAX_POSTBACK') >= 0;if(!is_postback){return;}var form_content = jQuery(this).contents().find('#gform_wrapper_11');var is_confirmation = jQuery(this).contents().find('#gform_confirmation_wrapper_11').length > 0;var is_redirect = contents.indexOf('gformRedirect(){') >= 0;var is_form = form_content.length > 0 && ! is_redirect && ! is_confirmation;var mt = parseInt(jQuery('html').css('margin-top'), 10) + parseInt(jQuery('body').css('margin-top'), 10) + 100;if(is_form){jQuery('#gform_wrapper_11').html(form_content.html());if(form_content.hasClass('gform_validation_error')){jQuery('#gform_wrapper_11').addClass('gform_validation_error');} else {jQuery('#gform_wrapper_11').removeClass('gform_validation_error');}setTimeout( function() { \/* delay the scroll by 50 milliseconds to fix a bug in chrome *\/  }, 50 );if(window['gformInitDatepicker']) {gformInitDatepicker();}if(window['gformInitPriceFields']) {gformInitPriceFields();}var current_page = jQuery('#gform_source_page_number_11').val();gformInitSpinner( 11, 'https:\/\/varibox.best4u.dev\/wp-content\/plugins\/gravityforms\/images\/spinner.svg', true );jQuery(document).trigger('gform_page_loaded', [11, current_page]);window['gf_submitting_11'] = false;}else if(!is_redirect){var confirmation_content = jQuery(this).contents().find('.GF_AJAX_POSTBACK').html();if(!confirmation_content){confirmation_content = contents;}jQuery('#gform_wrapper_11').replaceWith(confirmation_content);jQuery(document).trigger('gform_confirmation_loaded', [11]);window['gf_submitting_11'] = false;wp.a11y.speak(jQuery('#gform_confirmation_message_11').text());}else{jQuery('#gform_11').append(contents);if(window['gformRedirect']) {gformRedirect();}}jQuery(document).trigger(\"gform_pre_post_render\", [{ formId: \"11\", currentPage: \"current_page\", abort: function() { this.preventDefault(); } }]);        if (event && event.defaultPrevented) {                return;        }        const gformWrapperDiv = document.getElementById( \"gform_wrapper_11\" );        if ( gformWrapperDiv ) {            const visibilitySpan = document.createElement( \"span\" );            visibilitySpan.id = \"gform_visibility_test_11\";            gformWrapperDiv.insertAdjacentElement( \"afterend\", visibilitySpan );        }        const visibilityTestDiv = document.getElementById( \"gform_visibility_test_11\" );        let postRenderFired = false;        function triggerPostRender() {            if ( postRenderFired ) {                return;            }            postRenderFired = true;            gform.core.triggerPostRenderEvents( 11, current_page );            if ( visibilityTestDiv ) {                visibilityTestDiv.parentNode.removeChild( visibilityTestDiv );            }        }        function debounce( func, wait, immediate ) {            var timeout;            return function() {                var context = this, args = arguments;                var later = function() {                    timeout = null;                    if ( !immediate ) func.apply( context, args );                };                var callNow = immediate && !timeout;                clearTimeout( timeout );                timeout = setTimeout( later, wait );                if ( callNow ) func.apply( context, args );            };        }        const debouncedTriggerPostRender = debounce( function() {            triggerPostRender();        }, 200 );        if ( visibilityTestDiv && visibilityTestDiv.offsetParent === null ) {            const observer = new MutationObserver( ( mutations ) => {                mutations.forEach( ( mutation ) => {                    if ( mutation.type === 'attributes' && visibilityTestDiv.offsetParent !== null ) {                        debouncedTriggerPostRender();                        observer.disconnect();                    }                });            });            observer.observe( document.body, {                attributes: true,                childList: false,                subtree: true,                attributeFilter: [ 'style', 'class' ],            });        } else {            triggerPostRender();        }    } );} );\n<\/script>\n","protected":false},"excerpt":{"rendered":"<p>Serwis Utrzymania VARIBOX SC W VARIBOX wierzymy w przysz\u0142o\u015b\u0107, w kt\u00f3rej chemikalia i detergenty s\u0105 bezpiecznie pakowane bez generowania odpad\u00f3w. Nasz Serwis Utrzymania VARIBOX SC w Montoir odzwierciedla to zaanga\u017cowanie, oferuj\u0105c rozwi\u0105zanie, kt\u00f3re wyd\u0142u\u017ca \u017cywotno\u015b\u0107 Twoich pojemnik\u00f3w, stawiaj\u0105c na pierwszym miejscu bezpiecze\u0144stwo, mo\u017cliwo\u015b\u0107 ponownego u\u017cycia oraz zr\u00f3wnowa\u017cony rozw\u00f3j. Dost\u0119pny w naszej fabryce VARIBOX w Montoir, [&hellip;]<\/p>\n","protected":false},"author":1,"featured_media":0,"parent":0,"menu_order":0,"comment_status":"closed","ping_status":"closed","template":"","meta":{"_acf_changed":false,"footnotes":""},"class_list":["post-63148","page","type-page","status-publish","hentry"],"blocksy_meta":[],"featured_image_urls_v2":{"full":"","thumbnail":"","medium":"","medium_large":"","large":"","1536x1536":"","2048x2048":"","woocommerce_archive_thumbnail":"","gform-image-choice-sm":"","gform-image-choice-md":"","gform-image-choice-lg":"","woocommerce_thumbnail":"","woocommerce_single":"","woocommerce_gallery_thumbnail":"","variation_swatches_image_size":"","variation_swatches_tooltip_size":""},"post_excerpt_stackable_v2":"<p>Serwis Utrzymania VARIBOX SC W VARIBOX wierzymy w przysz\u0142o\u015b\u0107, w kt\u00f3rej chemikalia i detergenty s\u0105 bezpiecznie pakowane bez generowania odpad\u00f3w. Nasz Serwis Utrzymania VARIBOX SC w Montoir odzwierciedla to zaanga\u017cowanie, oferuj\u0105c rozwi\u0105zanie, kt\u00f3re wyd\u0142u\u017ca \u017cywotno\u015b\u0107 Twoich pojemnik\u00f3w, stawiaj\u0105c na pierwszym miejscu bezpiecze\u0144stwo, mo\u017cliwo\u015b\u0107 ponownego u\u017cycia oraz zr\u00f3wnowa\u017cony rozw\u00f3j. Dost\u0119pny w naszej fabryce VARIBOX w Montoir, w Montoir-de-Bretagne we Francji, serwis ten zapewnia, \u017ce Twoje pojemniki VARIBOX Single Containment IBC pozostaj\u0105 zgodne z przepisami, niezawodne i gotowe do u\u017cycia. Dlaczego warto wybra\u0107 Serwis Utrzymania VARIBOX SCWybieraj\u0105c Serwis Utrzymania VARIBOX SC, korzystasz z rozwi\u0105zania stworzonego dla najbardziej wymagaj\u0105cych bran\u017c. Nasze podej\u015bcie, skoncentrowane&hellip;<\/p>\n","category_list_v2":"","author_info_v2":{"name":"Best4u","url":"https:\/\/varibox.best4u.dev\/pl\/author\/best4u\/"},"comments_num_v2":"0 comments","acf":[],"_links":{"self":[{"href":"https:\/\/varibox.best4u.dev\/pl\/wp-json\/wp\/v2\/pages\/63148","targetHints":{"allow":["GET"]}}],"collection":[{"href":"https:\/\/varibox.best4u.dev\/pl\/wp-json\/wp\/v2\/pages"}],"about":[{"href":"https:\/\/varibox.best4u.dev\/pl\/wp-json\/wp\/v2\/types\/page"}],"author":[{"embeddable":true,"href":"https:\/\/varibox.best4u.dev\/pl\/wp-json\/wp\/v2\/users\/1"}],"replies":[{"embeddable":true,"href":"https:\/\/varibox.best4u.dev\/pl\/wp-json\/wp\/v2\/comments?post=63148"}],"version-history":[{"count":1,"href":"https:\/\/varibox.best4u.dev\/pl\/wp-json\/wp\/v2\/pages\/63148\/revisions"}],"predecessor-version":[{"id":63149,"href":"https:\/\/varibox.best4u.dev\/pl\/wp-json\/wp\/v2\/pages\/63148\/revisions\/63149"}],"wp:attachment":[{"href":"https:\/\/varibox.best4u.dev\/pl\/wp-json\/wp\/v2\/media?parent=63148"}],"curies":[{"name":"wp","href":"https:\/\/api.w.org\/{rel}","templated":true}]}}