{"id":62955,"date":"2024-12-17T07:24:08","date_gmt":"2024-12-17T06:24:08","guid":{"rendered":"https:\/\/varibox.best4u.dev\/conditions-and-restrictions\/"},"modified":"2024-12-17T07:38:54","modified_gmt":"2024-12-17T06:38:54","slug":"warunki-i-ograniczenia","status":"publish","type":"page","link":"https:\/\/varibox.best4u.dev\/pl\/warunki-i-ograniczenia\/","title":{"rendered":"Warunki i ograniczenia"},"content":{"rendered":"\n<div class=\"wp-block-ugb-columns ugb-columns ugb-0d5d96e ugb-columns--design-plain ugb-columns--columns-2 ugb-main-block\"><style>.ugb-0d5d96e > .ugb-inner-block > .ugb-block-content > .ugb-columns__item{grid-template-columns:1.40fr 0.60fr !important}@media screen and (min-width:768px){.ugb-0d5d96e.ugb-columns{margin-bottom:83px !important}}@media screen and (max-width:768px){.ugb-0d5d96e-content-wrapper{grid-row-gap:0 !important}}<\/style><div class=\"ugb-inner-block\"><div class=\"ugb-block-content\"><div class=\"ugb-columns__item ugb-0d5d96e-content-wrapper\">\n<div class=\"wp-block-ugb-column ugb-column ugb-b383129 ugb-column--design-plain ugb-main-block\"><div class=\"ugb-inner-block\"><div class=\"ugb-block-content\"><div class=\"ugb-column__item ugb-b383129-column-wrapper\"><div class=\"ugb-column__content-wrapper\">\n<div class=\"wp-block-ugb-heading ugb-heading wow animate__animated animate__fadeIn ugb-bcdb7f0 ugb-main-block\"><style>.ugb-bcdb7f0 .ugb-heading__subtitle{margin-bottom:-5px !important}<\/style><div class=\"ugb-inner-block\"><div class=\"ugb-block-content\"><h1 class=\"ugb-heading__title\"><strong><strong><strong>Warunki i ograniczenia<\/strong><\/strong><\/strong><\/h1><p class=\"ugb-heading__subtitle\">Us\u0142uga Takeback oferuje prosty i skuteczny spos\u00f3b, aby co\u015b zmieni\u0107. Dlatego z dum\u0105 przedstawiamy nasz\u0105 now\u0105 us\u0142ug\u0119 zwrotu VARIBOX w\u00a0<strong><em>Niemczech, Francji, Hiszpanii, Belgii, Holandii i Luksemburgu. Inne kraje s\u0105 dost\u0119pne na \u017cyczenie<\/em><\/strong>. W ten spos\u00f3b wsp\u00f3lnie zmniejszamy zapotrzebowanie na nowe surowce i pomagamy zmniejszy\u0107 \u015blad w\u0119glowy przemys\u0142u chemicznego i detergent\u00f3w. Proces recyklingu VARIBOX jest specjalnie zaprojektowany, aby zachowa\u0107 najwy\u017csz\u0105 jako\u015b\u0107 i bezpiecze\u0144stwo. Oznacza to, \u017ce materia\u0142y pochodz\u0105ce z recyklingu spe\u0142niaj\u0105 te same rygorystyczne standardy, kt\u00f3rych oczekujesz od naszych produkt\u00f3w. Mo\u017cesz nadal bez obaw korzysta\u0107 z naszych pojemnik\u00f3w IBC, wiedz\u0105c, \u017ce s\u0105 one nie tylko solidne i niezawodne, ale tak\u017ce przyczyniaj\u0105 si\u0119 do zr\u00f3wnowa\u017conej przysz\u0142o\u015bci.<br><a href=\"https:\/\/varibox.best4u.dev\/pl\/skontaktuj-sie-z-nami\/\"><\/a><\/p><\/div><\/div><\/div>\n\n\n\n<div class=\"wp-block-ugb-button ugb-button-wrapper green-button animate__animated animate__fadeIn ugb-7526935 ugb-button--mobile-aligned ugb-main-block\"><style>.ugb-7526935 .ugb-block-content{justify-content:flex-start !important}.ugb-7526935 .ugb-button1 .ugb-button--inner{font-weight:bold !important}.ugb-7526935 .ugb-button1:hover{opacity:1}.ugb-7526935 .ugb-inner-block{text-align:left}@media screen and (min-width:768px){.ugb-7526935.ugb-button-wrapper{margin-bottom:0px !important}}@media screen and (max-width:768px){.ugb-7526935 .ugb-block-content{justify-content:center !important}.ugb-7526935 .ugb-inner-block{text-align:center}}<\/style><div class=\"ugb-inner-block\"><div class=\"ugb-block-content\"><div class=\"ugb-button-container\"><a class=\"ugb-button1 ugb-button ugb-button--size-normal\" href=\"https:\/\/varibox.best4u.dev\/pl\/skontaktuj-sie-z-nami\/\" rel=\"\" title=\"\"><span class=\"ugb-button--inner\">Skontaktuj si\u0119<\/span><\/a><\/div><\/div><\/div><\/div>\n<\/div><\/div><\/div><\/div><\/div>\n\n\n\n<div class=\"wp-block-ugb-column ugb-column ugb-e882f9a ugb-column--design-plain ugb-main-block\"><style>@media screen and (max-width:768px){.ugb-e882f9a .ugb-inner-block{text-align:center}}<\/style><div class=\"ugb-inner-block\"><div class=\"ugb-block-content\"><div class=\"ugb-column__item ugb-e882f9a-column-wrapper\"><div class=\"ugb-column__content-wrapper\">\n<figure class=\"wp-block-image size-full wow animate__animated animate__fadeIn\"><img decoding=\"async\" width=\"325\" height=\"370\" src=\"https:\/\/varibox.best4u.dev\/wp-content\/uploads\/2024\/11\/VARIBOX-Full-Containment-207.png\" alt=\"\" class=\"wp-image-62700\" srcset=\"https:\/\/varibox.best4u.dev\/wp-content\/uploads\/2024\/11\/VARIBOX-Full-Containment-207.png 325w, https:\/\/varibox.best4u.dev\/wp-content\/uploads\/2024\/11\/VARIBOX-Full-Containment-207-270x307.png 270w\" sizes=\"(max-width: 325px) 100vw, 325px\" \/><\/figure>\n<\/div><\/div><\/div><\/div><\/div>\n<\/div><\/div><\/div><\/div>\n\n\n\n<div class=\"alignfull wp-block-ugb-container ugb-container ugb-25beaa0 ugb-container--v2 ugb-container--design-plain ugb-main-block ugb-main-block--inner-center ugb--has-block-background\"><style>.ugb-25beaa0.ugb-container{background-color:var(--theme-palette-color-7,#F9FAFB)}.ugb-25beaa0.ugb-container:before{background-color:var(--theme-palette-color-7,#F9FAFB)}@media screen and (min-width:768px){.ugb-25beaa0-content-wrapper.ugb-container__content-wrapper{width:85% !important}.ugb-25beaa0.ugb-container{margin-bottom:0px !important;padding-top:0px !important;padding-right:35px !important;padding-bottom:0px !important;padding-left:35px !important}}@media screen and (min-width:768px) and (max-width:1025px){.ugb-25beaa0-content-wrapper.ugb-container__content-wrapper{width:100% !important}}@media screen and (max-width:768px){.ugb-25beaa0.ugb-container{margin-bottom:0px !important;padding-top:0px !important;padding-right:18px !important;padding-bottom:0px !important;padding-left:18px !important}}@media screen and (min-width:768px){.ugb-25beaa0 > .ugb-inner-block > .ugb-block-content > *{padding-top:40px !important;padding-bottom:40px !important}}@media screen and (max-width:768px){.ugb-25beaa0 > .ugb-inner-block > .ugb-block-content > *{padding-top:35px !important;padding-bottom:0px !important}}<\/style><div class=\"ugb-inner-block ugb-inner-block--center\"><div class=\"ugb-block-content\"><div class=\"ugb-container__wrapper ugb-25beaa0-wrapper\"><div class=\"ugb-container__side\"><div class=\"ugb-container__content-wrapper ugb-25beaa0-content-wrapper\">\n<div class=\"aligncenter wp-block-ugb-columns ugb-columns top-icons-columns ugb-609d063 ugb-columns--design-plain ugb-columns--columns-3 ugb-main-block\"><style>.ugb-609d063-content-wrapper{grid-column-gap:15px !important}@media screen and (min-width:768px) and (max-width:1025px){.ugb-609d063-content-wrapper{grid-column-gap:0px !important}}@media screen and (max-width:768px){.ugb-609d063-content-wrapper{grid-row-gap:0 !important;grid-column-gap:0px !important}.ugb-609d063 .ugb-inner-block{text-align:center}.ugb-609d063.ugb-columns{margin-top:0px !important;margin-bottom:0px !important}}<\/style><div class=\"ugb-inner-block\"><div class=\"ugb-block-content\"><div class=\"ugb-columns__item ugb-609d063-content-wrapper\">\n<div class=\"wp-block-ugb-column ugb-column ugb-aa84cea ugb-column--design-plain ugb-main-block\"><div class=\"ugb-inner-block\"><div class=\"ugb-block-content\"><div class=\"ugb-column__item ugb-aa84cea-column-wrapper\"><div class=\"ugb-column__content-wrapper\">\n<div class=\"wp-block-group is-layout-flow wp-block-group-is-layout-flow\">\n<div class=\"wp-block-media-text alignwide is-stacked-on-mobile is-vertically-aligned-center content-pages-top-icons\" style=\"grid-template-columns:30% auto\"><figure class=\"wp-block-media-text__media\"><img decoding=\"async\" src=\"https:\/\/varibox.best4u.dev\/wp-content\/uploads\/2021\/12\/test.svg\" alt=\"\" class=\"wp-image-3005 size-full\"\/><\/figure><div class=\"wp-block-media-text__content\">\n<h4 class=\"wp-block-heading has-text-align-left has-medium-font-size\">Bezpieczniej<\/h4>\n<\/div><\/div>\n<\/div>\n<\/div><\/div><\/div><\/div><\/div>\n\n\n\n<div class=\"wp-block-ugb-column ugb-column ugb-a25ba9c ugb-column--design-plain ugb-main-block\"><div class=\"ugb-inner-block\"><div class=\"ugb-block-content\"><div class=\"ugb-column__item ugb-a25ba9c-column-wrapper\"><div class=\"ugb-column__content-wrapper\">\n<div class=\"wp-block-group is-layout-flow wp-block-group-is-layout-flow\">\n<div class=\"wp-block-media-text alignwide is-stacked-on-mobile is-vertically-aligned-center content-pages-top-icons\" style=\"grid-template-columns:30% auto\"><figure class=\"wp-block-media-text__media\"><img decoding=\"async\" src=\"https:\/\/varibox.best4u.dev\/wp-content\/uploads\/2021\/11\/reuseablility-green-1.svg\" alt=\"\" class=\"wp-image-1838 size-full\"\/><\/figure><div class=\"wp-block-media-text__content\">\n<h4 class=\"wp-block-heading has-text-align-left has-medium-font-size\">Wielokrotnego u\u017cytku<\/h4>\n<\/div><\/div>\n<\/div>\n<\/div><\/div><\/div><\/div><\/div>\n\n\n\n<div class=\"wp-block-ugb-column ugb-column ugb-ed3faa1 ugb-column--design-plain ugb-main-block\"><div class=\"ugb-inner-block\"><div class=\"ugb-block-content\"><div class=\"ugb-column__item ugb-ed3faa1-column-wrapper\"><div class=\"ugb-column__content-wrapper\">\n<div class=\"wp-block-group is-layout-flow wp-block-group-is-layout-flow\">\n<div class=\"wp-block-media-text alignwide is-stacked-on-mobile is-vertically-aligned-center content-pages-top-icons\" style=\"grid-template-columns:29% auto\"><figure class=\"wp-block-media-text__media\"><img decoding=\"async\" src=\"https:\/\/varibox.best4u.dev\/wp-content\/uploads\/2021\/11\/sustainability-green-1.svg\" alt=\"\" class=\"wp-image-1851 size-full\"\/><\/figure><div class=\"wp-block-media-text__content\">\n<h4 class=\"wp-block-heading has-text-align-left has-medium-font-size\">Zr\u00f3wnowa\u017cony<\/h4>\n<\/div><\/div>\n<\/div>\n<\/div><\/div><\/div><\/div><\/div>\n<\/div><\/div><\/div><\/div>\n<\/div><\/div><\/div><\/div><\/div><\/div>\n\n\n\n<h2 class=\"wp-block-heading\">Warunki i ograniczenia<\/h2>\n\n\n\n<p>Warunki odbioru zu\u017cytych opakowa\u0144 VARIBOX s\u0105 oparte na:<\/p>\n\n\n\n<p>ISO 16103:2005 Opakowania \u2013 Opakowania transportowe dla towar\u00f3w niebezpiecznych \u2013 Tworzywa sztuczne z recyklingu<br>EN 13430 Opakowania \u2013 Wymagania dotycz\u0105ce opakowa\u0144 nadaj\u0105cych si\u0119 do odzysku w drodze recyklingu materia\u0142owego<\/p>\n\n\n\n<h3 class=\"wp-block-heading\">Warunki<\/h3>\n\n\n\n<p>Recykling jest ograniczony do po\u015brednich pojemnik\u00f3w do przewozu luzem (IBC) VARIBOX, kt\u00f3re:<\/p>\n\n\n\n<ol class=\"wp-block-list\">\n<li>s\u0105 puste, wszystkie pozosta\u0142o\u015bci, kt\u00f3re mog\u0105 by\u0107 usuni\u0119te przez urz\u0105dzenie opr\u00f3\u017cniaj\u0105ce, zosta\u0142y usuni\u0119te przy u\u017cyciu praktyk powszechnie stosowanych do usuwania pozosta\u0142o\u015bci, takich jak wylewanie, pompowanie, odsysanie, wytrz\u0105sanie, skrobanie, odpryskiwanie itp. lub, w razie potrzeby, ich kombinacja.<\/li>\n\n\n\n<li>s\u0105 wolne od zewn\u0119trznej przyczepno\u015bci produktu<\/li>\n\n\n\n<li>VARIBOX FC i VARIBOX CC: otwory bezpiecznie zamkni\u0119te oryginaln\u0105 pokryw\u0105 i\/lub rur\u0105 ss\u0105c\u0105 i\/lub za\u015blepkami.<\/li>\n\n\n\n<li>VARIBOX SC: otwarty zaw\u00f3r kulowy z otworami na g\u00f3rze bezpiecznie zamkni\u0119tymi oryginaln\u0105 pokryw\u0105 i\/lub rur\u0105 ss\u0105c\u0105 i\/lub za\u015blepkami.<\/li>\n\n\n\n<li>nadaj\u0105 si\u0119 do transportu.<\/li>\n\n\n\n<li>posiadaj\u0105 dow\u00f3d ostatniej zawarto\u015bci i wyra\u017anie widoczne etykiety towar\u00f3w niebezpiecznych oraz etykiety identyfikacyjne zagro\u017ce\u0144 zgodnie z przepisami, je\u015bli maj\u0105 zastosowanie, a karta charakterystyki substancji niebezpiecznej (MSDS) zawarto\u015bci musi zosta\u0107 dostarczona na \u017c\u0105danie.<\/li>\n\n\n\n<li>s\u0105 oznaczone miesi\u0105cem i rokiem produkcji.<\/li>\n<\/ol>\n\n\n\n<h3 class=\"wp-block-heading\">ograniczenia<\/h3>\n\n\n\n<p>Z recyklingu wy\u0142\u0105czone s\u0105 urz\u0105dzenia VARIBOX, kt\u00f3re:<\/p>\n\n\n\n<ol start=\"8\" class=\"wp-block-list\">\n<li>zawiera\u0142y substancje niebezpieczne dla zdrowia i bezpiecze\u0144stwa i\/lub \u015brodowiska wymienione w klasach 6.1, 6.2 i 7 i\/lub produkty ze zwrotami wskazuj\u0105cymi rodzaj zagro\u017cenia H310, H330, H340, H350, H350i i\/lub wszystkie substancje stwarzaj\u0105ce toksyczne ryzyko wt\u00f3rne.<\/li>\n\n\n\n<li>zawiera\u0142y produkty, kt\u00f3re wp\u0142yn\u0119\u0142y na tworzywo sztuczne (np. niekt\u00f3re substancje silnie utleniaj\u0105ce), czyni\u0105c je nieodpowiednim do ponownego przetworzenia.<\/li>\n\n\n\n<li>wykazuj\u0105 oznaki pogorszenia stanu, np. w wyniku dzia\u0142ania promieniowania UV powoduj\u0105cego degradacj\u0119.<\/li>\n\n\n\n<li>s\u0105 uszkodzone, co czyni je niebezpiecznymi w obs\u0142udze i transporcie.<\/li>\n\n\n\n<li>maj\u0105 wi\u0119cej ni\u017c 12 lat.<\/li>\n\n\n\n<li>s\u0105 oznaczone symbolem \u201eREC\u201d.<\/li>\n<\/ol>\n\n\n\n<p><strong><em>W przypadku nieprzestrzegania ustalonych warunk\u00f3w lub ogranicze\u0144, wszelkie dodatkowe koszty poniesione przez nasz\u0105 firm\u0119 zostan\u0105 automatycznie zafakturowane. (Przyk\u0142ady takich koszt\u00f3w to: koszty transportu, dodatkowe koszty czyszczenia, koszty demonta\u017cu lub prze\u0142adunku, koszty administracyjne itp.)<\/em><\/strong><\/p>\n","protected":false},"excerpt":{"rendered":"<p>Warunki i ograniczenia Us\u0142uga Takeback oferuje prosty i skuteczny spos\u00f3b, aby co\u015b zmieni\u0107. Dlatego z dum\u0105 przedstawiamy nasz\u0105 now\u0105 us\u0142ug\u0119 zwrotu VARIBOX w\u00a0Niemczech, Francji, Hiszpanii, Belgii, Holandii i Luksemburgu. Inne kraje s\u0105 dost\u0119pne na \u017cyczenie. W ten spos\u00f3b wsp\u00f3lnie zmniejszamy zapotrzebowanie na nowe surowce i pomagamy zmniejszy\u0107 \u015blad w\u0119glowy przemys\u0142u chemicznego i detergent\u00f3w. Proces recyklingu [&hellip;]<\/p>\n","protected":false},"author":1,"featured_media":0,"parent":0,"menu_order":0,"comment_status":"closed","ping_status":"closed","template":"","meta":{"_acf_changed":false,"footnotes":""},"class_list":["post-62955","page","type-page","status-publish","hentry"],"blocksy_meta":[],"featured_image_urls_v2":{"full":"","thumbnail":"","medium":"","medium_large":"","large":"","1536x1536":"","2048x2048":"","woocommerce_archive_thumbnail":"","gform-image-choice-sm":"","gform-image-choice-md":"","gform-image-choice-lg":"","woocommerce_thumbnail":"","woocommerce_single":"","woocommerce_gallery_thumbnail":"","variation_swatches_image_size":"","variation_swatches_tooltip_size":""},"post_excerpt_stackable_v2":"<p>Warunki i ograniczeniaUs\u0142uga Takeback oferuje prosty i skuteczny spos\u00f3b, aby co\u015b zmieni\u0107. Dlatego z dum\u0105 przedstawiamy nasz\u0105 now\u0105 us\u0142ug\u0119 zwrotu VARIBOX w\u00a0Niemczech, Francji, Hiszpanii, Belgii, Holandii i Luksemburgu. Inne kraje s\u0105 dost\u0119pne na \u017cyczenie. W ten spos\u00f3b wsp\u00f3lnie zmniejszamy zapotrzebowanie na nowe surowce i pomagamy zmniejszy\u0107 \u015blad w\u0119glowy przemys\u0142u chemicznego i detergent\u00f3w. Proces recyklingu VARIBOX jest specjalnie zaprojektowany, aby zachowa\u0107 najwy\u017csz\u0105 jako\u015b\u0107 i bezpiecze\u0144stwo. Oznacza to, \u017ce materia\u0142y pochodz\u0105ce z recyklingu spe\u0142niaj\u0105 te same rygorystyczne standardy, kt\u00f3rych oczekujesz od naszych produkt\u00f3w. Mo\u017cesz nadal bez obaw korzysta\u0107 z naszych pojemnik\u00f3w IBC, wiedz\u0105c, \u017ce s\u0105 one nie tylko solidne i niezawodne, ale&hellip;<\/p>\n","category_list_v2":"","author_info_v2":{"name":"Best4u","url":"https:\/\/varibox.best4u.dev\/pl\/author\/best4u\/"},"comments_num_v2":"0 comments","acf":[],"_links":{"self":[{"href":"https:\/\/varibox.best4u.dev\/pl\/wp-json\/wp\/v2\/pages\/62955","targetHints":{"allow":["GET"]}}],"collection":[{"href":"https:\/\/varibox.best4u.dev\/pl\/wp-json\/wp\/v2\/pages"}],"about":[{"href":"https:\/\/varibox.best4u.dev\/pl\/wp-json\/wp\/v2\/types\/page"}],"author":[{"embeddable":true,"href":"https:\/\/varibox.best4u.dev\/pl\/wp-json\/wp\/v2\/users\/1"}],"replies":[{"embeddable":true,"href":"https:\/\/varibox.best4u.dev\/pl\/wp-json\/wp\/v2\/comments?post=62955"}],"version-history":[{"count":1,"href":"https:\/\/varibox.best4u.dev\/pl\/wp-json\/wp\/v2\/pages\/62955\/revisions"}],"predecessor-version":[{"id":62976,"href":"https:\/\/varibox.best4u.dev\/pl\/wp-json\/wp\/v2\/pages\/62955\/revisions\/62976"}],"wp:attachment":[{"href":"https:\/\/varibox.best4u.dev\/pl\/wp-json\/wp\/v2\/media?parent=62955"}],"curies":[{"name":"wp","href":"https:\/\/api.w.org\/{rel}","templated":true}]}}