{"id":60295,"date":"2021-11-23T17:02:52","date_gmt":"2021-11-23T16:02:52","guid":{"rendered":"https:\/\/varibox.best4u.dev\/czy-ta-substancja-moze-byc-przechowywana-w-varibox\/"},"modified":"2024-11-08T11:41:54","modified_gmt":"2024-11-08T10:41:54","slug":"czy-ta-substancja-moze-byc-przechowywana-w-varibox","status":"publish","type":"page","link":"https:\/\/varibox.best4u.dev\/pl\/czy-ta-substancja-moze-byc-przechowywana-w-varibox\/","title":{"rendered":"Czy ta substancja mo\u017ce by\u0107 przechowywana w VARIBOX?"},"content":{"rendered":"\n<div class=\"wp-block-ugb-columns ugb-columns ugb-0d5d96e ugb-columns--design-plain ugb-columns--columns-2 ugb-main-block\"><style>.ugb-0d5d96e > .ugb-inner-block > .ugb-block-content > .ugb-columns__item{grid-template-columns:1.40fr 0.60fr !important}@media screen and (min-width:768px){.ugb-0d5d96e.ugb-columns{margin-bottom:83px !important}}@media screen and (max-width:768px){.ugb-0d5d96e-content-wrapper{grid-row-gap:0 !important}}<\/style><div class=\"ugb-inner-block\"><div class=\"ugb-block-content\"><div class=\"ugb-columns__item ugb-0d5d96e-content-wrapper\">\n<div class=\"wp-block-ugb-column ugb-column ugb-b383129 ugb-column--design-plain ugb-main-block\"><div class=\"ugb-inner-block\"><div class=\"ugb-block-content\"><div class=\"ugb-column__item ugb-b383129-column-wrapper\"><div class=\"ugb-column__content-wrapper\">\n<div class=\"wp-block-ugb-heading ugb-heading wow animate__animated animate__fadeIn ugb-bcdb7f0 ugb-main-block\"><style>.ugb-bcdb7f0 .ugb-heading__subtitle{margin-bottom:-5px !important}<\/style><div class=\"ugb-inner-block\"><div class=\"ugb-block-content\"><h1 class=\"ugb-heading__title\">Czy ta substancja mo\u017ce by\u0107 przechowywana w VARIBOX?<\/h1><p class=\"ugb-heading__subtitle\">Czy konkretna substancja mo\u017ce by\u0107 przechowywana w VARIBOX? Jest to pytanie, kt\u00f3re cz\u0119sto otrzymujemy w naszym Biurze Obs\u0142ugi Klienta. Substancja mo\u017ce by\u0107 przetrzymywana w VARIBOX, je\u015bli zweryfikowana zostanie kompatybilno\u015b\u0107 chemiczna tworzywa sztucznego VARIBOX z substancj\u0105, kt\u00f3ra ma by\u0107 przechowywana. Odbywa si\u0119 to poprzez tak zwane por\u00f3wnanie materia\u0142\u00f3w nape\u0142niaj\u0105cych z cieczami wzorcowymi. Dok\u0142adne warunki opisano w <a href=\"https:\/\/adrbook.com\/en\/2017\/ADR\/4.1.1.21.1\" target=\"_blank\" rel=\"noopener\">ADR 4.1.1.21.1<\/a><\/p><\/div><\/div><\/div>\n\n\n\n<div class=\"wp-block-ugb-button ugb-button-wrapper green-button ugb-ee16d32 ugb-button--mobile-aligned ugb-main-block\"><style>.ugb-ee16d32 .ugb-block-content{justify-content:flex-start !important}.ugb-ee16d32 .ugb-button1 .ugb-button--inner{font-weight:bold !important}.ugb-ee16d32 .ugb-button1:hover{opacity:1}.ugb-ee16d32 .ugb-inner-block{text-align:left}@media screen and (min-width:768px){.ugb-ee16d32.ugb-button-wrapper{margin-bottom:0px !important}}@media screen and (max-width:768px){.ugb-ee16d32 .ugb-block-content{justify-content:center !important}.ugb-ee16d32 .ugb-inner-block{text-align:center}}<\/style><div class=\"ugb-inner-block\"><div class=\"ugb-block-content\"><div class=\"ugb-button-container\"><a class=\"ugb-button1 ugb-button ugb-button--size-normal\" href=\"https:\/\/varibox.best4u.dev\/pl\/skontaktuj-sie-z-nami\/\" rel=\"\" title=\"\"><span class=\"ugb-button--inner\">Skontaktuj si\u0119 z nami<\/span><\/a><\/div><\/div><\/div><\/div>\n<\/div><\/div><\/div><\/div><\/div>\n\n\n\n<div class=\"wp-block-ugb-column ugb-column ugb-e882f9a ugb-column--design-plain ugb-main-block\"><style>@media screen and (max-width:768px){.ugb-e882f9a .ugb-inner-block{text-align:center}}<\/style><div class=\"ugb-inner-block\"><div class=\"ugb-block-content\"><div class=\"ugb-column__item ugb-e882f9a-column-wrapper\"><div class=\"ugb-column__content-wrapper\">\n<figure class=\"wp-block-image size-full wow animate__animated animate__fadeIn\"><img decoding=\"async\" src=\"https:\/\/varibox.best4u.dev\/wp-content\/uploads\/2024\/10\/VARIBOX-Full-Containment-4.png\" alt=\"VARIBOX Full Containment\" class=\"wp-image-10754\"\/><\/figure>\n<\/div><\/div><\/div><\/div><\/div>\n<\/div><\/div><\/div><\/div>\n\n\n\n<div class=\"alignfull wp-block-ugb-container ugb-container wow animate__animated animate__fadeIn ugb-0b8bee5 ugb-container--v2 ugb-container--design-plain ugb-main-block ugb-main-block--inner-center ugb--has-block-background\"><style>.ugb-0b8bee5.ugb-container{background-color:var(--theme-palette-color-8,#f8fafc)}.ugb-0b8bee5.ugb-container:before{background-color:var(--theme-palette-color-8,#f8fafc)}@media screen and (min-width:768px){.ugb-0b8bee5-content-wrapper.ugb-container__content-wrapper{width:70% !important}.ugb-0b8bee5.ugb-container{margin-bottom:0px !important;padding-top:0px !important;padding-right:35px !important;padding-bottom:20px !important;padding-left:35px !important}}@media screen and (min-width:768px) and (max-width:1025px){.ugb-0b8bee5-content-wrapper.ugb-container__content-wrapper{width:100% !important}}@media screen and (max-width:768px){.ugb-0b8bee5.ugb-container{margin-bottom:0px !important;padding-top:0px !important;padding-right:18px !important;padding-bottom:0px !important;padding-left:18px !important}}@media screen and (min-width:768px){.ugb-0b8bee5 > .ugb-inner-block > .ugb-block-content > *{padding-top:40px !important;padding-bottom:40px !important}}@media screen and (max-width:768px){.ugb-0b8bee5 > .ugb-inner-block > .ugb-block-content > *{padding-top:35px !important;padding-bottom:0px !important}}<\/style><div class=\"ugb-inner-block ugb-inner-block--center\"><div class=\"ugb-block-content\"><div class=\"ugb-container__wrapper ugb-0b8bee5-wrapper\"><div class=\"ugb-container__side\"><div class=\"ugb-container__content-wrapper ugb-0b8bee5-content-wrapper\">\n<div class=\"aligncenter wp-block-ugb-columns ugb-columns top-icons-columns ugb-8e93fa5 ugb-columns--design-plain ugb-columns--columns-3 ugb-main-block\"><style>@media screen and (min-width:768px) and (max-width:1025px){.ugb-8e93fa5-content-wrapper{grid-column-gap:0px !important}}@media screen and (max-width:768px){.ugb-8e93fa5-content-wrapper{grid-row-gap:0 !important;grid-column-gap:0px !important}.ugb-8e93fa5 .ugb-inner-block{text-align:center}.ugb-8e93fa5.ugb-columns{margin-top:0px !important;margin-bottom:0px !important}}<\/style><div class=\"ugb-inner-block\"><div class=\"ugb-block-content\"><div class=\"ugb-columns__item ugb-8e93fa5-content-wrapper\">\n<div class=\"wp-block-ugb-column ugb-column ugb-cac04d9 ugb-column--design-plain ugb-main-block\"><div class=\"ugb-inner-block\"><div class=\"ugb-block-content\"><div class=\"ugb-column__item ugb-cac04d9-column-wrapper\"><div class=\"ugb-column__content-wrapper\">\n<div class=\"wp-block-group is-layout-flow wp-block-group-is-layout-flow\">\n<div class=\"wp-block-media-text alignwide is-stacked-on-mobile is-vertically-aligned-center content-pages-top-icons\" style=\"grid-template-columns:30% auto\"><figure class=\"wp-block-media-text__media\"><img decoding=\"async\" src=\"https:\/\/varibox.best4u.dev\/wp-content\/uploads\/2024\/10\/test-2.svg\" alt=\"\" class=\"wp-image-3005 size-full\"\/><\/figure><div class=\"wp-block-media-text__content\">\n<h4 class=\"has-text-align-left has-medium-font-size wp-block-heading\" id=\"safety\">Bezpieczniej<\/h4>\n<\/div><\/div>\n<\/div>\n<\/div><\/div><\/div><\/div><\/div>\n\n\n\n<div class=\"wp-block-ugb-column ugb-column ugb-62f8a7e ugb-column--design-plain ugb-main-block\"><div class=\"ugb-inner-block\"><div class=\"ugb-block-content\"><div class=\"ugb-column__item ugb-62f8a7e-column-wrapper\"><div class=\"ugb-column__content-wrapper\">\n<div class=\"wp-block-group is-layout-flow wp-block-group-is-layout-flow\">\n<div class=\"wp-block-media-text alignwide is-stacked-on-mobile is-vertically-aligned-center content-pages-top-icons\" style=\"grid-template-columns:30% auto\"><figure class=\"wp-block-media-text__media\"><img decoding=\"async\" src=\"https:\/\/varibox.best4u.dev\/wp-content\/uploads\/2024\/10\/reuseablility-green-1-2.svg\" alt=\"\" class=\"wp-image-1838 size-full\"\/><\/figure><div class=\"wp-block-media-text__content\">\n<h4 class=\"has-text-align-left has-medium-font-size wp-block-heading\" id=\"reusability\">Wielokrotnego u\u017cytku<\/h4>\n<\/div><\/div>\n<\/div>\n<\/div><\/div><\/div><\/div><\/div>\n\n\n\n<div class=\"wp-block-ugb-column ugb-column ugb-b51d308 ugb-column--design-plain ugb-main-block\"><div class=\"ugb-inner-block\"><div class=\"ugb-block-content\"><div class=\"ugb-column__item ugb-b51d308-column-wrapper\"><div class=\"ugb-column__content-wrapper\">\n<div class=\"wp-block-group is-layout-flow wp-block-group-is-layout-flow\">\n<div class=\"wp-block-media-text alignwide is-stacked-on-mobile is-vertically-aligned-center content-pages-top-icons\" style=\"grid-template-columns:30% auto\"><figure class=\"wp-block-media-text__media\"><img decoding=\"async\" src=\"https:\/\/varibox.best4u.dev\/wp-content\/uploads\/2024\/10\/sustainability-green-1-2.svg\" alt=\"\" class=\"wp-image-1851 size-full\"\/><\/figure><div class=\"wp-block-media-text__content\">\n<h4 class=\"has-text-align-left has-medium-font-size wp-block-heading\" id=\"sustainability\">Zr\u00f3wnowa\u017cony<\/h4>\n<\/div><\/div>\n<\/div>\n<\/div><\/div><\/div><\/div><\/div>\n<\/div><\/div><\/div><\/div>\n<\/div><\/div><\/div><\/div><\/div><\/div>\n\n\n\n<div class=\"alignfull wp-block-ugb-container ugb-container ugb-0591a81 ugb-container--v2 ugb-container--design-plain ugb-main-block ugb-main-block--inner-center ugb--has-block-background ugb--has-background-overlay\"><style>.ugb-0591a81.ugb-container{background-color:var(--theme-palette-color-8,#f8fafc)}.ugb-0591a81.ugb-container:before{background-image:linear-gradient(180deg,var(--theme-palette-color-8,#f8fafc) 0%,#ffffff 100%)}@media screen and (min-width:768px){.ugb-0591a81.ugb-container{padding-top:0px !important;padding-right:35px !important;padding-bottom:0px !important;padding-left:35px !important}}@media screen and (min-width:768px){.ugb-0591a81 > .ugb-inner-block > .ugb-block-content > *{padding-top:64px !important;padding-bottom:64px !important}}<\/style><div class=\"ugb-inner-block ugb-inner-block--center\"><div class=\"ugb-block-content\"><div class=\"ugb-container__wrapper ugb-0591a81-wrapper\"><div class=\"ugb-container__side\"><div class=\"ugb-container__content-wrapper ugb-0591a81-content-wrapper\">\n<div class=\"wp-block-ugb-heading ugb-heading wow animate__animated animate__fadeIn ugb-435a208 ugb-main-block\"><style>.ugb-435a208 .ugb-heading__title{text-align:center}.ugb-435a208 .ugb-inner-block{text-align:center}<\/style><div class=\"ugb-inner-block\"><div class=\"ugb-block-content\"><h2 class=\"ugb-heading__title\">Jak dokona\u0107 por\u00f3wnania?<\/h2><p class=\"ugb-heading__subtitle\">Zgodno\u015b\u0107 chemiczna z materia\u0142ami nape\u0142niaj\u0105cymi mo\u017ce by\u0107 potwierdzona poprzez por\u00f3wnanie z cieczami wzorcowymi wed\u0142ug procedur, zawartych w ADR 4.1.1.21.1):<\/p><\/div><\/div><\/div>\n\n\n\n<ul class=\"wp-block-list\">\n<li>okre\u015blenie numeru UN i grupy pakowania;<\/li>\n\n\n\n<li>wyszukanie numeru UN w kolumnie w wykazie por\u00f3wnawczym ADR (tabela 4.1.1.21.6);<\/li>\n\n\n\n<li>je\u017celi wyst\u0119puje tam wi\u0119cej ni\u017c jedna pozycja dla tego konkretnego numeru UN, wybra\u0107 wiersz odpowiadaj\u0105cy kryteriom grupy pakowania, st\u0119\u017ceniu, temperaturze zap\u0142onu, itp.;<\/li>\n\n\n\n<li>chemiczna zgodno\u015b\u0107 zosta\u0142a zweryfikowana, je\u017celi substancja jest tam wymieniona;<\/li>\n\n\n\n<li>je\u017celi wskazano \u201eZasady pozycji zbiorczych\u201d, zastosowa\u0107 zasad\u0119 opisan\u0105 w 4.1.1.21.5.<\/li>\n<\/ul>\n\n\n\n<div class=\"wp-block-ugb-text ugb-text ugb-0711dad ugb-text--design-plain ugb-text--columns-1 ugb-main-block\"><style>.ugb-0711dad .ugb-inner-block{text-align:center}<\/style><div class=\"ugb-inner-block\"><div class=\"ugb-block-content\"><div class=\"ugb-text__text-wrapper\"><div class=\"ugb-text__text\"><p class=\"ugb-text__text-1\">Substancja zosta\u0142a por\u00f3wnana do standardowej cieczy lub kombinacji standardowych cieczy. Je\u017celi IBC posiada zezwolenie dla takiej standardowej cieczy, IBC mo\u017ce by\u0107 stosowany dla tej substancji.<\/p><\/div><\/div><\/div><\/div><\/div>\n\n\n\n<div class=\"wp-block-ugb-heading ugb-heading wow animate__animated animate__fadeIn ugb-92ba1e7 ugb-main-block\"><style>.ugb-92ba1e7 .ugb-heading__title{text-align:center}.ugb-92ba1e7 .ugb-inner-block{text-align:center}<\/style><div class=\"ugb-inner-block\"><div class=\"ugb-block-content\"><h2 class=\"ugb-heading__title\">Czy stosowany VARIBOX mo\u017ce by\u0107 u\u017cyty do przechowywania tej standardowej cieczy?<\/h2><p class=\"ugb-heading__subtitle\">VARIBOX mo\u017ce s\u0142u\u017cy\u0107 do przechowywania wszystkich standardowych p\u0142yn\u00f3w z ADR! Maksymalna dopuszczalna g\u0119sto\u015b\u0107 standardowej cieczy mo\u017ce si\u0119 r\u00f3\u017cni\u0107, podobnie jak maksymalna dopuszczalna pr\u0119\u017cno\u015b\u0107 pary mo\u017ce by\u0107 inna. Nale\u017cy upewni\u0107 si\u0119, \u017ce g\u0119sto\u015b\u0107 i pr\u0119\u017cno\u015b\u0107 pary substancji, kt\u00f3ra ma by\u0107 nape\u0142niana, nie przekracza tej, dla kt\u00f3rej IBC jest dopuszczony. Sprawdzi\u0107 na podstawie danych dotycz\u0105cych substancji i zezwolenia IBC. Standardowe ciecze oraz maksymaln\u0105 g\u0119sto\u015b\u0107 i pr\u0119\u017cno\u015b\u0107 pary mo\u017cna znale\u017a\u0107 w specyfikacjach VARIBOX.<br>W przypadku, gdy substancja jest por\u00f3wnywana z kombinacjami standardowych cieczy, stosuje si\u0119 najni\u017csz\u0105 g\u0119sto\u015b\u0107 i pr\u0119\u017cno\u015b\u0107 pary spo\u015br\u00f3d przyr\u00f3wnywanych cieczy wzorcowych, dla kt\u00f3rych IBC jest dopuszczony.<\/p><\/div><\/div><\/div>\n\n\n\n<div class=\"wp-block-ugb-heading ugb-heading wow animate__animated animate__fadeIn ugb-fee9f5c ugb-main-block\"><style>.ugb-fee9f5c .ugb-heading__title{text-align:center}.ugb-fee9f5c .ugb-inner-block{text-align:center}<\/style><div class=\"ugb-inner-block\"><div class=\"ugb-block-content\"><h2 class=\"ugb-heading__title\">Czy mo\u017cna por\u00f3wna\u0107 substancj\u0119 sk\u0142adaj\u0105c\u0105 si\u0119 z wielu sk\u0142adnik\u00f3w?<\/h2><p class=\"ugb-heading__subtitle\">Substancje, kt\u00f3re s\u0105 roztworem, mieszanin\u0105 lub preparatem, mog\u0105 by\u0107 r\u00f3wnie\u017c por\u00f3wnywalne. Wszystkie sk\u0142adniki tej substancji, zar\u00f3wno niebezpieczne, jak i bezpieczne, musz\u0105 nast\u0119pnie zosta\u0107 w\u0142\u0105czone do procedury por\u00f3wnania. Sk\u0142adniki, o kt\u00f3rych wiadomo, \u017ce nie wp\u0142ywaj\u0105 na polietylen, nie musz\u0105 by\u0107 brane pod uwag\u0119.<\/p><\/div><\/div><\/div>\n\n\n\n<div class=\"wp-block-ugb-heading ugb-heading wow animate__animated animate__fadeIn ugb-2d7b14e ugb-main-block\"><style>.ugb-2d7b14e .ugb-heading__title{text-align:center}.ugb-2d7b14e .ugb-inner-block{text-align:center}<\/style><div class=\"ugb-inner-block\"><div class=\"ugb-block-content\"><h2 class=\"ugb-heading__title\">Co je\u015bli por\u00f3wnanie nie jest mo\u017cliwe?<\/h2><p class=\"ugb-heading__subtitle\">Je\u017celi por\u00f3wnanie nie jest mo\u017cliwe zgodnie z t\u0105 metod\u0105, nale\u017cy wykaza\u0107 zgodno\u015b\u0107 chemiczn\u0105 za pomoc\u0105 bada\u0144. Czasami testy laboratoryjne mog\u0105 by\u0107 wystarczaj\u0105ce, ale cz\u0119\u015bciej IBC przechodz\u0105 przez testy po przechowywaniu w nich substancji, kt\u00f3r\u0105 ma by\u0107 nape\u0142niony. Okres przechowywania wynosi zwykle 6 miesi\u0119cy w temperaturze pokojowej. Nast\u0119pnie zwykle wykonuje si\u0119 pr\u00f3b\u0119 kafarow\u0105 ONZ, pr\u00f3b\u0119 szczelno\u015bci, pr\u00f3b\u0119 hydrauliczn\u0105 i wibracyjn\u0105. W przypadku pozytywnych wynik\u00f3w substancj\u0105 tak\u0105 IBC mo\u017ce by\u0107 nape\u0142niany.<\/p><\/div><\/div><\/div>\n\n\n\n<div class=\"wp-block-ugb-heading ugb-heading wow animate__animated animate__fadeIn ugb-09fcf35 ugb-main-block\"><style>.ugb-09fcf35 .ugb-heading__title{text-align:center;margin-bottom:24px !important}.ugb-09fcf35 .ugb-heading__subtitle{text-align:center;margin-bottom:64px !important}.ugb-09fcf35 .ugb-inner-block{text-align:center}@media screen and (min-width:768px){.ugb-09fcf35.ugb-heading{margin-bottom:0px !important}}@media screen and (max-width:1025px){.ugb-09fcf35 .ugb-heading__title{text-align:center}.ugb-09fcf35 .ugb-inner-block{text-align:center}}@media screen and (max-width:768px){.ugb-09fcf35 .ugb-heading__title{text-align:center}.ugb-09fcf35 .ugb-heading__subtitle{text-align:center}.ugb-09fcf35 .ugb-inner-block{text-align:center}}<\/style><div class=\"ugb-inner-block\"><div class=\"ugb-block-content\"><h5 class=\"ugb-heading__title\">Nie ma odpowiedzi w FAQ czy dan\u0105 substancj\u0119 mo\u017cna przechowywa\u0107 w VARIBOX?<\/h5><p class=\"ugb-heading__subtitle\">Wiemy, \u017ce bezpieczne i wielokrotnego u\u017cytku pojemniki IBC VARIBOX s\u0105 wykorzystywane na wiele sposob\u00f3w na wielu r\u00f3\u017cnych rynkach. W zwi\u0105zku z tym mo\u017ce si\u0119 zdarzy\u0107, \u017ce postawione pytanie\/odpowied\u017a nie b\u0119dzie uwzgl\u0119dnione w cz\u0119\u015bci pomocy technicznej. Je\u015bli tak, prosimy o kontakt z naszym Dzia\u0142em Obs\u0142ugi Klienta, ch\u0119tnie pomo\u017cemy.<\/p><\/div><\/div><\/div>\n\n\n\n<div class=\"wp-block-ugb-button ugb-button-wrapper green-button ugb-8b001db ugb-button--mobile-aligned ugb-main-block\"><style>.ugb-8b001db .ugb-block-content{justify-content:center !important}.ugb-8b001db .ugb-button1 .ugb-button--inner{font-weight:bold !important}.ugb-8b001db .ugb-button1:hover{opacity:1}.ugb-8b001db .ugb-inner-block{text-align:center}@media screen and (min-width:768px){.ugb-8b001db.ugb-button-wrapper{margin-bottom:0px !important}}@media screen and (max-width:768px){.ugb-8b001db .ugb-block-content{justify-content:center !important}.ugb-8b001db .ugb-inner-block{text-align:center}}<\/style><div class=\"ugb-inner-block\"><div class=\"ugb-block-content\"><div class=\"ugb-button-container\"><a class=\"ugb-button1 ugb-button ugb-button--size-normal\" href=\"https:\/\/varibox.best4u.dev\/pl\/skontaktuj-sie-z-nami\/\" rel=\"\" title=\"\"><span class=\"ugb-button--inner\">Skontaktuj si\u0119<\/span><\/a><\/div><\/div><\/div><\/div>\n<\/div><\/div><\/div><\/div><\/div><\/div>\n","protected":false},"excerpt":{"rendered":"<p>Czy ta substancja mo\u017ce by\u0107 przechowywana w VARIBOX? Czy konkretna substancja mo\u017ce by\u0107 przechowywana w VARIBOX? Jest to pytanie, kt\u00f3re cz\u0119sto otrzymujemy w naszym Biurze Obs\u0142ugi Klienta. Substancja mo\u017ce by\u0107 przetrzymywana w VARIBOX, je\u015bli zweryfikowana zostanie kompatybilno\u015b\u0107 chemiczna tworzywa sztucznego VARIBOX z substancj\u0105, kt\u00f3ra ma by\u0107 przechowywana. Odbywa si\u0119 to poprzez tak zwane por\u00f3wnanie materia\u0142\u00f3w [&hellip;]<\/p>\n","protected":false},"author":1,"featured_media":27318,"parent":0,"menu_order":0,"comment_status":"open","ping_status":"open","template":"","meta":{"_acf_changed":false,"footnotes":""},"class_list":["post-60295","page","type-page","status-publish","has-post-thumbnail","hentry"],"blocksy_meta":{"styles_descriptor":{"styles":{"desktop":"","tablet":"","mobile":""},"google_fonts":[],"version":6}},"featured_image_urls_v2":{"full":["https:\/\/varibox.best4u.dev\/wp-content\/uploads\/2024\/10\/VARIBOX-Full-Containment-4.png",325,370,false],"thumbnail":["https:\/\/varibox.best4u.dev\/wp-content\/uploads\/2024\/10\/VARIBOX-Full-Containment-4-256x256.png",256,256,true],"medium":["https:\/\/varibox.best4u.dev\/wp-content\/uploads\/2024\/10\/VARIBOX-Full-Containment-4.png",325,370,false],"medium_large":["https:\/\/varibox.best4u.dev\/wp-content\/uploads\/2024\/10\/VARIBOX-Full-Containment-4.png",325,370,false],"large":["https:\/\/varibox.best4u.dev\/wp-content\/uploads\/2024\/10\/VARIBOX-Full-Containment-4.png",325,370,false],"1536x1536":["https:\/\/varibox.best4u.dev\/wp-content\/uploads\/2024\/10\/VARIBOX-Full-Containment-4.png",325,370,false],"2048x2048":["https:\/\/varibox.best4u.dev\/wp-content\/uploads\/2024\/10\/VARIBOX-Full-Containment-4.png",325,370,false],"woocommerce_archive_thumbnail":["https:\/\/varibox.best4u.dev\/wp-content\/uploads\/2024\/10\/VARIBOX-Full-Containment-4-270x307.png",270,307,true],"gform-image-choice-sm":["https:\/\/varibox.best4u.dev\/wp-content\/uploads\/2024\/10\/VARIBOX-Full-Containment-4.png",264,300,false],"gform-image-choice-md":["https:\/\/varibox.best4u.dev\/wp-content\/uploads\/2024\/10\/VARIBOX-Full-Containment-4.png",325,370,false],"gform-image-choice-lg":["https:\/\/varibox.best4u.dev\/wp-content\/uploads\/2024\/10\/VARIBOX-Full-Containment-4.png",325,370,false],"woocommerce_thumbnail":["https:\/\/varibox.best4u.dev\/wp-content\/uploads\/2024\/10\/VARIBOX-Full-Containment-4-270x307.png",270,307,true],"woocommerce_single":["https:\/\/varibox.best4u.dev\/wp-content\/uploads\/2024\/10\/VARIBOX-Full-Containment-4.png",325,370,false],"woocommerce_gallery_thumbnail":["https:\/\/varibox.best4u.dev\/wp-content\/uploads\/2024\/10\/VARIBOX-Full-Containment-4-100x100.png",100,100,true],"variation_swatches_image_size":["https:\/\/varibox.best4u.dev\/wp-content\/uploads\/2024\/10\/VARIBOX-Full-Containment-4-50x50.png",50,50,true],"variation_swatches_tooltip_size":["https:\/\/varibox.best4u.dev\/wp-content\/uploads\/2024\/10\/VARIBOX-Full-Containment-4-100x100.png",100,100,true]},"post_excerpt_stackable_v2":"<p>Czy ta substancja mo\u017ce by\u0107 przechowywana w VARIBOX?Czy konkretna substancja mo\u017ce by\u0107 przechowywana w VARIBOX? Jest to pytanie, kt\u00f3re cz\u0119sto otrzymujemy w naszym Biurze Obs\u0142ugi Klienta. Substancja mo\u017ce by\u0107 przetrzymywana w VARIBOX, je\u015bli zweryfikowana zostanie kompatybilno\u015b\u0107 chemiczna tworzywa sztucznego VARIBOX z substancj\u0105, kt\u00f3ra ma by\u0107 przechowywana. Odbywa si\u0119 to poprzez tak zwane por\u00f3wnanie materia\u0142\u00f3w nape\u0142niaj\u0105cych z cieczami wzorcowymi. Dok\u0142adne warunki opisano w ADR 4.1.1.21.1 Skontaktuj si\u0119 z nami Bezpieczniej Wielokrotnego u\u017cytku Zr\u00f3wnowa\u017cony Jak dokona\u0107 por\u00f3wnania?Zgodno\u015b\u0107 chemiczna z materia\u0142ami nape\u0142niaj\u0105cymi mo\u017ce by\u0107 potwierdzona poprzez por\u00f3wnanie z cieczami wzorcowymi wed\u0142ug procedur, zawartych w ADR 4.1.1.21.1): okre\u015blenie numeru UN i grupy pakowania; wyszukanie&hellip;<\/p>\n","category_list_v2":"","author_info_v2":{"name":"Best4u","url":"https:\/\/varibox.best4u.dev\/pl\/author\/best4u\/"},"comments_num_v2":"0 comments","acf":[],"_links":{"self":[{"href":"https:\/\/varibox.best4u.dev\/pl\/wp-json\/wp\/v2\/pages\/60295","targetHints":{"allow":["GET"]}}],"collection":[{"href":"https:\/\/varibox.best4u.dev\/pl\/wp-json\/wp\/v2\/pages"}],"about":[{"href":"https:\/\/varibox.best4u.dev\/pl\/wp-json\/wp\/v2\/types\/page"}],"author":[{"embeddable":true,"href":"https:\/\/varibox.best4u.dev\/pl\/wp-json\/wp\/v2\/users\/1"}],"replies":[{"embeddable":true,"href":"https:\/\/varibox.best4u.dev\/pl\/wp-json\/wp\/v2\/comments?post=60295"}],"version-history":[{"count":1,"href":"https:\/\/varibox.best4u.dev\/pl\/wp-json\/wp\/v2\/pages\/60295\/revisions"}],"predecessor-version":[{"id":60296,"href":"https:\/\/varibox.best4u.dev\/pl\/wp-json\/wp\/v2\/pages\/60295\/revisions\/60296"}],"wp:featuredmedia":[{"embeddable":true,"href":"https:\/\/varibox.best4u.dev\/pl\/wp-json\/wp\/v2\/media\/27318"}],"wp:attachment":[{"href":"https:\/\/varibox.best4u.dev\/pl\/wp-json\/wp\/v2\/media?parent=60295"}],"curies":[{"name":"wp","href":"https:\/\/api.w.org\/{rel}","templated":true}]}}