{"id":60259,"date":"2021-11-23T18:24:26","date_gmt":"2021-11-23T17:24:26","guid":{"rendered":"https:\/\/varibox.best4u.dev\/faq-epdm-lub-viton\/"},"modified":"2024-11-08T11:41:52","modified_gmt":"2024-11-08T10:41:52","slug":"faq-epdm-lub-viton","status":"publish","type":"page","link":"https:\/\/varibox.best4u.dev\/pl\/faq-epdm-lub-viton\/","title":{"rendered":"FAQ: EPDM lub Viton"},"content":{"rendered":"\n<div class=\"wp-block-ugb-columns ugb-columns ugb-0d5d96e ugb-columns--design-plain ugb-columns--columns-2 ugb-main-block\"><style>.ugb-0d5d96e > .ugb-inner-block > .ugb-block-content > .ugb-columns__item{grid-template-columns:1.40fr 0.60fr !important}@media screen and (min-width:768px){.ugb-0d5d96e.ugb-columns{margin-bottom:83px !important}}@media screen and (max-width:768px){.ugb-0d5d96e-content-wrapper{grid-row-gap:0 !important}}<\/style><div class=\"ugb-inner-block\"><div class=\"ugb-block-content\"><div class=\"ugb-columns__item ugb-0d5d96e-content-wrapper\">\n<div class=\"wp-block-ugb-column ugb-column ugb-b383129 ugb-column--design-plain ugb-main-block\"><div class=\"ugb-inner-block\"><div class=\"ugb-block-content\"><div class=\"ugb-column__item ugb-b383129-column-wrapper\"><div class=\"ugb-column__content-wrapper\">\n<div class=\"wp-block-ugb-heading ugb-heading wow animate__animated animate__fadeIn ugb-bcdb7f0 ugb-main-block\"><style>.ugb-bcdb7f0 .ugb-heading__subtitle{margin-bottom:-5px !important}<\/style><div class=\"ugb-inner-block\"><div class=\"ugb-block-content\"><h1 class=\"ugb-heading__title\">FAQ: EPDM lub Viton<\/h1><p class=\"ugb-heading__subtitle\">FAQ EPDM lub Viton zawiera cz\u0119sto zadawane pytania dotycz\u0105ce uszczelek EPDM lub Viton, kt\u00f3re s\u0105 u\u017cywane w VARIBOX. FAQ wyja\u015bnia jakie uszczelki s\u0105 stosowane w VARIBOX i z czego s\u0105 wykonane. Znajdziecie tu Pa\u0144stwo informacje dotycz\u0105ce wyboru odpowiedniej uszczelki do danego zastosowania. Poni\u017cej zamieszczono og\u00f3ln\u0105 tabel\u0119 wskaz\u00f3wek.<\/p><\/div><\/div><\/div>\n\n\n\n<div class=\"wp-block-ugb-button ugb-button-wrapper green-button ugb-ee16d32 ugb-button--mobile-aligned ugb-main-block\"><style>.ugb-ee16d32 .ugb-block-content{justify-content:flex-start !important}.ugb-ee16d32 .ugb-button1 .ugb-button--inner{font-weight:bold !important}.ugb-ee16d32 .ugb-button1:hover{opacity:1}.ugb-ee16d32 .ugb-inner-block{text-align:left}@media screen and (min-width:768px){.ugb-ee16d32.ugb-button-wrapper{margin-bottom:0px !important}}@media screen and (max-width:768px){.ugb-ee16d32 .ugb-block-content{justify-content:center !important}.ugb-ee16d32 .ugb-inner-block{text-align:center}}<\/style><div class=\"ugb-inner-block\"><div class=\"ugb-block-content\"><div class=\"ugb-button-container\"><a class=\"ugb-button1 ugb-button ugb-button--size-normal\" href=\"https:\/\/varibox.best4u.dev\/pl\/skontaktuj-sie-z-nami\/\" rel=\"\" title=\"\"><span class=\"ugb-button--inner\">Skontaktuj si\u0119 z nami<\/span><\/a><\/div><\/div><\/div><\/div>\n<\/div><\/div><\/div><\/div><\/div>\n\n\n\n<div class=\"wp-block-ugb-column ugb-column ugb-e882f9a ugb-column--design-plain ugb-main-block\"><style>@media screen and (max-width:768px){.ugb-e882f9a .ugb-inner-block{text-align:center}}<\/style><div class=\"ugb-inner-block\"><div class=\"ugb-block-content\"><div class=\"ugb-column__item ugb-e882f9a-column-wrapper\"><div class=\"ugb-column__content-wrapper\">\n<figure class=\"wp-block-image size-full wow animate__animated animate__fadeIn\"><img decoding=\"async\" src=\"https:\/\/varibox.best4u.dev\/wp-content\/uploads\/2024\/10\/VARIBOX-Full-Containment-4.png\" alt=\"Uszczelki EPDM i uszczelki Viton\" class=\"wp-image-10754\"\/><\/figure>\n<\/div><\/div><\/div><\/div><\/div>\n<\/div><\/div><\/div><\/div>\n\n\n\n<div class=\"alignfull wp-block-ugb-container ugb-container ugb-25beaa0 ugb-container--v2 ugb-container--design-plain ugb-main-block ugb-main-block--inner-center ugb--has-block-background\"><style>.ugb-25beaa0.ugb-container{background-color:var(--theme-palette-color-7,#F9FAFB)}.ugb-25beaa0.ugb-container:before{background-color:var(--theme-palette-color-7,#F9FAFB)}@media screen and (min-width:768px){.ugb-25beaa0-content-wrapper.ugb-container__content-wrapper{width:85% !important}.ugb-25beaa0.ugb-container{margin-bottom:0px !important;padding-top:0px !important;padding-right:35px !important;padding-bottom:0px !important;padding-left:35px !important}}@media screen and (min-width:768px) and (max-width:1025px){.ugb-25beaa0-content-wrapper.ugb-container__content-wrapper{width:100% !important}}@media screen and (max-width:768px){.ugb-25beaa0.ugb-container{margin-bottom:0px !important;padding-top:0px !important;padding-right:18px !important;padding-bottom:0px !important;padding-left:18px !important}}@media screen and (min-width:768px){.ugb-25beaa0 > .ugb-inner-block > .ugb-block-content > *{padding-top:40px !important;padding-bottom:40px !important}}@media screen and (max-width:768px){.ugb-25beaa0 > .ugb-inner-block > .ugb-block-content > *{padding-top:35px !important;padding-bottom:0px !important}}<\/style><div class=\"ugb-inner-block ugb-inner-block--center\"><div class=\"ugb-block-content\"><div class=\"ugb-container__wrapper ugb-25beaa0-wrapper\"><div class=\"ugb-container__side\"><div class=\"ugb-container__content-wrapper ugb-25beaa0-content-wrapper\">\n<div class=\"aligncenter wp-block-ugb-columns ugb-columns top-icons-columns ugb-609d063 ugb-columns--design-plain ugb-columns--columns-3 ugb-main-block\"><style>.ugb-609d063-content-wrapper{grid-column-gap:15px !important}@media screen and (min-width:768px) and (max-width:1025px){.ugb-609d063-content-wrapper{grid-column-gap:0px !important}}@media screen and (max-width:768px){.ugb-609d063-content-wrapper{grid-row-gap:0 !important;grid-column-gap:0px !important}.ugb-609d063 .ugb-inner-block{text-align:center}.ugb-609d063.ugb-columns{margin-top:0px !important;margin-bottom:0px !important}}<\/style><div class=\"ugb-inner-block\"><div class=\"ugb-block-content\"><div class=\"ugb-columns__item ugb-609d063-content-wrapper\">\n<div class=\"wp-block-ugb-column ugb-column ugb-aa84cea ugb-column--design-plain ugb-main-block\"><div class=\"ugb-inner-block\"><div class=\"ugb-block-content\"><div class=\"ugb-column__item ugb-aa84cea-column-wrapper\"><div class=\"ugb-column__content-wrapper\">\n<div class=\"wp-block-group is-layout-flow wp-block-group-is-layout-flow\">\n<div class=\"wp-block-media-text alignwide is-stacked-on-mobile is-vertically-aligned-center content-pages-top-icons\" style=\"grid-template-columns:30% auto\"><figure class=\"wp-block-media-text__media\"><img decoding=\"async\" src=\"https:\/\/varibox.best4u.dev\/wp-content\/uploads\/2021\/12\/test.svg\" alt=\"\" class=\"wp-image-3005 size-full\"\/><\/figure><div class=\"wp-block-media-text__content\">\n<h4 class=\"wp-block-heading has-text-align-left has-medium-font-size\">Bezpieczniej<\/h4>\n<\/div><\/div>\n<\/div>\n<\/div><\/div><\/div><\/div><\/div>\n\n\n\n<div class=\"wp-block-ugb-column ugb-column ugb-a25ba9c ugb-column--design-plain ugb-main-block\"><div class=\"ugb-inner-block\"><div class=\"ugb-block-content\"><div class=\"ugb-column__item ugb-a25ba9c-column-wrapper\"><div class=\"ugb-column__content-wrapper\">\n<div class=\"wp-block-group is-layout-flow wp-block-group-is-layout-flow\">\n<div class=\"wp-block-media-text alignwide is-stacked-on-mobile is-vertically-aligned-center content-pages-top-icons\" style=\"grid-template-columns:30% auto\"><figure class=\"wp-block-media-text__media\"><img decoding=\"async\" src=\"https:\/\/varibox.best4u.dev\/wp-content\/uploads\/2021\/11\/reuseablility-green-1.svg\" alt=\"\" class=\"wp-image-1838 size-full\"\/><\/figure><div class=\"wp-block-media-text__content\">\n<h4 class=\"wp-block-heading has-text-align-left has-medium-font-size\">Wielokrotnego u\u017cytku<\/h4>\n<\/div><\/div>\n<\/div>\n<\/div><\/div><\/div><\/div><\/div>\n\n\n\n<div class=\"wp-block-ugb-column ugb-column ugb-ed3faa1 ugb-column--design-plain ugb-main-block\"><div class=\"ugb-inner-block\"><div class=\"ugb-block-content\"><div class=\"ugb-column__item ugb-ed3faa1-column-wrapper\"><div class=\"ugb-column__content-wrapper\">\n<div class=\"wp-block-group is-layout-flow wp-block-group-is-layout-flow\">\n<div class=\"wp-block-media-text alignwide is-stacked-on-mobile is-vertically-aligned-center content-pages-top-icons\" style=\"grid-template-columns:29% auto\"><figure class=\"wp-block-media-text__media\"><img decoding=\"async\" src=\"https:\/\/varibox.best4u.dev\/wp-content\/uploads\/2021\/11\/sustainability-green-1.svg\" alt=\"\" class=\"wp-image-1851 size-full\"\/><\/figure><div class=\"wp-block-media-text__content\">\n<h4 class=\"wp-block-heading has-text-align-left has-medium-font-size\">Zr\u00f3wnowa\u017cony<\/h4>\n<\/div><\/div>\n<\/div>\n<\/div><\/div><\/div><\/div><\/div>\n<\/div><\/div><\/div><\/div>\n<\/div><\/div><\/div><\/div><\/div><\/div>\n\n\n\n<div class=\"alignfull wp-block-ugb-container ugb-container ugb-0591a81 ugb-container--v2 ugb-container--design-plain ugb-main-block ugb-main-block--inner-center ugb--has-block-background ugb--has-background-overlay\"><style>.ugb-0591a81.ugb-container{background-color:var(--theme-palette-color-8,#f8fafc)}.ugb-0591a81.ugb-container:before{background-image:linear-gradient(180deg,var(--theme-palette-color-8,#f8fafc) 0%,#ffffff 100%)}@media screen and (min-width:768px){.ugb-0591a81-content-wrapper.ugb-container__content-wrapper{width:70% !important}.ugb-0591a81.ugb-container{padding-top:0px !important;padding-right:35px !important;padding-bottom:0px !important;padding-left:35px !important}}@media screen and (min-width:768px){.ugb-0591a81 > .ugb-inner-block > .ugb-block-content > *{padding-top:64px !important;padding-bottom:64px !important}}<\/style><div class=\"ugb-inner-block ugb-inner-block--center\"><div class=\"ugb-block-content\"><div class=\"ugb-container__wrapper ugb-0591a81-wrapper\"><div class=\"ugb-container__side\"><div class=\"ugb-container__content-wrapper ugb-0591a81-content-wrapper\">\n<div class=\"wp-block-ugb-accordion ugb-accordion ugb-fcf7386 ugb-accordion--v2 ugb-accordion--design-basic ugb-main-block\" aria-expanded=\"false\"><div class=\"ugb-inner-block\"><div class=\"ugb-block-content\"><div class=\"ugb-accordion__item\"><div class=\"ugb-accordion__heading\" role=\"button\" tabindex=\"0\"><h6 class=\"ugb-accordion__title\"><strong><strong><strong>Czym s\u0105 uszczelki?<\/strong><\/strong><\/strong><\/h6><svg  viewBox=\"0 0 20 20\" class=\"ugb-accordion__arrow\" width=\"20\" height=\"20\"><path d=\"M16.7 3.3L10 10 3.3 3.4 0 6.7l10 10v-.1l10-9.9z\"><\/path><\/svg><\/div><div class=\"ugb-accordion__content\" role=\"region\"><div class=\"ugb-accordion__content-inner\">\n<p>Uszczelki znajduj\u0105 sie w zakr\u0119tce, zaworze Combi, w\u0119\u017cach odci\u0105gowych i czujnikach poziomu. Uszczelki zapewniaj\u0105 szczelno\u015b\u0107 zamkni\u0119\u0107, dzi\u0119ki czemu chemikalia i opary pozostaj\u0105 w \u015brodku. VARIBOX mo\u017ce by\u0107 wyposa\u017cony w uszczelki EPDM lub w uszczelki Viton.<\/p>\n<\/div><\/div><\/div><\/div><\/div><\/div>\n\n\n\n<div class=\"wp-block-ugb-heading ugb-heading wow animate__animated animate__fadeIn ugb-435a208 ugb-main-block\"><style>.ugb-435a208 .ugb-heading__title{text-align:center}.ugb-435a208 .ugb-inner-block{text-align:center}<\/style><div class=\"ugb-inner-block\"><div class=\"ugb-block-content\"><h2 class=\"ugb-heading__title\">EPDM<\/h2><\/div><\/div><\/div>\n\n\n\n<div class=\"wp-block-ugb-accordion ugb-accordion ugb-6ede70d ugb-accordion--v2 ugb-accordion--design-basic ugb-main-block\" aria-expanded=\"false\"><div class=\"ugb-inner-block\"><div class=\"ugb-block-content\"><div class=\"ugb-accordion__item\"><div class=\"ugb-accordion__heading\" role=\"button\" tabindex=\"0\"><h6 class=\"ugb-accordion__title\"><strong><strong><strong>Czym jest EPDM?<\/strong><\/strong><\/strong><\/h6><svg  viewBox=\"0 0 20 20\" class=\"ugb-accordion__arrow\" width=\"20\" height=\"20\"><path d=\"M16.7 3.3L10 10 3.3 3.4 0 6.7l10 10v-.1l10-9.9z\"><\/path><\/svg><\/div><div class=\"ugb-accordion__content\" role=\"region\"><div class=\"ugb-accordion__content-inner\">\n<p>EPDM jest materia\u0142em stosowanym do uszczelnie\u0144 (uszczelek) w wielu elementach b\u0119d\u0105cych cz\u0119\u015bciami VARIBOX. EPDM jest elastomerem i jest skr\u00f3tem od Ethylene Propylene Diene Monomer (kauczuk etylenowo propylenowo-dienowy) \u2013 rodzaju kauczuku syntetycznego.<\/p>\n<\/div><\/div><\/div><\/div><\/div><\/div>\n\n\n\n<div class=\"wp-block-ugb-accordion ugb-accordion ugb-27fc8d4 ugb-accordion--v2 ugb-accordion--design-basic ugb-main-block\" aria-expanded=\"false\"><div class=\"ugb-inner-block\"><div class=\"ugb-block-content\"><div class=\"ugb-accordion__item\"><div class=\"ugb-accordion__heading\" role=\"button\" tabindex=\"0\"><h6 class=\"ugb-accordion__title\"><strong><strong><strong>Jak\u0105 odporno\u015b\u0107 ma EPDM?<\/strong><\/strong><\/strong><\/h6><svg  viewBox=\"0 0 20 20\" class=\"ugb-accordion__arrow\" width=\"20\" height=\"20\"><path d=\"M16.7 3.3L10 10 3.3 3.4 0 6.7l10 10v-.1l10-9.9z\"><\/path><\/svg><\/div><div class=\"ugb-accordion__content\" role=\"region\"><div class=\"ugb-accordion__content-inner\">\n<p>EPDM ma dobr\u0105 odporno\u015b\u0107 na wiele produkt\u00f3w chemicznych, takich jak detergenty, roztwory potasu, roztwory wodorotlenku sodu i wiele innych rozcie\u0144czonych kwas\u00f3w i chemikali\u00f3w. Nie jest odporny na wi\u0119kszo\u015b\u0107 w\u0119glowodor\u00f3w, takich jak oleje, nafta, benzyna i wiele rozpuszczalnik\u00f3w. EPDM jest odporny na dzia\u0142anie pary i ozonu.<\/p>\n<\/div><\/div><\/div><\/div><\/div><\/div>\n\n\n\n<div class=\"wp-block-ugb-heading ugb-heading wow animate__animated animate__fadeIn ugb-cb81a0d ugb-main-block\"><style>.ugb-cb81a0d .ugb-heading__title{text-align:center}.ugb-cb81a0d .ugb-inner-block{text-align:center}<\/style><div class=\"ugb-inner-block\"><div class=\"ugb-block-content\"><h2 class=\"ugb-heading__title\">Viton<\/h2><\/div><\/div><\/div>\n\n\n\n<div class=\"wp-block-ugb-accordion ugb-accordion ugb-224755e ugb-accordion--v2 ugb-accordion--design-basic ugb-main-block\" aria-expanded=\"false\"><div class=\"ugb-inner-block\"><div class=\"ugb-block-content\"><div class=\"ugb-accordion__item\"><div class=\"ugb-accordion__heading\" role=\"button\" tabindex=\"0\"><h6 class=\"ugb-accordion__title\"><strong><strong><strong><strong>Czym jest Viton?<\/strong><\/strong><\/strong><\/strong><\/h6><svg  viewBox=\"0 0 20 20\" class=\"ugb-accordion__arrow\" width=\"20\" height=\"20\"><path d=\"M16.7 3.3L10 10 3.3 3.4 0 6.7l10 10v-.1l10-9.9z\"><\/path><\/svg><\/div><div class=\"ugb-accordion__content\" role=\"region\"><div class=\"ugb-accordion__content-inner\">\n<p>Viton jest materia\u0142em stosowanym do uszczelnie\u0144 (uszczelek) w wielu elementach b\u0119d\u0105cych cz\u0119\u015bciami VARIBOX. Viton\u00ae jest zastrze\u017conym znakiem towarowym firmy The Chemours Company i jest materia\u0142em FKM. Jest to fluoroelastomer, inny rodzaj kauczuku syntetycznego. Gdy VARIBOX jest wyposa\u017cony w Viton, uszczelki w w\u0119\u017cu odci\u0105gowym CDS b\u0119d\u0105 wykonane z Aflas\u00ae. To jest TFE \/ P, kolejny fluoroelastomer, produkowany przez Asahi Glass Ltd<\/p>\n<\/div><\/div><\/div><\/div><\/div><\/div>\n\n\n\n<div class=\"wp-block-ugb-accordion ugb-accordion ugb-de8a5f1 ugb-accordion--v2 ugb-accordion--design-basic ugb-main-block\" aria-expanded=\"false\"><div class=\"ugb-inner-block\"><div class=\"ugb-block-content\"><div class=\"ugb-accordion__item\"><div class=\"ugb-accordion__heading\" role=\"button\" tabindex=\"0\"><h6 class=\"ugb-accordion__title\"><strong><strong><strong><strong><strong>Jak\u0105 odporno\u015b\u0107 ma Viton?<\/strong><\/strong><\/strong><\/strong><\/strong><\/h6><svg  viewBox=\"0 0 20 20\" class=\"ugb-accordion__arrow\" width=\"20\" height=\"20\"><path d=\"M16.7 3.3L10 10 3.3 3.4 0 6.7l10 10v-.1l10-9.9z\"><\/path><\/svg><\/div><div class=\"ugb-accordion__content\" role=\"region\"><div class=\"ugb-accordion__content-inner\">\n<p>W przeciwie\u0144stwie do EPDM, Viton ma dobr\u0105 odporno\u015b\u0107 na oleje, paliwa, smary i wi\u0119kszo\u015b\u0107 kwas\u00f3w mineralnych. Jest odporny na wi\u0119kszo\u015b\u0107 chemikali\u00f3w, ale nie na przyk\u0142ad kwas octowy, amoniak, sod\u0119 kaustyczn\u0105, kwas mr\u00f3wkowy i wodorotlenek potasu.<\/p>\n<\/div><\/div><\/div><\/div><\/div><\/div>\n\n\n\n<div class=\"wp-block-ugb-heading ugb-heading wow animate__animated animate__fadeIn ugb-4be8535 ugb-main-block\"><style>.ugb-4be8535 .ugb-heading__title{text-align:center}.ugb-4be8535 .ugb-inner-block{text-align:center}<\/style><div class=\"ugb-inner-block\"><div class=\"ugb-block-content\"><h2 class=\"ugb-heading__title\">Kt\u00f3ry rodzaj uszczelnienia jest lepszy?<\/h2><\/div><\/div><\/div>\n\n\n\n<div class=\"wp-block-ugb-accordion ugb-accordion ugb-3df4f74 ugb-accordion--v2 ugb-accordion--design-basic ugb-main-block\" aria-expanded=\"false\"><div class=\"ugb-inner-block\"><div class=\"ugb-block-content\"><div class=\"ugb-accordion__item\"><div class=\"ugb-accordion__heading\" role=\"button\" tabindex=\"0\"><h6 class=\"ugb-accordion__title\"><strong><strong><strong><strong><strong><strong>Czy Viton jest lepszy ni\u017c EPDM?<\/strong><\/strong><\/strong><\/strong><\/strong><\/strong><\/h6><svg  viewBox=\"0 0 20 20\" class=\"ugb-accordion__arrow\" width=\"20\" height=\"20\"><path d=\"M16.7 3.3L10 10 3.3 3.4 0 6.7l10 10v-.1l10-9.9z\"><\/path><\/svg><\/div><div class=\"ugb-accordion__content\" role=\"region\"><div class=\"ugb-accordion__content-inner\">\n<p>Na to pytanie nie mo\u017cna odpowiedzie\u0107 og\u00f3lnie: w wielu przypadkach oba materia\u0142y b\u0119d\u0105 odporne na produkt chemiczny w VARIBOX. Ale niekt\u00f3re chemikalia nie s\u0105 kompatybilne z EPDM, i Viton jest lepszym wyborem. A niekt\u00f3re chemikalia nie s\u0105 kompatybilne z Viton, i wtedy EPDM jest lepszym wyborem.<\/p>\n<\/div><\/div><\/div><\/div><\/div><\/div>\n\n\n\n<div class=\"wp-block-ugb-accordion ugb-accordion ugb-6c943b7 ugb-accordion--v2 ugb-accordion--design-basic ugb-main-block\" aria-expanded=\"false\"><div class=\"ugb-inner-block\"><div class=\"ugb-block-content\"><div class=\"ugb-accordion__item\"><div class=\"ugb-accordion__heading\" role=\"button\" tabindex=\"0\"><h6 class=\"ugb-accordion__title\"><strong><strong><strong><strong><strong><strong><strong>Jak wybra\u0107 najlepszy materia\u0142, z jakiego wykonane jest uszczelnienie?<\/strong><\/strong><\/strong><\/strong><\/strong><\/strong><\/strong><\/h6><svg  viewBox=\"0 0 20 20\" class=\"ugb-accordion__arrow\" width=\"20\" height=\"20\"><path d=\"M16.7 3.3L10 10 3.3 3.4 0 6.7l10 10v-.1l10-9.9z\"><\/path><\/svg><\/div><div class=\"ugb-accordion__content\" role=\"region\"><div class=\"ugb-accordion__content-inner\">\n<p>Og\u00f3lne wytyczne dotycz\u0105ce przechowywania produkt\u00f3w chemicznych wymieniono w poni\u017cszej tabeli. Nale\u017cy sprawdzi\u0107 odporno\u015b\u0107 tych uszczelek na produkt, kt\u00f3rym ma by\u0107 nape\u0142niony VARIBOX. Niekt\u00f3re produkty chemiczne powoduj\u0105 silne pogorszenie si\u0119 stanu EPDM, a i tak\u017ce Viton tak, jak kwas fluorowodorowy i kwas azotowy w wysokich st\u0119\u017ceniach. W przypadku tych chemikali\u00f3w radzimy wybra\u0107 Viton, poniewa\u017c przewy\u017csza on EPDM. Nale\u017cy regularnie sprawdza\u0107 jako\u015b\u0107 uszczelek. Szczeg\u00f3lnie w podwy\u017cszonych temperaturach uszczelnienia mog\u0105 szybko ulec pogorszeniu i konieczna b\u0119dzie ich wymiana.<\/p>\n<\/div><\/div><\/div><\/div><\/div><\/div>\n\n\n\n<div class=\"wp-block-ugb-heading ugb-heading wow animate__animated animate__fadeIn ugb-09fcf35 ugb-main-block\"><style>.ugb-09fcf35 .ugb-heading__title{text-align:center;margin-bottom:24px !important}.ugb-09fcf35 .ugb-heading__subtitle{text-align:center;margin-bottom:64px !important}.ugb-09fcf35 .ugb-inner-block{text-align:center}@media screen and (min-width:768px){.ugb-09fcf35.ugb-heading{margin-bottom:0px !important}}@media screen and (max-width:1025px){.ugb-09fcf35 .ugb-heading__title{text-align:center}.ugb-09fcf35 .ugb-inner-block{text-align:center}}@media screen and (max-width:768px){.ugb-09fcf35 .ugb-heading__title{text-align:center}.ugb-09fcf35 .ugb-heading__subtitle{text-align:center}.ugb-09fcf35 .ugb-inner-block{text-align:center}}<\/style><div class=\"ugb-inner-block\"><div class=\"ugb-block-content\"><h2 class=\"ugb-heading__title\">Nie ma odpowiedzi w FAQ EPDM czy Viton?<\/h2><p class=\"ugb-heading__subtitle\">Wiemy, \u017ce bezpieczne i wielokrotnego u\u017cytku IBC VARIBOX maj\u0105 szerokie zastosowanie, na wielu r\u00f3\u017cnych obszarach. W zwi\u0105zku z tym mo\u017ce si\u0119 zdarzy\u0107, \u017ce potencjalne pytanie\/odpowied\u017a nie zosta\u0142a uwzgl\u0119dniona w dziale pomocy technicznej. Je\u015bli tak, prosimy o kontakt z naszym Dzia\u0142em Obs\u0142ugi Klienta, ch\u0119tnie pomo\u017cemy.<\/p><\/div><\/div><\/div>\n\n\n\n<div class=\"wp-block-ugb-button ugb-button-wrapper green-button ugb-47be096 ugb-button--mobile-aligned ugb-main-block\"><style>.ugb-47be096 .ugb-block-content{justify-content:center !important}.ugb-47be096 .ugb-button1 .ugb-button--inner{font-weight:bold !important}.ugb-47be096 .ugb-button1:hover{opacity:1}.ugb-47be096 .ugb-inner-block{text-align:center}@media screen and (min-width:768px){.ugb-47be096.ugb-button-wrapper{margin-bottom:0px !important}}@media screen and (max-width:768px){.ugb-47be096 .ugb-block-content{justify-content:center !important}.ugb-47be096 .ugb-inner-block{text-align:center}}<\/style><div class=\"ugb-inner-block\"><div class=\"ugb-block-content\"><div class=\"ugb-button-container\"><a class=\"ugb-button1 ugb-button ugb-button--size-normal\" href=\"https:\/\/varibox.best4u.dev\/pl\/skontaktuj-sie-z-nami\/\" rel=\"\" title=\"\"><span class=\"ugb-button--inner\">Skontaktuj si\u0119 z nami<\/span><\/a><\/div><\/div><\/div><\/div>\n<\/div><\/div><\/div><\/div><\/div><\/div>\n","protected":false},"excerpt":{"rendered":"<p>FAQ: EPDM lub Viton FAQ EPDM lub Viton zawiera cz\u0119sto zadawane pytania dotycz\u0105ce uszczelek EPDM lub Viton, kt\u00f3re s\u0105 u\u017cywane w VARIBOX. FAQ wyja\u015bnia jakie uszczelki s\u0105 stosowane w VARIBOX i z czego s\u0105 wykonane. Znajdziecie tu Pa\u0144stwo informacje dotycz\u0105ce wyboru odpowiedniej uszczelki do danego zastosowania. Poni\u017cej zamieszczono og\u00f3ln\u0105 tabel\u0119 wskaz\u00f3wek. Skontaktuj si\u0119 z nami [&hellip;]<\/p>\n","protected":false},"author":1,"featured_media":28105,"parent":0,"menu_order":0,"comment_status":"open","ping_status":"open","template":"","meta":{"_acf_changed":false,"footnotes":""},"class_list":["post-60259","page","type-page","status-publish","has-post-thumbnail","hentry"],"blocksy_meta":{"styles_descriptor":{"styles":{"desktop":"","tablet":"","mobile":""},"google_fonts":[],"version":6}},"featured_image_urls_v2":{"full":["https:\/\/varibox.best4u.dev\/wp-content\/uploads\/2024\/10\/EPDM-or-Viton-Seals-2.png",325,370,false],"thumbnail":["https:\/\/varibox.best4u.dev\/wp-content\/uploads\/2024\/10\/EPDM-or-Viton-Seals-2-256x256.png",256,256,true],"medium":["https:\/\/varibox.best4u.dev\/wp-content\/uploads\/2024\/10\/EPDM-or-Viton-Seals-2.png",325,370,false],"medium_large":["https:\/\/varibox.best4u.dev\/wp-content\/uploads\/2024\/10\/EPDM-or-Viton-Seals-2.png",325,370,false],"large":["https:\/\/varibox.best4u.dev\/wp-content\/uploads\/2024\/10\/EPDM-or-Viton-Seals-2.png",325,370,false],"1536x1536":["https:\/\/varibox.best4u.dev\/wp-content\/uploads\/2024\/10\/EPDM-or-Viton-Seals-2.png",325,370,false],"2048x2048":["https:\/\/varibox.best4u.dev\/wp-content\/uploads\/2024\/10\/EPDM-or-Viton-Seals-2.png",325,370,false],"woocommerce_archive_thumbnail":["https:\/\/varibox.best4u.dev\/wp-content\/uploads\/2024\/10\/EPDM-or-Viton-Seals-2-270x307.png",270,307,true],"gform-image-choice-sm":["https:\/\/varibox.best4u.dev\/wp-content\/uploads\/2024\/10\/EPDM-or-Viton-Seals-2.png",264,300,false],"gform-image-choice-md":["https:\/\/varibox.best4u.dev\/wp-content\/uploads\/2024\/10\/EPDM-or-Viton-Seals-2.png",325,370,false],"gform-image-choice-lg":["https:\/\/varibox.best4u.dev\/wp-content\/uploads\/2024\/10\/EPDM-or-Viton-Seals-2.png",325,370,false],"woocommerce_thumbnail":["https:\/\/varibox.best4u.dev\/wp-content\/uploads\/2024\/10\/EPDM-or-Viton-Seals-2-270x307.png",270,307,true],"woocommerce_single":["https:\/\/varibox.best4u.dev\/wp-content\/uploads\/2024\/10\/EPDM-or-Viton-Seals-2.png",325,370,false],"woocommerce_gallery_thumbnail":["https:\/\/varibox.best4u.dev\/wp-content\/uploads\/2024\/10\/EPDM-or-Viton-Seals-2-100x100.png",100,100,true],"variation_swatches_image_size":["https:\/\/varibox.best4u.dev\/wp-content\/uploads\/2024\/10\/EPDM-or-Viton-Seals-2-50x50.png",50,50,true],"variation_swatches_tooltip_size":["https:\/\/varibox.best4u.dev\/wp-content\/uploads\/2024\/10\/EPDM-or-Viton-Seals-2-100x100.png",100,100,true]},"post_excerpt_stackable_v2":"<p>FAQ: EPDM lub VitonFAQ EPDM lub Viton zawiera cz\u0119sto zadawane pytania dotycz\u0105ce uszczelek EPDM lub Viton, kt\u00f3re s\u0105 u\u017cywane w VARIBOX. FAQ wyja\u015bnia jakie uszczelki s\u0105 stosowane w VARIBOX i z czego s\u0105 wykonane. Znajdziecie tu Pa\u0144stwo informacje dotycz\u0105ce wyboru odpowiedniej uszczelki do danego zastosowania. Poni\u017cej zamieszczono og\u00f3ln\u0105 tabel\u0119 wskaz\u00f3wek. Skontaktuj si\u0119 z nami Bezpieczniej Wielokrotnego u\u017cytku Zr\u00f3wnowa\u017cony Czym s\u0105 uszczelki? Uszczelki znajduj\u0105 sie w zakr\u0119tce, zaworze Combi, w\u0119\u017cach odci\u0105gowych i czujnikach poziomu. Uszczelki zapewniaj\u0105 szczelno\u015b\u0107 zamkni\u0119\u0107, dzi\u0119ki czemu chemikalia i opary pozostaj\u0105 w \u015brodku. VARIBOX mo\u017ce by\u0107 wyposa\u017cony w uszczelki EPDM lub w uszczelki Viton. EPDM Czym jest EPDM?&hellip;<\/p>\n","category_list_v2":"","author_info_v2":{"name":"Best4u","url":"https:\/\/varibox.best4u.dev\/pl\/author\/best4u\/"},"comments_num_v2":"0 comments","acf":[],"_links":{"self":[{"href":"https:\/\/varibox.best4u.dev\/pl\/wp-json\/wp\/v2\/pages\/60259","targetHints":{"allow":["GET"]}}],"collection":[{"href":"https:\/\/varibox.best4u.dev\/pl\/wp-json\/wp\/v2\/pages"}],"about":[{"href":"https:\/\/varibox.best4u.dev\/pl\/wp-json\/wp\/v2\/types\/page"}],"author":[{"embeddable":true,"href":"https:\/\/varibox.best4u.dev\/pl\/wp-json\/wp\/v2\/users\/1"}],"replies":[{"embeddable":true,"href":"https:\/\/varibox.best4u.dev\/pl\/wp-json\/wp\/v2\/comments?post=60259"}],"version-history":[{"count":1,"href":"https:\/\/varibox.best4u.dev\/pl\/wp-json\/wp\/v2\/pages\/60259\/revisions"}],"predecessor-version":[{"id":60260,"href":"https:\/\/varibox.best4u.dev\/pl\/wp-json\/wp\/v2\/pages\/60259\/revisions\/60260"}],"wp:featuredmedia":[{"embeddable":true,"href":"https:\/\/varibox.best4u.dev\/pl\/wp-json\/wp\/v2\/media\/28105"}],"wp:attachment":[{"href":"https:\/\/varibox.best4u.dev\/pl\/wp-json\/wp\/v2\/media?parent=60259"}],"curies":[{"name":"wp","href":"https:\/\/api.w.org\/{rel}","templated":true}]}}