{"id":60013,"date":"2022-02-13T10:00:33","date_gmt":"2022-02-13T09:00:33","guid":{"rendered":"https:\/\/varibox.best4u.dev\/wodorotlenek-sodu-w-ibc-varibox\/"},"modified":"2024-11-08T11:41:46","modified_gmt":"2024-11-08T10:41:46","slug":"wodorotlenek-sodu-w-ibc-varibox","status":"publish","type":"page","link":"https:\/\/varibox.best4u.dev\/pl\/wodorotlenek-sodu-w-ibc-varibox\/","title":{"rendered":"Wodorotlenek sodu w IBC VARIBOX"},"content":{"rendered":"\n<h1 class=\"wp-block-heading\" id=\"sodium-hydroxide-in-the-varibox-ibcs\">Wodorotlenek sodu w IBC VARIBOX<\/h1>\n\n\n\n<p>Wodorotlenek sodu w IBC VARIBOX. Pojemnik IBC VARIBOX u\u017cywany jest do bezpiecznego przechowywania i transportu wodorotlenku sodu. Wz\u00f3r produktu chemicznego to NaOH z numerem UN UN1824. Wodorotlenek sodu jest r\u00f3wnie\u017c znany jako roztw\u00f3r wodorotlenku sodu, soda kaustyczna lub p\u0142ynna soda kaustyczna. Podczas korzystania z naszych pojemnik\u00f3w VARIBOX z wodorotlenkiem sodu zalecamy stosowanie wersji EPDM pojemnika. Aby uzyska\u0107 wi\u0119cej informacji na temat tego, kiedy wybra\u0107 EPDM lub Viton, prosz\u0119 zapozna\u0107 si\u0119 z naszym FAQ.<\/p>\n\n\n\n<figure class=\"wp-block-image size-full\"><img decoding=\"async\" src=\"https:\/\/varibox.best4u.dev\/wp-content\/uploads\/2024\/10\/VARIBOX-FC-top-straight-lowres.jpg\" alt=\"\" class=\"wp-image-2617\" title=\"Sodium hydroxide in the VARIBOX IBCs\"\/><\/figure>\n\n\n\n<h2 class=\"wp-block-heading\" id=\"safe-storage-of-caustic-soda-in-our-varibox-containers\">Bezpieczne przechowywanie sody kaustycznej w naszych pojemnikach VARIBOX<\/h2>\n\n\n\n<p>Bezpiecze\u0144stwo jest najwa\u017cniejsz\u0105 rzecz\u0105 w dystrybucji chemikali\u00f3w. Pojemniki VARIBOX zosta\u0142y specjalnie zaprojektowane w celu zwi\u0119kszenia bezpiecze\u0144stwa podczas u\u017cytkowania i przechowywania. Wiele funkcji bezpiecze\u0144stwa, takich jak ca\u0142kowicie zamkni\u0119ty uk\u0142ad VARIBOX Safeline, dwu\u015bcienna ochrona, zintegrowana hermetyzacja wycieku i opcja r\u00f3\u017cnych kolor\u00f3w pomog\u0105 u\u017cytkownikowi sody kaustycznej bezpiecznie przechowywa\u0107 i u\u017cywa\u0107 jej w dowolnym miejscu.<\/p>\n\n\n\n<figure class=\"wp-block-image size-full is-resized\"><img decoding=\"async\" src=\"https:\/\/varibox.best4u.dev\/wp-content\/uploads\/2024\/10\/VARIBOX-CC-250-forklift-1024-1024x706-1-2.png\" alt=\"\" class=\"wp-image-2284\" width=\"840\" height=\"579\" title=\"Sodium hydroxide in the VARIBOX IBCs\"\/><\/figure>\n\n\n\n<h3 class=\"wp-block-heading\" id=\"sodium-hydroxide-in-the-varibox-ibcs-1\">Wodorotlenek sodu w IBC VARIBOX<\/h3>\n\n\n\n<p>Jest potrzeba dostarczenia wodorotlenku sodu w pojemnikach VARIBOX? Mo\u017cna poprosi\u0107 swojego dostawc\u0119 chemikali\u00f3w o VARIBOX. Jak wspomniano wcze\u015bniej, zalecamy korzystanie z wersji EPDM VARIBOX. Wersje EPDM maj\u0105 czerwone cz\u0119\u015bci na pojemniku: zakr\u0119tka, w\u0105\u017c odci\u0105gowy systemu Safeline, a ich odpowiedniki s\u0105 czerwone.<\/p>\n\n\n\n<figure class=\"wp-block-image size-large\"><img decoding=\"async\" src=\"https:\/\/varibox.best4u.dev\/wp-content\/uploads\/2024\/10\/VariboxSC-YouTube-2048x1152-1-1024x576-3.png\" alt=\"\" class=\"wp-image-2282\" title=\"Containers\"\/><\/figure>\n\n\n\n<h2 class=\"wp-block-heading\" id=\"sodium-hydroxide-solution-in-the-container\">Roztw\u00f3r wodorotlenku sodu w pojemniku<\/h2>\n\n\n\n<p>Wszystkie r\u00f3\u017cne IBC VARIBOX maj\u0105 homologacj\u0119 ONZ. Oznacza to, \u017ce pojemniki przesz\u0142y wiele r\u00f3\u017cnych test\u00f3w, aby mie\u0107 pewno\u015b\u0107, \u017ce pojemniki mog\u0105 by\u0107 bezpiecznie u\u017cywane podczas ca\u0142ego procesu dystrybucji chemikali\u00f3w. Ale to nie wszystko, bo je\u015bli wodorotlenek sodu zostanie dostarczony w VARIBOX FC 1000L lub VARIBOX CC 250L, to dodatkowo uzyskuje si\u0119 homologacj\u0119 DIBt i oraz spe\u0142nia si\u0119 przepisy AwSV w Niemczech oraz przepisy PSG 15 i PGS 31 w Holandii.<\/p>\n\n\n\n<h3 class=\"wp-block-heading\" id=\"more-information\">Wi\u0119cej informacji<\/h3>\n\n\n\n<p>Potrzebne odpowiedzi na inne jeszcze pytania dotycz\u0105ce IBC VARIBOX? Prosimy o kontakt z nami na <a href=\"mailto:info@varibox-ibc.com\">info@varibox-ibc.com<\/a> lub telefonicznie pod numerem (+31) 0570-660-711. Czy wodorotlenek sodu ma by\u0107 dostarczany w VARIBOX? Mo\u017cna poprosi\u0107 dostawc\u0119 chemikali\u00f3w o tak\u0105 mo\u017cliwo\u015b\u0107.<\/p>\n\n\n\n<div style=\"height:60px\" aria-hidden=\"true\" class=\"wp-block-spacer\"><\/div>\n","protected":false},"excerpt":{"rendered":"<p>Wodorotlenek sodu w IBC VARIBOX Wodorotlenek sodu w IBC VARIBOX. Pojemnik IBC VARIBOX u\u017cywany jest do bezpiecznego przechowywania i transportu wodorotlenku sodu. Wz\u00f3r produktu chemicznego to NaOH z numerem UN UN1824. Wodorotlenek sodu jest r\u00f3wnie\u017c znany jako roztw\u00f3r wodorotlenku sodu, soda kaustyczna lub p\u0142ynna soda kaustyczna. Podczas korzystania z naszych pojemnik\u00f3w VARIBOX z wodorotlenkiem sodu [&hellip;]<\/p>\n","protected":false},"author":1,"featured_media":27318,"parent":0,"menu_order":0,"comment_status":"open","ping_status":"open","template":"","meta":{"_acf_changed":false,"footnotes":""},"class_list":["post-60013","page","type-page","status-publish","has-post-thumbnail","hentry"],"blocksy_meta":{"styles_descriptor":{"styles":{"desktop":"","tablet":"","mobile":""},"google_fonts":[],"version":6}},"featured_image_urls_v2":{"full":["https:\/\/varibox.best4u.dev\/wp-content\/uploads\/2024\/10\/VARIBOX-Full-Containment-4.png",325,370,false],"thumbnail":["https:\/\/varibox.best4u.dev\/wp-content\/uploads\/2024\/10\/VARIBOX-Full-Containment-4-256x256.png",256,256,true],"medium":["https:\/\/varibox.best4u.dev\/wp-content\/uploads\/2024\/10\/VARIBOX-Full-Containment-4.png",325,370,false],"medium_large":["https:\/\/varibox.best4u.dev\/wp-content\/uploads\/2024\/10\/VARIBOX-Full-Containment-4.png",325,370,false],"large":["https:\/\/varibox.best4u.dev\/wp-content\/uploads\/2024\/10\/VARIBOX-Full-Containment-4.png",325,370,false],"1536x1536":["https:\/\/varibox.best4u.dev\/wp-content\/uploads\/2024\/10\/VARIBOX-Full-Containment-4.png",325,370,false],"2048x2048":["https:\/\/varibox.best4u.dev\/wp-content\/uploads\/2024\/10\/VARIBOX-Full-Containment-4.png",325,370,false],"woocommerce_archive_thumbnail":["https:\/\/varibox.best4u.dev\/wp-content\/uploads\/2024\/10\/VARIBOX-Full-Containment-4-270x307.png",270,307,true],"gform-image-choice-sm":["https:\/\/varibox.best4u.dev\/wp-content\/uploads\/2024\/10\/VARIBOX-Full-Containment-4.png",264,300,false],"gform-image-choice-md":["https:\/\/varibox.best4u.dev\/wp-content\/uploads\/2024\/10\/VARIBOX-Full-Containment-4.png",325,370,false],"gform-image-choice-lg":["https:\/\/varibox.best4u.dev\/wp-content\/uploads\/2024\/10\/VARIBOX-Full-Containment-4.png",325,370,false],"woocommerce_thumbnail":["https:\/\/varibox.best4u.dev\/wp-content\/uploads\/2024\/10\/VARIBOX-Full-Containment-4-270x307.png",270,307,true],"woocommerce_single":["https:\/\/varibox.best4u.dev\/wp-content\/uploads\/2024\/10\/VARIBOX-Full-Containment-4.png",325,370,false],"woocommerce_gallery_thumbnail":["https:\/\/varibox.best4u.dev\/wp-content\/uploads\/2024\/10\/VARIBOX-Full-Containment-4-100x100.png",100,100,true],"variation_swatches_image_size":["https:\/\/varibox.best4u.dev\/wp-content\/uploads\/2024\/10\/VARIBOX-Full-Containment-4-50x50.png",50,50,true],"variation_swatches_tooltip_size":["https:\/\/varibox.best4u.dev\/wp-content\/uploads\/2024\/10\/VARIBOX-Full-Containment-4-100x100.png",100,100,true]},"post_excerpt_stackable_v2":"<p>Wodorotlenek sodu w IBC VARIBOX Wodorotlenek sodu w IBC VARIBOX. Pojemnik IBC VARIBOX u\u017cywany jest do bezpiecznego przechowywania i transportu wodorotlenku sodu. Wz\u00f3r produktu chemicznego to NaOH z numerem UN UN1824. Wodorotlenek sodu jest r\u00f3wnie\u017c znany jako roztw\u00f3r wodorotlenku sodu, soda kaustyczna lub p\u0142ynna soda kaustyczna. Podczas korzystania z naszych pojemnik\u00f3w VARIBOX z wodorotlenkiem sodu zalecamy stosowanie wersji EPDM pojemnika. Aby uzyska\u0107 wi\u0119cej informacji na temat tego, kiedy wybra\u0107 EPDM lub Viton, prosz\u0119 zapozna\u0107 si\u0119 z naszym FAQ. Bezpieczne przechowywanie sody kaustycznej w naszych pojemnikach VARIBOX Bezpiecze\u0144stwo jest najwa\u017cniejsz\u0105 rzecz\u0105 w dystrybucji chemikali\u00f3w. Pojemniki VARIBOX zosta\u0142y specjalnie zaprojektowane w celu&hellip;<\/p>\n","category_list_v2":"","author_info_v2":{"name":"Best4u","url":"https:\/\/varibox.best4u.dev\/pl\/author\/best4u\/"},"comments_num_v2":"0 comments","acf":[],"_links":{"self":[{"href":"https:\/\/varibox.best4u.dev\/pl\/wp-json\/wp\/v2\/pages\/60013","targetHints":{"allow":["GET"]}}],"collection":[{"href":"https:\/\/varibox.best4u.dev\/pl\/wp-json\/wp\/v2\/pages"}],"about":[{"href":"https:\/\/varibox.best4u.dev\/pl\/wp-json\/wp\/v2\/types\/page"}],"author":[{"embeddable":true,"href":"https:\/\/varibox.best4u.dev\/pl\/wp-json\/wp\/v2\/users\/1"}],"replies":[{"embeddable":true,"href":"https:\/\/varibox.best4u.dev\/pl\/wp-json\/wp\/v2\/comments?post=60013"}],"version-history":[{"count":1,"href":"https:\/\/varibox.best4u.dev\/pl\/wp-json\/wp\/v2\/pages\/60013\/revisions"}],"predecessor-version":[{"id":60014,"href":"https:\/\/varibox.best4u.dev\/pl\/wp-json\/wp\/v2\/pages\/60013\/revisions\/60014"}],"wp:featuredmedia":[{"embeddable":true,"href":"https:\/\/varibox.best4u.dev\/pl\/wp-json\/wp\/v2\/media\/27318"}],"wp:attachment":[{"href":"https:\/\/varibox.best4u.dev\/pl\/wp-json\/wp\/v2\/media?parent=60013"}],"curies":[{"name":"wp","href":"https:\/\/api.w.org\/{rel}","templated":true}]}}