{"id":59869,"date":"2021-11-23T16:40:42","date_gmt":"2021-11-23T15:40:42","guid":{"rendered":"https:\/\/varibox.best4u.dev\/as-extractor-tube\/"},"modified":"2024-11-08T11:41:44","modified_gmt":"2024-11-08T10:41:44","slug":"as-extractor-tube","status":"publish","type":"page","link":"https:\/\/varibox.best4u.dev\/pl\/as-extractor-tube\/","title":{"rendered":"Pod\u0142\u0105czanie z\u0142\u0105czki AS do w\u0119\u017ca odci\u0105gowego AS"},"content":{"rendered":"\n<div class=\"wp-block-ugb-columns ugb-columns ugb-0d5d96e ugb-columns--design-plain ugb-columns--columns-2 ugb-main-block\"><style>.ugb-0d5d96e > .ugb-inner-block > .ugb-block-content > .ugb-columns__item{grid-template-columns:1.40fr 0.60fr !important}@media screen and (min-width:768px){.ugb-0d5d96e.ugb-columns{margin-bottom:83px !important}}@media screen and (max-width:768px){.ugb-0d5d96e-content-wrapper{grid-row-gap:0 !important}}<\/style><div class=\"ugb-inner-block\"><div class=\"ugb-block-content\"><div class=\"ugb-columns__item ugb-0d5d96e-content-wrapper\">\n<div class=\"wp-block-ugb-column ugb-column ugb-b383129 ugb-column--design-plain ugb-main-block\"><div class=\"ugb-inner-block\"><div class=\"ugb-block-content\"><div class=\"ugb-column__item ugb-b383129-column-wrapper\"><div class=\"ugb-column__content-wrapper\">\n<div class=\"wp-block-ugb-heading ugb-heading wow animate__animated animate__fadeIn ugb-bcdb7f0 ugb-main-block\"><style>.ugb-bcdb7f0 .ugb-heading__subtitle{margin-bottom:-5px !important}<\/style><div class=\"ugb-inner-block\"><div class=\"ugb-block-content\"><h1 class=\"ugb-heading__title\">Pod\u0142\u0105czanie z\u0142\u0105czki AS do w\u0119\u017ca odci\u0105gowego AS<\/h1><p class=\"ugb-heading__subtitle\">Prawid\u0142owe pod\u0142\u0105czenie z\u0142\u0105czki i w\u0119\u017ca odci\u0105gowego AS jest naprawd\u0119 wa\u017cne. Dlatego na tej stronie umieszczono film o pod\u0142\u0105czaniu z\u0142\u0105czki do w\u0119\u017ca odciagowego zainstalowanego w naszym VARIBOX IBC (Intermediate Bulk Container). Dwu\u015bcienne pojemniki VARIBOX FC 1000 lub VARIBOX CC 250 zosta\u0142y specjalnie zaprojektowane w celu zwi\u0119kszenia bezpiecze\u0144stwa na wielu r\u00f3\u017cnych rynkach. Ich wyj\u0105tkowa konstrukcja tworzy ca\u0142kowicie zamkni\u0119ty system, w kt\u00f3rym unika si\u0119 kontaktu chemicznego. Aby uzyska\u0107 produkt chemiczny z IBC jest prosty: zamontuj \u0142\u0105cznik licznikowy AS pochodz\u0105cy z systemu pomp do punktu po\u0142\u0105czenia na g\u00f3rze naszego VARIBOX.<br><br>Wa\u017cna uwaga: znak towarowy AS jest w\u0142asno\u015bci\u0105 A.S. Str\u00f6mungstechnik GmbH.<\/p><\/div><\/div><\/div>\n\n\n\n<div class=\"wp-block-ugb-button ugb-button-wrapper green-button ugb-09868ca ugb-button--mobile-aligned ugb-main-block\"><style>.ugb-09868ca .ugb-block-content{justify-content:flex-start !important}.ugb-09868ca .ugb-button1 .ugb-button--inner{font-weight:bold !important}.ugb-09868ca .ugb-button1:hover{opacity:1}.ugb-09868ca .ugb-inner-block{text-align:left}@media screen and (min-width:768px){.ugb-09868ca.ugb-button-wrapper{margin-bottom:0px !important}}@media screen and (max-width:768px){.ugb-09868ca .ugb-block-content{justify-content:center !important}.ugb-09868ca .ugb-inner-block{text-align:center}}<\/style><div class=\"ugb-inner-block\"><div class=\"ugb-block-content\"><div class=\"ugb-button-container\"><a class=\"ugb-button1 ugb-button ugb-button--size-normal\" href=\"https:\/\/varibox.best4u.dev\/pl\/skontaktuj-sie-z-nami\/\" rel=\"\" title=\"\"><span class=\"ugb-button--inner\">Skontaktuj si\u0119 z nami<\/span><\/a><\/div><\/div><\/div><\/div>\n<\/div><\/div><\/div><\/div><\/div>\n\n\n\n<div class=\"wp-block-ugb-column ugb-column ugb-e882f9a ugb-column--design-plain ugb-main-block\"><style>@media screen and (max-width:768px){.ugb-e882f9a .ugb-inner-block{text-align:center}}<\/style><div class=\"ugb-inner-block\"><div class=\"ugb-block-content\"><div class=\"ugb-column__item ugb-e882f9a-column-wrapper\"><div class=\"ugb-column__content-wrapper\">\n<figure class=\"wp-block-image size-full wow animate__animated animate__fadeIn\"><img decoding=\"async\" width=\"325\" height=\"370\" src=\"https:\/\/varibox.best4u.dev\/wp-content\/uploads\/2024\/10\/Connect-the-AS-coupler-2.png\" alt=\"Connect the AS coupler\" class=\"wp-image-11886\"\/><\/figure>\n<\/div><\/div><\/div><\/div><\/div>\n<\/div><\/div><\/div><\/div>\n\n\n\n<div class=\"alignfull wp-block-ugb-container ugb-container ugb-25beaa0 ugb-container--v2 ugb-container--design-plain ugb-main-block ugb-main-block--inner-center ugb--has-block-background\"><style>.ugb-25beaa0.ugb-container{background-color:var(--theme-palette-color-7,#F9FAFB)}.ugb-25beaa0.ugb-container:before{background-color:var(--theme-palette-color-7,#F9FAFB)}@media screen and (min-width:768px){.ugb-25beaa0-content-wrapper.ugb-container__content-wrapper{width:85% !important}.ugb-25beaa0.ugb-container{margin-bottom:0px !important;padding-top:0px !important;padding-right:35px !important;padding-bottom:0px !important;padding-left:35px !important}}@media screen and (min-width:768px) and (max-width:1025px){.ugb-25beaa0-content-wrapper.ugb-container__content-wrapper{width:100% !important}}@media screen and (max-width:768px){.ugb-25beaa0.ugb-container{margin-bottom:0px !important;padding-top:0px !important;padding-right:18px !important;padding-bottom:0px !important;padding-left:18px !important}}@media screen and (min-width:768px){.ugb-25beaa0 > .ugb-inner-block > .ugb-block-content > *{padding-top:40px !important;padding-bottom:40px !important}}@media screen and (max-width:768px){.ugb-25beaa0 > .ugb-inner-block > .ugb-block-content > *{padding-top:35px !important;padding-bottom:0px !important}}<\/style><div class=\"ugb-inner-block ugb-inner-block--center\"><div class=\"ugb-block-content\"><div class=\"ugb-container__wrapper ugb-25beaa0-wrapper\"><div class=\"ugb-container__side\"><div class=\"ugb-container__content-wrapper ugb-25beaa0-content-wrapper\">\n<div class=\"aligncenter wp-block-ugb-columns ugb-columns top-icons-columns ugb-609d063 ugb-columns--design-plain ugb-columns--columns-3 ugb-main-block\"><style>.ugb-609d063-content-wrapper{grid-column-gap:15px !important}@media screen and (min-width:768px) and (max-width:1025px){.ugb-609d063-content-wrapper{grid-column-gap:0px !important}}@media screen and (max-width:768px){.ugb-609d063-content-wrapper{grid-row-gap:0 !important;grid-column-gap:0px !important}.ugb-609d063 .ugb-inner-block{text-align:center}.ugb-609d063.ugb-columns{margin-top:0px !important;margin-bottom:0px !important}}<\/style><div class=\"ugb-inner-block\"><div class=\"ugb-block-content\"><div class=\"ugb-columns__item ugb-609d063-content-wrapper\">\n<div class=\"wp-block-ugb-column ugb-column ugb-aa84cea ugb-column--design-plain ugb-main-block\"><div class=\"ugb-inner-block\"><div class=\"ugb-block-content\"><div class=\"ugb-column__item ugb-aa84cea-column-wrapper\"><div class=\"ugb-column__content-wrapper\">\n<div class=\"wp-block-group is-layout-flow wp-block-group-is-layout-flow\">\n<div class=\"wp-block-media-text alignwide is-stacked-on-mobile is-vertically-aligned-center content-pages-top-icons\" style=\"grid-template-columns:30% auto\"><figure class=\"wp-block-media-text__media\"><img decoding=\"async\" src=\"https:\/\/varibox.best4u.dev\/wp-content\/uploads\/2021\/12\/test.svg\" alt=\"\" class=\"wp-image-3005 size-full\"\/><\/figure><div class=\"wp-block-media-text__content\">\n<h4 class=\"wp-block-heading has-text-align-left has-medium-font-size\">Bezpieczniej<\/h4>\n<\/div><\/div>\n<\/div>\n<\/div><\/div><\/div><\/div><\/div>\n\n\n\n<div class=\"wp-block-ugb-column ugb-column ugb-a25ba9c ugb-column--design-plain ugb-main-block\"><div class=\"ugb-inner-block\"><div class=\"ugb-block-content\"><div class=\"ugb-column__item ugb-a25ba9c-column-wrapper\"><div class=\"ugb-column__content-wrapper\">\n<div class=\"wp-block-group is-layout-flow wp-block-group-is-layout-flow\">\n<div class=\"wp-block-media-text alignwide is-stacked-on-mobile is-vertically-aligned-center content-pages-top-icons\" style=\"grid-template-columns:30% auto\"><figure class=\"wp-block-media-text__media\"><img decoding=\"async\" src=\"https:\/\/varibox.best4u.dev\/wp-content\/uploads\/2021\/11\/reuseablility-green-1.svg\" alt=\"\" class=\"wp-image-1838 size-full\"\/><\/figure><div class=\"wp-block-media-text__content\">\n<h4 class=\"wp-block-heading has-text-align-left has-medium-font-size\">Wielokrotnego u\u017cytku<\/h4>\n<\/div><\/div>\n<\/div>\n<\/div><\/div><\/div><\/div><\/div>\n\n\n\n<div class=\"wp-block-ugb-column ugb-column ugb-ed3faa1 ugb-column--design-plain ugb-main-block\"><div class=\"ugb-inner-block\"><div class=\"ugb-block-content\"><div class=\"ugb-column__item ugb-ed3faa1-column-wrapper\"><div class=\"ugb-column__content-wrapper\">\n<div class=\"wp-block-group is-layout-flow wp-block-group-is-layout-flow\">\n<div class=\"wp-block-media-text alignwide is-stacked-on-mobile is-vertically-aligned-center content-pages-top-icons\" style=\"grid-template-columns:29% auto\"><figure class=\"wp-block-media-text__media\"><img decoding=\"async\" src=\"https:\/\/varibox.best4u.dev\/wp-content\/uploads\/2021\/11\/sustainability-green-1.svg\" alt=\"\" class=\"wp-image-1851 size-full\"\/><\/figure><div class=\"wp-block-media-text__content\">\n<h4 class=\"wp-block-heading has-text-align-left has-medium-font-size\">Zr\u00f3wnowa\u017cony<\/h4>\n<\/div><\/div>\n<\/div>\n<\/div><\/div><\/div><\/div><\/div>\n<\/div><\/div><\/div><\/div>\n<\/div><\/div><\/div><\/div><\/div><\/div>\n\n\n\n<div class=\"wp-block-ugb-heading ugb-heading wow animate__animated animate__fadeIn ugb-2a92cde ugb-main-block\"><style>.ugb-2a92cde .ugb-heading__title{text-align:center;margin-bottom:24px !important}.ugb-2a92cde .ugb-heading__subtitle{margin-bottom:64px !important}.ugb-2a92cde .ugb-inner-block{text-align:center}@media screen and (min-width:768px){.ugb-2a92cde.ugb-heading{margin-bottom:0px !important;padding-top:40px !important}}@media screen and (max-width:1025px){.ugb-2a92cde .ugb-heading__title{text-align:center}.ugb-2a92cde .ugb-inner-block{text-align:center}}@media screen and (max-width:768px){.ugb-2a92cde .ugb-heading__title{text-align:center}.ugb-2a92cde .ugb-heading__subtitle{text-align:center}.ugb-2a92cde .ugb-inner-block{text-align:center}}<\/style><div class=\"ugb-inner-block\"><div class=\"ugb-block-content\"><h2 class=\"ugb-heading__title\">Pod\u0142\u0105czanie z\u0142\u0105czki do w\u0119\u017ca odci\u0105gowego AS<\/h2><p class=\"ugb-heading__subtitle\">W\u0105\u017c odci\u0105gowy to przew\u00f3d umieszczony w pojemniku VARIBOX, kt\u00f3ry dociera do najni\u017cszego punktu wewn\u0119trznego pojemnika. Z\u0142\u0105czk\u0119 mo\u017cna pod\u0142\u0105czy\u0107 do w\u0119\u017ca odci\u0105gowego. W\u0105\u017c odci\u0105gowy jest opcj\u0105 w VARIBOX, kt\u00f3ra umo\u017cliwia wypompowanie produktu z VARIBOX bez otwierania VARIBOX. Dzi\u0119ki temu mo\u017cliwa jest bezpieczna praca z chemikaliami, opary i produkty chemiczne nie mog\u0105 wydosta\u0107 si\u0119 z VARIBOX.<\/p><\/div><\/div><\/div>\n\n\n\n<div class=\"alignfull wp-block-ugb-container ugb-container ugb-0591a81 ugb-container--v2 ugb-container--design-plain ugb-main-block ugb-main-block--inner-center ugb--has-block-background ugb--has-background-overlay\"><style>.ugb-0591a81.ugb-container{background-color:var(--theme-palette-color-8,#f8fafc)}.ugb-0591a81.ugb-container:before{background-image:linear-gradient(180deg,var(--theme-palette-color-8,#f8fafc) 0%,#ffffff 100%)}@media screen and (min-width:768px){.ugb-0591a81.ugb-container{padding-top:0px !important;padding-right:35px !important;padding-bottom:0px !important;padding-left:35px !important}}@media screen and (min-width:768px){.ugb-0591a81 > .ugb-inner-block > .ugb-block-content > *{padding-top:64px !important;padding-bottom:64px !important}}<\/style><div class=\"ugb-inner-block ugb-inner-block--center\"><div class=\"ugb-block-content\"><div class=\"ugb-container__wrapper ugb-0591a81-wrapper\"><div class=\"ugb-container__side\"><div class=\"ugb-container__content-wrapper ugb-0591a81-content-wrapper\">\n<div class=\"wp-block-ugb-heading ugb-heading wow animate__animated animate__fadeIn ugb-c0402a0 ugb-main-block\"><style>.ugb-c0402a0 .ugb-heading__title{text-align:center}.ugb-c0402a0 .ugb-inner-block{text-align:center}@media screen and (min-width:768px){.ugb-c0402a0.ugb-heading{margin-top:-80px !important}}<\/style><div class=\"ugb-inner-block\"><div class=\"ugb-block-content\"><h2 class=\"ugb-heading__title\">Film instrukta\u017cowy<\/h2><\/div><\/div><\/div>\n\n\n\n<p>Ten dwuip\u00f3\u0142minutowy film przedstawia spos\u00f3b pod\u0142\u0105czenia z\u0142\u0105czki do punktu przy\u0142\u0105czenia AS na g\u00f3rze pojemnika VARIBOX. Wszystko zaczyna si\u0119 od zdj\u0119cia kapsla ochronnego punktu przy\u0142\u0105czenia. Po zdj\u0119ciu nasadki z\u0142\u0105czk\u0119 pod\u0142\u0105czon\u0105 do systemu pompy i wsuwa si\u0119 do punktu przy\u0142\u0105czeniowego. Nast\u0119pnie obraca si\u0119 go w odpowiednim kierunku i zabezpiecza po\u0142o\u017cenie. Film pokazuje r\u00f3wnie\u017c, jak od\u0142\u0105czy\u0107 \u0142\u0105cznik. To dok\u0142adnie taki sam proces, ale w odwrotnej kolejno\u015bci.<\/p>\n\n\n\n<figure class=\"wp-block-embed alignfull is-type-video is-provider-youtube wp-block-embed-youtube wp-embed-aspect-16-9 wp-has-aspect-ratio\"><div class=\"wp-block-embed__wrapper\">\n<iframe title=\"VARIBOX AS coupler\" width=\"1200\" height=\"675\" src=\"https:\/\/www.youtube.com\/embed\/87qblYmCoRM?feature=oembed\" frameborder=\"0\" allow=\"accelerometer; autoplay; clipboard-write; encrypted-media; gyroscope; picture-in-picture; web-share\" referrerpolicy=\"strict-origin-when-cross-origin\" allowfullscreen><\/iframe>\n<\/div><\/figure>\n\n\n\n<div class=\"wp-block-ugb-button ugb-button-wrapper green-button ugb-ee16d32 ugb-button--mobile-aligned ugb-main-block\"><style>.ugb-ee16d32 .ugb-block-content{justify-content:center !important}.ugb-ee16d32 .ugb-button1 .ugb-button--inner{font-weight:bold !important}.ugb-ee16d32 .ugb-button1:hover{opacity:1}.ugb-ee16d32 .ugb-inner-block{text-align:center}@media screen and (min-width:768px){.ugb-ee16d32.ugb-button-wrapper{margin-bottom:0px !important}}@media screen and (max-width:768px){.ugb-ee16d32 .ugb-block-content{justify-content:center !important}.ugb-ee16d32 .ugb-inner-block{text-align:center}}<\/style><div class=\"ugb-inner-block\"><div class=\"ugb-block-content\"><div class=\"ugb-button-container\"><a class=\"ugb-button1 ugb-button ugb-button--size-normal\" href=\"https:\/\/varibox.best4u.dev\/pl\/skontaktuj-sie-z-nami\/\" rel=\"\" title=\"\"><span class=\"ugb-button--inner\">Skontaktuj si\u0119<\/span><\/a><\/div><\/div><\/div><\/div>\n<\/div><\/div><\/div><\/div><\/div><\/div>\n","protected":false},"excerpt":{"rendered":"<p>Pod\u0142\u0105czanie z\u0142\u0105czki AS do w\u0119\u017ca odci\u0105gowego AS Prawid\u0142owe pod\u0142\u0105czenie z\u0142\u0105czki i w\u0119\u017ca odci\u0105gowego AS jest naprawd\u0119 wa\u017cne. Dlatego na tej stronie umieszczono film o pod\u0142\u0105czaniu z\u0142\u0105czki do w\u0119\u017ca odciagowego zainstalowanego w naszym VARIBOX IBC (Intermediate Bulk Container). Dwu\u015bcienne pojemniki VARIBOX FC 1000 lub VARIBOX CC 250 zosta\u0142y specjalnie zaprojektowane w celu zwi\u0119kszenia bezpiecze\u0144stwa na wielu [&hellip;]<\/p>\n","protected":false},"author":1,"featured_media":28622,"parent":0,"menu_order":0,"comment_status":"open","ping_status":"open","template":"","meta":{"_acf_changed":false,"footnotes":""},"class_list":["post-59869","page","type-page","status-publish","has-post-thumbnail","hentry"],"blocksy_meta":{"styles_descriptor":{"styles":{"desktop":"","tablet":"","mobile":""},"google_fonts":[],"version":6}},"featured_image_urls_v2":{"full":["https:\/\/varibox.best4u.dev\/wp-content\/uploads\/2024\/10\/Connect-the-AS-coupler-2.png",325,370,false],"thumbnail":["https:\/\/varibox.best4u.dev\/wp-content\/uploads\/2024\/10\/Connect-the-AS-coupler-2-256x256.png",256,256,true],"medium":["https:\/\/varibox.best4u.dev\/wp-content\/uploads\/2024\/10\/Connect-the-AS-coupler-2.png",325,370,false],"medium_large":["https:\/\/varibox.best4u.dev\/wp-content\/uploads\/2024\/10\/Connect-the-AS-coupler-2.png",325,370,false],"large":["https:\/\/varibox.best4u.dev\/wp-content\/uploads\/2024\/10\/Connect-the-AS-coupler-2.png",325,370,false],"1536x1536":["https:\/\/varibox.best4u.dev\/wp-content\/uploads\/2024\/10\/Connect-the-AS-coupler-2.png",325,370,false],"2048x2048":["https:\/\/varibox.best4u.dev\/wp-content\/uploads\/2024\/10\/Connect-the-AS-coupler-2.png",325,370,false],"woocommerce_archive_thumbnail":["https:\/\/varibox.best4u.dev\/wp-content\/uploads\/2024\/10\/Connect-the-AS-coupler-2-270x307.png",270,307,true],"gform-image-choice-sm":["https:\/\/varibox.best4u.dev\/wp-content\/uploads\/2024\/10\/Connect-the-AS-coupler-2.png",264,300,false],"gform-image-choice-md":["https:\/\/varibox.best4u.dev\/wp-content\/uploads\/2024\/10\/Connect-the-AS-coupler-2.png",325,370,false],"gform-image-choice-lg":["https:\/\/varibox.best4u.dev\/wp-content\/uploads\/2024\/10\/Connect-the-AS-coupler-2.png",325,370,false],"woocommerce_thumbnail":["https:\/\/varibox.best4u.dev\/wp-content\/uploads\/2024\/10\/Connect-the-AS-coupler-2-270x307.png",270,307,true],"woocommerce_single":["https:\/\/varibox.best4u.dev\/wp-content\/uploads\/2024\/10\/Connect-the-AS-coupler-2.png",325,370,false],"woocommerce_gallery_thumbnail":["https:\/\/varibox.best4u.dev\/wp-content\/uploads\/2024\/10\/Connect-the-AS-coupler-2-100x100.png",100,100,true],"variation_swatches_image_size":["https:\/\/varibox.best4u.dev\/wp-content\/uploads\/2024\/10\/Connect-the-AS-coupler-2-50x50.png",50,50,true],"variation_swatches_tooltip_size":["https:\/\/varibox.best4u.dev\/wp-content\/uploads\/2024\/10\/Connect-the-AS-coupler-2-100x100.png",100,100,true]},"post_excerpt_stackable_v2":"<p>Pod\u0142\u0105czanie z\u0142\u0105czki AS do w\u0119\u017ca odci\u0105gowego ASPrawid\u0142owe pod\u0142\u0105czenie z\u0142\u0105czki i w\u0119\u017ca odci\u0105gowego AS jest naprawd\u0119 wa\u017cne. Dlatego na tej stronie umieszczono film o pod\u0142\u0105czaniu z\u0142\u0105czki do w\u0119\u017ca odciagowego zainstalowanego w naszym VARIBOX IBC (Intermediate Bulk Container). Dwu\u015bcienne pojemniki VARIBOX FC 1000 lub VARIBOX CC 250 zosta\u0142y specjalnie zaprojektowane w celu zwi\u0119kszenia bezpiecze\u0144stwa na wielu r\u00f3\u017cnych rynkach. Ich wyj\u0105tkowa konstrukcja tworzy ca\u0142kowicie zamkni\u0119ty system, w kt\u00f3rym unika si\u0119 kontaktu chemicznego. Aby uzyska\u0107 produkt chemiczny z IBC jest prosty: zamontuj \u0142\u0105cznik licznikowy AS pochodz\u0105cy z systemu pomp do punktu po\u0142\u0105czenia na g\u00f3rze naszego VARIBOX.Wa\u017cna uwaga: znak towarowy AS jest w\u0142asno\u015bci\u0105 A.S. Str\u00f6mungstechnik&hellip;<\/p>\n","category_list_v2":"","author_info_v2":{"name":"Best4u","url":"https:\/\/varibox.best4u.dev\/pl\/author\/best4u\/"},"comments_num_v2":"0 comments","acf":[],"_links":{"self":[{"href":"https:\/\/varibox.best4u.dev\/pl\/wp-json\/wp\/v2\/pages\/59869","targetHints":{"allow":["GET"]}}],"collection":[{"href":"https:\/\/varibox.best4u.dev\/pl\/wp-json\/wp\/v2\/pages"}],"about":[{"href":"https:\/\/varibox.best4u.dev\/pl\/wp-json\/wp\/v2\/types\/page"}],"author":[{"embeddable":true,"href":"https:\/\/varibox.best4u.dev\/pl\/wp-json\/wp\/v2\/users\/1"}],"replies":[{"embeddable":true,"href":"https:\/\/varibox.best4u.dev\/pl\/wp-json\/wp\/v2\/comments?post=59869"}],"version-history":[{"count":1,"href":"https:\/\/varibox.best4u.dev\/pl\/wp-json\/wp\/v2\/pages\/59869\/revisions"}],"predecessor-version":[{"id":59870,"href":"https:\/\/varibox.best4u.dev\/pl\/wp-json\/wp\/v2\/pages\/59869\/revisions\/59870"}],"wp:featuredmedia":[{"embeddable":true,"href":"https:\/\/varibox.best4u.dev\/pl\/wp-json\/wp\/v2\/media\/28622"}],"wp:attachment":[{"href":"https:\/\/varibox.best4u.dev\/pl\/wp-json\/wp\/v2\/media?parent=59869"}],"curies":[{"name":"wp","href":"https:\/\/api.w.org\/{rel}","templated":true}]}}