{"id":59742,"date":"2022-02-07T15:00:37","date_gmt":"2022-02-07T14:00:37","guid":{"rendered":"https:\/\/varibox.best4u.dev\/1000l-ibc-kwas-siarkowy\/"},"modified":"2024-11-08T11:41:42","modified_gmt":"2024-11-08T10:41:42","slug":"1000l-ibc-kwas-siarkowy","status":"publish","type":"page","link":"https:\/\/varibox.best4u.dev\/pl\/1000l-ibc-kwas-siarkowy\/","title":{"rendered":"1000L IBC Kwas siarkowy"},"content":{"rendered":"\n<h1 class=\"wp-block-heading\" id=\"1000l-ibc-sulphuric-acid\">1000L IBC Kwas siarkowy<\/h1>\n\n\n\n<p>1000L IBC Kwas siarkowy \u2013 Od 2014 roku VARIBOX jest wykorzystywany do wielu r\u00f3\u017cnych zastosowa\u0144 z wieloma r\u00f3\u017cnymi chemikaliami. Wiemy, \u017ce pojemniki IBC VARIBOX 1000L s\u0105 cz\u0119sto u\u017cywane do bezpiecznego transportu i przechowywania kwasu siarkowego. Pojemniki IBC VARIBOX s\u0105 dobrze znane ze swoich cech bezpiecze\u0144stwa. Chroni\u0105 ludzi i \u015brodowisko przed substancj\u0105 niebezpieczn\u0105, jak\u0105 jest kwas siarkowy, podczas u\u017cytkowania.<\/p>\n\n\n\n<figure class=\"wp-block-image size-large\"><img decoding=\"async\" src=\"https:\/\/varibox.best4u.dev\/wp-content\/uploads\/2024\/10\/VariboxSC-YouTube-2048x1152-1-1024x576-3.png\" alt=\"Kontener IBC na kwas siarkowy\" class=\"wp-image-2282\" title=\"1000L IBC Sulphuric Acid\"\/><\/figure>\n\n\n\n<h2 class=\"wp-block-heading\" id=\"safely-usage-of-sulphuric-acid\">Bezpieczne stosowanie kwasu siarkowego<\/h2>\n\n\n\n<p>Wszystkie Pojemniki VARIBOX posiadaj\u0105 ca\u0142kowicie zamkni\u0119ty system. VARIBOX Single Containment (SC) mo\u017cna opr\u00f3\u017cni\u0107 za pomoc\u0105 bezpiecznego i wytrzyma\u0142ego zaworu na dnie pojemnika. Ale VARIBOX FC i VARIBOX CC mo\u017cna opr\u00f3\u017cni\u0107 tylko za pomoc\u0105 VARIBOX Safeline Performance. VARIBOX Safeline to \u0142atwy w u\u017cyciu system sk\u0142adaj\u0105cy si\u0119 z w\u0119\u017ca odci\u0105gowego umieszczonego w pojemniku, kt\u00f3ry mo\u017cna pod\u0142\u0105czy\u0107 do systemu za pomoc\u0105 szybkoz\u0142\u0105cza. System Safeline jest ca\u0142kowicie zamkni\u0119ty. Oznacza to, \u017ce VARIBOX nie musi by\u0107 otwierany podczas u\u017cytkowania. W ten spos\u00f3b unika si\u0119 kontaktu chemicznego w tym przypadku kwasu siarkowego z u\u017cytkownikami.<\/p>\n\n\n\n<h4 class=\"wp-block-heading\" id=\"ask-your-chemical-supplier-for-sulphuric-acid-in-the-varibox\">Zapytaj swojego dostawc\u0119 chemikali\u00f3w o kwas siarkowy w VARIBOX<\/h4>\n\n\n\n<p>IBC VARIBOX w pojemno\u015bci 1000 litr\u00f3w, ale tak\u017ce w pojemno\u015bci 800 litr\u00f3w i 250 litr\u00f3w s\u0105 dost\u0119pne u wielu r\u00f3\u017cnych dystrybutor\u00f3w chemikali\u00f3w w ca\u0142ej Europie. Wszystkie pojemniki nadaj\u0105 si\u0119 do kwasu siarkowego. A najlepsze jest to, \u017ce dzi\u0119ki pojemnikom VARIBOX zatwierdzonym przez ONZ magazynowanie kwasu siarkowego w nich jest zgodne z innymi te\u017c przepisami, na przyk\u0142ad AWsV w Niemczech, ale tak\u017ce PGS 15 i PGS 31 w Holandii.<\/p>\n\n\n\n<figure class=\"wp-block-image size-full\"><img decoding=\"async\" src=\"https:\/\/varibox.best4u.dev\/wp-content\/uploads\/2024\/10\/VARIBOX-CC-250-forklift-1024-1024x706-1-2.png\" alt=\"Pojemnik IBC kwas siarkowy\" class=\"wp-image-2284\" title=\"Container\"\/><\/figure>\n\n\n\n<h3 class=\"wp-block-heading\" id=\"more-information-about-the-1000l-ibc-sulphuric-acid\">Wi\u0119cej informacji o kwasie siarkowym 1000L IBC<\/h3>\n\n\n\n<p>W przypadku jakichkolwiek pyta\u0144 dotycz\u0105cych kwasu siarkowego 1000L IBC lub potrzeby uzyskania dalszych informacji, prosimy o <a href=\"https:\/\/varibox.best4u.dev\/pl\/skontaktuj-sie-z-nami\/\">kontakt<\/a> z nami pisz\u0105c na adres <a href=\"mailto:info@varibox-ibc.com\">info@varibox-ibc.com<\/a> lub telefonicznie +31 570 660 711.  Dostawca chemikali\u00f3w mo\u017ce dysponowa\u0107 wiedz\u0105 o sposobach dostarczenia preferowanej substancji chemicznej w pojemnikach IBC VARIBOX.<\/p>\n","protected":false},"excerpt":{"rendered":"<p>1000L IBC Kwas siarkowy 1000L IBC Kwas siarkowy \u2013 Od 2014 roku VARIBOX jest wykorzystywany do wielu r\u00f3\u017cnych zastosowa\u0144 z wieloma r\u00f3\u017cnymi chemikaliami. Wiemy, \u017ce pojemniki IBC VARIBOX 1000L s\u0105 cz\u0119sto u\u017cywane do bezpiecznego transportu i przechowywania kwasu siarkowego. Pojemniki IBC VARIBOX s\u0105 dobrze znane ze swoich cech bezpiecze\u0144stwa. Chroni\u0105 ludzi i \u015brodowisko przed substancj\u0105 [&hellip;]<\/p>\n","protected":false},"author":1,"featured_media":28091,"parent":0,"menu_order":0,"comment_status":"open","ping_status":"open","template":"","meta":{"_acf_changed":false,"footnotes":""},"class_list":["post-59742","page","type-page","status-publish","has-post-thumbnail","hentry"],"blocksy_meta":{"styles_descriptor":{"styles":{"desktop":"","tablet":"","mobile":""},"google_fonts":[],"version":6}},"featured_image_urls_v2":{"full":["https:\/\/varibox.best4u.dev\/wp-content\/uploads\/2024\/10\/VARIBOX-Single-Containment-1-2.png",325,370,false],"thumbnail":["https:\/\/varibox.best4u.dev\/wp-content\/uploads\/2024\/10\/VARIBOX-Single-Containment-1-2-256x256.png",256,256,true],"medium":["https:\/\/varibox.best4u.dev\/wp-content\/uploads\/2024\/10\/VARIBOX-Single-Containment-1-2.png",325,370,false],"medium_large":["https:\/\/varibox.best4u.dev\/wp-content\/uploads\/2024\/10\/VARIBOX-Single-Containment-1-2.png",325,370,false],"large":["https:\/\/varibox.best4u.dev\/wp-content\/uploads\/2024\/10\/VARIBOX-Single-Containment-1-2.png",325,370,false],"1536x1536":["https:\/\/varibox.best4u.dev\/wp-content\/uploads\/2024\/10\/VARIBOX-Single-Containment-1-2.png",325,370,false],"2048x2048":["https:\/\/varibox.best4u.dev\/wp-content\/uploads\/2024\/10\/VARIBOX-Single-Containment-1-2.png",325,370,false],"woocommerce_archive_thumbnail":["https:\/\/varibox.best4u.dev\/wp-content\/uploads\/2024\/10\/VARIBOX-Single-Containment-1-2-270x307.png",270,307,true],"gform-image-choice-sm":["https:\/\/varibox.best4u.dev\/wp-content\/uploads\/2024\/10\/VARIBOX-Single-Containment-1-2.png",264,300,false],"gform-image-choice-md":["https:\/\/varibox.best4u.dev\/wp-content\/uploads\/2024\/10\/VARIBOX-Single-Containment-1-2.png",325,370,false],"gform-image-choice-lg":["https:\/\/varibox.best4u.dev\/wp-content\/uploads\/2024\/10\/VARIBOX-Single-Containment-1-2.png",325,370,false],"woocommerce_thumbnail":["https:\/\/varibox.best4u.dev\/wp-content\/uploads\/2024\/10\/VARIBOX-Single-Containment-1-2-270x307.png",270,307,true],"woocommerce_single":["https:\/\/varibox.best4u.dev\/wp-content\/uploads\/2024\/10\/VARIBOX-Single-Containment-1-2.png",325,370,false],"woocommerce_gallery_thumbnail":["https:\/\/varibox.best4u.dev\/wp-content\/uploads\/2024\/10\/VARIBOX-Single-Containment-1-2-100x100.png",100,100,true],"variation_swatches_image_size":["https:\/\/varibox.best4u.dev\/wp-content\/uploads\/2024\/10\/VARIBOX-Single-Containment-1-2-50x50.png",50,50,true],"variation_swatches_tooltip_size":["https:\/\/varibox.best4u.dev\/wp-content\/uploads\/2024\/10\/VARIBOX-Single-Containment-1-2-100x100.png",100,100,true]},"post_excerpt_stackable_v2":"<p>1000L IBC Kwas siarkowy 1000L IBC Kwas siarkowy \u2013 Od 2014 roku VARIBOX jest wykorzystywany do wielu r\u00f3\u017cnych zastosowa\u0144 z wieloma r\u00f3\u017cnymi chemikaliami. Wiemy, \u017ce pojemniki IBC VARIBOX 1000L s\u0105 cz\u0119sto u\u017cywane do bezpiecznego transportu i przechowywania kwasu siarkowego. Pojemniki IBC VARIBOX s\u0105 dobrze znane ze swoich cech bezpiecze\u0144stwa. Chroni\u0105 ludzi i \u015brodowisko przed substancj\u0105 niebezpieczn\u0105, jak\u0105 jest kwas siarkowy, podczas u\u017cytkowania. Bezpieczne stosowanie kwasu siarkowego Wszystkie Pojemniki VARIBOX posiadaj\u0105 ca\u0142kowicie zamkni\u0119ty system. VARIBOX Single Containment (SC) mo\u017cna opr\u00f3\u017cni\u0107 za pomoc\u0105 bezpiecznego i wytrzyma\u0142ego zaworu na dnie pojemnika. Ale VARIBOX FC i VARIBOX CC mo\u017cna opr\u00f3\u017cni\u0107 tylko za pomoc\u0105 VARIBOX&hellip;<\/p>\n","category_list_v2":"","author_info_v2":{"name":"Best4u","url":"https:\/\/varibox.best4u.dev\/pl\/author\/best4u\/"},"comments_num_v2":"0 comments","acf":[],"_links":{"self":[{"href":"https:\/\/varibox.best4u.dev\/pl\/wp-json\/wp\/v2\/pages\/59742","targetHints":{"allow":["GET"]}}],"collection":[{"href":"https:\/\/varibox.best4u.dev\/pl\/wp-json\/wp\/v2\/pages"}],"about":[{"href":"https:\/\/varibox.best4u.dev\/pl\/wp-json\/wp\/v2\/types\/page"}],"author":[{"embeddable":true,"href":"https:\/\/varibox.best4u.dev\/pl\/wp-json\/wp\/v2\/users\/1"}],"replies":[{"embeddable":true,"href":"https:\/\/varibox.best4u.dev\/pl\/wp-json\/wp\/v2\/comments?post=59742"}],"version-history":[{"count":2,"href":"https:\/\/varibox.best4u.dev\/pl\/wp-json\/wp\/v2\/pages\/59742\/revisions"}],"predecessor-version":[{"id":67498,"href":"https:\/\/varibox.best4u.dev\/pl\/wp-json\/wp\/v2\/pages\/59742\/revisions\/67498"}],"wp:featuredmedia":[{"embeddable":true,"href":"https:\/\/varibox.best4u.dev\/pl\/wp-json\/wp\/v2\/media\/28091"}],"wp:attachment":[{"href":"https:\/\/varibox.best4u.dev\/pl\/wp-json\/wp\/v2\/media?parent=59742"}],"curies":[{"name":"wp","href":"https:\/\/api.w.org\/{rel}","templated":true}]}}