{"id":58143,"date":"2021-11-23T16:37:42","date_gmt":"2021-11-23T15:37:42","guid":{"rendered":"https:\/\/varibox.best4u.dev\/podlaczanie-zlaczki-ns4-do-naszego-ibc\/"},"modified":"2024-11-08T11:41:33","modified_gmt":"2024-11-08T10:41:33","slug":"podlaczanie-zlaczki-ns4-do-naszego-ibc","status":"publish","type":"page","link":"https:\/\/varibox.best4u.dev\/pl\/podlaczanie-zlaczki-ns4-do-naszego-ibc\/","title":{"rendered":"Pod\u0142\u0105czanie z\u0142\u0105czki NS4 do naszego IBC"},"content":{"rendered":"\n<div class=\"wp-block-ugb-columns ugb-columns ugb-0d5d96e ugb-columns--design-plain ugb-columns--columns-2 ugb-main-block\"><style>.ugb-0d5d96e > .ugb-inner-block > .ugb-block-content > .ugb-columns__item{grid-template-columns:1.40fr 0.60fr !important}@media screen and (min-width:768px){.ugb-0d5d96e.ugb-columns{margin-bottom:83px !important}}@media screen and (max-width:768px){.ugb-0d5d96e-content-wrapper{grid-row-gap:0 !important}}<\/style><div class=\"ugb-inner-block\"><div class=\"ugb-block-content\"><div class=\"ugb-columns__item ugb-0d5d96e-content-wrapper\">\n<div class=\"wp-block-ugb-column ugb-column ugb-b383129 ugb-column--design-plain ugb-main-block\"><div class=\"ugb-inner-block\"><div class=\"ugb-block-content\"><div class=\"ugb-column__item ugb-b383129-column-wrapper\"><div class=\"ugb-column__content-wrapper\">\n<div class=\"wp-block-ugb-heading ugb-heading wow animate__animated animate__fadeIn ugb-bcdb7f0 ugb-main-block\"><style>.ugb-bcdb7f0 .ugb-heading__subtitle{margin-bottom:-5px !important}<\/style><div class=\"ugb-inner-block\"><div class=\"ugb-block-content\"><h1 class=\"ugb-heading__title\"><strong>Pod\u0142\u0105czanie z\u0142\u0105czki NS4 do naszego IBC<\/strong><\/h1><p class=\"ugb-heading__subtitle\">Tu znajduje si\u0119 film ilustruj\u0105cy spos\u00f3b pod\u0142\u0105czania z\u0142\u0105czki NS4 do naszego pojemnika IBC. Dwu\u015bcienne pojemniki IBC VARIBOX zosta\u0142y specjalnie zaprojektowane w celu zwi\u0119kszenia bezpiecze\u0144stwa w zastosowaniach na wielu r\u00f3\u017cnych rynkach. Jego unikalna konstrukcja tworzy ca\u0142kowicie zamkni\u0119ty system, w kt\u00f3rym unika si\u0119 kontaktu chemicznego. Pobranie produktu chemicznego z IBC jest proste. Wystarczy nasun\u0105\u0107 z klikni\u0119ciem z\u0142\u0105czk\u0119 w\u0119\u017ca id\u0105cego od systemu pompy na w\u0105\u017c odci\u0105gowy w naszym VARIBOX. Dla VARIBOX dost\u0119pnych jest kilka w\u0119\u017cy odci\u0105gowych, takich jak VARIBOX Safeline Performance and Precision oraz w\u0105\u017c odci\u0105gowy NS4.<\/p><\/div><\/div><\/div>\n\n\n\n<div class=\"wp-block-ugb-button ugb-button-wrapper green-button ugb-8d56f50 ugb-button--mobile-aligned ugb-main-block\"><style>.ugb-8d56f50 .ugb-block-content{justify-content:flex-start !important}.ugb-8d56f50 .ugb-button1 .ugb-button--inner{font-weight:bold !important}.ugb-8d56f50 .ugb-button1:hover{opacity:1}.ugb-8d56f50 .ugb-inner-block{text-align:left}@media screen and (min-width:768px){.ugb-8d56f50.ugb-button-wrapper{margin-bottom:0px !important}}@media screen and (max-width:768px){.ugb-8d56f50 .ugb-block-content{justify-content:center !important}.ugb-8d56f50 .ugb-inner-block{text-align:center}}<\/style><div class=\"ugb-inner-block\"><div class=\"ugb-block-content\"><div class=\"ugb-button-container\"><a class=\"ugb-button1 ugb-button ugb-button--size-normal\" href=\"https:\/\/varibox.best4u.dev\/pl\/skontaktuj-sie-z-nami\/\" rel=\"\" title=\"\"><span class=\"ugb-button--inner\">Sskontatuj sie z nami<\/span><\/a><\/div><\/div><\/div><\/div>\n<\/div><\/div><\/div><\/div><\/div>\n\n\n\n<div class=\"wp-block-ugb-column ugb-column ugb-e882f9a ugb-column--design-plain ugb-main-block\"><style>@media screen and (max-width:768px){.ugb-e882f9a .ugb-inner-block{text-align:center}}<\/style><div class=\"ugb-inner-block\"><div class=\"ugb-block-content\"><div class=\"ugb-column__item ugb-e882f9a-column-wrapper\"><div class=\"ugb-column__content-wrapper\">\n<figure class=\"wp-block-image size-full wow animate__animated animate__fadeIn\"><img decoding=\"async\" width=\"325\" height=\"370\" src=\"https:\/\/varibox.best4u.dev\/wp-content\/uploads\/2024\/10\/Connect-the-NS4-Coupler-2.png\" alt=\"Pod\u0142\u0105czanie z\u0142\u0105czki NS4 do naszego IBC\" class=\"wp-image-11896\"\/><\/figure>\n<\/div><\/div><\/div><\/div><\/div>\n<\/div><\/div><\/div><\/div>\n\n\n\n<div class=\"alignfull wp-block-ugb-container ugb-container ugb-25beaa0 ugb-container--v2 ugb-container--design-plain ugb-main-block ugb-main-block--inner-center ugb--has-block-background\"><style>.ugb-25beaa0.ugb-container{background-color:var(--theme-palette-color-7,#F9FAFB)}.ugb-25beaa0.ugb-container:before{background-color:var(--theme-palette-color-7,#F9FAFB)}@media screen and (min-width:768px){.ugb-25beaa0-content-wrapper.ugb-container__content-wrapper{width:85% !important}.ugb-25beaa0.ugb-container{margin-bottom:0px !important;padding-top:0px !important;padding-right:35px !important;padding-bottom:0px !important;padding-left:35px !important}}@media screen and (min-width:768px) and (max-width:1025px){.ugb-25beaa0-content-wrapper.ugb-container__content-wrapper{width:100% !important}}@media screen and (max-width:768px){.ugb-25beaa0.ugb-container{margin-bottom:0px !important;padding-top:0px !important;padding-right:18px !important;padding-bottom:0px !important;padding-left:18px !important}}@media screen and (min-width:768px){.ugb-25beaa0 > .ugb-inner-block > .ugb-block-content > *{padding-top:40px !important;padding-bottom:40px !important}}@media screen and (max-width:768px){.ugb-25beaa0 > .ugb-inner-block > .ugb-block-content > *{padding-top:35px !important;padding-bottom:0px !important}}<\/style><div class=\"ugb-inner-block ugb-inner-block--center\"><div class=\"ugb-block-content\"><div class=\"ugb-container__wrapper ugb-25beaa0-wrapper\"><div class=\"ugb-container__side\"><div class=\"ugb-container__content-wrapper ugb-25beaa0-content-wrapper\">\n<div class=\"aligncenter wp-block-ugb-columns ugb-columns top-icons-columns ugb-609d063 ugb-columns--design-plain ugb-columns--columns-3 ugb-main-block\"><style>.ugb-609d063-content-wrapper{grid-column-gap:15px !important}@media screen and (min-width:768px) and (max-width:1025px){.ugb-609d063-content-wrapper{grid-column-gap:0px !important}}@media screen and (max-width:768px){.ugb-609d063-content-wrapper{grid-row-gap:0 !important;grid-column-gap:0px !important}.ugb-609d063 .ugb-inner-block{text-align:center}.ugb-609d063.ugb-columns{margin-top:0px !important;margin-bottom:0px !important}}<\/style><div class=\"ugb-inner-block\"><div class=\"ugb-block-content\"><div class=\"ugb-columns__item ugb-609d063-content-wrapper\">\n<div class=\"wp-block-ugb-column ugb-column ugb-aa84cea ugb-column--design-plain ugb-main-block\"><div class=\"ugb-inner-block\"><div class=\"ugb-block-content\"><div class=\"ugb-column__item ugb-aa84cea-column-wrapper\"><div class=\"ugb-column__content-wrapper\">\n<div class=\"wp-block-group is-layout-flow wp-block-group-is-layout-flow\">\n<div class=\"wp-block-media-text alignwide is-stacked-on-mobile is-vertically-aligned-center content-pages-top-icons\" style=\"grid-template-columns:30% auto\"><figure class=\"wp-block-media-text__media\"><img decoding=\"async\" src=\"https:\/\/varibox.best4u.dev\/wp-content\/uploads\/2021\/12\/test.svg\" alt=\"\" class=\"wp-image-3005 size-full\"\/><\/figure><div class=\"wp-block-media-text__content\">\n<h4 class=\"wp-block-heading has-text-align-left has-medium-font-size\">Bezpieczniej<\/h4>\n<\/div><\/div>\n<\/div>\n<\/div><\/div><\/div><\/div><\/div>\n\n\n\n<div class=\"wp-block-ugb-column ugb-column ugb-a25ba9c ugb-column--design-plain ugb-main-block\"><div class=\"ugb-inner-block\"><div class=\"ugb-block-content\"><div class=\"ugb-column__item ugb-a25ba9c-column-wrapper\"><div class=\"ugb-column__content-wrapper\">\n<div class=\"wp-block-group is-layout-flow wp-block-group-is-layout-flow\">\n<div class=\"wp-block-media-text alignwide is-stacked-on-mobile is-vertically-aligned-center content-pages-top-icons\" style=\"grid-template-columns:30% auto\"><figure class=\"wp-block-media-text__media\"><img decoding=\"async\" src=\"https:\/\/varibox.best4u.dev\/wp-content\/uploads\/2021\/11\/reuseablility-green-1.svg\" alt=\"\" class=\"wp-image-1838 size-full\"\/><\/figure><div class=\"wp-block-media-text__content\">\n<h4 class=\"wp-block-heading has-text-align-left has-medium-font-size\">Wielokrotnego u\u017cytku<\/h4>\n<\/div><\/div>\n<\/div>\n<\/div><\/div><\/div><\/div><\/div>\n\n\n\n<div class=\"wp-block-ugb-column ugb-column ugb-ed3faa1 ugb-column--design-plain ugb-main-block\"><div class=\"ugb-inner-block\"><div class=\"ugb-block-content\"><div class=\"ugb-column__item ugb-ed3faa1-column-wrapper\"><div class=\"ugb-column__content-wrapper\">\n<div class=\"wp-block-group is-layout-flow wp-block-group-is-layout-flow\">\n<div class=\"wp-block-media-text alignwide is-stacked-on-mobile is-vertically-aligned-center content-pages-top-icons\" style=\"grid-template-columns:29% auto\"><figure class=\"wp-block-media-text__media\"><img decoding=\"async\" src=\"https:\/\/varibox.best4u.dev\/wp-content\/uploads\/2021\/11\/sustainability-green-1.svg\" alt=\"\" class=\"wp-image-1851 size-full\"\/><\/figure><div class=\"wp-block-media-text__content\">\n<h4 class=\"wp-block-heading has-text-align-left has-medium-font-size\">Zr\u00f3wnowa\u017cony<\/h4>\n<\/div><\/div>\n<\/div>\n<\/div><\/div><\/div><\/div><\/div>\n<\/div><\/div><\/div><\/div>\n<\/div><\/div><\/div><\/div><\/div><\/div>\n\n\n\n<div class=\"alignfull wp-block-ugb-container ugb-container ugb-0591a81 ugb-container--v2 ugb-container--design-plain ugb-main-block ugb-main-block--inner-center ugb--has-block-background ugb--has-background-overlay\"><style>.ugb-0591a81.ugb-container{background-color:var(--theme-palette-color-8,#f8fafc)}.ugb-0591a81.ugb-container:before{background-image:linear-gradient(180deg,var(--theme-palette-color-8,#f8fafc) 0%,#ffffff 100%)}@media screen and (min-width:768px){.ugb-0591a81-content-wrapper.ugb-container__content-wrapper{width:70% !important}.ugb-0591a81.ugb-container{padding-top:0px !important;padding-right:35px !important;padding-bottom:0px !important;padding-left:35px !important}}@media screen and (min-width:768px){.ugb-0591a81 > .ugb-inner-block > .ugb-block-content > *{padding-top:64px !important;padding-bottom:64px !important}}<\/style><div class=\"ugb-inner-block ugb-inner-block--center\"><div class=\"ugb-block-content\"><div class=\"ugb-container__wrapper ugb-0591a81-wrapper\"><div class=\"ugb-container__side\"><div class=\"ugb-container__content-wrapper ugb-0591a81-content-wrapper\">\n<div class=\"wp-block-ugb-heading ugb-heading wow animate__animated animate__fadeIn ugb-c0402a0 ugb-main-block\"><style>.ugb-c0402a0 .ugb-heading__title{text-align:center}.ugb-c0402a0 .ugb-inner-block{text-align:center}@media screen and (min-width:768px){.ugb-c0402a0.ugb-heading{margin-top:-45px !important}}<\/style><div class=\"ugb-inner-block\"><div class=\"ugb-block-content\"><h2 class=\"ugb-heading__title\">Wideo NS4<\/h2><\/div><\/div><\/div>\n\n\n\n<figure class=\"wp-block-embed alignfull is-type-video is-provider-youtube wp-block-embed-youtube wp-embed-aspect-16-9 wp-has-aspect-ratio\"><div class=\"wp-block-embed__wrapper\">\n<iframe title=\"Connecting the NS4 coupler on to your VARIBOX FC\" width=\"1200\" height=\"675\" src=\"https:\/\/www.youtube.com\/embed\/IEkTP_om5Ak?feature=oembed\" frameborder=\"0\" allow=\"accelerometer; autoplay; clipboard-write; encrypted-media; gyroscope; picture-in-picture; web-share\" referrerpolicy=\"strict-origin-when-cross-origin\" allowfullscreen><\/iframe>\n<\/div><\/figure>\n\n\n\n<div class=\"wp-block-ugb-heading ugb-heading wow animate__animated animate__fadeIn ugb-2a92cde ugb-main-block\"><style>.ugb-2a92cde .ugb-heading__title{text-align:center;margin-bottom:24px !important}.ugb-2a92cde .ugb-heading__subtitle{margin-bottom:64px !important}.ugb-2a92cde .ugb-inner-block{text-align:center}@media screen and (min-width:768px){.ugb-2a92cde.ugb-heading{margin-top:75px !important;margin-bottom:0px !important}}@media screen and (max-width:1025px){.ugb-2a92cde .ugb-heading__title{text-align:center}.ugb-2a92cde .ugb-inner-block{text-align:center}}@media screen and (max-width:768px){.ugb-2a92cde .ugb-heading__title{text-align:center}.ugb-2a92cde .ugb-heading__subtitle{text-align:center}.ugb-2a92cde .ugb-inner-block{text-align:center}}<\/style><div class=\"ugb-inner-block\"><div class=\"ugb-block-content\"><h2 class=\"ugb-heading__title\">Pod\u0142\u0105czanie z\u0142\u0105cza NS4 do naszego IBC<\/h2><p class=\"ugb-heading__subtitle\">W\u0105\u017c odci\u0105gowy NS4 to w\u0105\u017c w VARIBOX, kt\u00f3ry si\u0119ga najni\u017cszego punktu wewn\u0119trznego pojemnika. Z\u0142\u0105czk\u0119 mo\u017cna pod\u0142\u0105czy\u0107 do w\u0119\u017ca odci\u0105gowego NS4. Dzi\u0119ki VARIBOX w\u0105\u017c odci\u0105gowy NS4 jest opcj\u0105, kt\u00f3ra umo\u017cliwia wypompowanie produktu z VARIBOX bez otwierania VARIBOX. Zapewnia bezpieczn\u0105 prac\u0119 z chemikaliami; toksyczne opary i produkty chemiczne nie mog\u0105 wydosta\u0107 si\u0119 z VARIBOX. W przypadku niekt\u00f3rych system\u00f3w dozowania wymagane jest po\u0142\u0105czenie zwrotne. Jest to standardowa funkcja w\u0119\u017ca odci\u0105gowego NS4.<\/p><\/div><\/div><\/div>\n\n\n\n<div class=\"wp-block-ugb-heading ugb-heading wow animate__animated animate__fadeIn ugb-283302e ugb-main-block\"><style>.ugb-283302e .ugb-heading__title{text-align:center}.ugb-283302e .ugb-inner-block{text-align:center}<\/style><div class=\"ugb-inner-block\"><div class=\"ugb-block-content\"><h2 class=\"ugb-heading__title\">Minimalna pozosta\u0142o\u015b\u0107 po opr\u00f3\u017cnieniu<\/h2><p class=\"ugb-heading__subtitle\">Bardzo niewiele produktu pozostaje w VARIBOX, poniewa\u017c w\u0105\u017c odci\u0105gowy NS4 znajduje si\u0119 w najni\u017cszym punkcie wewn\u0119trznego pojemnika. Obs\u0142uga i transport pustego VARIBOX s\u0105 zatem bezpieczniejsze. Po opr\u00f3\u017cnieniu w VARIBOX pozostaje oko\u0142o 0,1 litra. Mniej ni\u017c 0,1 litra pozostaje w samym w\u0119\u017cu odci\u0105gowym NS4. Ilo\u015bci te s\u0105 oparte na wodzie i b\u0119d\u0105 si\u0119 r\u00f3\u017cni\u0107 w zale\u017cno\u015bci od produktu chemicznego.&nbsp; Poza tym w\u0105\u017c odci\u0105gowy NS4 zosta\u0142 opracowany do u\u017cytku z r\u00f3\u017cnymi chemikaliami. W\u0105\u017c odci\u0105gowy NS4 jest odporny na wi\u0119kszo\u015b\u0107 chemikali\u00f3w, ale bardzo wa\u017cne jest, aby wybra\u0107 odpowiedni\u0105 wersj\u0119.<\/p><\/div><\/div><\/div>\n\n\n\n<div class=\"wp-block-ugb-heading ugb-heading wow animate__animated animate__fadeIn ugb-09fcf35 ugb-main-block\"><style>.ugb-09fcf35 .ugb-heading__title{text-align:center;margin-bottom:24px !important}.ugb-09fcf35 .ugb-heading__subtitle{text-align:center;margin-bottom:64px !important}.ugb-09fcf35 .ugb-inner-block{text-align:center}@media screen and (min-width:768px){.ugb-09fcf35.ugb-heading{margin-bottom:0px !important}}@media screen and (max-width:1025px){.ugb-09fcf35 .ugb-heading__title{text-align:center}.ugb-09fcf35 .ugb-inner-block{text-align:center}}@media screen and (max-width:768px){.ugb-09fcf35 .ugb-heading__title{text-align:center}.ugb-09fcf35 .ugb-heading__subtitle{text-align:center}.ugb-09fcf35 .ugb-inner-block{text-align:center}}<\/style><div class=\"ugb-inner-block\"><div class=\"ugb-block-content\"><h5 class=\"ugb-heading__title\">Nie ma odpowiedzi w filmie pod\u0142\u0105czanie z\u0142\u0105czki NS4?<\/h5><p class=\"ugb-heading__subtitle\">Wiemy, \u017ce bezpieczne i wielokrotnego u\u017cytku IBC VARIBOX maj\u0105 szerokie zastosowanie, na wielu r\u00f3\u017cnych obszarach. W zwi\u0105zku z tym mo\u017ce si\u0119 zdarzy\u0107, \u017ce jakie\u015b pytanie\/odpowied\u017a nie zosta\u0142y uwzgl\u0119dniona w sekcji pomocy technicznej. Je\u015bli tak, prosimy o kontakt z naszym Dzia\u0142em Obs\u0142ugi Klienta, ch\u0119tnie pomog\u0105.<\/p><\/div><\/div><\/div>\n\n\n\n<div class=\"wp-block-ugb-button ugb-button-wrapper green-button ugb-ee16d32 ugb-button--mobile-aligned ugb-main-block\"><style>.ugb-ee16d32 .ugb-block-content{justify-content:center !important}.ugb-ee16d32 .ugb-button1 .ugb-button--inner{font-weight:bold !important}.ugb-ee16d32 .ugb-button1:hover{opacity:1}.ugb-ee16d32 .ugb-inner-block{text-align:center}@media screen and (min-width:768px){.ugb-ee16d32.ugb-button-wrapper{margin-bottom:0px !important}}@media screen and (max-width:768px){.ugb-ee16d32 .ugb-block-content{justify-content:center !important}.ugb-ee16d32 .ugb-inner-block{text-align:center}}<\/style><div class=\"ugb-inner-block\"><div class=\"ugb-block-content\"><div class=\"ugb-button-container\"><a class=\"ugb-button1 ugb-button ugb-button--size-normal\" href=\"https:\/\/varibox.best4u.dev\/pl\/skontaktuj-sie-z-nami\/\" rel=\"\" title=\"\"><span class=\"ugb-button--inner\">Skontaktuj si\u0119 z nami<\/span><\/a><\/div><\/div><\/div><\/div>\n<\/div><\/div><\/div><\/div><\/div><\/div>\n","protected":false},"excerpt":{"rendered":"<p>Pod\u0142\u0105czanie z\u0142\u0105czki NS4 do naszego IBC Tu znajduje si\u0119 film ilustruj\u0105cy spos\u00f3b pod\u0142\u0105czania z\u0142\u0105czki NS4 do naszego pojemnika IBC. Dwu\u015bcienne pojemniki IBC VARIBOX zosta\u0142y specjalnie zaprojektowane w celu zwi\u0119kszenia bezpiecze\u0144stwa w zastosowaniach na wielu r\u00f3\u017cnych rynkach. Jego unikalna konstrukcja tworzy ca\u0142kowicie zamkni\u0119ty system, w kt\u00f3rym unika si\u0119 kontaktu chemicznego. Pobranie produktu chemicznego z IBC jest [&hellip;]<\/p>\n","protected":false},"author":1,"featured_media":28098,"parent":0,"menu_order":0,"comment_status":"open","ping_status":"open","template":"","meta":{"_acf_changed":false,"footnotes":""},"class_list":["post-58143","page","type-page","status-publish","has-post-thumbnail","hentry"],"blocksy_meta":{"styles_descriptor":{"styles":{"desktop":"","tablet":"","mobile":""},"google_fonts":[],"version":6}},"featured_image_urls_v2":{"full":["https:\/\/varibox.best4u.dev\/wp-content\/uploads\/2024\/10\/Connect-the-NS4-Coupler-2.png",325,370,false],"thumbnail":["https:\/\/varibox.best4u.dev\/wp-content\/uploads\/2024\/10\/Connect-the-NS4-Coupler-2-256x256.png",256,256,true],"medium":["https:\/\/varibox.best4u.dev\/wp-content\/uploads\/2024\/10\/Connect-the-NS4-Coupler-2.png",325,370,false],"medium_large":["https:\/\/varibox.best4u.dev\/wp-content\/uploads\/2024\/10\/Connect-the-NS4-Coupler-2.png",325,370,false],"large":["https:\/\/varibox.best4u.dev\/wp-content\/uploads\/2024\/10\/Connect-the-NS4-Coupler-2.png",325,370,false],"1536x1536":["https:\/\/varibox.best4u.dev\/wp-content\/uploads\/2024\/10\/Connect-the-NS4-Coupler-2.png",325,370,false],"2048x2048":["https:\/\/varibox.best4u.dev\/wp-content\/uploads\/2024\/10\/Connect-the-NS4-Coupler-2.png",325,370,false],"woocommerce_archive_thumbnail":["https:\/\/varibox.best4u.dev\/wp-content\/uploads\/2024\/10\/Connect-the-NS4-Coupler-2-270x307.png",270,307,true],"gform-image-choice-sm":["https:\/\/varibox.best4u.dev\/wp-content\/uploads\/2024\/10\/Connect-the-NS4-Coupler-2.png",264,300,false],"gform-image-choice-md":["https:\/\/varibox.best4u.dev\/wp-content\/uploads\/2024\/10\/Connect-the-NS4-Coupler-2.png",325,370,false],"gform-image-choice-lg":["https:\/\/varibox.best4u.dev\/wp-content\/uploads\/2024\/10\/Connect-the-NS4-Coupler-2.png",325,370,false],"woocommerce_thumbnail":["https:\/\/varibox.best4u.dev\/wp-content\/uploads\/2024\/10\/Connect-the-NS4-Coupler-2-270x307.png",270,307,true],"woocommerce_single":["https:\/\/varibox.best4u.dev\/wp-content\/uploads\/2024\/10\/Connect-the-NS4-Coupler-2.png",325,370,false],"woocommerce_gallery_thumbnail":["https:\/\/varibox.best4u.dev\/wp-content\/uploads\/2024\/10\/Connect-the-NS4-Coupler-2-100x100.png",100,100,true],"variation_swatches_image_size":["https:\/\/varibox.best4u.dev\/wp-content\/uploads\/2024\/10\/Connect-the-NS4-Coupler-2-50x50.png",50,50,true],"variation_swatches_tooltip_size":["https:\/\/varibox.best4u.dev\/wp-content\/uploads\/2024\/10\/Connect-the-NS4-Coupler-2-100x100.png",100,100,true]},"post_excerpt_stackable_v2":"<p>Pod\u0142\u0105czanie z\u0142\u0105czki NS4 do naszego IBCTu znajduje si\u0119 film ilustruj\u0105cy spos\u00f3b pod\u0142\u0105czania z\u0142\u0105czki NS4 do naszego pojemnika IBC. Dwu\u015bcienne pojemniki IBC VARIBOX zosta\u0142y specjalnie zaprojektowane w celu zwi\u0119kszenia bezpiecze\u0144stwa w zastosowaniach na wielu r\u00f3\u017cnych rynkach. Jego unikalna konstrukcja tworzy ca\u0142kowicie zamkni\u0119ty system, w kt\u00f3rym unika si\u0119 kontaktu chemicznego. Pobranie produktu chemicznego z IBC jest proste. Wystarczy nasun\u0105\u0107 z klikni\u0119ciem z\u0142\u0105czk\u0119 w\u0119\u017ca id\u0105cego od systemu pompy na w\u0105\u017c odci\u0105gowy w naszym VARIBOX. Dla VARIBOX dost\u0119pnych jest kilka w\u0119\u017cy odci\u0105gowych, takich jak VARIBOX Safeline Performance and Precision oraz w\u0105\u017c odci\u0105gowy NS4. Sskontatuj sie z nami Bezpieczniej Wielokrotnego u\u017cytku Zr\u00f3wnowa\u017cony Wideo NS4 Pod\u0142\u0105czanie&hellip;<\/p>\n","category_list_v2":"","author_info_v2":{"name":"Best4u","url":"https:\/\/varibox.best4u.dev\/pl\/author\/best4u\/"},"comments_num_v2":"0 comments","acf":[],"_links":{"self":[{"href":"https:\/\/varibox.best4u.dev\/pl\/wp-json\/wp\/v2\/pages\/58143","targetHints":{"allow":["GET"]}}],"collection":[{"href":"https:\/\/varibox.best4u.dev\/pl\/wp-json\/wp\/v2\/pages"}],"about":[{"href":"https:\/\/varibox.best4u.dev\/pl\/wp-json\/wp\/v2\/types\/page"}],"author":[{"embeddable":true,"href":"https:\/\/varibox.best4u.dev\/pl\/wp-json\/wp\/v2\/users\/1"}],"replies":[{"embeddable":true,"href":"https:\/\/varibox.best4u.dev\/pl\/wp-json\/wp\/v2\/comments?post=58143"}],"version-history":[{"count":1,"href":"https:\/\/varibox.best4u.dev\/pl\/wp-json\/wp\/v2\/pages\/58143\/revisions"}],"predecessor-version":[{"id":58144,"href":"https:\/\/varibox.best4u.dev\/pl\/wp-json\/wp\/v2\/pages\/58143\/revisions\/58144"}],"wp:featuredmedia":[{"embeddable":true,"href":"https:\/\/varibox.best4u.dev\/pl\/wp-json\/wp\/v2\/media\/28098"}],"wp:attachment":[{"href":"https:\/\/varibox.best4u.dev\/pl\/wp-json\/wp\/v2\/media?parent=58143"}],"curies":[{"name":"wp","href":"https:\/\/api.w.org\/{rel}","templated":true}]}}