{"id":58127,"date":"2021-11-23T16:44:32","date_gmt":"2021-11-23T15:44:32","guid":{"rendered":"https:\/\/varibox.best4u.dev\/czujnik-poziomu-connect\/"},"modified":"2024-11-08T11:41:33","modified_gmt":"2024-11-08T10:41:33","slug":"czujnik-poziomu-connect","status":"publish","type":"page","link":"https:\/\/varibox.best4u.dev\/pl\/czujnik-poziomu-connect\/","title":{"rendered":"Czujnik poziomu Connect"},"content":{"rendered":"\n<div class=\"wp-block-ugb-columns ugb-columns ugb-0d5d96e ugb-columns--design-plain ugb-columns--columns-2 ugb-main-block\"><style>.ugb-0d5d96e > .ugb-inner-block > .ugb-block-content > .ugb-columns__item{grid-template-columns:1.40fr 0.60fr !important}@media screen and (min-width:768px){.ugb-0d5d96e.ugb-columns{margin-bottom:83px !important}}@media screen and (max-width:768px){.ugb-0d5d96e-content-wrapper{grid-row-gap:0 !important}}<\/style><div class=\"ugb-inner-block\"><div class=\"ugb-block-content\"><div class=\"ugb-columns__item ugb-0d5d96e-content-wrapper\">\n<div class=\"wp-block-ugb-column ugb-column ugb-b383129 ugb-column--design-plain ugb-main-block\"><div class=\"ugb-inner-block\"><div class=\"ugb-block-content\"><div class=\"ugb-column__item ugb-b383129-column-wrapper\"><div class=\"ugb-column__content-wrapper\">\n<div class=\"wp-block-ugb-heading ugb-heading wow animate__animated animate__fadeIn ugb-bcdb7f0 ugb-main-block\"><style>.ugb-bcdb7f0 .ugb-heading__subtitle{margin-bottom:-5px !important}<\/style><div class=\"ugb-inner-block\"><div class=\"ugb-block-content\"><h1 class=\"ugb-heading__title\"><strong>Czujnik poziomu Connect<\/strong><\/h1><p class=\"ugb-heading__subtitle\">Czujnik poziomu Connect &#8211; Na stronie tej znajduje si\u0119 film o tym, jak pod\u0142\u0105czy\u0107 system pompy do czujnika poziomu w dwu\u015bciennych pojemnikach IBC VARIBOX. Istniej\u0105 trzy r\u00f3\u017cne czujniki poziomu; czujnik opr\u00f3\u017cnienia, czujnik niskiego poziomu i czujnik nape\u0142nienia. Poni\u017cszy film poka\u017ce, jak pod\u0142\u0105czy\u0107 i od\u0142\u0105czy\u0107 czujniki.<\/p><\/div><\/div><\/div>\n\n\n\n<div class=\"wp-block-ugb-button ugb-button-wrapper green-button ugb-bbc8b4d ugb-button--mobile-aligned ugb-main-block\"><style>.ugb-bbc8b4d .ugb-block-content{justify-content:flex-start !important}.ugb-bbc8b4d .ugb-button1 .ugb-button--inner{font-weight:bold !important}.ugb-bbc8b4d .ugb-button1:hover{opacity:1}.ugb-bbc8b4d .ugb-inner-block{text-align:left}@media screen and (min-width:768px){.ugb-bbc8b4d.ugb-button-wrapper{margin-bottom:0px !important}}@media screen and (max-width:768px){.ugb-bbc8b4d .ugb-block-content{justify-content:center !important}.ugb-bbc8b4d .ugb-inner-block{text-align:center}}<\/style><div class=\"ugb-inner-block\"><div class=\"ugb-block-content\"><div class=\"ugb-button-container\"><a class=\"ugb-button1 ugb-button ugb-button--size-normal\" href=\"https:\/\/varibox.best4u.dev\/pl\/skontaktuj-sie-z-nami\/\" rel=\"\" title=\"\"><span class=\"ugb-button--inner\">Skontaktuj si\u0119<\/span><\/a><\/div><\/div><\/div><\/div>\n<\/div><\/div><\/div><\/div><\/div>\n\n\n\n<div class=\"wp-block-ugb-column ugb-column ugb-e882f9a ugb-column--design-plain ugb-main-block\"><style>@media screen and (max-width:768px){.ugb-e882f9a .ugb-inner-block{text-align:center}}<\/style><div class=\"ugb-inner-block\"><div class=\"ugb-block-content\"><div class=\"ugb-column__item ugb-e882f9a-column-wrapper\"><div class=\"ugb-column__content-wrapper\">\n<figure class=\"wp-block-image size-full wow animate__animated animate__fadeIn\"><img decoding=\"async\" width=\"325\" height=\"370\" src=\"https:\/\/varibox.best4u.dev\/wp-content\/uploads\/2024\/10\/Connect-the-level-sensor-2.png\" alt=\"Czujnik poziomu Connect kontenery IBC VARIBOX\" class=\"wp-image-11891\"\/><\/figure>\n<\/div><\/div><\/div><\/div><\/div>\n<\/div><\/div><\/div><\/div>\n\n\n\n<div class=\"alignfull wp-block-ugb-container ugb-container ugb-25beaa0 ugb-container--v2 ugb-container--design-plain ugb-main-block ugb-main-block--inner-center ugb--has-block-background\"><style>.ugb-25beaa0.ugb-container{background-color:var(--theme-palette-color-7,#F9FAFB)}.ugb-25beaa0.ugb-container:before{background-color:var(--theme-palette-color-7,#F9FAFB)}@media screen and (min-width:768px){.ugb-25beaa0-content-wrapper.ugb-container__content-wrapper{width:85% !important}.ugb-25beaa0.ugb-container{margin-bottom:0px !important;padding-top:0px !important;padding-right:35px !important;padding-bottom:0px !important;padding-left:35px !important}}@media screen and (min-width:768px) and (max-width:1025px){.ugb-25beaa0-content-wrapper.ugb-container__content-wrapper{width:100% !important}}@media screen and (max-width:768px){.ugb-25beaa0.ugb-container{margin-bottom:0px !important;padding-top:0px !important;padding-right:18px !important;padding-bottom:0px !important;padding-left:18px !important}}@media screen and (min-width:768px){.ugb-25beaa0 > .ugb-inner-block > .ugb-block-content > *{padding-top:40px !important;padding-bottom:40px !important}}@media screen and (max-width:768px){.ugb-25beaa0 > .ugb-inner-block > .ugb-block-content > *{padding-top:35px !important;padding-bottom:0px !important}}<\/style><div class=\"ugb-inner-block ugb-inner-block--center\"><div class=\"ugb-block-content\"><div class=\"ugb-container__wrapper ugb-25beaa0-wrapper\"><div class=\"ugb-container__side\"><div class=\"ugb-container__content-wrapper ugb-25beaa0-content-wrapper\">\n<div class=\"aligncenter wp-block-ugb-columns ugb-columns top-icons-columns ugb-609d063 ugb-columns--design-plain ugb-columns--columns-3 ugb-main-block\"><style>.ugb-609d063-content-wrapper{grid-column-gap:15px !important}@media screen and (min-width:768px) and (max-width:1025px){.ugb-609d063-content-wrapper{grid-column-gap:0px !important}}@media screen and (max-width:768px){.ugb-609d063-content-wrapper{grid-row-gap:0 !important;grid-column-gap:0px !important}.ugb-609d063 .ugb-inner-block{text-align:center}.ugb-609d063.ugb-columns{margin-top:0px !important;margin-bottom:0px !important}}<\/style><div class=\"ugb-inner-block\"><div class=\"ugb-block-content\"><div class=\"ugb-columns__item ugb-609d063-content-wrapper\">\n<div class=\"wp-block-ugb-column ugb-column ugb-aa84cea ugb-column--design-plain ugb-main-block\"><div class=\"ugb-inner-block\"><div class=\"ugb-block-content\"><div class=\"ugb-column__item ugb-aa84cea-column-wrapper\"><div class=\"ugb-column__content-wrapper\">\n<div class=\"wp-block-group is-layout-flow wp-block-group-is-layout-flow\">\n<div class=\"wp-block-media-text alignwide is-stacked-on-mobile is-vertically-aligned-center content-pages-top-icons\" style=\"grid-template-columns:30% auto\"><figure class=\"wp-block-media-text__media\"><img decoding=\"async\" src=\"https:\/\/varibox.best4u.dev\/wp-content\/uploads\/2021\/12\/test.svg\" alt=\"\" class=\"wp-image-3005 size-full\"\/><\/figure><div class=\"wp-block-media-text__content\">\n<h4 class=\"wp-block-heading has-text-align-left has-medium-font-size\">Bezpieczniej<\/h4>\n<\/div><\/div>\n<\/div>\n<\/div><\/div><\/div><\/div><\/div>\n\n\n\n<div class=\"wp-block-ugb-column ugb-column ugb-a25ba9c ugb-column--design-plain ugb-main-block\"><div class=\"ugb-inner-block\"><div class=\"ugb-block-content\"><div class=\"ugb-column__item ugb-a25ba9c-column-wrapper\"><div class=\"ugb-column__content-wrapper\">\n<div class=\"wp-block-group is-layout-flow wp-block-group-is-layout-flow\">\n<div class=\"wp-block-media-text alignwide is-stacked-on-mobile is-vertically-aligned-center content-pages-top-icons\" style=\"grid-template-columns:30% auto\"><figure class=\"wp-block-media-text__media\"><img decoding=\"async\" src=\"https:\/\/varibox.best4u.dev\/wp-content\/uploads\/2021\/11\/reuseablility-green-1.svg\" alt=\"\" class=\"wp-image-1838 size-full\"\/><\/figure><div class=\"wp-block-media-text__content\">\n<h4 class=\"wp-block-heading has-text-align-left has-medium-font-size\">Wielokrotnego u\u017cytku<\/h4>\n<\/div><\/div>\n<\/div>\n<\/div><\/div><\/div><\/div><\/div>\n\n\n\n<div class=\"wp-block-ugb-column ugb-column ugb-ed3faa1 ugb-column--design-plain ugb-main-block\"><div class=\"ugb-inner-block\"><div class=\"ugb-block-content\"><div class=\"ugb-column__item ugb-ed3faa1-column-wrapper\"><div class=\"ugb-column__content-wrapper\">\n<div class=\"wp-block-group is-layout-flow wp-block-group-is-layout-flow\">\n<div class=\"wp-block-media-text alignwide is-stacked-on-mobile is-vertically-aligned-center content-pages-top-icons\" style=\"grid-template-columns:29% auto\"><figure class=\"wp-block-media-text__media\"><img decoding=\"async\" src=\"https:\/\/varibox.best4u.dev\/wp-content\/uploads\/2021\/11\/sustainability-green-1.svg\" alt=\"\" class=\"wp-image-1851 size-full\"\/><\/figure><div class=\"wp-block-media-text__content\">\n<h4 class=\"wp-block-heading has-text-align-left has-medium-font-size\">Zr\u00f3wnowa\u017cony<\/h4>\n<\/div><\/div>\n<\/div>\n<\/div><\/div><\/div><\/div><\/div>\n<\/div><\/div><\/div><\/div>\n<\/div><\/div><\/div><\/div><\/div><\/div>\n\n\n\n<div class=\"alignfull wp-block-ugb-container ugb-container ugb-0591a81 ugb-container--v2 ugb-container--design-plain ugb-main-block ugb-main-block--inner-center ugb--has-block-background ugb--has-background-overlay\"><style>.ugb-0591a81.ugb-container{background-color:var(--theme-palette-color-8,#f8fafc)}.ugb-0591a81.ugb-container:before{background-image:linear-gradient(180deg,var(--theme-palette-color-8,#f8fafc) 0%,#ffffff 100%)}@media screen and (min-width:768px){.ugb-0591a81.ugb-container{padding-top:0px !important;padding-right:35px !important;padding-bottom:0px !important;padding-left:35px !important}}@media screen and (min-width:768px){.ugb-0591a81 > .ugb-inner-block > .ugb-block-content > *{padding-top:64px !important;padding-bottom:64px !important}}<\/style><div class=\"ugb-inner-block ugb-inner-block--center\"><div class=\"ugb-block-content\"><div class=\"ugb-container__wrapper ugb-0591a81-wrapper\"><div class=\"ugb-container__side\"><div class=\"ugb-container__content-wrapper ugb-0591a81-content-wrapper\">\n<figure class=\"wp-block-embed alignfull is-type-video is-provider-youtube wp-block-embed-youtube wp-embed-aspect-16-9 wp-has-aspect-ratio\"><div class=\"wp-block-embed__wrapper\">\n<iframe title=\"Connect the level sensor on the VARIBOX FC\" width=\"1200\" height=\"675\" src=\"https:\/\/www.youtube.com\/embed\/a9YXBxthses?feature=oembed\" frameborder=\"0\" allow=\"accelerometer; autoplay; clipboard-write; encrypted-media; gyroscope; picture-in-picture; web-share\" referrerpolicy=\"strict-origin-when-cross-origin\" allowfullscreen><\/iframe>\n<\/div><\/figure>\n\n\n\n<div class=\"wp-block-ugb-heading ugb-heading wow animate__animated animate__fadeIn ugb-435a208 ugb-main-block\"><style>.ugb-435a208 .ugb-heading__title{text-align:center}.ugb-435a208 .ugb-inner-block{text-align:center}<\/style><div class=\"ugb-inner-block\"><div class=\"ugb-block-content\"><h2 class=\"ugb-heading__title\"><strong>Czujnik poziomu Connect<\/strong><\/h2><p class=\"ugb-heading__subtitle\">Na g\u00f3rze VARIBOX znajduje si\u0119 z\u0142\u0105cze wtykowe. Odpowiedni\u0105 dwubiegunow\u0105 wtyczk\u0105 mo\u017cna si\u0119 tu przy\u0142\u0105czy\u0107. Najpierw nale\u017cy usun\u0105\u0107 pokrywk\u0119 gniazda, a nast\u0119pnie wsun\u0105\u0107 wtyczk\u0119. Wtyczk\u0119 mo\u017cna umie\u015bci\u0107 tylko w jeden spos\u00f3b, co wida\u0107 po gniazdku i odpowiedniej kraw\u0119dzi. Po w\u0142o\u017ceniu wtyczk\u0119 mo\u017cna zabezpieczy\u0107, dokr\u0119caj\u0105c pier\u015bcie\u0144 wok\u00f3\u0142 wtyczki.<\/p><\/div><\/div><\/div>\n\n\n\n<div class=\"wp-block-ugb-heading ugb-heading wow animate__animated animate__fadeIn ugb-92ba1e7 ugb-main-block\"><style>.ugb-92ba1e7 .ugb-heading__title{text-align:center}.ugb-92ba1e7 .ugb-inner-block{text-align:center}<\/style><div class=\"ugb-inner-block\"><div class=\"ugb-block-content\"><h2 class=\"ugb-heading__title\"><strong>Czujnik opr\u00f3\u017cnienia<\/strong><\/h2><p class=\"ugb-heading__subtitle\">Czujnik opr\u00f3\u017cnienia to czujnik w VARIBOX (opcja), kt\u00f3ry wie, kiedy VARIBOX FC jest prawie pusty: kiedy pozostaje w nim oko\u0142o 1-litra cieczy. Mo\u017cna pod\u0142\u0105czy\u0107 w\u0142asny system do czujnika opr\u00f3\u017cnienia, kt\u00f3ry wy\u015ble sygna\u0142, gdy VARIBOX b\u0119dzie prawie pusty i kt\u00f3ry mo\u017ce automatycznie wy\u0142\u0105czy\u0107 pomp\u0119.<\/p><\/div><\/div><\/div>\n\n\n\n<div class=\"wp-block-ugb-heading ugb-heading wow animate__animated animate__fadeIn ugb-e35ce43 ugb-main-block\"><style>.ugb-e35ce43 .ugb-heading__title{text-align:center}.ugb-e35ce43 .ugb-inner-block{text-align:center}<\/style><div class=\"ugb-inner-block\"><div class=\"ugb-block-content\"><h2 class=\"ugb-heading__title\"><strong>Czujnik niskiego poziomu<\/strong><\/h2><p class=\"ugb-heading__subtitle\">Czujnik niskiego poziomu to czujnik w VARIBOX (opcja), kt\u00f3ry wie, kiedy w VARIBOX b\u0119dzie oko\u0142o 50 litr\u00f3w pozosta\u0142ej zawarto\u015bci System mo\u017cna pod\u0142\u0105czy\u0107 do czujnika niskiego poziomu, kt\u00f3ry nast\u0119pnie emituje sygna\u0142 lub wy\u0142\u0105cza pomp\u0119.<\/p><\/div><\/div><\/div>\n\n\n\n<div class=\"wp-block-ugb-heading ugb-heading wow animate__animated animate__fadeIn ugb-7602a6a ugb-main-block\"><style>.ugb-7602a6a .ugb-heading__title{text-align:center}.ugb-7602a6a .ugb-inner-block{text-align:center}<\/style><div class=\"ugb-inner-block\"><div class=\"ugb-block-content\"><h2 class=\"ugb-heading__title\"><strong>Czujnik nape\u0142nienia<\/strong><\/h2><p class=\"ugb-heading__subtitle\">Czujnik nape\u0142nienia to czujnik w VARIBOX, kt\u00f3ry wie, kiedy VARIBOX jest prawie pe\u0142ny: pozostaje w nim 25 litr\u00f3w cieczy. System mo\u017ce by\u0107 pod\u0142\u0105czony do czujnika nape\u0142nienia, kt\u00f3ry emituje sygna\u0142, gdy VARIBOX jest pe\u0142ny lub kt\u00f3ry wy\u0142\u0105cza pomp\u0119.<\/p><\/div><\/div><\/div>\n\n\n\n<div class=\"wp-block-ugb-heading ugb-heading wow animate__animated animate__fadeIn ugb-9704b92 ugb-main-block\"><style>.ugb-9704b92 .ugb-heading__title{text-align:center}.ugb-9704b92 .ugb-inner-block{text-align:center}<\/style><div class=\"ugb-inner-block\"><div class=\"ugb-block-content\"><h2 class=\"ugb-heading__title\"><strong>Schemat po\u0142\u0105cze\u0144<\/strong><\/h2><p class=\"ugb-heading__subtitle\">Schemat ten zawiera wskaz\u00f3wki dotycz\u0105ce konfiguracji instalacji w po\u0142\u0105czeniu z czujnikiem poziomu w pojemniku VARIBOX IBC. Mo\u017cna wykorzysta\u0107 czujniki do wy\u0142\u0105czania system pomp i \/ lub kt\u00f3re b\u0119d\u0105 wy\u0142\u0105cza\u0142y system.<\/p><\/div><\/div><\/div>\n\n\n\n<figure class=\"wp-block-image size-full wow animate__animated animate__fadeIn\"><img decoding=\"async\" src=\"https:\/\/varibox.best4u.dev\/wp-content\/uploads\/2024\/10\/Connection-diagram-sensors-VARIBOX-1024x725-1.png\" alt=\"\" class=\"wp-image-2321\"\/><\/figure>\n\n\n\n<div class=\"wp-block-ugb-heading ugb-heading wow animate__animated animate__fadeIn ugb-09fcf35 ugb-main-block\"><style>.ugb-09fcf35 .ugb-heading__title{text-align:center;margin-bottom:24px !important}.ugb-09fcf35 .ugb-heading__subtitle{text-align:center;margin-bottom:64px !important}.ugb-09fcf35 .ugb-inner-block{text-align:center}@media screen and (min-width:768px){.ugb-09fcf35.ugb-heading{margin-bottom:0px !important}}@media screen and (max-width:1025px){.ugb-09fcf35 .ugb-heading__title{text-align:center}.ugb-09fcf35 .ugb-inner-block{text-align:center}}@media screen and (max-width:768px){.ugb-09fcf35 .ugb-heading__title{text-align:center}.ugb-09fcf35 .ugb-heading__subtitle{text-align:center}.ugb-09fcf35 .ugb-inner-block{text-align:center}}<\/style><div class=\"ugb-inner-block\"><div class=\"ugb-block-content\"><h4 class=\"ugb-heading__title\"><strong>Nie ma odpowiedzi w filmie pod\u0142\u0105czenie czujnika poziomu?<\/strong><\/h4><p class=\"ugb-heading__subtitle\">Wiemy, \u017ce bezpieczne i wielokrotnego u\u017cytku IBC VARIBOX s\u0105 u\u017cywane do wielu r\u00f3\u017cnych zastosowa\u0144 na wielu r\u00f3\u017cnych rynkach. W zwi\u0105zku z tym mo\u017ce si\u0119 zdarzy\u0107, \u017ce kt\u00f3re\u015b z pyta\u0144 \/odpowiedzi nie zostanie uwzgl\u0119dniona w sekcji pomocy technicznej. Je\u015bli tak, prosimy o kontakt z naszym Dzia\u0142em Obs\u0142ugi Klienta, ch\u0119tnie pomo\u017cemy.<\/p><\/div><\/div><\/div>\n\n\n\n<div class=\"wp-block-ugb-button ugb-button-wrapper green-button ugb-ee16d32 ugb-button--mobile-aligned ugb-main-block\"><style>.ugb-ee16d32 .ugb-block-content{justify-content:center !important}.ugb-ee16d32 .ugb-button1 .ugb-button--inner{font-weight:bold !important}.ugb-ee16d32 .ugb-button1:hover{opacity:1}.ugb-ee16d32 .ugb-inner-block{text-align:center}@media screen and (min-width:768px){.ugb-ee16d32.ugb-button-wrapper{margin-bottom:0px !important}}@media screen and (max-width:768px){.ugb-ee16d32 .ugb-block-content{justify-content:center !important}.ugb-ee16d32 .ugb-inner-block{text-align:center}}<\/style><div class=\"ugb-inner-block\"><div class=\"ugb-block-content\"><div class=\"ugb-button-container\"><a class=\"ugb-button1 ugb-button ugb-button--size-normal\" href=\"https:\/\/varibox.best4u.dev\/pl\/skontaktuj-sie-z-nami\/\" rel=\"\" title=\"\"><span class=\"ugb-button--inner\">Skontaktuj si\u0119<\/span><\/a><\/div><\/div><\/div><\/div>\n<\/div><\/div><\/div><\/div><\/div><\/div>\n","protected":false},"excerpt":{"rendered":"<p>Czujnik poziomu Connect Czujnik poziomu Connect &#8211; Na stronie tej znajduje si\u0119 film o tym, jak pod\u0142\u0105czy\u0107 system pompy do czujnika poziomu w dwu\u015bciennych pojemnikach IBC VARIBOX. Istniej\u0105 trzy r\u00f3\u017cne czujniki poziomu; czujnik opr\u00f3\u017cnienia, czujnik niskiego poziomu i czujnik nape\u0142nienia. Poni\u017cszy film poka\u017ce, jak pod\u0142\u0105czy\u0107 i od\u0142\u0105czy\u0107 czujniki. Skontaktuj si\u0119 Czujnik poziomu Connect Na g\u00f3rze [&hellip;]<\/p>\n","protected":false},"author":1,"featured_media":28639,"parent":0,"menu_order":0,"comment_status":"open","ping_status":"open","template":"","meta":{"_acf_changed":false,"footnotes":""},"class_list":["post-58127","page","type-page","status-publish","has-post-thumbnail","hentry"],"blocksy_meta":{"styles_descriptor":{"styles":{"desktop":"","tablet":"","mobile":""},"google_fonts":[],"version":6}},"featured_image_urls_v2":{"full":["https:\/\/varibox.best4u.dev\/wp-content\/uploads\/2024\/10\/Aansluitschema-melders-VARIBOX-1024x698-1.png",1024,698,false],"thumbnail":["https:\/\/varibox.best4u.dev\/wp-content\/uploads\/2024\/10\/Aansluitschema-melders-VARIBOX-1024x698-1-256x256.png",256,256,true],"medium":["https:\/\/varibox.best4u.dev\/wp-content\/uploads\/2024\/10\/Aansluitschema-melders-VARIBOX-1024x698-1-512x349.png",512,349,true],"medium_large":["https:\/\/varibox.best4u.dev\/wp-content\/uploads\/2024\/10\/Aansluitschema-melders-VARIBOX-1024x698-1-768x524.png",768,524,true],"large":["https:\/\/varibox.best4u.dev\/wp-content\/uploads\/2024\/10\/Aansluitschema-melders-VARIBOX-1024x698-1.png",1024,698,false],"1536x1536":["https:\/\/varibox.best4u.dev\/wp-content\/uploads\/2024\/10\/Aansluitschema-melders-VARIBOX-1024x698-1.png",1024,698,false],"2048x2048":["https:\/\/varibox.best4u.dev\/wp-content\/uploads\/2024\/10\/Aansluitschema-melders-VARIBOX-1024x698-1.png",1024,698,false],"woocommerce_archive_thumbnail":["https:\/\/varibox.best4u.dev\/wp-content\/uploads\/2024\/10\/Aansluitschema-melders-VARIBOX-1024x698-1-270x184.png",270,184,true],"gform-image-choice-sm":["https:\/\/varibox.best4u.dev\/wp-content\/uploads\/2024\/10\/Aansluitschema-melders-VARIBOX-1024x698-1.png",300,204,false],"gform-image-choice-md":["https:\/\/varibox.best4u.dev\/wp-content\/uploads\/2024\/10\/Aansluitschema-melders-VARIBOX-1024x698-1.png",400,273,false],"gform-image-choice-lg":["https:\/\/varibox.best4u.dev\/wp-content\/uploads\/2024\/10\/Aansluitschema-melders-VARIBOX-1024x698-1.png",600,409,false],"woocommerce_thumbnail":["https:\/\/varibox.best4u.dev\/wp-content\/uploads\/2024\/10\/Aansluitschema-melders-VARIBOX-1024x698-1-270x184.png",270,184,true],"woocommerce_single":["https:\/\/varibox.best4u.dev\/wp-content\/uploads\/2024\/10\/Aansluitschema-melders-VARIBOX-1024x698-1.png",1024,698,false],"woocommerce_gallery_thumbnail":["https:\/\/varibox.best4u.dev\/wp-content\/uploads\/2024\/10\/Aansluitschema-melders-VARIBOX-1024x698-1-100x100.png",100,100,true],"variation_swatches_image_size":["https:\/\/varibox.best4u.dev\/wp-content\/uploads\/2024\/10\/Aansluitschema-melders-VARIBOX-1024x698-1-50x50.png",50,50,true],"variation_swatches_tooltip_size":["https:\/\/varibox.best4u.dev\/wp-content\/uploads\/2024\/10\/Aansluitschema-melders-VARIBOX-1024x698-1-100x100.png",100,100,true]},"post_excerpt_stackable_v2":"<p>Czujnik poziomu ConnectCzujnik poziomu Connect &#8211; Na stronie tej znajduje si\u0119 film o tym, jak pod\u0142\u0105czy\u0107 system pompy do czujnika poziomu w dwu\u015bciennych pojemnikach IBC VARIBOX. Istniej\u0105 trzy r\u00f3\u017cne czujniki poziomu; czujnik opr\u00f3\u017cnienia, czujnik niskiego poziomu i czujnik nape\u0142nienia. Poni\u017cszy film poka\u017ce, jak pod\u0142\u0105czy\u0107 i od\u0142\u0105czy\u0107 czujniki. Skontaktuj si\u0119 Bezpieczniej Wielokrotnego u\u017cytku Zr\u00f3wnowa\u017cony Czujnik poziomu ConnectNa g\u00f3rze VARIBOX znajduje si\u0119 z\u0142\u0105cze wtykowe. Odpowiedni\u0105 dwubiegunow\u0105 wtyczk\u0105 mo\u017cna si\u0119 tu przy\u0142\u0105czy\u0107. Najpierw nale\u017cy usun\u0105\u0107 pokrywk\u0119 gniazda, a nast\u0119pnie wsun\u0105\u0107 wtyczk\u0119. Wtyczk\u0119 mo\u017cna umie\u015bci\u0107 tylko w jeden spos\u00f3b, co wida\u0107 po gniazdku i odpowiedniej kraw\u0119dzi. Po w\u0142o\u017ceniu wtyczk\u0119 mo\u017cna zabezpieczy\u0107, dokr\u0119caj\u0105c pier\u015bcie\u0144 wok\u00f3\u0142&hellip;<\/p>\n","category_list_v2":"","author_info_v2":{"name":"Best4u","url":"https:\/\/varibox.best4u.dev\/pl\/author\/best4u\/"},"comments_num_v2":"0 comments","acf":[],"_links":{"self":[{"href":"https:\/\/varibox.best4u.dev\/pl\/wp-json\/wp\/v2\/pages\/58127","targetHints":{"allow":["GET"]}}],"collection":[{"href":"https:\/\/varibox.best4u.dev\/pl\/wp-json\/wp\/v2\/pages"}],"about":[{"href":"https:\/\/varibox.best4u.dev\/pl\/wp-json\/wp\/v2\/types\/page"}],"author":[{"embeddable":true,"href":"https:\/\/varibox.best4u.dev\/pl\/wp-json\/wp\/v2\/users\/1"}],"replies":[{"embeddable":true,"href":"https:\/\/varibox.best4u.dev\/pl\/wp-json\/wp\/v2\/comments?post=58127"}],"version-history":[{"count":1,"href":"https:\/\/varibox.best4u.dev\/pl\/wp-json\/wp\/v2\/pages\/58127\/revisions"}],"predecessor-version":[{"id":58128,"href":"https:\/\/varibox.best4u.dev\/pl\/wp-json\/wp\/v2\/pages\/58127\/revisions\/58128"}],"wp:featuredmedia":[{"embeddable":true,"href":"https:\/\/varibox.best4u.dev\/pl\/wp-json\/wp\/v2\/media\/28639"}],"wp:attachment":[{"href":"https:\/\/varibox.best4u.dev\/pl\/wp-json\/wp\/v2\/media?parent=58127"}],"curies":[{"name":"wp","href":"https:\/\/api.w.org\/{rel}","templated":true}]}}