{"id":58118,"date":"2021-11-23T16:46:59","date_gmt":"2021-11-23T15:46:59","guid":{"rendered":"https:\/\/varibox.best4u.dev\/hermetyzacja-wycieku\/"},"modified":"2024-11-08T11:41:33","modified_gmt":"2024-11-08T10:41:33","slug":"hermetyzacja-wycieku","status":"publish","type":"page","link":"https:\/\/varibox.best4u.dev\/pl\/hermetyzacja-wycieku\/","title":{"rendered":"Hermetyzacja wycieku"},"content":{"rendered":"\n<div class=\"wp-block-ugb-columns ugb-columns ugb-0d5d96e ugb-columns--design-plain ugb-columns--columns-2 ugb-main-block\"><style>.ugb-0d5d96e > .ugb-inner-block > .ugb-block-content > .ugb-columns__item{grid-template-columns:1.40fr 0.60fr !important}@media screen and (min-width:768px){.ugb-0d5d96e.ugb-columns{margin-bottom:83px !important}}@media screen and (max-width:768px){.ugb-0d5d96e-content-wrapper{grid-row-gap:0 !important}}<\/style><div class=\"ugb-inner-block\"><div class=\"ugb-block-content\"><div class=\"ugb-columns__item ugb-0d5d96e-content-wrapper\">\n<div class=\"wp-block-ugb-column ugb-column ugb-b383129 ugb-column--design-plain ugb-main-block\"><div class=\"ugb-inner-block\"><div class=\"ugb-block-content\"><div class=\"ugb-column__item ugb-b383129-column-wrapper\"><div class=\"ugb-column__content-wrapper\">\n<div class=\"wp-block-ugb-heading ugb-heading wow animate__animated animate__fadeIn ugb-bcdb7f0 ugb-main-block\"><style>.ugb-bcdb7f0 .ugb-heading__subtitle{margin-bottom:-5px !important}<\/style><div class=\"ugb-inner-block\"><div class=\"ugb-block-content\"><h1 class=\"ugb-heading__title\">Hermetyzacja wycieku<\/h1><p class=\"ugb-heading__subtitle\">Aby zapewni\u0107 bezpieczne u\u017cytkowanie naszych dwu\u015bciennych pojemnik\u00f3w IBC, znajduje si\u0119 w nich wbudowana funkcja hermetyzacji wycieku. Dystrybutorzy chemikali\u00f3w i detergent\u00f3w, kt\u00f3rzy dostarczaj\u0105 swoje produkty w naszych dwu\u015bciennych IBC VARIBOX, maj\u0105 mo\u017cliwo\u015b\u0107 sprawdzenia VARIBOX pod k\u0105tem wyciek\u00f3w w dowolnym momencie przed nape\u0142nieniem, konserwacj\u0105, kontrol\u0105 lub transportem. Po przybyciu i u\u017cyciu u u\u017cytkownika. U\u017cytkownicy VARIBOX mog\u0105 zrobi\u0107 dok\u0142adnie to samo.<br><br>Korzy\u015bci z regularnego sprawdzania wyciek\u00f3w dzi\u0119ki zastosowaniu ich hermetyzacji w naszych dwu\u015bciennych IBC u\u017cytkownik ma 100% pewno\u015bci, \u017ce podczas przemieszczania pojemnika VARIBOX, nie wydostanie si\u0119 z niego nic.<\/p><\/div><\/div><\/div>\n\n\n\n<div class=\"wp-block-ugb-button ugb-button-wrapper green-button ugb-77a6509 ugb-button--mobile-aligned ugb-main-block\"><style>.ugb-77a6509 .ugb-block-content{justify-content:flex-start !important}.ugb-77a6509 .ugb-button1 .ugb-button--inner{font-weight:bold !important}.ugb-77a6509 .ugb-button1:hover{opacity:1}.ugb-77a6509 .ugb-inner-block{text-align:left}@media screen and (min-width:768px){.ugb-77a6509.ugb-button-wrapper{margin-bottom:0px !important}}@media screen and (max-width:768px){.ugb-77a6509 .ugb-block-content{justify-content:center !important}.ugb-77a6509 .ugb-inner-block{text-align:center}}<\/style><div class=\"ugb-inner-block\"><div class=\"ugb-block-content\"><div class=\"ugb-button-container\"><a class=\"ugb-button1 ugb-button ugb-button--size-normal\" href=\"https:\/\/varibox.best4u.dev\/pl\/skontaktuj-sie-z-nami\/\" rel=\"\" title=\"\"><span class=\"ugb-button--inner\">Skontaktuj si\u0119 z nami<\/span><\/a><\/div><\/div><\/div><\/div>\n<\/div><\/div><\/div><\/div><\/div>\n\n\n\n<div class=\"wp-block-ugb-column ugb-column ugb-e882f9a ugb-column--design-plain ugb-main-block\"><style>@media screen and (max-width:768px){.ugb-e882f9a .ugb-inner-block{text-align:center}}<\/style><div class=\"ugb-inner-block\"><div class=\"ugb-block-content\"><div class=\"ugb-column__item ugb-e882f9a-column-wrapper\"><div class=\"ugb-column__content-wrapper\">\n<figure class=\"wp-block-image size-full wow animate__animated animate__fadeIn\"><img decoding=\"async\" width=\"325\" height=\"370\" src=\"https:\/\/varibox.best4u.dev\/wp-content\/uploads\/2024\/10\/Spill-control-2.png\" alt=\"Hermetyzacja wyciek\u00f3w w kontenerach IBC\" class=\"wp-image-11911\"\/><\/figure>\n<\/div><\/div><\/div><\/div><\/div>\n<\/div><\/div><\/div><\/div>\n\n\n\n<div class=\"alignfull wp-block-ugb-container ugb-container wow animate__animated animate__fadeIn ugb-0b8bee5 ugb-container--v2 ugb-container--design-plain ugb-main-block ugb-main-block--inner-center ugb--has-block-background\"><style>.ugb-0b8bee5.ugb-container{background-color:var(--theme-palette-color-8,#f8fafc)}.ugb-0b8bee5.ugb-container:before{background-color:var(--theme-palette-color-8,#f8fafc)}@media screen and (min-width:768px){.ugb-0b8bee5-content-wrapper.ugb-container__content-wrapper{width:70% !important}.ugb-0b8bee5.ugb-container{margin-bottom:0px !important;padding-top:0px !important;padding-right:35px !important;padding-bottom:20px !important;padding-left:35px !important}}@media screen and (min-width:768px) and (max-width:1025px){.ugb-0b8bee5-content-wrapper.ugb-container__content-wrapper{width:100% !important}}@media screen and (max-width:768px){.ugb-0b8bee5.ugb-container{margin-bottom:0px !important;padding-top:0px !important;padding-right:18px !important;padding-bottom:0px !important;padding-left:18px !important}}@media screen and (min-width:768px){.ugb-0b8bee5 > .ugb-inner-block > .ugb-block-content > *{padding-top:40px !important;padding-bottom:40px !important}}@media screen and (max-width:768px){.ugb-0b8bee5 > .ugb-inner-block > .ugb-block-content > *{padding-top:35px !important;padding-bottom:0px !important}}<\/style><div class=\"ugb-inner-block ugb-inner-block--center\"><div class=\"ugb-block-content\"><div class=\"ugb-container__wrapper ugb-0b8bee5-wrapper\"><div class=\"ugb-container__side\"><div class=\"ugb-container__content-wrapper ugb-0b8bee5-content-wrapper\">\n<div class=\"aligncenter wp-block-ugb-columns ugb-columns top-icons-columns ugb-8e93fa5 ugb-columns--design-plain ugb-columns--columns-3 ugb-main-block\"><style>@media screen and (min-width:768px) and (max-width:1025px){.ugb-8e93fa5-content-wrapper{grid-column-gap:0px !important}}@media screen and (max-width:768px){.ugb-8e93fa5-content-wrapper{grid-row-gap:0 !important;grid-column-gap:0px !important}.ugb-8e93fa5 .ugb-inner-block{text-align:center}.ugb-8e93fa5.ugb-columns{margin-top:0px !important;margin-bottom:0px !important}}<\/style><div class=\"ugb-inner-block\"><div class=\"ugb-block-content\"><div class=\"ugb-columns__item ugb-8e93fa5-content-wrapper\">\n<div class=\"wp-block-ugb-column ugb-column ugb-cac04d9 ugb-column--design-plain ugb-main-block\"><div class=\"ugb-inner-block\"><div class=\"ugb-block-content\"><div class=\"ugb-column__item ugb-cac04d9-column-wrapper\"><div class=\"ugb-column__content-wrapper\">\n<div class=\"wp-block-group is-layout-flow wp-block-group-is-layout-flow\">\n<div class=\"wp-block-media-text alignwide is-stacked-on-mobile is-vertically-aligned-center content-pages-top-icons\" style=\"grid-template-columns:30% auto\"><figure class=\"wp-block-media-text__media\"><img decoding=\"async\" src=\"https:\/\/varibox.best4u.dev\/wp-content\/uploads\/2024\/10\/test-2.svg\" alt=\"\" class=\"wp-image-3005 size-full\"\/><\/figure><div class=\"wp-block-media-text__content\">\n<h4 class=\"has-text-align-left has-medium-font-size wp-block-heading\" id=\"safety\">Bezpieczniej<\/h4>\n<\/div><\/div>\n<\/div>\n<\/div><\/div><\/div><\/div><\/div>\n\n\n\n<div class=\"wp-block-ugb-column ugb-column ugb-62f8a7e ugb-column--design-plain ugb-main-block\"><div class=\"ugb-inner-block\"><div class=\"ugb-block-content\"><div class=\"ugb-column__item ugb-62f8a7e-column-wrapper\"><div class=\"ugb-column__content-wrapper\">\n<div class=\"wp-block-group is-layout-flow wp-block-group-is-layout-flow\">\n<div class=\"wp-block-media-text alignwide is-stacked-on-mobile is-vertically-aligned-center content-pages-top-icons\" style=\"grid-template-columns:30% auto\"><figure class=\"wp-block-media-text__media\"><img decoding=\"async\" src=\"https:\/\/varibox.best4u.dev\/wp-content\/uploads\/2024\/10\/reuseablility-green-1-2.svg\" alt=\"\" class=\"wp-image-1838 size-full\"\/><\/figure><div class=\"wp-block-media-text__content\">\n<h4 class=\"has-text-align-left has-medium-font-size wp-block-heading\" id=\"reusability\">Wielokrotnego u\u017cytku<\/h4>\n<\/div><\/div>\n<\/div>\n<\/div><\/div><\/div><\/div><\/div>\n\n\n\n<div class=\"wp-block-ugb-column ugb-column ugb-b51d308 ugb-column--design-plain ugb-main-block\"><div class=\"ugb-inner-block\"><div class=\"ugb-block-content\"><div class=\"ugb-column__item ugb-b51d308-column-wrapper\"><div class=\"ugb-column__content-wrapper\">\n<div class=\"wp-block-group is-layout-flow wp-block-group-is-layout-flow\">\n<div class=\"wp-block-media-text alignwide is-stacked-on-mobile is-vertically-aligned-center content-pages-top-icons\" style=\"grid-template-columns:30% auto\"><figure class=\"wp-block-media-text__media\"><img decoding=\"async\" src=\"https:\/\/varibox.best4u.dev\/wp-content\/uploads\/2024\/10\/sustainability-green-1-2.svg\" alt=\"\" class=\"wp-image-1851 size-full\"\/><\/figure><div class=\"wp-block-media-text__content\">\n<h4 class=\"has-text-align-left has-medium-font-size wp-block-heading\" id=\"sustainability\">Zr\u00f3wnowa\u017cony<\/h4>\n<\/div><\/div>\n<\/div>\n<\/div><\/div><\/div><\/div><\/div>\n<\/div><\/div><\/div><\/div>\n<\/div><\/div><\/div><\/div><\/div><\/div>\n\n\n\n<div class=\"alignfull wp-block-ugb-container ugb-container wow animate__animated animate__fadeIn ugb-0591a81 ugb-container--v2 ugb-container--design-plain ugb-main-block ugb-main-block--inner-center ugb--has-block-background ugb--has-background-overlay\"><style>.ugb-0591a81.ugb-container{background-color:var(--theme-palette-color-8,#f8fafc)}.ugb-0591a81.ugb-container:before{background-image:linear-gradient(180deg,var(--theme-palette-color-8,#f8fafc) 0%,#ffffff 100%)}@media screen and (min-width:768px){.ugb-0591a81.ugb-container{padding-top:0px !important;padding-right:35px !important;padding-bottom:0px !important;padding-left:35px !important}}@media screen and (min-width:768px){.ugb-0591a81 > .ugb-inner-block > .ugb-block-content > *{padding-top:64px !important;padding-bottom:64px !important}}<\/style><div class=\"ugb-inner-block ugb-inner-block--center\"><div class=\"ugb-block-content\"><div class=\"ugb-container__wrapper ugb-0591a81-wrapper\"><div class=\"ugb-container__side\"><div class=\"ugb-container__content-wrapper ugb-0591a81-content-wrapper\">\n<figure class=\"wp-block-embed alignfull is-type-video is-provider-youtube wp-block-embed-youtube wp-embed-aspect-16-9 wp-has-aspect-ratio\"><div class=\"wp-block-embed__wrapper\">\n<iframe title=\"VARIBOX Spill control\" width=\"1200\" height=\"675\" src=\"https:\/\/www.youtube.com\/embed\/5azzRDmvbGU?feature=oembed\" frameborder=\"0\" allow=\"accelerometer; autoplay; clipboard-write; encrypted-media; gyroscope; picture-in-picture; web-share\" referrerpolicy=\"strict-origin-when-cross-origin\" allowfullscreen><\/iframe>\n<\/div><\/figure>\n\n\n\n<div class=\"wp-block-ugb-heading ugb-heading wow animate__animated animate__fadeIn ugb-435a208 ugb-main-block\"><style>.ugb-435a208 .ugb-heading__title{text-align:center}.ugb-435a208 .ugb-inner-block{text-align:center}<\/style><div class=\"ugb-inner-block\"><div class=\"ugb-block-content\"><h2 class=\"ugb-heading__title\">Hermetyzacja wycieku w zaledwie 4 krokach<\/h2><p class=\"ugb-heading__subtitle\">Przede wszystkim nale\u017cy upewni\u0107 si\u0119, \u017ce VARIBOX jest czysty, a obs\u0142uga posiada odpowiednie \u015brodki ochrony osobistej. Nast\u0119pnie zdj\u0105\u0107 kapsel na otworze inspekcyjnym. Drugim krokiem jest wyj\u0119cie bagnetu z pojemnika. Nast\u0119pnie trzeba sprawdzi\u0107 bagnet pod k\u0105tem wyciek\u00f3w, je\u015bli jest suchy, umie\u015bci\u0107 go z powrotem w pojemniku. Ostatnim i czwartym krokiem jest ponowne na\u0142o\u017cenie kapsla na otw\u00f3r inspekcyjny.<\/p><\/div><\/div><\/div>\n\n\n\n<div class=\"wp-block-ugb-heading ugb-heading wow animate__animated animate__fadeIn ugb-92ba1e7 ugb-main-block\"><style>.ugb-92ba1e7 .ugb-heading__title{text-align:center}.ugb-92ba1e7 .ugb-inner-block{text-align:center}<\/style><div class=\"ugb-inner-block\"><div class=\"ugb-block-content\"><h2 class=\"ugb-heading__title\">Przepisy bezwzgl\u0119dnie obowi\u0105zuj\u0105ce<\/h2><p class=\"ugb-heading__subtitle\">Zgodnie z przepisami Deutsches Institut f\u00fcr Bautechnik (DIBt) i innych organizacji obowi\u0105zkowe jest posiadanie opcji sprawdzania wyciek\u00f3w. Jedn\u0105 z zasad projektowania VARIBOX jest spe\u0142nienie wszystkich przepis\u00f3w, a nawet wi\u0119cej. Tak wi\u0119c VARIBOX ma \u0142atw\u0105 w u\u017cyciu funkcj\u0119 kontroli wyciek\u00f3w, kt\u00f3ra mo\u017ce by\u0107 u\u017cyta w dowolnym momencie, aby upewni\u0107 si\u0119, \u017ce nie ma wycieku.<\/p><\/div><\/div><\/div>\n\n\n\n<div class=\"wp-block-ugb-heading ugb-heading wow animate__animated animate__fadeIn ugb-e35ce43 ugb-main-block\"><style>.ugb-e35ce43 .ugb-heading__title{text-align:center}.ugb-e35ce43 .ugb-inner-block{text-align:center}<\/style><div class=\"ugb-inner-block\"><div class=\"ugb-block-content\"><h2 class=\"ugb-heading__title\">Pomiary wykonywa\u0107 we w\u0142a\u015bciwym momencie, je\u015bli to konieczne<\/h2><p class=\"ugb-heading__subtitle\">Podczas regularnego sprawdzania naszych dwu\u015bciennych pojemnik\u00f3w IBC pod k\u0105tem wyciek\u00f3w mo\u017cna w razie potrzeby wykona\u0107 pomiary. Na przyk\u0142ad wypompowanie produktu chemicznego w celu zorganizowania oddzielnego bezpiecznego transportu w celu zast\u0105pienia wewn\u0119trznego pojemnika.<br>Ze wzgl\u0119du na 110% zintegrowan\u0105 hermetyzacj\u0119 wycieku, produkt chemiczny nie wydostanie si\u0119 z VARIBOX. Ale nie warto ryzykowa\u0107.<\/p><\/div><\/div><\/div>\n\n\n\n<div class=\"wp-block-ugb-heading ugb-heading wow animate__animated animate__fadeIn ugb-09fcf35 ugb-main-block\"><style>.ugb-09fcf35 .ugb-heading__title{text-align:center;margin-bottom:24px !important}.ugb-09fcf35 .ugb-heading__subtitle{text-align:center;margin-bottom:64px !important}.ugb-09fcf35 .ugb-inner-block{text-align:center}@media screen and (min-width:768px){.ugb-09fcf35.ugb-heading{margin-bottom:0px !important}}@media screen and (max-width:1025px){.ugb-09fcf35 .ugb-heading__title{text-align:center}.ugb-09fcf35 .ugb-inner-block{text-align:center}}@media screen and (max-width:768px){.ugb-09fcf35 .ugb-heading__title{text-align:center}.ugb-09fcf35 .ugb-heading__subtitle{text-align:center}.ugb-09fcf35 .ugb-inner-block{text-align:center}}<\/style><div class=\"ugb-inner-block\"><div class=\"ugb-block-content\"><h4 class=\"ugb-heading__title\">Nie ma odpowiedzi w filmie?<\/h4><p class=\"ugb-heading__subtitle\">Wiemy, \u017ce bezpieczne i wielokrotnego u\u017cytku IBC VARIBOX maj\u0105 szerokie zastosowanie, na wielu r\u00f3\u017cnych obszarach. W zwi\u0105zku z tym mo\u017ce si\u0119 zdarzy\u0107, \u017ce postawione pytanie nie zostanie uwzgl\u0119dnione w sekcji pomocy technicznej. Je\u015bli tak, prosimy o kontakt z naszym Dzia\u0142em Obs\u0142ugi Klienta, ch\u0119tnie pomo\u017ce.<\/p><\/div><\/div><\/div>\n\n\n\n<div class=\"wp-block-ugb-button ugb-button-wrapper green-button ugb-ee16d32 ugb-button--mobile-aligned ugb-main-block\"><style>.ugb-ee16d32 .ugb-block-content{justify-content:center !important}.ugb-ee16d32 .ugb-button1 .ugb-button--inner{font-weight:bold !important}.ugb-ee16d32 .ugb-button1:hover{opacity:1}.ugb-ee16d32 .ugb-inner-block{text-align:center}@media screen and (min-width:768px){.ugb-ee16d32.ugb-button-wrapper{margin-bottom:0px !important}}@media screen and (max-width:768px){.ugb-ee16d32 .ugb-block-content{justify-content:center !important}.ugb-ee16d32 .ugb-inner-block{text-align:center}}<\/style><div class=\"ugb-inner-block\"><div class=\"ugb-block-content\"><div class=\"ugb-button-container\"><a class=\"ugb-button1 ugb-button ugb-button--size-normal\" href=\"https:\/\/varibox.best4u.dev\/pl\/skontaktuj-sie-z-nami\/\" rel=\"\" title=\"\"><span class=\"ugb-button--inner\">Skontaktuj si\u0119 z nami<\/span><\/a><\/div><\/div><\/div><\/div>\n<\/div><\/div><\/div><\/div><\/div><\/div>\n","protected":false},"excerpt":{"rendered":"<p>Hermetyzacja wycieku Aby zapewni\u0107 bezpieczne u\u017cytkowanie naszych dwu\u015bciennych pojemnik\u00f3w IBC, znajduje si\u0119 w nich wbudowana funkcja hermetyzacji wycieku. Dystrybutorzy chemikali\u00f3w i detergent\u00f3w, kt\u00f3rzy dostarczaj\u0105 swoje produkty w naszych dwu\u015bciennych IBC VARIBOX, maj\u0105 mo\u017cliwo\u015b\u0107 sprawdzenia VARIBOX pod k\u0105tem wyciek\u00f3w w dowolnym momencie przed nape\u0142nieniem, konserwacj\u0105, kontrol\u0105 lub transportem. Po przybyciu i u\u017cyciu u u\u017cytkownika. U\u017cytkownicy VARIBOX [&hellip;]<\/p>\n","protected":false},"author":1,"featured_media":28147,"parent":0,"menu_order":0,"comment_status":"open","ping_status":"open","template":"","meta":{"_acf_changed":false,"footnotes":""},"class_list":["post-58118","page","type-page","status-publish","has-post-thumbnail","hentry"],"blocksy_meta":{"styles_descriptor":{"styles":{"desktop":"","tablet":"","mobile":""},"google_fonts":[],"version":6}},"featured_image_urls_v2":{"full":["https:\/\/varibox.best4u.dev\/wp-content\/uploads\/2024\/10\/Spill-control-2.png",325,370,false],"thumbnail":["https:\/\/varibox.best4u.dev\/wp-content\/uploads\/2024\/10\/Spill-control-2-256x256.png",256,256,true],"medium":["https:\/\/varibox.best4u.dev\/wp-content\/uploads\/2024\/10\/Spill-control-2.png",325,370,false],"medium_large":["https:\/\/varibox.best4u.dev\/wp-content\/uploads\/2024\/10\/Spill-control-2.png",325,370,false],"large":["https:\/\/varibox.best4u.dev\/wp-content\/uploads\/2024\/10\/Spill-control-2.png",325,370,false],"1536x1536":["https:\/\/varibox.best4u.dev\/wp-content\/uploads\/2024\/10\/Spill-control-2.png",325,370,false],"2048x2048":["https:\/\/varibox.best4u.dev\/wp-content\/uploads\/2024\/10\/Spill-control-2.png",325,370,false],"woocommerce_archive_thumbnail":["https:\/\/varibox.best4u.dev\/wp-content\/uploads\/2024\/10\/Spill-control-2-270x307.png",270,307,true],"gform-image-choice-sm":["https:\/\/varibox.best4u.dev\/wp-content\/uploads\/2024\/10\/Spill-control-2.png",264,300,false],"gform-image-choice-md":["https:\/\/varibox.best4u.dev\/wp-content\/uploads\/2024\/10\/Spill-control-2.png",325,370,false],"gform-image-choice-lg":["https:\/\/varibox.best4u.dev\/wp-content\/uploads\/2024\/10\/Spill-control-2.png",325,370,false],"woocommerce_thumbnail":["https:\/\/varibox.best4u.dev\/wp-content\/uploads\/2024\/10\/Spill-control-2-270x307.png",270,307,true],"woocommerce_single":["https:\/\/varibox.best4u.dev\/wp-content\/uploads\/2024\/10\/Spill-control-2.png",325,370,false],"woocommerce_gallery_thumbnail":["https:\/\/varibox.best4u.dev\/wp-content\/uploads\/2024\/10\/Spill-control-2-100x100.png",100,100,true],"variation_swatches_image_size":["https:\/\/varibox.best4u.dev\/wp-content\/uploads\/2024\/10\/Spill-control-2-50x50.png",50,50,true],"variation_swatches_tooltip_size":["https:\/\/varibox.best4u.dev\/wp-content\/uploads\/2024\/10\/Spill-control-2-100x100.png",100,100,true]},"post_excerpt_stackable_v2":"<p>Hermetyzacja wyciekuAby zapewni\u0107 bezpieczne u\u017cytkowanie naszych dwu\u015bciennych pojemnik\u00f3w IBC, znajduje si\u0119 w nich wbudowana funkcja hermetyzacji wycieku. Dystrybutorzy chemikali\u00f3w i detergent\u00f3w, kt\u00f3rzy dostarczaj\u0105 swoje produkty w naszych dwu\u015bciennych IBC VARIBOX, maj\u0105 mo\u017cliwo\u015b\u0107 sprawdzenia VARIBOX pod k\u0105tem wyciek\u00f3w w dowolnym momencie przed nape\u0142nieniem, konserwacj\u0105, kontrol\u0105 lub transportem. Po przybyciu i u\u017cyciu u u\u017cytkownika. U\u017cytkownicy VARIBOX mog\u0105 zrobi\u0107 dok\u0142adnie to samo.Korzy\u015bci z regularnego sprawdzania wyciek\u00f3w dzi\u0119ki zastosowaniu ich hermetyzacji w naszych dwu\u015bciennych IBC u\u017cytkownik ma 100% pewno\u015bci, \u017ce podczas przemieszczania pojemnika VARIBOX, nie wydostanie si\u0119 z niego nic. Skontaktuj si\u0119 z nami Bezpieczniej Wielokrotnego u\u017cytku Zr\u00f3wnowa\u017cony Hermetyzacja wycieku w zaledwie 4 krokachPrzede&hellip;<\/p>\n","category_list_v2":"","author_info_v2":{"name":"Best4u","url":"https:\/\/varibox.best4u.dev\/pl\/author\/best4u\/"},"comments_num_v2":"0 comments","acf":[],"_links":{"self":[{"href":"https:\/\/varibox.best4u.dev\/pl\/wp-json\/wp\/v2\/pages\/58118","targetHints":{"allow":["GET"]}}],"collection":[{"href":"https:\/\/varibox.best4u.dev\/pl\/wp-json\/wp\/v2\/pages"}],"about":[{"href":"https:\/\/varibox.best4u.dev\/pl\/wp-json\/wp\/v2\/types\/page"}],"author":[{"embeddable":true,"href":"https:\/\/varibox.best4u.dev\/pl\/wp-json\/wp\/v2\/users\/1"}],"replies":[{"embeddable":true,"href":"https:\/\/varibox.best4u.dev\/pl\/wp-json\/wp\/v2\/comments?post=58118"}],"version-history":[{"count":1,"href":"https:\/\/varibox.best4u.dev\/pl\/wp-json\/wp\/v2\/pages\/58118\/revisions"}],"predecessor-version":[{"id":58119,"href":"https:\/\/varibox.best4u.dev\/pl\/wp-json\/wp\/v2\/pages\/58118\/revisions\/58119"}],"wp:featuredmedia":[{"embeddable":true,"href":"https:\/\/varibox.best4u.dev\/pl\/wp-json\/wp\/v2\/media\/28147"}],"wp:attachment":[{"href":"https:\/\/varibox.best4u.dev\/pl\/wp-json\/wp\/v2\/media?parent=58118"}],"curies":[{"name":"wp","href":"https:\/\/api.w.org\/{rel}","templated":true}]}}