{"id":58109,"date":"2021-11-23T16:52:55","date_gmt":"2021-11-23T15:52:55","guid":{"rendered":"https:\/\/varibox.best4u.dev\/plombowanie-naszego-dwusciennego-pojemnika-ibc\/"},"modified":"2024-11-08T11:41:32","modified_gmt":"2024-11-08T10:41:32","slug":"plombowanie-naszego-dwusciennego-pojemnika-ibc","status":"publish","type":"page","link":"https:\/\/varibox.best4u.dev\/pl\/plombowanie-naszego-dwusciennego-pojemnika-ibc\/","title":{"rendered":"Plombowanie naszego dwu\u015bciennego pojemnika IBC"},"content":{"rendered":"\n<div class=\"wp-block-ugb-columns ugb-columns ugb-0d5d96e ugb-columns--design-plain ugb-columns--columns-2 ugb-main-block\"><style>.ugb-0d5d96e > .ugb-inner-block > .ugb-block-content > .ugb-columns__item{grid-template-columns:1.40fr 0.60fr !important}@media screen and (min-width:768px){.ugb-0d5d96e.ugb-columns{margin-bottom:83px !important}}@media screen and (max-width:768px){.ugb-0d5d96e-content-wrapper{grid-row-gap:0 !important}}<\/style><div class=\"ugb-inner-block\"><div class=\"ugb-block-content\"><div class=\"ugb-columns__item ugb-0d5d96e-content-wrapper\">\n<div class=\"wp-block-ugb-column ugb-column ugb-b383129 ugb-column--design-plain ugb-main-block\"><div class=\"ugb-inner-block\"><div class=\"ugb-block-content\"><div class=\"ugb-column__item ugb-b383129-column-wrapper\"><div class=\"ugb-column__content-wrapper\">\n<div class=\"wp-block-ugb-heading ugb-heading wow animate__animated animate__fadeIn ugb-bcdb7f0 ugb-main-block\"><style>.ugb-bcdb7f0 .ugb-heading__subtitle{margin-bottom:-5px !important}<\/style><div class=\"ugb-inner-block\"><div class=\"ugb-block-content\"><h1 class=\"ugb-heading__title\">Plombowanie naszego dwu\u015bciennego pojemnika IBC<\/h1><p class=\"ugb-heading__subtitle\">Zalet\u0105 oplombowania naszego <a href=\"https:\/\/varibox.best4u.dev\/pl\/varibox_product\/varibox-full-containment-najbezpieczniejszy-ibc-w-dystrybucji-chemikaliow\/\">dwu\u015bciennego<\/a> pojemnika IBC jest to, \u017ce dostawca wie, i\u017c pojemnik nie zosta\u0142 otwarty i u\u017cyto tylko systemu <a href=\"https:\/\/varibox.best4u.dev\/pl\/podlaczanie-safeline-performance\/varibox-safeline-3\/\">VARIBOX Safeline<\/a>. Dystrybutorzy chemikali\u00f3w i detergent\u00f3w, kt\u00f3rzy dostarczaj\u0105 swoje produkty w naszych dwu\u015bciennych IBC, maj\u0105 mo\u017cliwo\u015b\u0107 plombowania swojego VARIBOX.<\/p><\/div><\/div><\/div>\n\n\n\n<div class=\"wp-block-ugb-button ugb-button-wrapper green-button ugb-bcf8bcc ugb-button--mobile-aligned ugb-main-block\"><style>.ugb-bcf8bcc .ugb-block-content{justify-content:flex-start !important}.ugb-bcf8bcc .ugb-button1 .ugb-button--inner{font-weight:bold !important}.ugb-bcf8bcc .ugb-button1:hover{opacity:1}.ugb-bcf8bcc .ugb-inner-block{text-align:left}@media screen and (min-width:768px){.ugb-bcf8bcc.ugb-button-wrapper{margin-bottom:0px !important}}@media screen and (max-width:768px){.ugb-bcf8bcc .ugb-block-content{justify-content:center !important}.ugb-bcf8bcc .ugb-inner-block{text-align:center}}<\/style><div class=\"ugb-inner-block\"><div class=\"ugb-block-content\"><div class=\"ugb-button-container\"><a class=\"ugb-button1 ugb-button ugb-button--size-normal\" href=\"https:\/\/varibox.best4u.dev\/pl\/skontaktuj-sie-z-nami\/\" rel=\"\" title=\"\"><span class=\"ugb-button--inner\">Skontaktuj si\u0119 z nami<\/span><\/a><\/div><\/div><\/div><\/div>\n<\/div><\/div><\/div><\/div><\/div>\n\n\n\n<div class=\"wp-block-ugb-column ugb-column ugb-e882f9a ugb-column--design-plain ugb-main-block\"><style>@media screen and (max-width:768px){.ugb-e882f9a .ugb-inner-block{text-align:center}}<\/style><div class=\"ugb-inner-block\"><div class=\"ugb-block-content\"><div class=\"ugb-column__item ugb-e882f9a-column-wrapper\"><div class=\"ugb-column__content-wrapper\">\n<figure class=\"wp-block-image size-full wow animate__animated animate__fadeIn\"><img decoding=\"async\" src=\"https:\/\/varibox.best4u.dev\/wp-content\/uploads\/2024\/10\/Sealing.png\" alt=\"Sealing\" class=\"wp-image-11906\"\/><\/figure>\n<\/div><\/div><\/div><\/div><\/div>\n<\/div><\/div><\/div><\/div>\n\n\n\n<div class=\"alignfull wp-block-ugb-container ugb-container wow animate__animated animate__fadeIn ugb-0b8bee5 ugb-container--v2 ugb-container--design-plain ugb-main-block ugb-main-block--inner-center ugb--has-block-background\"><style>.ugb-0b8bee5.ugb-container{background-color:var(--theme-palette-color-8,#f8fafc)}.ugb-0b8bee5.ugb-container:before{background-color:var(--theme-palette-color-8,#f8fafc)}@media screen and (min-width:768px){.ugb-0b8bee5-content-wrapper.ugb-container__content-wrapper{width:70% !important}.ugb-0b8bee5.ugb-container{margin-bottom:0px !important;padding-top:0px !important;padding-right:35px !important;padding-bottom:20px !important;padding-left:35px !important}}@media screen and (min-width:768px) and (max-width:1025px){.ugb-0b8bee5-content-wrapper.ugb-container__content-wrapper{width:100% !important}}@media screen and (max-width:768px){.ugb-0b8bee5.ugb-container{margin-bottom:0px !important;padding-top:0px !important;padding-right:18px !important;padding-bottom:0px !important;padding-left:18px !important}}@media screen and (min-width:768px){.ugb-0b8bee5 > .ugb-inner-block > .ugb-block-content > *{padding-top:40px !important;padding-bottom:40px !important}}@media screen and (max-width:768px){.ugb-0b8bee5 > .ugb-inner-block > .ugb-block-content > *{padding-top:35px !important;padding-bottom:0px !important}}<\/style><div class=\"ugb-inner-block ugb-inner-block--center\"><div class=\"ugb-block-content\"><div class=\"ugb-container__wrapper ugb-0b8bee5-wrapper\"><div class=\"ugb-container__side\"><div class=\"ugb-container__content-wrapper ugb-0b8bee5-content-wrapper\">\n<div class=\"aligncenter wp-block-ugb-columns ugb-columns top-icons-columns ugb-8e93fa5 ugb-columns--design-plain ugb-columns--columns-3 ugb-main-block\"><style>@media screen and (min-width:768px) and (max-width:1025px){.ugb-8e93fa5-content-wrapper{grid-column-gap:0px !important}}@media screen and (max-width:768px){.ugb-8e93fa5-content-wrapper{grid-row-gap:0 !important;grid-column-gap:0px !important}.ugb-8e93fa5 .ugb-inner-block{text-align:center}.ugb-8e93fa5.ugb-columns{margin-top:0px !important;margin-bottom:0px !important}}<\/style><div class=\"ugb-inner-block\"><div class=\"ugb-block-content\"><div class=\"ugb-columns__item ugb-8e93fa5-content-wrapper\">\n<div class=\"wp-block-ugb-column ugb-column ugb-cac04d9 ugb-column--design-plain ugb-main-block\"><div class=\"ugb-inner-block\"><div class=\"ugb-block-content\"><div class=\"ugb-column__item ugb-cac04d9-column-wrapper\"><div class=\"ugb-column__content-wrapper\">\n<div class=\"wp-block-group is-layout-flow wp-block-group-is-layout-flow\">\n<div class=\"wp-block-media-text alignwide is-stacked-on-mobile is-vertically-aligned-center content-pages-top-icons\" style=\"grid-template-columns:30% auto\"><figure class=\"wp-block-media-text__media\"><img decoding=\"async\" src=\"https:\/\/varibox.best4u.dev\/wp-content\/uploads\/2024\/10\/test-2.svg\" alt=\"\" class=\"wp-image-3005 size-full\"\/><\/figure><div class=\"wp-block-media-text__content\">\n<h4 class=\"has-text-align-left has-medium-font-size wp-block-heading\" id=\"safety\">Bezpieczniej<\/h4>\n<\/div><\/div>\n<\/div>\n<\/div><\/div><\/div><\/div><\/div>\n\n\n\n<div class=\"wp-block-ugb-column ugb-column ugb-62f8a7e ugb-column--design-plain ugb-main-block\"><div class=\"ugb-inner-block\"><div class=\"ugb-block-content\"><div class=\"ugb-column__item ugb-62f8a7e-column-wrapper\"><div class=\"ugb-column__content-wrapper\">\n<div class=\"wp-block-group is-layout-flow wp-block-group-is-layout-flow\">\n<div class=\"wp-block-media-text alignwide is-stacked-on-mobile is-vertically-aligned-center content-pages-top-icons\" style=\"grid-template-columns:30% auto\"><figure class=\"wp-block-media-text__media\"><img decoding=\"async\" src=\"https:\/\/varibox.best4u.dev\/wp-content\/uploads\/2024\/10\/reuseablility-green-1-2.svg\" alt=\"\" class=\"wp-image-1838 size-full\"\/><\/figure><div class=\"wp-block-media-text__content\">\n<h4 class=\"has-text-align-left has-medium-font-size wp-block-heading\" id=\"reusability\">Wielokrotnego u\u017cytku<\/h4>\n<\/div><\/div>\n<\/div>\n<\/div><\/div><\/div><\/div><\/div>\n\n\n\n<div class=\"wp-block-ugb-column ugb-column ugb-b51d308 ugb-column--design-plain ugb-main-block\"><div class=\"ugb-inner-block\"><div class=\"ugb-block-content\"><div class=\"ugb-column__item ugb-b51d308-column-wrapper\"><div class=\"ugb-column__content-wrapper\">\n<div class=\"wp-block-group is-layout-flow wp-block-group-is-layout-flow\">\n<div class=\"wp-block-media-text alignwide is-stacked-on-mobile is-vertically-aligned-center content-pages-top-icons\" style=\"grid-template-columns:30% auto\"><figure class=\"wp-block-media-text__media\"><img decoding=\"async\" src=\"https:\/\/varibox.best4u.dev\/wp-content\/uploads\/2024\/10\/sustainability-green-1-2.svg\" alt=\"\" class=\"wp-image-1851 size-full\"\/><\/figure><div class=\"wp-block-media-text__content\">\n<h4 class=\"has-text-align-left has-medium-font-size wp-block-heading\" id=\"sustainability\">Zr\u00f3wnowa\u017cony<\/h4>\n<\/div><\/div>\n<\/div>\n<\/div><\/div><\/div><\/div><\/div>\n<\/div><\/div><\/div><\/div>\n<\/div><\/div><\/div><\/div><\/div><\/div>\n\n\n\n<div class=\"alignfull wp-block-ugb-container ugb-container ugb-0591a81 ugb-container--v2 ugb-container--design-plain ugb-main-block ugb-main-block--inner-center ugb--has-block-background ugb--has-background-overlay\"><style>.ugb-0591a81.ugb-container{background-color:var(--theme-palette-color-8,#f8fafc)}.ugb-0591a81.ugb-container:before{background-image:linear-gradient(180deg,var(--theme-palette-color-8,#f8fafc) 0%,#ffffff 100%)}@media screen and (min-width:768px){.ugb-0591a81.ugb-container{padding-top:0px !important;padding-right:35px !important;padding-bottom:0px !important;padding-left:35px !important}}@media screen and (min-width:768px){.ugb-0591a81 > .ugb-inner-block > .ugb-block-content > *{padding-top:64px !important;padding-bottom:64px !important}}<\/style><div class=\"ugb-inner-block ugb-inner-block--center\"><div class=\"ugb-block-content\"><div class=\"ugb-container__wrapper ugb-0591a81-wrapper\"><div class=\"ugb-container__side\"><div class=\"ugb-container__content-wrapper ugb-0591a81-content-wrapper\">\n<figure class=\"wp-block-embed alignfull is-type-video is-provider-youtube wp-block-embed-youtube wp-embed-aspect-16-9 wp-has-aspect-ratio\"><div class=\"wp-block-embed__wrapper\">\n<iframe title=\"VARIBOX Sealing\" width=\"1200\" height=\"675\" src=\"https:\/\/www.youtube.com\/embed\/ewL7jUR5t8M?feature=oembed\" frameborder=\"0\" allow=\"accelerometer; autoplay; clipboard-write; encrypted-media; gyroscope; picture-in-picture; web-share\" referrerpolicy=\"strict-origin-when-cross-origin\" allowfullscreen><\/iframe>\n<\/div><\/figure>\n\n\n\n<div class=\"wp-block-ugb-heading ugb-heading wow animate__animated animate__fadeIn ugb-435a208 ugb-main-block\"><style>.ugb-435a208 .ugb-heading__title{text-align:center}.ugb-435a208 .ugb-inner-block{text-align:center}<\/style><div class=\"ugb-inner-block\"><div class=\"ugb-block-content\"><h3 class=\"ugb-heading__title\">Plombowanie w zaledwie 4 krokach<\/h3><p class=\"ugb-heading__subtitle\">Przede wszystkim nale\u017cy upewni\u0107 si\u0119, \u017ce VARIBOX jest czysty, aby w pojemniku nie by\u0142o pozosta\u0142o\u015bci produktu. Nast\u0119pnie w pierwszym kroku przewlec drut plomby przez otw\u00f3r. Nast\u0119pnie przeprowadzi\u0107 go przez zakr\u0119tk\u0119 i kapsel i wsun\u0105\u0107 koniec w plomb\u0119. Ostatnim krokiem jest zaci\u0105gni\u0119cie drutu.<\/p><\/div><\/div><\/div>\n\n\n\n<div class=\"wp-block-ugb-heading ugb-heading wow animate__animated animate__fadeIn ugb-92ba1e7 ugb-main-block\"><style>.ugb-92ba1e7 .ugb-heading__title{text-align:center}.ugb-92ba1e7 .ugb-inner-block{text-align:center}<\/style><div class=\"ugb-inner-block\"><div class=\"ugb-block-content\"><h3 class=\"ugb-heading__title\">Koszty zaoszcz\u0119dzone gdy pojemnik b\u0119dzie zaplombowany<\/h3><p class=\"ugb-heading__subtitle\">Zaplombowanego pojemnika IBC VARIBOX nie mo\u017cna otworzy\u0107 bez zerwania plomby. Je\u015bli tak mia\u0142o miejsce, VARIBOX musi zosta\u0107 wyczyszczony, aby mie\u0107 100% pewno\u015b\u0107, \u017ce nic nie pozosta\u0142o wewn\u0105trz pojemnika. Ale po zaplombowaniu i u\u017cyciu tylko przez system VARIBOX Safeline nie ma potrzeby czyszczenia pojemnika, poniewa\u017c wewn\u0105trz IBC znajdowa\u0142 si\u0119 znany produkt chemiczny. Mo\u017cna bezpo\u015brednio wype\u0142ni\u0107 go tym samym produktem jeszcze raz.<\/p><\/div><\/div><\/div>\n\n\n\n<div class=\"wp-block-ugb-heading ugb-heading wow animate__animated animate__fadeIn ugb-09fcf35 ugb-main-block\"><style>.ugb-09fcf35 .ugb-heading__title{text-align:center;margin-bottom:24px !important}.ugb-09fcf35 .ugb-heading__subtitle{text-align:center;margin-bottom:64px !important}.ugb-09fcf35 .ugb-inner-block{text-align:center}@media screen and (min-width:768px){.ugb-09fcf35.ugb-heading{margin-bottom:0px !important}}@media screen and (max-width:1025px){.ugb-09fcf35 .ugb-heading__title{text-align:center}.ugb-09fcf35 .ugb-inner-block{text-align:center}}@media screen and (max-width:768px){.ugb-09fcf35 .ugb-heading__title{text-align:center}.ugb-09fcf35 .ugb-heading__subtitle{text-align:center}.ugb-09fcf35 .ugb-inner-block{text-align:center}}<\/style><div class=\"ugb-inner-block\"><div class=\"ugb-block-content\"><h4 class=\"ugb-heading__title\">Nie ma w wideo obrazuj\u0105cym plombowanie?<\/h4><p class=\"ugb-heading__subtitle\">Wiemy, \u017ce bezpieczne i wielokrotnego u\u017cytku IBC VARIBOX maj\u0105 szerokie zastosowanie, na wielu r\u00f3\u017cnych obszarach. W zwi\u0105zku z tym mo\u017ce si\u0119 zdarzy\u0107, \u017ce postawione pytanie nie doczeka si\u0119 odpowiedzi w sekcji pomocy technicznej. Je\u015bli tak, prosimy o kontakt z naszym Dzia\u0142em Obs\u0142ugi Klienta, ch\u0119tnie pomo\u017ce.<\/p><\/div><\/div><\/div>\n\n\n\n<div class=\"wp-block-ugb-button ugb-button-wrapper green-button ugb-ee16d32 ugb-button--mobile-aligned ugb-main-block\"><style>.ugb-ee16d32 .ugb-block-content{justify-content:center !important}.ugb-ee16d32 .ugb-button1 .ugb-button--inner{font-weight:bold !important}.ugb-ee16d32 .ugb-button1:hover{opacity:1}.ugb-ee16d32 .ugb-inner-block{text-align:center}@media screen and (min-width:768px){.ugb-ee16d32.ugb-button-wrapper{margin-bottom:0px !important}}@media screen and (max-width:768px){.ugb-ee16d32 .ugb-block-content{justify-content:center !important}.ugb-ee16d32 .ugb-inner-block{text-align:center}}<\/style><div class=\"ugb-inner-block\"><div class=\"ugb-block-content\"><div class=\"ugb-button-container\"><a class=\"ugb-button1 ugb-button ugb-button--size-normal\" href=\"https:\/\/varibox.best4u.dev\/pl\/skontaktuj-sie-z-nami\/\" rel=\"\" title=\"\"><span class=\"ugb-button--inner\">Skontaktuj si\u0119 z nami<\/span><\/a><\/div><\/div><\/div><\/div>\n<\/div><\/div><\/div><\/div><\/div><\/div>\n","protected":false},"excerpt":{"rendered":"<p>Plombowanie naszego dwu\u015bciennego pojemnika IBC Zalet\u0105 oplombowania naszego dwu\u015bciennego pojemnika IBC jest to, \u017ce dostawca wie, i\u017c pojemnik nie zosta\u0142 otwarty i u\u017cyto tylko systemu VARIBOX Safeline. Dystrybutorzy chemikali\u00f3w i detergent\u00f3w, kt\u00f3rzy dostarczaj\u0105 swoje produkty w naszych dwu\u015bciennych IBC, maj\u0105 mo\u017cliwo\u015b\u0107 plombowania swojego VARIBOX. Skontaktuj si\u0119 z nami Bezpieczniej Wielokrotnego u\u017cytku Zr\u00f3wnowa\u017cony Plombowanie w zaledwie [&hellip;]<\/p>\n","protected":false},"author":1,"featured_media":28650,"parent":0,"menu_order":0,"comment_status":"open","ping_status":"open","template":"","meta":{"_acf_changed":false,"footnotes":""},"class_list":["post-58109","page","type-page","status-publish","has-post-thumbnail","hentry"],"blocksy_meta":{"styles_descriptor":{"styles":{"desktop":"","tablet":"","mobile":""},"google_fonts":[],"version":6}},"featured_image_urls_v2":{"full":["https:\/\/varibox.best4u.dev\/wp-content\/uploads\/2024\/10\/Sealing.png",325,370,false],"thumbnail":["https:\/\/varibox.best4u.dev\/wp-content\/uploads\/2024\/10\/Sealing-256x256.png",256,256,true],"medium":["https:\/\/varibox.best4u.dev\/wp-content\/uploads\/2024\/10\/Sealing.png",325,370,false],"medium_large":["https:\/\/varibox.best4u.dev\/wp-content\/uploads\/2024\/10\/Sealing.png",325,370,false],"large":["https:\/\/varibox.best4u.dev\/wp-content\/uploads\/2024\/10\/Sealing.png",325,370,false],"1536x1536":["https:\/\/varibox.best4u.dev\/wp-content\/uploads\/2024\/10\/Sealing.png",325,370,false],"2048x2048":["https:\/\/varibox.best4u.dev\/wp-content\/uploads\/2024\/10\/Sealing.png",325,370,false],"woocommerce_archive_thumbnail":["https:\/\/varibox.best4u.dev\/wp-content\/uploads\/2024\/10\/Sealing-270x307.png",270,307,true],"gform-image-choice-sm":["https:\/\/varibox.best4u.dev\/wp-content\/uploads\/2024\/10\/Sealing.png",264,300,false],"gform-image-choice-md":["https:\/\/varibox.best4u.dev\/wp-content\/uploads\/2024\/10\/Sealing.png",325,370,false],"gform-image-choice-lg":["https:\/\/varibox.best4u.dev\/wp-content\/uploads\/2024\/10\/Sealing.png",325,370,false],"woocommerce_thumbnail":["https:\/\/varibox.best4u.dev\/wp-content\/uploads\/2024\/10\/Sealing-270x307.png",270,307,true],"woocommerce_single":["https:\/\/varibox.best4u.dev\/wp-content\/uploads\/2024\/10\/Sealing.png",325,370,false],"woocommerce_gallery_thumbnail":["https:\/\/varibox.best4u.dev\/wp-content\/uploads\/2024\/10\/Sealing-100x100.png",100,100,true],"variation_swatches_image_size":["https:\/\/varibox.best4u.dev\/wp-content\/uploads\/2024\/10\/Sealing-50x50.png",50,50,true],"variation_swatches_tooltip_size":["https:\/\/varibox.best4u.dev\/wp-content\/uploads\/2024\/10\/Sealing-100x100.png",100,100,true]},"post_excerpt_stackable_v2":"<p>Plombowanie naszego dwu\u015bciennego pojemnika IBCZalet\u0105 oplombowania naszego dwu\u015bciennego pojemnika IBC jest to, \u017ce dostawca wie, i\u017c pojemnik nie zosta\u0142 otwarty i u\u017cyto tylko systemu VARIBOX Safeline. Dystrybutorzy chemikali\u00f3w i detergent\u00f3w, kt\u00f3rzy dostarczaj\u0105 swoje produkty w naszych dwu\u015bciennych IBC, maj\u0105 mo\u017cliwo\u015b\u0107 plombowania swojego VARIBOX. Skontaktuj si\u0119 z nami Bezpieczniej Wielokrotnego u\u017cytku Zr\u00f3wnowa\u017cony Plombowanie w zaledwie 4 krokachPrzede wszystkim nale\u017cy upewni\u0107 si\u0119, \u017ce VARIBOX jest czysty, aby w pojemniku nie by\u0142o pozosta\u0142o\u015bci produktu. Nast\u0119pnie w pierwszym kroku przewlec drut plomby przez otw\u00f3r. Nast\u0119pnie przeprowadzi\u0107 go przez zakr\u0119tk\u0119 i kapsel i wsun\u0105\u0107 koniec w plomb\u0119. Ostatnim krokiem jest zaci\u0105gni\u0119cie drutu. Koszty zaoszcz\u0119dzone gdy&hellip;<\/p>\n","category_list_v2":"","author_info_v2":{"name":"Best4u","url":"https:\/\/varibox.best4u.dev\/pl\/author\/best4u\/"},"comments_num_v2":"0 comments","acf":[],"_links":{"self":[{"href":"https:\/\/varibox.best4u.dev\/pl\/wp-json\/wp\/v2\/pages\/58109","targetHints":{"allow":["GET"]}}],"collection":[{"href":"https:\/\/varibox.best4u.dev\/pl\/wp-json\/wp\/v2\/pages"}],"about":[{"href":"https:\/\/varibox.best4u.dev\/pl\/wp-json\/wp\/v2\/types\/page"}],"author":[{"embeddable":true,"href":"https:\/\/varibox.best4u.dev\/pl\/wp-json\/wp\/v2\/users\/1"}],"replies":[{"embeddable":true,"href":"https:\/\/varibox.best4u.dev\/pl\/wp-json\/wp\/v2\/comments?post=58109"}],"version-history":[{"count":1,"href":"https:\/\/varibox.best4u.dev\/pl\/wp-json\/wp\/v2\/pages\/58109\/revisions"}],"predecessor-version":[{"id":58110,"href":"https:\/\/varibox.best4u.dev\/pl\/wp-json\/wp\/v2\/pages\/58109\/revisions\/58110"}],"wp:featuredmedia":[{"embeddable":true,"href":"https:\/\/varibox.best4u.dev\/pl\/wp-json\/wp\/v2\/media\/28650"}],"wp:attachment":[{"href":"https:\/\/varibox.best4u.dev\/pl\/wp-json\/wp\/v2\/media?parent=58109"}],"curies":[{"name":"wp","href":"https:\/\/api.w.org\/{rel}","templated":true}]}}