{"id":58100,"date":"2021-11-23T17:06:32","date_gmt":"2021-11-23T16:06:32","guid":{"rendered":"https:\/\/varibox.best4u.dev\/jakie-stezenie-amoniaku\/"},"modified":"2024-11-08T11:41:32","modified_gmt":"2024-11-08T10:41:32","slug":"jakie-stezenie-amoniaku","status":"publish","type":"page","link":"https:\/\/varibox.best4u.dev\/pl\/jakie-stezenie-amoniaku\/","title":{"rendered":"Jakie st\u0119\u017cenie amoniaku"},"content":{"rendered":"\n<div class=\"wp-block-ugb-columns ugb-columns ugb-0d5d96e ugb-columns--design-plain ugb-columns--columns-2 ugb-main-block\"><style>.ugb-0d5d96e > .ugb-inner-block > .ugb-block-content > .ugb-columns__item{grid-template-columns:1.40fr 0.60fr !important}@media screen and (min-width:768px){.ugb-0d5d96e.ugb-columns{margin-bottom:83px !important}}@media screen and (max-width:768px){.ugb-0d5d96e-content-wrapper{grid-row-gap:0 !important}}<\/style><div class=\"ugb-inner-block\"><div class=\"ugb-block-content\"><div class=\"ugb-columns__item ugb-0d5d96e-content-wrapper\">\n<div class=\"wp-block-ugb-column ugb-column ugb-b383129 ugb-column--design-plain ugb-main-block\"><div class=\"ugb-inner-block\"><div class=\"ugb-block-content\"><div class=\"ugb-column__item ugb-b383129-column-wrapper\"><div class=\"ugb-column__content-wrapper\">\n<div class=\"wp-block-ugb-heading ugb-heading wow animate__animated animate__fadeIn ugb-bcdb7f0 ugb-main-block\"><style>.ugb-bcdb7f0 .ugb-heading__subtitle{margin-bottom:-5px !important}<\/style><div class=\"ugb-inner-block\"><div class=\"ugb-block-content\"><h1 class=\"ugb-heading__title\">Jakie st\u0119\u017cenie amoniaku mo\u017cna transportowa\u0107 w pojemniku IBC?<\/h1><p class=\"ugb-heading__subtitle\">Na tej stronie przedstawiamy wszystko o przepisach ADR dotycz\u0105cych przechowywania amoniaku w IBC. ADR wymienia roztw\u00f3r amoniaku o st\u0119\u017ceniu10% i 35% jako UN 2672. I przepisy ADR m\u00f3wi\u0105 nam, \u017ce mo\u017cna transportowa\u0107 UN2672 w IBC. Czy to oznacza, \u017ce mo\u017cna wysy\u0142a\u0107 amoniak 25% w IBC? Nie, nie wolno tego robi\u0107!<\/p><\/div><\/div><\/div>\n\n\n\n<div class=\"wp-block-ugb-button ugb-button-wrapper green-button ugb-09f390e ugb-button--mobile-aligned ugb-main-block\"><style>.ugb-09f390e .ugb-block-content{justify-content:flex-start !important}.ugb-09f390e .ugb-button1 .ugb-button--inner{font-weight:bold !important}.ugb-09f390e .ugb-button1:hover{opacity:1}.ugb-09f390e .ugb-inner-block{text-align:left}@media screen and (min-width:768px){.ugb-09f390e.ugb-button-wrapper{margin-bottom:0px !important}}@media screen and (max-width:768px){.ugb-09f390e .ugb-block-content{justify-content:center !important}.ugb-09f390e .ugb-inner-block{text-align:center}}<\/style><div class=\"ugb-inner-block\"><div class=\"ugb-block-content\"><div class=\"ugb-button-container\"><a class=\"ugb-button1 ugb-button ugb-button--size-normal\" href=\"https:\/\/varibox.best4u.dev\/pl\/skontaktuj-sie-z-nami\/\" rel=\"\" title=\"\"><span class=\"ugb-button--inner\">Skontaktuj si\u0119 z nami<\/span><\/a><\/div><\/div><\/div><\/div>\n<\/div><\/div><\/div><\/div><\/div>\n\n\n\n<div class=\"wp-block-ugb-column ugb-column ugb-e882f9a ugb-column--design-plain ugb-main-block\"><style>@media screen and (max-width:768px){.ugb-e882f9a .ugb-inner-block{text-align:center}}<\/style><div class=\"ugb-inner-block\"><div class=\"ugb-block-content\"><div class=\"ugb-column__item ugb-e882f9a-column-wrapper\"><div class=\"ugb-column__content-wrapper\">\n<figure class=\"wp-block-image size-full wow animate__animated animate__fadeIn\"><img decoding=\"async\" src=\"https:\/\/varibox.best4u.dev\/wp-content\/uploads\/2024\/10\/VARIBOX-Full-Containment-4.png\" alt=\"Jakie st\u0119\u017cenie amoniaku\" class=\"wp-image-10754\"\/><\/figure>\n<\/div><\/div><\/div><\/div><\/div>\n<\/div><\/div><\/div><\/div>\n\n\n\n<div class=\"alignfull wp-block-ugb-container ugb-container ugb-25beaa0 ugb-container--v2 ugb-container--design-plain ugb-main-block ugb-main-block--inner-center ugb--has-block-background\"><style>.ugb-25beaa0.ugb-container{background-color:var(--theme-palette-color-7,#F9FAFB)}.ugb-25beaa0.ugb-container:before{background-color:var(--theme-palette-color-7,#F9FAFB)}@media screen and (min-width:768px){.ugb-25beaa0-content-wrapper.ugb-container__content-wrapper{width:85% !important}.ugb-25beaa0.ugb-container{margin-bottom:0px !important;padding-top:0px !important;padding-right:35px !important;padding-bottom:0px !important;padding-left:35px !important}}@media screen and (min-width:768px) and (max-width:1025px){.ugb-25beaa0-content-wrapper.ugb-container__content-wrapper{width:100% !important}}@media screen and (max-width:768px){.ugb-25beaa0.ugb-container{margin-bottom:0px !important;padding-top:0px !important;padding-right:18px !important;padding-bottom:0px !important;padding-left:18px !important}}@media screen and (min-width:768px){.ugb-25beaa0 > .ugb-inner-block > .ugb-block-content > *{padding-top:40px !important;padding-bottom:40px !important}}@media screen and (max-width:768px){.ugb-25beaa0 > .ugb-inner-block > .ugb-block-content > *{padding-top:35px !important;padding-bottom:0px !important}}<\/style><div class=\"ugb-inner-block ugb-inner-block--center\"><div class=\"ugb-block-content\"><div class=\"ugb-container__wrapper ugb-25beaa0-wrapper\"><div class=\"ugb-container__side\"><div class=\"ugb-container__content-wrapper ugb-25beaa0-content-wrapper\">\n<div class=\"aligncenter wp-block-ugb-columns ugb-columns top-icons-columns ugb-609d063 ugb-columns--design-plain ugb-columns--columns-3 ugb-main-block\"><style>.ugb-609d063-content-wrapper{grid-column-gap:15px !important}@media screen and (min-width:768px) and (max-width:1025px){.ugb-609d063-content-wrapper{grid-column-gap:0px !important}}@media screen and (max-width:768px){.ugb-609d063-content-wrapper{grid-row-gap:0 !important;grid-column-gap:0px !important}.ugb-609d063 .ugb-inner-block{text-align:center}.ugb-609d063.ugb-columns{margin-top:0px !important;margin-bottom:0px !important}}<\/style><div class=\"ugb-inner-block\"><div class=\"ugb-block-content\"><div class=\"ugb-columns__item ugb-609d063-content-wrapper\">\n<div class=\"wp-block-ugb-column ugb-column ugb-aa84cea ugb-column--design-plain ugb-main-block\"><div class=\"ugb-inner-block\"><div class=\"ugb-block-content\"><div class=\"ugb-column__item ugb-aa84cea-column-wrapper\"><div class=\"ugb-column__content-wrapper\">\n<div class=\"wp-block-group is-layout-flow wp-block-group-is-layout-flow\">\n<div class=\"wp-block-media-text alignwide is-stacked-on-mobile is-vertically-aligned-center content-pages-top-icons\" style=\"grid-template-columns:30% auto\"><figure class=\"wp-block-media-text__media\"><img decoding=\"async\" src=\"https:\/\/varibox.best4u.dev\/wp-content\/uploads\/2021\/12\/test.svg\" alt=\"\" class=\"wp-image-3005 size-full\"\/><\/figure><div class=\"wp-block-media-text__content\">\n<h4 class=\"wp-block-heading has-text-align-left has-medium-font-size\">Bezpieczniej<\/h4>\n<\/div><\/div>\n<\/div>\n<\/div><\/div><\/div><\/div><\/div>\n\n\n\n<div class=\"wp-block-ugb-column ugb-column ugb-a25ba9c ugb-column--design-plain ugb-main-block\"><div class=\"ugb-inner-block\"><div class=\"ugb-block-content\"><div class=\"ugb-column__item ugb-a25ba9c-column-wrapper\"><div class=\"ugb-column__content-wrapper\">\n<div class=\"wp-block-group is-layout-flow wp-block-group-is-layout-flow\">\n<div class=\"wp-block-media-text alignwide is-stacked-on-mobile is-vertically-aligned-center content-pages-top-icons\" style=\"grid-template-columns:30% auto\"><figure class=\"wp-block-media-text__media\"><img decoding=\"async\" src=\"https:\/\/varibox.best4u.dev\/wp-content\/uploads\/2021\/11\/reuseablility-green-1.svg\" alt=\"\" class=\"wp-image-1838 size-full\"\/><\/figure><div class=\"wp-block-media-text__content\">\n<h4 class=\"wp-block-heading has-text-align-left has-medium-font-size\">Wielokrotnego u\u017cytku<\/h4>\n<\/div><\/div>\n<\/div>\n<\/div><\/div><\/div><\/div><\/div>\n\n\n\n<div class=\"wp-block-ugb-column ugb-column ugb-ed3faa1 ugb-column--design-plain ugb-main-block\"><div class=\"ugb-inner-block\"><div class=\"ugb-block-content\"><div class=\"ugb-column__item ugb-ed3faa1-column-wrapper\"><div class=\"ugb-column__content-wrapper\">\n<div class=\"wp-block-group is-layout-flow wp-block-group-is-layout-flow\">\n<div class=\"wp-block-media-text alignwide is-stacked-on-mobile is-vertically-aligned-center content-pages-top-icons\" style=\"grid-template-columns:29% auto\"><figure class=\"wp-block-media-text__media\"><img decoding=\"async\" src=\"https:\/\/varibox.best4u.dev\/wp-content\/uploads\/2021\/11\/sustainability-green-1.svg\" alt=\"\" class=\"wp-image-1851 size-full\"\/><\/figure><div class=\"wp-block-media-text__content\">\n<h4 class=\"wp-block-heading has-text-align-left has-medium-font-size\">Zr\u00f3wnowa\u017cony<\/h4>\n<\/div><\/div>\n<\/div>\n<\/div><\/div><\/div><\/div><\/div>\n<\/div><\/div><\/div><\/div>\n<\/div><\/div><\/div><\/div><\/div><\/div>\n\n\n\n<div class=\"alignfull wp-block-ugb-container ugb-container ugb-0591a81 ugb-container--v2 ugb-container--design-plain ugb-main-block ugb-main-block--inner-center ugb--has-block-background ugb--has-background-overlay\"><style>.ugb-0591a81.ugb-container{background-color:var(--theme-palette-color-8,#f8fafc)}.ugb-0591a81.ugb-container:before{background-image:linear-gradient(180deg,var(--theme-palette-color-8,#f8fafc) 0%,#ffffff 100%)}@media screen and (min-width:768px){.ugb-0591a81.ugb-container{padding-top:0px !important;padding-right:35px !important;padding-bottom:0px !important;padding-left:35px !important}}@media screen and (min-width:768px){.ugb-0591a81 > .ugb-inner-block > .ugb-block-content > *{padding-top:64px !important;padding-bottom:64px !important}}<\/style><div class=\"ugb-inner-block ugb-inner-block--center\"><div class=\"ugb-block-content\"><div class=\"ugb-container__wrapper ugb-0591a81-wrapper\"><div class=\"ugb-container__side\"><div class=\"ugb-container__content-wrapper ugb-0591a81-content-wrapper\">\n<div class=\"wp-block-ugb-heading ugb-heading wow animate__animated animate__fadeIn ugb-435a208 ugb-main-block\"><style>.ugb-435a208 .ugb-heading__title{text-align:center}.ugb-435a208 .ugb-inner-block{text-align:center}<\/style><div class=\"ugb-inner-block\"><div class=\"ugb-block-content\"><h2 class=\"ugb-heading__title\">Co to jest pr\u0119\u017cno\u015b\u0107 pary?<\/h2><p class=\"ugb-heading__subtitle\">Roztw\u00f3r amoniaku jest produktem o wysokiej tzw. pr\u0119\u017cno\u015bci pary. Pr\u0119\u017cno\u015b\u0107 pary to ci\u015bnienie pary powy\u017cej poziomu cieczy w zamkni\u0119tym pojemniku. Ci\u015bnienie to wzrasta w wyniku odparowania cieczy w zamkni\u0119tym pojemniku, a im wy\u017csza temperatura, tym wy\u017csze b\u0119dzie to ci\u015bnienie. ADR oblicza ci\u015bnienie pr\u00f3by hydraulicznej, kt\u00f3re musz\u0105 wytrzyma\u0107 opakowania, na podstawie pr\u0119\u017cno\u015bci pary cieczy, kt\u00f3re maj\u0105 by\u0107 nape\u0142nione tymi opakowaniami. I ci\u015bnienie to ma swoj\u0105 granic\u0119.<\/p><\/div><\/div><\/div>\n\n\n\n<div class=\"wp-block-ugb-heading ugb-heading wow animate__animated animate__fadeIn ugb-92ba1e7 ugb-main-block\"><style>.ugb-92ba1e7 .ugb-heading__title{text-align:center}.ugb-92ba1e7 .ugb-inner-block{text-align:center}<\/style><div class=\"ugb-inner-block\"><div class=\"ugb-block-content\"><h2 class=\"ugb-heading__title\">Gdzie ADR ogranicza pr\u0119\u017cno\u015b\u0107 pary w pojemnikach IBC?<\/h2><p class=\"ugb-heading__subtitle\">W ppkt 4.1.1.10 ADR ogranicza stosowanie IBC dla chemikali\u00f3w o pr\u0119\u017cno\u015bci pary powy\u017cej 110 kPa (1,1 bara) w temperaturze 50 \u00b0C lub 130 kPa (1,3 bara) w temperaturze 55 \u00b0C.&nbsp; Jest to podane w ostatnim zdaniu tego akapitu, po wyja\u015bnieniach, jak powi\u0105za\u0107 hydrauliczne ci\u015bnienie pr\u00f3bne opakowa\u0144 z pr\u0119\u017cno\u015bci\u0105 pary cieczy, kt\u00f3re maj\u0105 by\u0107 nape\u0142nione. Dok\u0142adne brzmienie ppkt 4.1.1.10 znajduje si\u0119 w ADR. Tak wi\u0119c ADR m\u00f3wi nam, \u017ce IBC nie s\u0105 stosowane do cieczy o pr\u0119\u017cno\u015bci pary powy\u017cej 110 kPa w temperaturze 50 \u00b0C.&nbsp; Amoniak 25% ma jednak pr\u0119\u017cno\u015b\u0107 pary ~ 154 kPa w temperaturze 50 \u00b0 C, wyra\u017anie powy\u017cej warto\u015bci granicznej okre\u015blonej w ADR. Tak wi\u0119c nie wolno wys\u0142a\u0107 amoniaku 25% w IBC.<\/p><\/div><\/div><\/div>\n\n\n\n<div class=\"wp-block-ugb-heading ugb-heading wow animate__animated animate__fadeIn ugb-fee9f5c ugb-main-block\"><style>.ugb-fee9f5c .ugb-heading__title{text-align:center}.ugb-fee9f5c .ugb-inner-block{text-align:center}<\/style><div class=\"ugb-inner-block\"><div class=\"ugb-block-content\"><h2 class=\"ugb-heading__title\">O jakim st\u0119\u017ceniu w IBC mo\u017cna transportowa\u0107 amoniak?<\/h2><p class=\"ugb-heading__subtitle\">Interpolacja pr\u0119\u017cno\u015bci par roztwor\u00f3w amoniaku m\u00f3wi nam, \u017ce st\u0119\u017cenia do 20% pozostaj\u0105 poni\u017cej maksymalnej pr\u0119\u017cno\u015bci pary wynosz\u0105cej 110 kPa. Przy wy\u017cszych st\u0119\u017ceniach pr\u0119\u017cno\u015b\u0107 pary przekracza t\u0119 granic\u0119. Dane dotycz\u0105ce pr\u0119\u017cno\u015bci pary z r\u00f3\u017cnych \u017ar\u00f3de\u0142 nie s\u0105 w pe\u0142ni zgodne. Dok\u0142adn\u0105 pr\u0119\u017cno\u015b\u0107 pary roztworu nale\u017cy obliczy\u0107 na podstawie danych dotycz\u0105cych pr\u0119\u017cno\u015bci pary dostawcy amoniaku.<\/p><\/div><\/div><\/div>\n\n\n\n<figure class=\"wp-block-image alignfull size-full wow animate__animated animate__fadeIn\"><img decoding=\"async\" src=\"https:\/\/varibox.best4u.dev\/wp-content\/uploads\/2024\/10\/Ammonia-in-an-IBC-1-717x508-1.png\" alt=\"Jakie st\u0119\u017cenie amoniaku\" class=\"wp-image-2331\"\/><\/figure>\n\n\n\n<div class=\"wp-block-ugb-heading ugb-heading wow animate__animated animate__fadeIn ugb-f10e890 ugb-main-block\"><style>.ugb-f10e890 .ugb-heading__title{text-align:center}.ugb-f10e890 .ugb-inner-block{text-align:center}@media screen and (min-width:768px){.ugb-f10e890.ugb-heading{margin-top:100px !important}}<\/style><div class=\"ugb-inner-block\"><div class=\"ugb-block-content\"><h2 class=\"ugb-heading__title\">Sprawdzi\u0107 pr\u0119\u017cno\u015b\u0107 pary roztworu amoniaku<\/h2><p class=\"ugb-heading__subtitle\">Tak wi\u0119c ADR ogranicza st\u0119\u017cenie amoniaku (UN 2672) do 20%. W zwi\u0105zku z tym nale\u017cy sprawdzi\u0107 pr\u0119\u017cno\u015b\u0107 pary roztworu amoniaku, aby upewni\u0107 si\u0119, \u017ce pr\u0119\u017cno\u015b\u0107 pary nie przekracza warto\u015bci granicznej okre\u015blonej w ADR.<br><br>Wiemy, \u017ce bezpieczne i wielokrotnego u\u017cytku pojemniki IBC VARIBOX maj\u0105 szerokie zastosowanie, na wielu r\u00f3\u017cnych obszarach. W zwi\u0105zku z tym mo\u017ce si\u0119 zdarzy\u0107, \u017ce postawione pytanie\/odpowied\u017a nie b\u0119dzie uwzgl\u0119dnione w cz\u0119\u015bci pomocy technicznej. Je\u015bli tak, prosimy o kontakt z naszym Dzia\u0142em Obs\u0142ugi Klienta, ch\u0119tnie pomog\u0105.<\/p><\/div><\/div><\/div>\n\n\n\n<div class=\"wp-block-ugb-button ugb-button-wrapper green-button ugb-ee16d32 ugb-button--mobile-aligned ugb-main-block\"><style>.ugb-ee16d32 .ugb-block-content{justify-content:center !important}.ugb-ee16d32 .ugb-button1 .ugb-button--inner{font-weight:bold !important}.ugb-ee16d32 .ugb-button1:hover{opacity:1}.ugb-ee16d32 .ugb-inner-block{text-align:center}@media screen and (min-width:768px){.ugb-ee16d32.ugb-button-wrapper{margin-bottom:0px !important}}@media screen and (max-width:768px){.ugb-ee16d32 .ugb-block-content{justify-content:center !important}.ugb-ee16d32 .ugb-inner-block{text-align:center}}<\/style><div class=\"ugb-inner-block\"><div class=\"ugb-block-content\"><div class=\"ugb-button-container\"><a class=\"ugb-button1 ugb-button ugb-button--size-normal\" href=\"https:\/\/varibox.best4u.dev\/pl\/skontaktuj-sie-z-nami\/\" rel=\"\" title=\"\"><span class=\"ugb-button--inner\">Skontaktuj si\u0119 z nami<\/span><\/a><\/div><\/div><\/div><\/div>\n<\/div><\/div><\/div><\/div><\/div><\/div>\n","protected":false},"excerpt":{"rendered":"<p>Jakie st\u0119\u017cenie amoniaku mo\u017cna transportowa\u0107 w pojemniku IBC? Na tej stronie przedstawiamy wszystko o przepisach ADR dotycz\u0105cych przechowywania amoniaku w IBC. ADR wymienia roztw\u00f3r amoniaku o st\u0119\u017ceniu10% i 35% jako UN 2672. I przepisy ADR m\u00f3wi\u0105 nam, \u017ce mo\u017cna transportowa\u0107 UN2672 w IBC. Czy to oznacza, \u017ce mo\u017cna wysy\u0142a\u0107 amoniak 25% w IBC? Nie, nie [&hellip;]<\/p>\n","protected":false},"author":1,"featured_media":28661,"parent":0,"menu_order":0,"comment_status":"open","ping_status":"open","template":"","meta":{"_acf_changed":false,"footnotes":""},"class_list":["post-58100","page","type-page","status-publish","has-post-thumbnail","hentry"],"blocksy_meta":{"styles_descriptor":{"styles":{"desktop":"","tablet":"","mobile":""},"google_fonts":[],"version":6}},"featured_image_urls_v2":{"full":["https:\/\/varibox.best4u.dev\/wp-content\/uploads\/2024\/10\/Ammonia-in-an-IBC-1-717x508-1.png",717,508,false],"thumbnail":["https:\/\/varibox.best4u.dev\/wp-content\/uploads\/2024\/10\/Ammonia-in-an-IBC-1-717x508-1-256x256.png",256,256,true],"medium":["https:\/\/varibox.best4u.dev\/wp-content\/uploads\/2024\/10\/Ammonia-in-an-IBC-1-717x508-1-512x363.png",512,363,true],"medium_large":["https:\/\/varibox.best4u.dev\/wp-content\/uploads\/2024\/10\/Ammonia-in-an-IBC-1-717x508-1.png",717,508,false],"large":["https:\/\/varibox.best4u.dev\/wp-content\/uploads\/2024\/10\/Ammonia-in-an-IBC-1-717x508-1.png",717,508,false],"1536x1536":["https:\/\/varibox.best4u.dev\/wp-content\/uploads\/2024\/10\/Ammonia-in-an-IBC-1-717x508-1.png",717,508,false],"2048x2048":["https:\/\/varibox.best4u.dev\/wp-content\/uploads\/2024\/10\/Ammonia-in-an-IBC-1-717x508-1.png",717,508,false],"woocommerce_archive_thumbnail":["https:\/\/varibox.best4u.dev\/wp-content\/uploads\/2024\/10\/Ammonia-in-an-IBC-1-717x508-1-270x191.png",270,191,true],"gform-image-choice-sm":["https:\/\/varibox.best4u.dev\/wp-content\/uploads\/2024\/10\/Ammonia-in-an-IBC-1-717x508-1.png",300,213,false],"gform-image-choice-md":["https:\/\/varibox.best4u.dev\/wp-content\/uploads\/2024\/10\/Ammonia-in-an-IBC-1-717x508-1.png",400,283,false],"gform-image-choice-lg":["https:\/\/varibox.best4u.dev\/wp-content\/uploads\/2024\/10\/Ammonia-in-an-IBC-1-717x508-1.png",600,425,false],"woocommerce_thumbnail":["https:\/\/varibox.best4u.dev\/wp-content\/uploads\/2024\/10\/Ammonia-in-an-IBC-1-717x508-1-270x191.png",270,191,true],"woocommerce_single":["https:\/\/varibox.best4u.dev\/wp-content\/uploads\/2024\/10\/Ammonia-in-an-IBC-1-717x508-1.png",717,508,false],"woocommerce_gallery_thumbnail":["https:\/\/varibox.best4u.dev\/wp-content\/uploads\/2024\/10\/Ammonia-in-an-IBC-1-717x508-1-100x100.png",100,100,true],"variation_swatches_image_size":["https:\/\/varibox.best4u.dev\/wp-content\/uploads\/2024\/10\/Ammonia-in-an-IBC-1-717x508-1-50x50.png",50,50,true],"variation_swatches_tooltip_size":["https:\/\/varibox.best4u.dev\/wp-content\/uploads\/2024\/10\/Ammonia-in-an-IBC-1-717x508-1-100x100.png",100,100,true]},"post_excerpt_stackable_v2":"<p>Jakie st\u0119\u017cenie amoniaku mo\u017cna transportowa\u0107 w pojemniku IBC?Na tej stronie przedstawiamy wszystko o przepisach ADR dotycz\u0105cych przechowywania amoniaku w IBC. ADR wymienia roztw\u00f3r amoniaku o st\u0119\u017ceniu10% i 35% jako UN 2672. I przepisy ADR m\u00f3wi\u0105 nam, \u017ce mo\u017cna transportowa\u0107 UN2672 w IBC. Czy to oznacza, \u017ce mo\u017cna wysy\u0142a\u0107 amoniak 25% w IBC? Nie, nie wolno tego robi\u0107! Skontaktuj si\u0119 z nami Bezpieczniej Wielokrotnego u\u017cytku Zr\u00f3wnowa\u017cony Co to jest pr\u0119\u017cno\u015b\u0107 pary?Roztw\u00f3r amoniaku jest produktem o wysokiej tzw. pr\u0119\u017cno\u015bci pary. Pr\u0119\u017cno\u015b\u0107 pary to ci\u015bnienie pary powy\u017cej poziomu cieczy w zamkni\u0119tym pojemniku. Ci\u015bnienie to wzrasta w wyniku odparowania cieczy w zamkni\u0119tym pojemniku, a&hellip;<\/p>\n","category_list_v2":"","author_info_v2":{"name":"Best4u","url":"https:\/\/varibox.best4u.dev\/pl\/author\/best4u\/"},"comments_num_v2":"0 comments","acf":[],"_links":{"self":[{"href":"https:\/\/varibox.best4u.dev\/pl\/wp-json\/wp\/v2\/pages\/58100","targetHints":{"allow":["GET"]}}],"collection":[{"href":"https:\/\/varibox.best4u.dev\/pl\/wp-json\/wp\/v2\/pages"}],"about":[{"href":"https:\/\/varibox.best4u.dev\/pl\/wp-json\/wp\/v2\/types\/page"}],"author":[{"embeddable":true,"href":"https:\/\/varibox.best4u.dev\/pl\/wp-json\/wp\/v2\/users\/1"}],"replies":[{"embeddable":true,"href":"https:\/\/varibox.best4u.dev\/pl\/wp-json\/wp\/v2\/comments?post=58100"}],"version-history":[{"count":1,"href":"https:\/\/varibox.best4u.dev\/pl\/wp-json\/wp\/v2\/pages\/58100\/revisions"}],"predecessor-version":[{"id":58101,"href":"https:\/\/varibox.best4u.dev\/pl\/wp-json\/wp\/v2\/pages\/58100\/revisions\/58101"}],"wp:featuredmedia":[{"embeddable":true,"href":"https:\/\/varibox.best4u.dev\/pl\/wp-json\/wp\/v2\/media\/28661"}],"wp:attachment":[{"href":"https:\/\/varibox.best4u.dev\/pl\/wp-json\/wp\/v2\/media?parent=58100"}],"curies":[{"name":"wp","href":"https:\/\/api.w.org\/{rel}","templated":true}]}}