{"id":58066,"date":"2021-12-07T14:29:22","date_gmt":"2021-12-07T13:29:22","guid":{"rendered":"https:\/\/varibox.best4u.dev\/varibox-connect-zadowolenie-klienta\/"},"modified":"2024-11-08T11:41:32","modified_gmt":"2024-11-08T10:41:32","slug":"varibox-connect-zadowolenie-klienta","status":"publish","type":"page","link":"https:\/\/varibox.best4u.dev\/pl\/varibox-connect-zadowolenie-klienta\/","title":{"rendered":"VARIBOX Connect Zadowolenie klienta"},"content":{"rendered":"\n<div class=\"wp-block-ugb-columns ugb-columns ugb-0d5d96e ugb-columns--design-plain ugb-columns--columns-2 ugb-main-block\"><style>.ugb-0d5d96e > .ugb-inner-block > .ugb-block-content > .ugb-columns__item{grid-template-columns:1.40fr 0.60fr !important}.ugb-0d5d96e-content-wrapper > .ugb-column{align-items:center !important}.ugb-0d5d96e-content-wrapper > .ugb-column > .ugb-inner-block{height:auto !important}@media screen and (min-width:768px){.ugb-0d5d96e.ugb-columns{margin-bottom:0px !important;padding-top:0px !important;padding-bottom:82px !important}}<\/style><div class=\"ugb-inner-block\"><div class=\"ugb-block-content\"><div class=\"ugb-columns__item ugb-0d5d96e-content-wrapper\">\n<div class=\"wp-block-ugb-column ugb-column wow animate__animated animate__fadeIn ugb-b383129 ugb-column--design-plain ugb-main-block\"><style>@media screen and (min-width:768px){.ugb-b383129.ugb-column{margin-right:100px !important}.ugb-b383129 > .ugb-inner-block > .ugb-block-content > *{justify-content:center}}@media screen and (min-width:768px) and (max-width:1025px){.ugb-b383129.ugb-column{margin-right:50px !important}}.ugb-b383129 > .ugb-inner-block > .ugb-block-content > *{justify-content:center !important}<\/style><div class=\"ugb-inner-block\"><div class=\"ugb-block-content\"><div class=\"ugb-column__item ugb-b383129-column-wrapper\"><div class=\"ugb-column__content-wrapper\">\n<div class=\"wp-block-ugb-heading ugb-heading wow animate__animated animate__fadeIn ugb-bcdb7f0 ugb-main-block\"><style>@media screen and (max-width:768px){.ugb-bcdb7f0 .ugb-heading__subtitle{margin-bottom:0px !important}}<\/style><div class=\"ugb-inner-block\"><div class=\"ugb-block-content\"><h1 class=\"ugb-heading__title\"><strong>VARIBOX Connect Zadowolenie klienta<\/strong><\/h1><p class=\"ugb-heading__subtitle\">VARIBOX Connect Zadowolenie klienta &#8211; VARIBOX Connect pozwala na usprawnion\u0105 trosk\u0119 o swoich klient\u00f3w, a tym samym na wzrost zadowolenia klienta. Co pomaga rozwija\u0107 firm\u0119, oszcz\u0119dza\u0107 zasoby, ulepsza\u0107 procesy i budowa\u0107 d\u0142ugotrwa\u0142e relacje z klientami. VARIBOX Connect daje ogromn\u0105 przewag\u0119 nad konkurencj\u0105.<\/p><\/div><\/div><\/div>\n\n\n\n<div class=\"wp-block-ugb-button ugb-button-wrapper green-button wow animate__animated animate__fadeIn ugb-ee16d32 ugb-button--mobile-aligned ugb-main-block\"><style>.ugb-ee16d32 .ugb-block-content{justify-content:flex-start !important}.ugb-ee16d32 .ugb-button1 .ugb-button--inner{font-weight:bold !important}.ugb-ee16d32 .ugb-button1:hover{opacity:1}.ugb-ee16d32 .ugb-inner-block{text-align:left}@media screen and (max-width:768px){.ugb-ee16d32 .ugb-block-content{justify-content:center !important}.ugb-ee16d32 .ugb-inner-block{text-align:center}}<\/style><div class=\"ugb-inner-block\"><div class=\"ugb-block-content\"><div class=\"ugb-button-container\"><a class=\"ugb-button1 ugb-button ugb-button--size-normal\" href=\"https:\/\/varibox.best4u.dev\/pl\/skontaktuj-sie-z-nami\/\" rel=\"\" title=\"\"><span class=\"ugb-button--inner\">Skontaktuj si\u0119 z nami<\/span><\/a><\/div><\/div><\/div><\/div>\n<\/div><\/div><\/div><\/div><\/div>\n\n\n\n<div class=\"wp-block-ugb-column ugb-column ugb-e882f9a ugb-column--design-plain ugb-main-block\"><style>@media screen and (min-width:768px){.ugb-e882f9a > .ugb-inner-block > .ugb-block-content > *{justify-content:center}}@media screen and (max-width:768px){.ugb-e882f9a .ugb-inner-block{text-align:center}}.ugb-e882f9a > .ugb-inner-block > .ugb-block-content > *{justify-content:center !important}<\/style><div class=\"ugb-inner-block\"><div class=\"ugb-block-content\"><div class=\"ugb-column__item ugb-e882f9a-column-wrapper\"><div class=\"ugb-column__content-wrapper\">\n<figure class=\"wp-block-image size-full wow animate__animated animate__fadeIn\"><img decoding=\"async\" src=\"https:\/\/varibox.best4u.dev\/wp-content\/uploads\/2024\/10\/VARIBOX-Connect-Personal-Dashboard-Orange.png\" alt=\"VARIBOX Connect Zadowolenie klienta\" class=\"wp-image-12199\"\/><\/figure>\n<\/div><\/div><\/div><\/div><\/div>\n<\/div><\/div><\/div><\/div>\n\n\n\n\n\n<div class=\"alignfull wp-block-ugb-container ugb-container ugb-eae094c ugb-container--v2 ugb-container--design-plain ugb-main-block ugb-main-block--inner-center ugb--has-block-background\"><style>.ugb-eae094c.ugb-container{background-color:var(--theme-palette-color-8,#f8fafc)}.ugb-eae094c.ugb-container:before{background-color:var(--theme-palette-color-8,#f8fafc)}@media screen and (min-width:768px){.ugb-eae094c.ugb-container{padding-top:0px !important;padding-right:35px !important;padding-bottom:0px !important;padding-left:35px !important}}@media screen and (max-width:768px){.ugb-eae094c.ugb-container{padding-top:0px !important;padding-right:18px !important;padding-bottom:0px !important;padding-left:18px !important}}@media screen and (min-width:768px){.ugb-eae094c > .ugb-inner-block > .ugb-block-content > *{padding-top:64px !important;padding-bottom:64px !important}}@media screen and (max-width:768px){.ugb-eae094c > .ugb-inner-block > .ugb-block-content > *{padding-top:0px !important;padding-right:0px !important;padding-bottom:0px !important;padding-left:0px !important}}<\/style><div class=\"ugb-inner-block ugb-inner-block--center\"><div class=\"ugb-block-content\"><div class=\"ugb-container__wrapper ugb-eae094c-wrapper\"><div class=\"ugb-container__side\"><div class=\"ugb-container__content-wrapper ugb-eae094c-content-wrapper\">\n<div class=\"wp-block-ugb-columns ugb-columns ugb-da7e638 ugb-columns--design-plain ugb-columns--columns-2 ugb-main-block\"><style>@media screen and (max-width:768px){.ugb-da7e638 > .ugb-inner-block > .ugb-block-content > .ugb-columns__item > .ugb-column:nth-child(2){grid-area:1 !important}.ugb-da7e638 > .ugb-inner-block > .ugb-block-content > .ugb-columns__item > .ugb-column:nth-child(1){grid-area:2 !important}}<\/style><div class=\"ugb-inner-block\"><div class=\"ugb-block-content\"><div class=\"ugb-columns__item ugb-da7e638-content-wrapper\">\n<div class=\"wp-block-ugb-column ugb-column ugb-528fe48 ugb-column--design-plain ugb-main-block\"><style>@media screen and (min-width:768px){.ugb-528fe48 > .ugb-inner-block > .ugb-block-content > *{justify-content:center}}.ugb-528fe48 > .ugb-inner-block > .ugb-block-content > *{justify-content:center !important}<\/style><div class=\"ugb-inner-block\"><div class=\"ugb-block-content\"><div class=\"ugb-column__item ugb-528fe48-column-wrapper\"><div class=\"ugb-column__content-wrapper\">\n<div class=\"wp-block-ugb-heading ugb-heading wow animate__animated animate__fadeIn ugb-7a10fa5 ugb-main-block\"><style>.ugb-7a10fa5 .ugb-heading__title{margin-bottom:24px !important}.ugb-7a10fa5 .ugb-heading__subtitle{margin-bottom:24px !important}@media screen and (min-width:768px){.ugb-7a10fa5.ugb-heading{margin-bottom:0px !important}}<\/style><div class=\"ugb-inner-block\"><div class=\"ugb-block-content\"><h2 class=\"ugb-heading__title\"><strong>Dbaj\u0105c o klienta zwi\u0119kszamy jego zadowolenie<\/strong><\/h2><p class=\"ugb-heading__subtitle\">VARIBOX Connect daje wi\u0119cej mo\u017cliwo\u015bci dba\u0142o\u015bci o swoich klient\u00f3w. Maj\u0105c wgl\u0105d w dane i widz\u0105c wydajno\u015b\u0107 swoich klient\u00f3w, mo\u017cna zaoferowa\u0107 im wy\u017cszy poziom us\u0142ug i wsparcie. Mo\u017cna oferowa\u0107 swoje produkty nim zdadz\u0105 sobie spraw\u0119, \u017ce potrzebne im s\u0105 nowe pojemniki do dostarczenia nowych produkt\u00f3w chemicznych. W ten spos\u00f3b mo\u017cna wygenerowa\u0107 znacz\u0105c\u0105 przewag\u0119 konkurencyjn\u0105. To jeszcze bardziej wzmocni relacje biznesowe z klientami w d\u0142u\u017cszej perspektywie.<\/p><\/div><\/div><\/div>\n<\/div><\/div><\/div><\/div><\/div>\n\n\n\n<div class=\"wp-block-ugb-column ugb-column ugb-7adc4e3 ugb-column--design-plain ugb-main-block\"><style>@media screen and (min-width:768px){.ugb-7adc4e3 > .ugb-inner-block > .ugb-block-content > *{justify-content:center}}.ugb-7adc4e3 > .ugb-inner-block > .ugb-block-content > *{justify-content:center !important}@media screen and (min-width:768px){.ugb-7adc4e3 > .ugb-inner-block > .ugb-block-content > *{padding-left:15% !important}}@media screen and (min-width:768px) and (max-width:1025px){.ugb-7adc4e3 > .ugb-inner-block > .ugb-block-content > *{padding-top:0px !important;padding-right:0px !important;padding-bottom:0px !important;padding-left:0px !important}}<\/style><div class=\"ugb-inner-block\"><div class=\"ugb-block-content\"><div class=\"ugb-column__item ugb-7adc4e3-column-wrapper\"><div class=\"ugb-column__content-wrapper\">\n<figure class=\"wp-block-image size-full br-8\"><img decoding=\"async\" src=\"https:\/\/varibox.best4u.dev\/wp-content\/uploads\/2024\/10\/image-10.jpg\" alt=\"\" class=\"wp-image-499\"\/><\/figure>\n<\/div><\/div><\/div><\/div><\/div>\n<\/div><\/div><\/div><\/div>\n<\/div><\/div><\/div><\/div><\/div><\/div>\n\n\n\n<div class=\"alignfull wp-block-ugb-container ugb-container ugb-6bcfb57 ugb-container--v2 ugb-container--design-plain ugb-main-block ugb-main-block--inner-center ugb--has-block-background\"><style>.ugb-6bcfb57.ugb-container{background-color:var(--theme-palette-color-8,#f8fafc)}.ugb-6bcfb57.ugb-container:before{background-color:var(--theme-palette-color-8,#f8fafc)}@media screen and (min-width:768px){.ugb-6bcfb57.ugb-container{padding-top:0px !important;padding-right:35px !important;padding-bottom:0px !important;padding-left:35px !important}}@media screen and (max-width:768px){.ugb-6bcfb57.ugb-container{padding-top:0px !important;padding-right:18px !important;padding-bottom:0px !important;padding-left:18px !important}}@media screen and (min-width:768px){.ugb-6bcfb57 > .ugb-inner-block > .ugb-block-content > *{padding-top:64px !important;padding-bottom:64px !important}}@media screen and (max-width:768px){.ugb-6bcfb57 > .ugb-inner-block > .ugb-block-content > *{padding-top:0px !important;padding-right:0px !important;padding-bottom:0px !important;padding-left:0px !important}}<\/style><div class=\"ugb-inner-block ugb-inner-block--center\"><div class=\"ugb-block-content\"><div class=\"ugb-container__wrapper ugb-6bcfb57-wrapper\"><div class=\"ugb-container__side\"><div class=\"ugb-container__content-wrapper ugb-6bcfb57-content-wrapper\">\n<div class=\"wp-block-ugb-columns ugb-columns ugb-d41aa2e ugb-columns--design-plain ugb-columns--columns-2 ugb-main-block\"><div class=\"ugb-inner-block\"><div class=\"ugb-block-content\"><div class=\"ugb-columns__item ugb-d41aa2e-content-wrapper\">\n<div class=\"wp-block-ugb-column ugb-column ugb-25fb582 ugb-column--design-plain ugb-main-block\"><style>@media screen and (min-width:768px){.ugb-25fb582 > .ugb-inner-block > .ugb-block-content > *{justify-content:center}}.ugb-25fb582 > .ugb-inner-block > .ugb-block-content > *{justify-content:center !important}@media screen and (min-width:768px){.ugb-25fb582 > .ugb-inner-block > .ugb-block-content > *{padding-right:15% !important}}@media screen and (min-width:768px) and (max-width:1025px){.ugb-25fb582 > .ugb-inner-block > .ugb-block-content > *{padding-top:0px !important;padding-right:0px !important;padding-bottom:0px !important;padding-left:0px !important}}<\/style><div class=\"ugb-inner-block\"><div class=\"ugb-block-content\"><div class=\"ugb-column__item ugb-25fb582-column-wrapper\"><div class=\"ugb-column__content-wrapper\">\n<figure class=\"wp-block-image size-full br-8\"><img decoding=\"async\" src=\"https:\/\/varibox.best4u.dev\/wp-content\/uploads\/2024\/10\/image-11.jpg\" alt=\"\" class=\"wp-image-503\"\/><\/figure>\n<\/div><\/div><\/div><\/div><\/div>\n\n\n\n<div class=\"wp-block-ugb-column ugb-column ugb-be65981 ugb-column--design-plain ugb-main-block\"><style>@media screen and (min-width:768px){.ugb-be65981 > .ugb-inner-block > .ugb-block-content > *{justify-content:center}}.ugb-be65981 > .ugb-inner-block > .ugb-block-content > *{justify-content:center !important}<\/style><div class=\"ugb-inner-block\"><div class=\"ugb-block-content\"><div class=\"ugb-column__item ugb-be65981-column-wrapper\"><div class=\"ugb-column__content-wrapper\">\n<div class=\"wp-block-ugb-heading ugb-heading wow animate__animated animate__fadeIn ugb-14388e2 ugb-main-block\"><style>.ugb-14388e2 .ugb-heading__title{margin-bottom:24px !important}.ugb-14388e2 .ugb-heading__subtitle{margin-bottom:24px !important}@media screen and (min-width:768px){.ugb-14388e2.ugb-heading{margin-bottom:0px !important}}<\/style><div class=\"ugb-inner-block\"><div class=\"ugb-block-content\"><h2 class=\"ugb-heading__title\"><strong>Chemikalia b\u0119d\u0105 zawsze dost\u0119pne dla klient\u00f3w<\/strong><\/h2><p class=\"ugb-heading__subtitle\">Dzi\u0119ki r\u00f3\u017cnym informacjom generowanym przez VARIBOX Connect pozwala ono dzia\u0142a\u0107 proaktywnie i na czas. Jest to spos\u00f3b na to, by klient pozostawa\u0142 w pewno\u015bci, \u017ce chemikalia mu potrzebne b\u0119d\u0105 zawsze dost\u0119pne do jego dyspozycji. Dbaj\u0105c w ten spos\u00f3b o swojego klienta i upewniaj\u0105c si\u0119, \u017ce jego proces b\u0119dzie zawsze bezproblemowy, stworzy mocniejsze relacje i usprawni jego dzia\u0142alno\u015b\u0107 gospodarcz\u0105.<\/p><\/div><\/div><\/div>\n<\/div><\/div><\/div><\/div><\/div>\n<\/div><\/div><\/div><\/div>\n\n\n\n<div class=\"wp-block-ugb-heading ugb-heading wow animate__animated animate__fadeIn ugb-dae6282 ugb-main-block\"><style>.ugb-dae6282 .ugb-heading__title{text-align:center;margin-bottom:24px !important}.ugb-dae6282 .ugb-heading__subtitle{text-align:center;margin-bottom:64px !important}.ugb-dae6282 .ugb-inner-block{text-align:center}@media screen and (min-width:768px){.ugb-dae6282.ugb-heading{margin-bottom:0px !important}}@media screen and (max-width:1025px){.ugb-dae6282 .ugb-heading__title{text-align:center}.ugb-dae6282 .ugb-inner-block{text-align:center}}@media screen and (max-width:768px){.ugb-dae6282 .ugb-heading__title{text-align:center}.ugb-dae6282 .ugb-heading__subtitle{text-align:center}.ugb-dae6282 .ugb-inner-block{text-align:center}}<\/style><div class=\"ugb-inner-block\"><div class=\"ugb-block-content\"><h2 class=\"ugb-heading__title\"><strong>Lepsze i usprawnione kontrakty<\/strong><\/h2><p class=\"ugb-heading__subtitle\">Dzi\u0119ki wgl\u0105dowi w dane i zachowania klient\u00f3w generowane przez VARIBOX Connect klient\u00f3w swoich mo\u017cna wspiera\u0107 wielorako. Nowe wsparcie daje sposobno\u015bci oferowania us\u0142ug na nowych i wy\u017cszych&nbsp; poziomach, kt\u00f3re pomog\u0105 nawi\u0105za\u0107 nowe i skuteczniejsze kontrakty.<\/p><\/div><\/div><\/div>\n\n\n\n<div class=\"wp-block-ugb-heading ugb-heading wow animate__animated animate__fadeIn ugb-49dbe51 ugb-main-block\"><style>.ugb-49dbe51 .ugb-heading__title{text-align:center;margin-bottom:24px !important}.ugb-49dbe51 .ugb-heading__subtitle{margin-bottom:24px !important}.ugb-49dbe51 .ugb-inner-block{text-align:center}@media screen and (min-width:768px){.ugb-49dbe51.ugb-heading{margin-bottom:0px !important}}<\/style><div class=\"ugb-inner-block\"><div class=\"ugb-block-content\"><h3 class=\"ugb-heading__title\"><strong>Wi\u0119cej informacji na temat VARIBOX Connect <\/strong><\/h3><p class=\"ugb-heading__subtitle\">W przypadku dodatkowych pyta\u0144 dotycz\u0105cych VARIBOX Connect Zadowolenie Klienta lub zasi\u0119gni\u0119cia dodatkowych informacji prosimy o kontakt z nami pod:&nbsp;<a href=\"mailto:info@varibox-ibc.com\">info@varibox-ibc.com<\/a>&nbsp;lub telefonicznie +31 570 660 711<\/p><\/div><\/div><\/div>\n\n\n\n<div class=\"wp-block-ugb-button ugb-button-wrapper green-button wow animate__animated animate__fadeIn ugb-1f269e3 ugb-main-block\"><style>.ugb-1f269e3 .ugb-block-content{justify-content:center !important}.ugb-1f269e3 .ugb-button1 .ugb-button--inner{font-weight:bold !important}.ugb-1f269e3 .ugb-button1:hover{opacity:1}.ugb-1f269e3 .ugb-inner-block{text-align:center}@media screen and (min-width:768px){.ugb-1f269e3.ugb-button-wrapper{margin-top:-10px !important}}<\/style><div class=\"ugb-inner-block\"><div class=\"ugb-block-content\"><div class=\"ugb-button-container\"><a class=\"ugb-button1 ugb-button ugb-button--size-normal\" href=\"https:\/\/varibox.best4u.dev\/pl\/skontaktuj-sie-z-nami\/\" rel=\"\" title=\"\"><span class=\"ugb-button--inner\">Skontaktuj si\u0119 z nami<\/span><\/a><\/div><\/div><\/div><\/div>\n<\/div><\/div><\/div><\/div><\/div><\/div>\n","protected":false},"excerpt":{"rendered":"<p>VARIBOX Connect Zadowolenie klienta VARIBOX Connect Zadowolenie klienta &#8211; VARIBOX Connect pozwala na usprawnion\u0105 trosk\u0119 o swoich klient\u00f3w, a tym samym na wzrost zadowolenia klienta. Co pomaga rozwija\u0107 firm\u0119, oszcz\u0119dza\u0107 zasoby, ulepsza\u0107 procesy i budowa\u0107 d\u0142ugotrwa\u0142e relacje z klientami. VARIBOX Connect daje ogromn\u0105 przewag\u0119 nad konkurencj\u0105. Skontaktuj si\u0119 z nami Dbaj\u0105c o klienta zwi\u0119kszamy jego [&hellip;]<\/p>\n","protected":false},"author":1,"featured_media":27409,"parent":0,"menu_order":0,"comment_status":"open","ping_status":"open","template":"","meta":{"_acf_changed":false,"footnotes":""},"class_list":["post-58066","page","type-page","status-publish","has-post-thumbnail","hentry"],"blocksy_meta":{"styles_descriptor":{"styles":{"desktop":"","tablet":"","mobile":""},"google_fonts":[],"version":6}},"featured_image_urls_v2":{"full":["https:\/\/varibox.best4u.dev\/wp-content\/uploads\/2024\/10\/VARIBOX-Connect-2.png",325,370,false],"thumbnail":["https:\/\/varibox.best4u.dev\/wp-content\/uploads\/2024\/10\/VARIBOX-Connect-2-256x256.png",256,256,true],"medium":["https:\/\/varibox.best4u.dev\/wp-content\/uploads\/2024\/10\/VARIBOX-Connect-2.png",325,370,false],"medium_large":["https:\/\/varibox.best4u.dev\/wp-content\/uploads\/2024\/10\/VARIBOX-Connect-2.png",325,370,false],"large":["https:\/\/varibox.best4u.dev\/wp-content\/uploads\/2024\/10\/VARIBOX-Connect-2.png",325,370,false],"1536x1536":["https:\/\/varibox.best4u.dev\/wp-content\/uploads\/2024\/10\/VARIBOX-Connect-2.png",325,370,false],"2048x2048":["https:\/\/varibox.best4u.dev\/wp-content\/uploads\/2024\/10\/VARIBOX-Connect-2.png",325,370,false],"woocommerce_archive_thumbnail":["https:\/\/varibox.best4u.dev\/wp-content\/uploads\/2024\/10\/VARIBOX-Connect-2-270x307.png",270,307,true],"gform-image-choice-sm":["https:\/\/varibox.best4u.dev\/wp-content\/uploads\/2024\/10\/VARIBOX-Connect-2.png",264,300,false],"gform-image-choice-md":["https:\/\/varibox.best4u.dev\/wp-content\/uploads\/2024\/10\/VARIBOX-Connect-2.png",325,370,false],"gform-image-choice-lg":["https:\/\/varibox.best4u.dev\/wp-content\/uploads\/2024\/10\/VARIBOX-Connect-2.png",325,370,false],"woocommerce_thumbnail":["https:\/\/varibox.best4u.dev\/wp-content\/uploads\/2024\/10\/VARIBOX-Connect-2-270x307.png",270,307,true],"woocommerce_single":["https:\/\/varibox.best4u.dev\/wp-content\/uploads\/2024\/10\/VARIBOX-Connect-2.png",325,370,false],"woocommerce_gallery_thumbnail":["https:\/\/varibox.best4u.dev\/wp-content\/uploads\/2024\/10\/VARIBOX-Connect-2-100x100.png",100,100,true],"variation_swatches_image_size":["https:\/\/varibox.best4u.dev\/wp-content\/uploads\/2024\/10\/VARIBOX-Connect-2-50x50.png",50,50,true],"variation_swatches_tooltip_size":["https:\/\/varibox.best4u.dev\/wp-content\/uploads\/2024\/10\/VARIBOX-Connect-2-100x100.png",100,100,true]},"post_excerpt_stackable_v2":"<p>VARIBOX Connect Zadowolenie klientaVARIBOX Connect Zadowolenie klienta &#8211; VARIBOX Connect pozwala na usprawnion\u0105 trosk\u0119 o swoich klient\u00f3w, a tym samym na wzrost zadowolenia klienta. Co pomaga rozwija\u0107 firm\u0119, oszcz\u0119dza\u0107 zasoby, ulepsza\u0107 procesy i budowa\u0107 d\u0142ugotrwa\u0142e relacje z klientami. VARIBOX Connect daje ogromn\u0105 przewag\u0119 nad konkurencj\u0105. Skontaktuj si\u0119 z nami Dbaj\u0105c o klienta zwi\u0119kszamy jego zadowolenieVARIBOX Connect daje wi\u0119cej mo\u017cliwo\u015bci dba\u0142o\u015bci o swoich klient\u00f3w. Maj\u0105c wgl\u0105d w dane i widz\u0105c wydajno\u015b\u0107 swoich klient\u00f3w, mo\u017cna zaoferowa\u0107 im wy\u017cszy poziom us\u0142ug i wsparcie. Mo\u017cna oferowa\u0107 swoje produkty nim zdadz\u0105 sobie spraw\u0119, \u017ce potrzebne im s\u0105 nowe pojemniki do dostarczenia nowych produkt\u00f3w chemicznych. W&hellip;<\/p>\n","category_list_v2":"","author_info_v2":{"name":"Best4u","url":"https:\/\/varibox.best4u.dev\/pl\/author\/best4u\/"},"comments_num_v2":"0 comments","acf":[],"_links":{"self":[{"href":"https:\/\/varibox.best4u.dev\/pl\/wp-json\/wp\/v2\/pages\/58066","targetHints":{"allow":["GET"]}}],"collection":[{"href":"https:\/\/varibox.best4u.dev\/pl\/wp-json\/wp\/v2\/pages"}],"about":[{"href":"https:\/\/varibox.best4u.dev\/pl\/wp-json\/wp\/v2\/types\/page"}],"author":[{"embeddable":true,"href":"https:\/\/varibox.best4u.dev\/pl\/wp-json\/wp\/v2\/users\/1"}],"replies":[{"embeddable":true,"href":"https:\/\/varibox.best4u.dev\/pl\/wp-json\/wp\/v2\/comments?post=58066"}],"version-history":[{"count":1,"href":"https:\/\/varibox.best4u.dev\/pl\/wp-json\/wp\/v2\/pages\/58066\/revisions"}],"predecessor-version":[{"id":58067,"href":"https:\/\/varibox.best4u.dev\/pl\/wp-json\/wp\/v2\/pages\/58066\/revisions\/58067"}],"wp:featuredmedia":[{"embeddable":true,"href":"https:\/\/varibox.best4u.dev\/pl\/wp-json\/wp\/v2\/media\/27409"}],"wp:attachment":[{"href":"https:\/\/varibox.best4u.dev\/pl\/wp-json\/wp\/v2\/media?parent=58066"}],"curies":[{"name":"wp","href":"https:\/\/api.w.org\/{rel}","templated":true}]}}