{"id":58008,"date":"2021-12-07T14:33:40","date_gmt":"2021-12-07T13:33:40","guid":{"rendered":"https:\/\/varibox.best4u.dev\/varibox-connect-efektywnosc-floty\/"},"modified":"2024-11-08T11:41:32","modified_gmt":"2024-11-08T10:41:32","slug":"varibox-connect-efektywnosc-floty","status":"publish","type":"page","link":"https:\/\/varibox.best4u.dev\/pl\/varibox-connect-efektywnosc-floty\/","title":{"rendered":"Wgl\u0105d w dane VARIBOX Connect"},"content":{"rendered":"\n<div class=\"wp-block-ugb-columns ugb-columns ugb-0d5d96e ugb-columns--design-plain ugb-columns--columns-2 ugb-main-block\"><style>.ugb-0d5d96e > .ugb-inner-block > .ugb-block-content > .ugb-columns__item{grid-template-columns:1.40fr 0.60fr !important}.ugb-0d5d96e-content-wrapper > .ugb-column{align-items:center !important}.ugb-0d5d96e-content-wrapper > .ugb-column > .ugb-inner-block{height:auto !important}@media screen and (min-width:768px){.ugb-0d5d96e.ugb-columns{margin-bottom:0px !important;padding-top:0px !important;padding-bottom:82px !important}}<\/style><div class=\"ugb-inner-block\"><div class=\"ugb-block-content\"><div class=\"ugb-columns__item ugb-0d5d96e-content-wrapper\">\n<div class=\"wp-block-ugb-column ugb-column wow animate__animated animate__fadeIn ugb-b383129 ugb-column--design-plain ugb-main-block\"><style>@media screen and (min-width:768px){.ugb-b383129.ugb-column{margin-right:100px !important}.ugb-b383129 > .ugb-inner-block > .ugb-block-content > *{justify-content:center}}@media screen and (min-width:768px) and (max-width:1025px){.ugb-b383129.ugb-column{margin-right:50px !important}}.ugb-b383129 > .ugb-inner-block > .ugb-block-content > *{justify-content:center !important}<\/style><div class=\"ugb-inner-block\"><div class=\"ugb-block-content\"><div class=\"ugb-column__item ugb-b383129-column-wrapper\"><div class=\"ugb-column__content-wrapper\">\n<div class=\"wp-block-ugb-heading ugb-heading wow animate__animated animate__fadeIn ugb-bcdb7f0 ugb-main-block\"><style>@media screen and (max-width:768px){.ugb-bcdb7f0 .ugb-heading__subtitle{margin-bottom:0px !important}}<\/style><div class=\"ugb-inner-block\"><div class=\"ugb-block-content\"><h1 class=\"ugb-heading__title\"><strong>VARIBOX Connect Efektywno\u015b\u0107 floty<\/strong><\/h1><p class=\"ugb-heading__subtitle\">VARIBOX Connect Efektywno\u015b\u0107 floty &#8211; Wa\u017cn\u0105 zalet\u0105 VARIBOX Connect jest to, i\u017c daje ono mo\u017cliwo\u015b\u0107 zwi\u0119kszenia wydajno\u015bci floty dla maksymalizacji zysku. VARIBOX Connect zapewni narz\u0119dzia do uzyskania wgl\u0105du w ca\u0142y proces od nape\u0142niania w magazynie po wykorzystanie produktu chemicznego u klienta. Na tej stronie przedstawione s\u0105 trzy sposoby na zwi\u0119kszenie wydajno\u015bci floty VARIBOX (IBC).<\/p><\/div><\/div><\/div>\n\n\n\n<div class=\"wp-block-ugb-button ugb-button-wrapper green-button wow animate__animated animate__fadeIn ugb-ee16d32 ugb-button--mobile-aligned ugb-main-block\"><style>.ugb-ee16d32 .ugb-block-content{justify-content:flex-start !important}.ugb-ee16d32 .ugb-button1 .ugb-button--inner{font-weight:bold !important}.ugb-ee16d32 .ugb-button1:hover{opacity:1}.ugb-ee16d32 .ugb-inner-block{text-align:left}@media screen and (max-width:768px){.ugb-ee16d32 .ugb-block-content{justify-content:center !important}.ugb-ee16d32 .ugb-inner-block{text-align:center}}<\/style><div class=\"ugb-inner-block\"><div class=\"ugb-block-content\"><div class=\"ugb-button-container\"><a class=\"ugb-button1 ugb-button ugb-button--size-normal\" href=\"https:\/\/varibox.best4u.dev\/pl\/skontaktuj-sie-z-nami\/\" rel=\"\" title=\"\"><span class=\"ugb-button--inner\">Skontaktuj si\u0119 z nami<\/span><\/a><\/div><\/div><\/div><\/div>\n<\/div><\/div><\/div><\/div><\/div>\n\n\n\n<div class=\"wp-block-ugb-column ugb-column ugb-e882f9a ugb-column--design-plain ugb-main-block\"><style>@media screen and (min-width:768px){.ugb-e882f9a > .ugb-inner-block > .ugb-block-content > *{justify-content:center}}@media screen and (max-width:768px){.ugb-e882f9a .ugb-inner-block{text-align:center}}.ugb-e882f9a > .ugb-inner-block > .ugb-block-content > *{justify-content:center !important}<\/style><div class=\"ugb-inner-block\"><div class=\"ugb-block-content\"><div class=\"ugb-column__item ugb-e882f9a-column-wrapper\"><div class=\"ugb-column__content-wrapper\">\n<figure class=\"wp-block-image size-full wow animate__animated animate__fadeIn\"><img decoding=\"async\" src=\"https:\/\/varibox.best4u.dev\/wp-content\/uploads\/2024\/10\/VARIBOX-Fleet-Efficieny-PC.png\" alt=\"VARIBOX Fleet Efficieny PC\" class=\"wp-image-12250\"\/><\/figure>\n<\/div><\/div><\/div><\/div><\/div>\n<\/div><\/div><\/div><\/div>\n\n\n\n\n\n<div class=\"alignfull wp-block-ugb-container ugb-container ugb-eae094c ugb-container--v2 ugb-container--design-plain ugb-main-block ugb-main-block--inner-center ugb--has-block-background\"><style>.ugb-eae094c.ugb-container{background-color:var(--theme-palette-color-8,#f8fafc)}.ugb-eae094c.ugb-container:before{background-color:var(--theme-palette-color-8,#f8fafc)}@media screen and (min-width:768px){.ugb-eae094c.ugb-container{padding-top:0px !important;padding-right:35px !important;padding-bottom:0px !important;padding-left:35px !important}}@media screen and (max-width:768px){.ugb-eae094c.ugb-container{padding-top:0px !important;padding-right:18px !important;padding-bottom:0px !important;padding-left:18px !important}}@media screen and (min-width:768px){.ugb-eae094c > .ugb-inner-block > .ugb-block-content > *{padding-top:64px !important;padding-bottom:64px !important}}@media screen and (max-width:768px){.ugb-eae094c > .ugb-inner-block > .ugb-block-content > *{padding-top:0px !important;padding-right:0px !important;padding-bottom:0px !important;padding-left:0px !important}}<\/style><div class=\"ugb-inner-block ugb-inner-block--center\"><div class=\"ugb-block-content\"><div class=\"ugb-container__wrapper ugb-eae094c-wrapper\"><div class=\"ugb-container__side\"><div class=\"ugb-container__content-wrapper ugb-eae094c-content-wrapper\">\n<div class=\"wp-block-ugb-columns ugb-columns ugb-da7e638 ugb-columns--design-plain ugb-columns--columns-2 ugb-main-block\"><style>@media screen and (max-width:768px){.ugb-da7e638 > .ugb-inner-block > .ugb-block-content > .ugb-columns__item > .ugb-column:nth-child(2){grid-area:1 !important}.ugb-da7e638 > .ugb-inner-block > .ugb-block-content > .ugb-columns__item > .ugb-column:nth-child(1){grid-area:2 !important}}<\/style><div class=\"ugb-inner-block\"><div class=\"ugb-block-content\"><div class=\"ugb-columns__item ugb-da7e638-content-wrapper\">\n<div class=\"wp-block-ugb-column ugb-column ugb-528fe48 ugb-column--design-plain ugb-main-block\"><style>@media screen and (min-width:768px){.ugb-528fe48 > .ugb-inner-block > .ugb-block-content > *{justify-content:center}}.ugb-528fe48 > .ugb-inner-block > .ugb-block-content > *{justify-content:center !important}<\/style><div class=\"ugb-inner-block\"><div class=\"ugb-block-content\"><div class=\"ugb-column__item ugb-528fe48-column-wrapper\"><div class=\"ugb-column__content-wrapper\">\n<div class=\"wp-block-ugb-heading ugb-heading wow animate__animated animate__fadeIn ugb-7a10fa5 ugb-main-block\"><style>.ugb-7a10fa5 .ugb-heading__title{margin-bottom:24px !important}.ugb-7a10fa5 .ugb-heading__subtitle{margin-bottom:24px !important}@media screen and (min-width:768px){.ugb-7a10fa5.ugb-heading{margin-bottom:0px !important}}<\/style><div class=\"ugb-inner-block\"><div class=\"ugb-block-content\"><h2 class=\"ugb-heading__title\"><strong>Wska\u017anik dopasowania zu\u017cycia<\/strong><\/h2><p class=\"ugb-heading__subtitle\">VARIBOX Connect daje sposobno\u015b\u0107 wgl\u0105du w zu\u017cycie chemikali\u00f3w u swoich klient\u00f3w oraz momentu, w kt\u00f3rym wyczerpie si\u0119 dostarczony produkt. Dzi\u0119ki tym danym generowanym przez Connect mo\u017cliwe staje si\u0119 dopasowanie stopnia zu\u017cycia u klienta oraz w\u0142asnego procesu. Poprzez optymalizacj\u0119 procesu unika si\u0119 zak\u0142\u00f3ce\u0144 powstaj\u0105cych w ostatniej chwili, a obs\u0142uga klient\u00f3w i dostawa nowych produkt\u00f3w b\u0119d\u0105 realizowane na czas.<\/p><\/div><\/div><\/div>\n<\/div><\/div><\/div><\/div><\/div>\n\n\n\n<div class=\"wp-block-ugb-column ugb-column ugb-7adc4e3 ugb-column--design-plain ugb-main-block\"><style>@media screen and (min-width:768px){.ugb-7adc4e3 > .ugb-inner-block > .ugb-block-content > *{justify-content:center}}.ugb-7adc4e3 > .ugb-inner-block > .ugb-block-content > *{justify-content:center !important}@media screen and (min-width:768px){.ugb-7adc4e3 > .ugb-inner-block > .ugb-block-content > *{padding-left:15% !important}}@media screen and (min-width:768px) and (max-width:1025px){.ugb-7adc4e3 > .ugb-inner-block > .ugb-block-content > *{padding-top:0px !important;padding-right:0px !important;padding-bottom:0px !important;padding-left:0px !important}}<\/style><div class=\"ugb-inner-block\"><div class=\"ugb-block-content\"><div class=\"ugb-column__item ugb-7adc4e3-column-wrapper\"><div class=\"ugb-column__content-wrapper\">\n<figure class=\"wp-block-image size-full br-8 wow animate__animated animate__fadeIn\"><img decoding=\"async\" src=\"https:\/\/varibox.best4u.dev\/wp-content\/uploads\/2024\/10\/VARIBOX-Connect-Match-consumption-rate.png\" alt=\"VARIBOX Connect Match consumption rate\" class=\"wp-image-12211\"\/><\/figure>\n<\/div><\/div><\/div><\/div><\/div>\n<\/div><\/div><\/div><\/div>\n<\/div><\/div><\/div><\/div><\/div><\/div>\n\n\n\n<div class=\"alignfull wp-block-ugb-container ugb-container ugb-6bcfb57 ugb-container--v2 ugb-container--design-plain ugb-main-block ugb-main-block--inner-center ugb--has-block-background\"><style>.ugb-6bcfb57.ugb-container{background-color:var(--theme-palette-color-8,#f8fafc)}.ugb-6bcfb57.ugb-container:before{background-color:var(--theme-palette-color-8,#f8fafc)}@media screen and (min-width:768px){.ugb-6bcfb57.ugb-container{padding-top:0px !important;padding-right:35px !important;padding-bottom:0px !important;padding-left:35px !important}}@media screen and (max-width:768px){.ugb-6bcfb57.ugb-container{padding-top:0px !important;padding-right:18px !important;padding-bottom:0px !important;padding-left:18px !important}}@media screen and (min-width:768px){.ugb-6bcfb57 > .ugb-inner-block > .ugb-block-content > *{padding-top:64px !important;padding-bottom:64px !important}}@media screen and (max-width:768px){.ugb-6bcfb57 > .ugb-inner-block > .ugb-block-content > *{padding-top:0px !important;padding-right:0px !important;padding-bottom:0px !important;padding-left:0px !important}}<\/style><div class=\"ugb-inner-block ugb-inner-block--center\"><div class=\"ugb-block-content\"><div class=\"ugb-container__wrapper ugb-6bcfb57-wrapper\"><div class=\"ugb-container__side\"><div class=\"ugb-container__content-wrapper ugb-6bcfb57-content-wrapper\">\n<div class=\"wp-block-ugb-columns ugb-columns ugb-d41aa2e ugb-columns--design-plain ugb-columns--columns-2 ugb-main-block\"><div class=\"ugb-inner-block\"><div class=\"ugb-block-content\"><div class=\"ugb-columns__item ugb-d41aa2e-content-wrapper\">\n<div class=\"wp-block-ugb-column ugb-column ugb-25fb582 ugb-column--design-plain ugb-main-block\"><style>@media screen and (min-width:768px){.ugb-25fb582 > .ugb-inner-block > .ugb-block-content > *{justify-content:center}}.ugb-25fb582 > .ugb-inner-block > .ugb-block-content > *{justify-content:center !important}@media screen and (min-width:768px){.ugb-25fb582 > .ugb-inner-block > .ugb-block-content > *{padding-right:15% !important}}@media screen and (min-width:768px) and (max-width:1025px){.ugb-25fb582 > .ugb-inner-block > .ugb-block-content > *{padding-top:0px !important;padding-right:0px !important;padding-bottom:0px !important;padding-left:0px !important}}<\/style><div class=\"ugb-inner-block\"><div class=\"ugb-block-content\"><div class=\"ugb-column__item ugb-25fb582-column-wrapper\"><div class=\"ugb-column__content-wrapper\">\n<figure class=\"wp-block-image size-full br-8 wow animate__animated animate__fadeIn\"><img decoding=\"async\" src=\"https:\/\/varibox.best4u.dev\/wp-content\/uploads\/2024\/10\/VARIBOX-Connect-Reduce-time-empty-or-time-full.png\" alt=\"VARIBOX Connect Reduce time empty or time full\" class=\"wp-image-12222\"\/><\/figure>\n<\/div><\/div><\/div><\/div><\/div>\n\n\n\n<div class=\"wp-block-ugb-column ugb-column ugb-be65981 ugb-column--design-plain ugb-main-block\"><style>@media screen and (min-width:768px){.ugb-be65981 > .ugb-inner-block > .ugb-block-content > *{justify-content:center}}.ugb-be65981 > .ugb-inner-block > .ugb-block-content > *{justify-content:center !important}<\/style><div class=\"ugb-inner-block\"><div class=\"ugb-block-content\"><div class=\"ugb-column__item ugb-be65981-column-wrapper\"><div class=\"ugb-column__content-wrapper\">\n<div class=\"wp-block-ugb-heading ugb-heading wow animate__animated animate__fadeIn ugb-14388e2 ugb-main-block\"><style>.ugb-14388e2 .ugb-heading__title{margin-bottom:24px !important}.ugb-14388e2 .ugb-heading__subtitle{margin-bottom:24px !important}@media screen and (min-width:768px){.ugb-14388e2.ugb-heading{margin-bottom:0px !important}}<\/style><div class=\"ugb-inner-block\"><div class=\"ugb-block-content\"><h2 class=\"ugb-heading__title\"><strong>Skr\u00f3cenie czasu pusty lub pe\u0142ny pojemnik<\/strong><\/h2><p class=\"ugb-heading__subtitle\">Posiadane &nbsp;IBC VARIBOX to pojemniki wielokrotnego u\u017cytku, kt\u00f3re zapewniaj\u0105 \u015bwiadczenie d\u0142ugotrwa\u0142ych us\u0142ug przez okres do dziesi\u0119ciu lat. Oczywi\u015bcie, przemieszcze\u0144 trzeba wykona\u0107 jak najwi\u0119cej w tym czasie. Dzi\u0119ki VARIBOX Connect dost\u0119pny b\u0119dzie wgl\u0105d w wykorzystanie ka\u017cdego pojemnika. Zredukowanie okres\u00f3w \u201epuste\u201d i \u201epe\u0142ne\u201d pozwala zwi\u0119kszy\u0107 cz\u0119stotliwo\u015b\u0107 przemieszczania swojej floty VARIBOX. Tym sposobem ka\u017cdy pojemnik mo\u017ce zosta\u0107 przemieszczany cz\u0119\u015bciej i sprzeda\u0107 wi\u0119cej swojego produktu chemicznego. A i liczba klient\u00f3w dzi\u0119ki tej samej flocie pojemnik\u00f3w VARIBOX mo\u017ce by\u0107 zwi\u0119kszona. Przek\u0142ada to si\u0119 na mniejsz\u0105 liczb\u0119 pojemnik\u00f3w VARIBOX do zakupu.<\/p><\/div><\/div><\/div>\n<\/div><\/div><\/div><\/div><\/div>\n<\/div><\/div><\/div><\/div>\n<\/div><\/div><\/div><\/div><\/div><\/div>\n\n\n\n<div class=\"alignfull wp-block-ugb-container ugb-container ugb-2af0fe1 ugb-container--v2 ugb-container--design-plain ugb-main-block ugb-main-block--inner-center ugb--has-block-background\"><style>.ugb-2af0fe1.ugb-container{background-color:var(--theme-palette-color-8,#f8fafc)}.ugb-2af0fe1.ugb-container:before{background-color:var(--theme-palette-color-8,#f8fafc)}@media screen and (min-width:768px){.ugb-2af0fe1.ugb-container{padding-top:0px !important;padding-right:35px !important;padding-bottom:0px !important;padding-left:35px !important}}@media screen and (max-width:768px){.ugb-2af0fe1.ugb-container{padding-top:0px !important;padding-right:18px !important;padding-bottom:0px !important;padding-left:18px !important}}@media screen and (min-width:768px){.ugb-2af0fe1 > .ugb-inner-block > .ugb-block-content > *{padding-top:64px !important;padding-bottom:64px !important}}@media screen and (max-width:768px){.ugb-2af0fe1 > .ugb-inner-block > .ugb-block-content > *{padding-top:0px !important;padding-right:0px !important;padding-bottom:0px !important;padding-left:0px !important}}<\/style><div class=\"ugb-inner-block ugb-inner-block--center\"><div class=\"ugb-block-content\"><div class=\"ugb-container__wrapper ugb-2af0fe1-wrapper\"><div class=\"ugb-container__side\"><div class=\"ugb-container__content-wrapper ugb-2af0fe1-content-wrapper\">\n<div class=\"wp-block-ugb-columns ugb-columns ugb-f913b58 ugb-columns--design-plain ugb-columns--columns-2 ugb-main-block\"><style>@media screen and (max-width:768px){.ugb-f913b58 > .ugb-inner-block > .ugb-block-content > .ugb-columns__item > .ugb-column:nth-child(2){grid-area:1 !important}.ugb-f913b58 > .ugb-inner-block > .ugb-block-content > .ugb-columns__item > .ugb-column:nth-child(1){grid-area:2 !important}}<\/style><div class=\"ugb-inner-block\"><div class=\"ugb-block-content\"><div class=\"ugb-columns__item ugb-f913b58-content-wrapper\">\n<div class=\"wp-block-ugb-column ugb-column ugb-ec359de ugb-column--design-plain ugb-main-block\"><style>@media screen and (min-width:768px){.ugb-ec359de > .ugb-inner-block > .ugb-block-content > *{justify-content:center}}.ugb-ec359de > .ugb-inner-block > .ugb-block-content > *{justify-content:center !important}<\/style><div class=\"ugb-inner-block\"><div class=\"ugb-block-content\"><div class=\"ugb-column__item ugb-ec359de-column-wrapper\"><div class=\"ugb-column__content-wrapper\">\n<div class=\"wp-block-ugb-heading ugb-heading wow animate__animated animate__fadeIn ugb-426acb3 ugb-main-block\"><style>.ugb-426acb3 .ugb-heading__title{margin-bottom:24px !important}.ugb-426acb3 .ugb-heading__subtitle{margin-bottom:24px !important}@media screen and (min-width:768px){.ugb-426acb3.ugb-heading{margin-bottom:0px !important}}<\/style><div class=\"ugb-inner-block\"><div class=\"ugb-block-content\"><h2 class=\"ugb-heading__title\"><strong>Optymalizacja procesu logistycznego<\/strong><\/h2><p class=\"ugb-heading__subtitle\">Informacje generowane przez VARIBOX Connect daj\u0105 sposobno\u015b\u0107 optymalizacji procesu logistycznego: znana jest dok\u0142adna lokalizacja i swojej floty i czas pobytu w ka\u017cdej lokalizacji. Daty odbioru daj\u0105 si\u0119 przewidywa\u0107, pojawi\u0105 si\u0119 potencjalne okazje do obj\u0119cia us\u0142ug\u0105 na trasie, a trasa transportu planowana skuteczniej. Zatem wi\u0119cej odebranych pojemnik\u00f3w VARIBOX przy rzadszym transporcie, co zmniejszy koszty transportu.<\/p><\/div><\/div><\/div>\n<\/div><\/div><\/div><\/div><\/div>\n\n\n\n<div class=\"wp-block-ugb-column ugb-column ugb-194b7e8 ugb-column--design-plain ugb-main-block\"><style>@media screen and (min-width:768px){.ugb-194b7e8 > .ugb-inner-block > .ugb-block-content > *{justify-content:center}}.ugb-194b7e8 > .ugb-inner-block > .ugb-block-content > *{justify-content:center !important}@media screen and (min-width:768px){.ugb-194b7e8 > .ugb-inner-block > .ugb-block-content > *{padding-left:15% !important}}@media screen and (min-width:768px) and (max-width:1025px){.ugb-194b7e8 > .ugb-inner-block > .ugb-block-content > *{padding-top:0px !important;padding-right:0px !important;padding-bottom:0px !important;padding-left:0px !important}}<\/style><div class=\"ugb-inner-block\"><div class=\"ugb-block-content\"><div class=\"ugb-column__item ugb-194b7e8-column-wrapper\"><div class=\"ugb-column__content-wrapper\">\n<figure class=\"wp-block-image size-full br-8 wow animate__animated animate__fadeIn\"><img decoding=\"async\" src=\"https:\/\/varibox.best4u.dev\/wp-content\/uploads\/2024\/10\/VARIBOX-Conenct-Optimize-your-logistic-process.png\" alt=\"VARIBOX Conenct Optimize your logistic process\" class=\"wp-image-12217\"\/><\/figure>\n<\/div><\/div><\/div><\/div><\/div>\n<\/div><\/div><\/div><\/div>\n<\/div><\/div><\/div><\/div><\/div><\/div>\n\n\n\n<div class=\"alignfull wp-block-ugb-container ugb-container ugb-5563735 ugb-container--v2 ugb-container--design-plain ugb-main-block ugb-main-block--inner-center ugb--has-block-background\"><style>.ugb-5563735.ugb-container{background-color:var(--theme-palette-color-8,#f8fafc)}.ugb-5563735.ugb-container:before{background-color:var(--theme-palette-color-8,#f8fafc)}@media screen and (min-width:768px){.ugb-5563735.ugb-container{padding-top:0px !important;padding-right:35px !important;padding-bottom:0px !important;padding-left:35px !important}}@media screen and (max-width:768px){.ugb-5563735.ugb-container{padding-top:0px !important;padding-right:18px !important;padding-bottom:60px !important;padding-left:18px !important}}@media screen and (min-width:768px){.ugb-5563735 > .ugb-inner-block > .ugb-block-content > *{padding-top:64px !important;padding-bottom:64px !important}}@media screen and (max-width:768px){.ugb-5563735 > .ugb-inner-block > .ugb-block-content > *{padding-top:0px !important;padding-right:0px !important;padding-bottom:0px !important;padding-left:0px !important}}<\/style><div class=\"ugb-inner-block ugb-inner-block--center\"><div class=\"ugb-block-content\"><div class=\"ugb-container__wrapper ugb-5563735-wrapper\"><div class=\"ugb-container__side\"><div class=\"ugb-container__content-wrapper ugb-5563735-content-wrapper\">\n<div class=\"wp-block-ugb-heading ugb-heading wow animate__animated animate__fadeIn ugb-5ca6fcf ugb-main-block\"><style>.ugb-5ca6fcf .ugb-heading__title{text-align:center;margin-bottom:24px !important}.ugb-5ca6fcf .ugb-heading__subtitle{margin-bottom:24px !important}.ugb-5ca6fcf .ugb-inner-block{text-align:center}@media screen and (min-width:768px){.ugb-5ca6fcf.ugb-heading{margin-bottom:0px !important}}<\/style><div class=\"ugb-inner-block\"><div class=\"ugb-block-content\"><h3 class=\"ugb-heading__title\"><strong>Wi\u0119cej informacji na temat VARIBOX Connect Efektywno\u015b\u0107 floty<\/strong><\/h3><p class=\"ugb-heading__subtitle\">W przypadku dodatkowych pyta\u0144 dotycz\u0105cych VARIBOX Connect Efektywno\u015b\u0107 floty lub zasi\u0119gni\u0119cia dodatkowych informacji prosimy o kontakt z nami pod:&nbsp;<a href=\"mailto:info@varibox-ibc.com\">info@varibox-ibc.com<\/a>&nbsp;lub telefonicznie +31 570 660 711<\/p><\/div><\/div><\/div>\n\n\n\n<div class=\"wp-block-ugb-button ugb-button-wrapper green-button wow animate__animated animate__fadeIn ugb-f7dec0e ugb-main-block\"><style>.ugb-f7dec0e .ugb-block-content{justify-content:center !important}.ugb-f7dec0e .ugb-button1 .ugb-button--inner{font-weight:bold !important}.ugb-f7dec0e .ugb-button1:hover{opacity:1}.ugb-f7dec0e .ugb-inner-block{text-align:center}@media screen and (min-width:768px){.ugb-f7dec0e.ugb-button-wrapper{margin-top:-10px !important}}<\/style><div class=\"ugb-inner-block\"><div class=\"ugb-block-content\"><div class=\"ugb-button-container\"><a class=\"ugb-button1 ugb-button ugb-button--size-normal\" href=\"https:\/\/varibox.best4u.dev\/pl\/skontaktuj-sie-z-nami\/\" rel=\"\" title=\"\"><span class=\"ugb-button--inner\">Skontaktuj si\u0119 z nami<\/span><\/a><\/div><\/div><\/div><\/div>\n<\/div><\/div><\/div><\/div><\/div><\/div>\n","protected":false},"excerpt":{"rendered":"<p>VARIBOX Connect Efektywno\u015b\u0107 floty VARIBOX Connect Efektywno\u015b\u0107 floty &#8211; Wa\u017cn\u0105 zalet\u0105 VARIBOX Connect jest to, i\u017c daje ono mo\u017cliwo\u015b\u0107 zwi\u0119kszenia wydajno\u015bci floty dla maksymalizacji zysku. VARIBOX Connect zapewni narz\u0119dzia do uzyskania wgl\u0105du w ca\u0142y proces od nape\u0142niania w magazynie po wykorzystanie produktu chemicznego u klienta. Na tej stronie przedstawione s\u0105 trzy sposoby na zwi\u0119kszenie wydajno\u015bci [&hellip;]<\/p>\n","protected":false},"author":1,"featured_media":27409,"parent":0,"menu_order":0,"comment_status":"open","ping_status":"open","template":"","meta":{"_acf_changed":false,"footnotes":""},"class_list":["post-58008","page","type-page","status-publish","has-post-thumbnail","hentry"],"blocksy_meta":{"styles_descriptor":{"styles":{"desktop":"","tablet":"","mobile":""},"google_fonts":[],"version":6}},"featured_image_urls_v2":{"full":["https:\/\/varibox.best4u.dev\/wp-content\/uploads\/2024\/10\/VARIBOX-Connect-2.png",325,370,false],"thumbnail":["https:\/\/varibox.best4u.dev\/wp-content\/uploads\/2024\/10\/VARIBOX-Connect-2-256x256.png",256,256,true],"medium":["https:\/\/varibox.best4u.dev\/wp-content\/uploads\/2024\/10\/VARIBOX-Connect-2.png",325,370,false],"medium_large":["https:\/\/varibox.best4u.dev\/wp-content\/uploads\/2024\/10\/VARIBOX-Connect-2.png",325,370,false],"large":["https:\/\/varibox.best4u.dev\/wp-content\/uploads\/2024\/10\/VARIBOX-Connect-2.png",325,370,false],"1536x1536":["https:\/\/varibox.best4u.dev\/wp-content\/uploads\/2024\/10\/VARIBOX-Connect-2.png",325,370,false],"2048x2048":["https:\/\/varibox.best4u.dev\/wp-content\/uploads\/2024\/10\/VARIBOX-Connect-2.png",325,370,false],"woocommerce_archive_thumbnail":["https:\/\/varibox.best4u.dev\/wp-content\/uploads\/2024\/10\/VARIBOX-Connect-2-270x307.png",270,307,true],"gform-image-choice-sm":["https:\/\/varibox.best4u.dev\/wp-content\/uploads\/2024\/10\/VARIBOX-Connect-2.png",264,300,false],"gform-image-choice-md":["https:\/\/varibox.best4u.dev\/wp-content\/uploads\/2024\/10\/VARIBOX-Connect-2.png",325,370,false],"gform-image-choice-lg":["https:\/\/varibox.best4u.dev\/wp-content\/uploads\/2024\/10\/VARIBOX-Connect-2.png",325,370,false],"woocommerce_thumbnail":["https:\/\/varibox.best4u.dev\/wp-content\/uploads\/2024\/10\/VARIBOX-Connect-2-270x307.png",270,307,true],"woocommerce_single":["https:\/\/varibox.best4u.dev\/wp-content\/uploads\/2024\/10\/VARIBOX-Connect-2.png",325,370,false],"woocommerce_gallery_thumbnail":["https:\/\/varibox.best4u.dev\/wp-content\/uploads\/2024\/10\/VARIBOX-Connect-2-100x100.png",100,100,true],"variation_swatches_image_size":["https:\/\/varibox.best4u.dev\/wp-content\/uploads\/2024\/10\/VARIBOX-Connect-2-50x50.png",50,50,true],"variation_swatches_tooltip_size":["https:\/\/varibox.best4u.dev\/wp-content\/uploads\/2024\/10\/VARIBOX-Connect-2-100x100.png",100,100,true]},"post_excerpt_stackable_v2":"<p>VARIBOX Connect Efektywno\u015b\u0107 flotyVARIBOX Connect Efektywno\u015b\u0107 floty &#8211; Wa\u017cn\u0105 zalet\u0105 VARIBOX Connect jest to, i\u017c daje ono mo\u017cliwo\u015b\u0107 zwi\u0119kszenia wydajno\u015bci floty dla maksymalizacji zysku. VARIBOX Connect zapewni narz\u0119dzia do uzyskania wgl\u0105du w ca\u0142y proces od nape\u0142niania w magazynie po wykorzystanie produktu chemicznego u klienta. Na tej stronie przedstawione s\u0105 trzy sposoby na zwi\u0119kszenie wydajno\u015bci floty VARIBOX (IBC). Skontaktuj si\u0119 z nami Wska\u017anik dopasowania zu\u017cyciaVARIBOX Connect daje sposobno\u015b\u0107 wgl\u0105du w zu\u017cycie chemikali\u00f3w u swoich klient\u00f3w oraz momentu, w kt\u00f3rym wyczerpie si\u0119 dostarczony produkt. Dzi\u0119ki tym danym generowanym przez Connect mo\u017cliwe staje si\u0119 dopasowanie stopnia zu\u017cycia u klienta oraz w\u0142asnego procesu. Poprzez&hellip;<\/p>\n","category_list_v2":"","author_info_v2":{"name":"Best4u","url":"https:\/\/varibox.best4u.dev\/pl\/author\/best4u\/"},"comments_num_v2":"0 comments","acf":[],"_links":{"self":[{"href":"https:\/\/varibox.best4u.dev\/pl\/wp-json\/wp\/v2\/pages\/58008","targetHints":{"allow":["GET"]}}],"collection":[{"href":"https:\/\/varibox.best4u.dev\/pl\/wp-json\/wp\/v2\/pages"}],"about":[{"href":"https:\/\/varibox.best4u.dev\/pl\/wp-json\/wp\/v2\/types\/page"}],"author":[{"embeddable":true,"href":"https:\/\/varibox.best4u.dev\/pl\/wp-json\/wp\/v2\/users\/1"}],"replies":[{"embeddable":true,"href":"https:\/\/varibox.best4u.dev\/pl\/wp-json\/wp\/v2\/comments?post=58008"}],"version-history":[{"count":1,"href":"https:\/\/varibox.best4u.dev\/pl\/wp-json\/wp\/v2\/pages\/58008\/revisions"}],"predecessor-version":[{"id":58009,"href":"https:\/\/varibox.best4u.dev\/pl\/wp-json\/wp\/v2\/pages\/58008\/revisions\/58009"}],"wp:featuredmedia":[{"embeddable":true,"href":"https:\/\/varibox.best4u.dev\/pl\/wp-json\/wp\/v2\/media\/27409"}],"wp:attachment":[{"href":"https:\/\/varibox.best4u.dev\/pl\/wp-json\/wp\/v2\/media?parent=58008"}],"curies":[{"name":"wp","href":"https:\/\/api.w.org\/{rel}","templated":true}]}}