{"id":57983,"date":"2021-12-22T13:32:36","date_gmt":"2021-12-22T12:32:36","guid":{"rendered":"https:\/\/varibox.best4u.dev\/podlaczanie-safeline-performance\/"},"modified":"2024-11-08T11:41:31","modified_gmt":"2024-11-08T10:41:31","slug":"podlaczanie-safeline-performance","status":"publish","type":"page","link":"https:\/\/varibox.best4u.dev\/pl\/podlaczanie-safeline-performance\/","title":{"rendered":"Pod\u0142\u0105czanie Safeline Performance"},"content":{"rendered":"\n<div class=\"wp-block-ugb-columns ugb-columns ugb-0d5d96e ugb-columns--design-plain ugb-columns--columns-2 ugb-main-block\"><style>.ugb-0d5d96e > .ugb-inner-block > .ugb-block-content > .ugb-columns__item{grid-template-columns:1.40fr 0.60fr !important}@media screen and (min-width:768px){.ugb-0d5d96e.ugb-columns{margin-bottom:83px !important}}@media screen and (max-width:768px){.ugb-0d5d96e-content-wrapper{grid-row-gap:0 !important}}<\/style><div class=\"ugb-inner-block\"><div class=\"ugb-block-content\"><div class=\"ugb-columns__item ugb-0d5d96e-content-wrapper\">\n<div class=\"wp-block-ugb-column ugb-column ugb-b383129 ugb-column--design-plain ugb-main-block\"><div class=\"ugb-inner-block\"><div class=\"ugb-block-content\"><div class=\"ugb-column__item ugb-b383129-column-wrapper\"><div class=\"ugb-column__content-wrapper\">\n<div class=\"wp-block-ugb-heading ugb-heading wow animate__animated animate__fadeIn ugb-bcdb7f0 ugb-main-block\"><style>.ugb-bcdb7f0 .ugb-heading__subtitle{margin-bottom:-5px !important}<\/style><div class=\"ugb-inner-block\"><div class=\"ugb-block-content\"><h1 class=\"ugb-heading__title\"><strong>Pod\u0142\u0105czanie Safeline Performance<\/strong><\/h1><p class=\"ugb-heading__subtitle\">Pod\u0142\u0105czanie Safeline Performance &#8211; Bezpieczny transport i magazynowanie to podstawowe zasady, dla kt\u00f3rych opracowano pojemniki IBC firmy VARIBOX. Aby zapewni\u0107 bezpiecze\u0144stwo podczas korzystania z naszych pojemnik\u00f3w, wszystkie pojemniki mog\u0105 by\u0107 wyposa\u017cone w system VARIBOX Safeline. System VARIBOX Safeline to \u0142atwy w u\u017cyciu system sk\u0142adaj\u0105cy si\u0119 z w\u0119\u017ca odci\u0105gowego w pojemniku, kt\u00f3ry mo\u017cna pod\u0142\u0105czy\u0107 do systemu za pomoc\u0105 z\u0142\u0105czki. Na tej stronie znajduje si\u0119 film jak pod\u0142\u0105cza\u0107 Safeline Performance<\/p><\/div><\/div><\/div>\n\n\n\n<div class=\"wp-block-ugb-button ugb-button-wrapper green-button ugb-debf065 ugb-button--mobile-aligned ugb-main-block\"><style>.ugb-debf065 .ugb-block-content{justify-content:flex-start !important}.ugb-debf065 .ugb-button1 .ugb-button--inner{font-weight:bold !important}.ugb-debf065 .ugb-button1:hover{opacity:1}.ugb-debf065 .ugb-inner-block{text-align:left}@media screen and (min-width:768px){.ugb-debf065.ugb-button-wrapper{margin-bottom:0px !important}}@media screen and (max-width:768px){.ugb-debf065 .ugb-block-content{justify-content:center !important}.ugb-debf065 .ugb-inner-block{text-align:center}}<\/style><div class=\"ugb-inner-block\"><div class=\"ugb-block-content\"><div class=\"ugb-button-container\"><a class=\"ugb-button1 ugb-button ugb-button--size-normal\" href=\"https:\/\/varibox.best4u.dev\/pl\/skontaktuj-sie-z-nami\/\" rel=\"\" title=\"\"><span class=\"ugb-button--inner\">Skontaktuj sie z nami<\/span><\/a><\/div><\/div><\/div><\/div>\n<\/div><\/div><\/div><\/div><\/div>\n\n\n\n<div class=\"wp-block-ugb-column ugb-column ugb-e882f9a ugb-column--design-plain ugb-main-block\"><style>@media screen and (max-width:768px){.ugb-e882f9a .ugb-inner-block{text-align:center}}<\/style><div class=\"ugb-inner-block\"><div class=\"ugb-block-content\"><div class=\"ugb-column__item ugb-e882f9a-column-wrapper\"><div class=\"ugb-column__content-wrapper\">\n<figure class=\"wp-block-image size-full wow animate__animated animate__fadeIn\"><img decoding=\"async\" src=\"https:\/\/varibox.best4u.dev\/wp-content\/uploads\/2024\/10\/VARIBOX-Safeline-2.png\" alt=\"Pod\u0142\u0105czanie Safeline Performance\" class=\"wp-image-10792\"\/><\/figure>\n<\/div><\/div><\/div><\/div><\/div>\n<\/div><\/div><\/div><\/div>\n\n\n\n<div class=\"alignfull wp-block-ugb-container ugb-container ugb-25beaa0 ugb-container--v2 ugb-container--design-plain ugb-main-block ugb-main-block--inner-center ugb--has-block-background\"><style>.ugb-25beaa0.ugb-container{background-color:var(--theme-palette-color-7,#F9FAFB)}.ugb-25beaa0.ugb-container:before{background-color:var(--theme-palette-color-7,#F9FAFB)}@media screen and (min-width:768px){.ugb-25beaa0-content-wrapper.ugb-container__content-wrapper{width:85% !important}.ugb-25beaa0.ugb-container{margin-bottom:0px !important;padding-top:0px !important;padding-right:35px !important;padding-bottom:0px !important;padding-left:35px !important}}@media screen and (min-width:768px) and (max-width:1025px){.ugb-25beaa0-content-wrapper.ugb-container__content-wrapper{width:100% !important}}@media screen and (max-width:768px){.ugb-25beaa0.ugb-container{margin-bottom:0px !important;padding-top:0px !important;padding-right:18px !important;padding-bottom:0px !important;padding-left:18px !important}}@media screen and (min-width:768px){.ugb-25beaa0 > .ugb-inner-block > .ugb-block-content > *{padding-top:40px !important;padding-bottom:40px !important}}@media screen and (max-width:768px){.ugb-25beaa0 > .ugb-inner-block > .ugb-block-content > *{padding-top:35px !important;padding-bottom:0px !important}}<\/style><div class=\"ugb-inner-block ugb-inner-block--center\"><div class=\"ugb-block-content\"><div class=\"ugb-container__wrapper ugb-25beaa0-wrapper\"><div class=\"ugb-container__side\"><div class=\"ugb-container__content-wrapper ugb-25beaa0-content-wrapper\">\n<div class=\"aligncenter wp-block-ugb-columns ugb-columns top-icons-columns ugb-609d063 ugb-columns--design-plain ugb-columns--columns-3 ugb-main-block\"><style>.ugb-609d063-content-wrapper{grid-column-gap:15px !important}@media screen and (min-width:768px) and (max-width:1025px){.ugb-609d063-content-wrapper{grid-column-gap:0px !important}}@media screen and (max-width:768px){.ugb-609d063-content-wrapper{grid-row-gap:0 !important;grid-column-gap:0px !important}.ugb-609d063 .ugb-inner-block{text-align:center}.ugb-609d063.ugb-columns{margin-top:0px !important;margin-bottom:0px !important}}<\/style><div class=\"ugb-inner-block\"><div class=\"ugb-block-content\"><div class=\"ugb-columns__item ugb-609d063-content-wrapper\">\n<div class=\"wp-block-ugb-column ugb-column ugb-aa84cea ugb-column--design-plain ugb-main-block\"><div class=\"ugb-inner-block\"><div class=\"ugb-block-content\"><div class=\"ugb-column__item ugb-aa84cea-column-wrapper\"><div class=\"ugb-column__content-wrapper\">\n<div class=\"wp-block-group is-layout-flow wp-block-group-is-layout-flow\">\n<div class=\"wp-block-media-text alignwide is-stacked-on-mobile is-vertically-aligned-center content-pages-top-icons\" style=\"grid-template-columns:30% auto\"><figure class=\"wp-block-media-text__media\"><img decoding=\"async\" src=\"https:\/\/varibox.best4u.dev\/wp-content\/uploads\/2021\/12\/test.svg\" alt=\"\" class=\"wp-image-3005 size-full\"\/><\/figure><div class=\"wp-block-media-text__content\">\n<h4 class=\"wp-block-heading has-text-align-left has-medium-font-size\">Bezpieczniej<\/h4>\n<\/div><\/div>\n<\/div>\n<\/div><\/div><\/div><\/div><\/div>\n\n\n\n<div class=\"wp-block-ugb-column ugb-column ugb-a25ba9c ugb-column--design-plain ugb-main-block\"><div class=\"ugb-inner-block\"><div class=\"ugb-block-content\"><div class=\"ugb-column__item ugb-a25ba9c-column-wrapper\"><div class=\"ugb-column__content-wrapper\">\n<div class=\"wp-block-group is-layout-flow wp-block-group-is-layout-flow\">\n<div class=\"wp-block-media-text alignwide is-stacked-on-mobile is-vertically-aligned-center content-pages-top-icons\" style=\"grid-template-columns:30% auto\"><figure class=\"wp-block-media-text__media\"><img decoding=\"async\" src=\"https:\/\/varibox.best4u.dev\/wp-content\/uploads\/2021\/11\/reuseablility-green-1.svg\" alt=\"\" class=\"wp-image-1838 size-full\"\/><\/figure><div class=\"wp-block-media-text__content\">\n<h4 class=\"wp-block-heading has-text-align-left has-medium-font-size\">Wielokrotnego u\u017cytku<\/h4>\n<\/div><\/div>\n<\/div>\n<\/div><\/div><\/div><\/div><\/div>\n\n\n\n<div class=\"wp-block-ugb-column ugb-column ugb-ed3faa1 ugb-column--design-plain ugb-main-block\"><div class=\"ugb-inner-block\"><div class=\"ugb-block-content\"><div class=\"ugb-column__item ugb-ed3faa1-column-wrapper\"><div class=\"ugb-column__content-wrapper\">\n<div class=\"wp-block-group is-layout-flow wp-block-group-is-layout-flow\">\n<div class=\"wp-block-media-text alignwide is-stacked-on-mobile is-vertically-aligned-center content-pages-top-icons\" style=\"grid-template-columns:29% auto\"><figure class=\"wp-block-media-text__media\"><img decoding=\"async\" src=\"https:\/\/varibox.best4u.dev\/wp-content\/uploads\/2021\/11\/sustainability-green-1.svg\" alt=\"\" class=\"wp-image-1851 size-full\"\/><\/figure><div class=\"wp-block-media-text__content\">\n<h4 class=\"wp-block-heading has-text-align-left has-medium-font-size\">Zr\u00f3wnowa\u017cony<\/h4>\n<\/div><\/div>\n<\/div>\n<\/div><\/div><\/div><\/div><\/div>\n<\/div><\/div><\/div><\/div>\n<\/div><\/div><\/div><\/div><\/div><\/div>\n\n\n\n<div class=\"alignfull wp-block-ugb-container ugb-container ugb-0591a81 ugb-container--v2 ugb-container--design-plain ugb-main-block ugb-main-block--inner-center ugb--has-block-background ugb--has-background-overlay\"><style>.ugb-0591a81.ugb-container{background-color:var(--theme-palette-color-8,#f8fafc)}.ugb-0591a81.ugb-container:before{background-image:linear-gradient(180deg,var(--theme-palette-color-8,#f8fafc) 0%,#ffffff 100%)}@media screen and (min-width:768px){.ugb-0591a81-content-wrapper.ugb-container__content-wrapper{width:70% !important}.ugb-0591a81.ugb-container{padding-top:0px !important;padding-right:35px !important;padding-bottom:0px !important;padding-left:35px !important}}@media screen and (min-width:768px){.ugb-0591a81 > .ugb-inner-block > .ugb-block-content > *{padding-top:64px !important;padding-bottom:64px !important}}<\/style><div class=\"ugb-inner-block ugb-inner-block--center\"><div class=\"ugb-block-content\"><div class=\"ugb-container__wrapper ugb-0591a81-wrapper\"><div class=\"ugb-container__side\"><div class=\"ugb-container__content-wrapper ugb-0591a81-content-wrapper\">\n<h2 class=\"wow animate__animated animate__fadeIn wp-block-heading\" id=\"varibox-safeline-performance\"><strong>WYDAJNO\u015a\u0106 VARIBOX Safeline<\/strong><\/h2>\n\n\n\n<p>Safeline Performance zosta\u0142 opracowany specjalnie w celu odci\u0105gania du\u017cych ilo\u015bci. System Performance ma wydajno\u015b\u0107 20 litr\u00f3w na minut\u0119. Safeline Performance jest dost\u0119pny w EPDM i Viton. Zar\u00f3wno w\u0119\u017ce, jak i obudowy wykonane s\u0105 z polietylenu.<\/p>\n\n\n\n<p>Wersja EPDM ma <strong><em>kolor<\/em><\/strong> <strong><em>czerwony <\/em><\/strong>i okr\u0105g\u0142y kszta\u0142t. Z\u0142\u0105czka, kt\u00f3ra musi by\u0107 pod\u0142\u0105czona do punktu po\u0142\u0105czenia, jest r\u00f3wnie\u017c koloru czerwonego i ma kszta\u0142t <strong><em>okr\u0105g\u0142y<\/em><\/strong> <strong><em>.<\/em><\/strong><\/p>\n\n\n\n<p>Wersja Viton ma <strong><em>kolor zielony<\/em><\/strong> i ma 12-k\u0105tn\u0105 posta\u0107. Z\u0142\u0105czka, kt\u00f3ra musi by\u0107 pod\u0142\u0105czona do punktu po\u0142\u0105czenia, jest r\u00f3wnie\u017c w <strong><em>kolorze zielonym<\/em><\/strong> i ma 12-k\u0105tny kstza\u0142t.<\/p>\n\n\n\n<p>R\u00f3\u017cnica ta zosta\u0142a wprowadzona w celu wyeliminowania ryzyka nieprawid\u0142owych po\u0142\u0105cze\u0144..<\/p>\n\n\n\n<p>Po u\u017cyciu w VARIBOX pozostaje tylko 0,1-litrowa reszta. Tylko 0,4 litra pozostaje w samym w\u0119\u017cy odci\u0105gowym. Ilo\u015bci te s\u0105 oparte na wodzie i r\u00f3\u017cni\u0105 si\u0119 w zale\u017cno\u015bci od stanu i rodzaju substancji chemicznej.<\/p>\n\n\n\n<figure class=\"wp-block-embed is-type-rich is-provider-obsluga-osadzania wp-block-embed-obsluga-osadzania wp-embed-aspect-16-9 wp-has-aspect-ratio\"><div class=\"wp-block-embed__wrapper\">\n<iframe title=\"Connecting VARIBOX Safeline Performance\" width=\"1200\" height=\"675\" src=\"https:\/\/www.youtube.com\/embed\/2PE2cr39T6Y?feature=oembed\" frameborder=\"0\" allow=\"accelerometer; autoplay; clipboard-write; encrypted-media; gyroscope; picture-in-picture; web-share\" referrerpolicy=\"strict-origin-when-cross-origin\" allowfullscreen><\/iframe>\n<\/div><\/figure>\n\n\n\n<h3 class=\"wow animate__animated animate__fadeIn wp-block-heading\" id=\"safeline-safe-and-simple\"><strong>Safeline \u2013 bezpieczny i prosty<\/strong><\/h3>\n\n\n\n<p>Jak w\u0142a\u015bnie opisano, system VARIBOX Safeline to \u0142atwy w u\u017cyciu system sk\u0142adaj\u0105cy si\u0119 z w\u0119\u017ca odci\u0105gowego umieszczonego w pojemniku, kt\u00f3ry mo\u017cna pod\u0142\u0105czy\u0107 do systemu za pomoc\u0105 z\u0142\u0105czki. System Safeline jest ca\u0142kowicie zamkni\u0119ty. Oznacza to, \u017ce VARIBOX nie musi by\u0107 otwierany podczas transportu lub u\u017cytkowania.<\/p>\n\n\n\n<p>Dostawca nape\u0142nia VARIBOX wyposa\u017cony w system Safeline w swojej lokalizacji. W\u0105\u017c odci\u0105gowy i inne opcje w pojemniku s\u0105 przygotowywane do u\u017cycia, a VARIBOX jest nast\u0119pnie uszczelniany. Przechodz\u0105c dok\u0142adnie przez ten proces, pojemnik pozostaje ca\u0142kowicie zamkni\u0119ty podczas transportu. Co gwarantuje bezpiecze\u0144stwo podczas za\u0142adunku i transportu.<\/p>\n\n\n\n<p>Po dostarczeniu VARIBOX jest nadal zamkni\u0119ty. Mo\u017cna w spos\u00f3b bezpieczny przetransportowa\u0107 VARIBOX z pojazdu w\u00f3zkiem wid\u0142owym lub paletowym. VARIBOX mo\u017cna nast\u0119pnie umie\u015bci\u0107 w dowolnym miejscu, poniewa\u017c pojemnik ma zintegrowan\u0105 hermetyzacj\u0119 wycieku. Kiedy VARIBOX zostanie oddany do u\u017cytku, pojemnik nadal nie musi by\u0107 otwierany. Tylko z\u0142\u0105czka musi by\u0107 pod\u0142\u0105czona do punktu po\u0142\u0105czenia na g\u00f3rze VARIBOX. Tak wi\u0119c nie nale\u017cy podejmowa\u0107 \u017cadnych dzia\u0142a\u0144 na zakr\u0119tce lub samym pojemniku. Gwarantuje to, \u017ce u\u017cytkownik nie mo\u017ce wej\u015b\u0107 w kontakt z chemikaliami.<\/p>\n\n\n\n<p>Ca\u0142kowite opr\u00f3\u017cnienie pojemnika za pomoc\u0105 systemu Safeline nie wymusza ponownego otwierania pojemnika. Nawet podczas od\u0142\u0105czania VARIBOX nie trzeba podejmowa\u0107 \u017cadnych dzia\u0142a\u0144 na zakr\u0119tce lub samym pojemniku. Wystarczy odpi\u0105\u0107 \u0142\u0105cznik od punktu po\u0142\u0105czenia na g\u00f3rze pojemnika. Nast\u0119pnie mo\u017cna bezpiecznie przenie\u015b\u0107 pojemnik, poniewa\u017c unikalna konstrukcja pozwala na pozostawienie mniej ni\u017c 1 litr pozosta\u0142o\u015bci. Dzi\u0119ki temu VARIBOX mo\u017ce by\u0107 bezpiecznie przetransportowany z powrotem do dostawcy.<\/p>\n\n\n\n<p>Poniewa\u017c system VARIBOX Safeline jest systemem zamkni\u0119tym, jest r\u00f3wnie\u017c prawdopodobne, \u017ce nic nie mo\u017ce przedosta\u0107 si\u0119 do wn\u0119trza VARIBOX. Co daje mo\u017cliwo\u015b\u0107 pomini\u0119cia procesu czyszczenia.<\/p>\n\n\n\n<h5 class=\"has-text-align-center wow animate__animated animate__fadeIn wp-block-heading\" id=\"couldn-t-find-your-answer-in-the-video-connecting-safeline-performance\"><strong>Nie ma odpowiedzi w filmie Connecting Safeline Performance?<\/strong><\/h5>\n\n\n\n<p>Wiemy, \u017ce bezpieczne i wielokrotnego u\u017cytku IBC VARIBOX maj\u0105 szerokie zastosowanie, na wielu r\u00f3\u017cnych obszarach. W zwi\u0105zku z tym mo\u017ce si\u0119 zdarzy\u0107, \u017ce kt\u00f3re\u015b z pyta\u0144 \/odpowiedzi nie zostanie uwzgl\u0119dniona w sekcji pomocy technicznej. Je\u015bli tak, prosimy o kontakt z naszym Dzia\u0142em Obs\u0142ugi Klienta, ch\u0119tnie pomog\u0105.<\/p>\n\n\n\n<div class=\"wp-block-ugb-button ugb-button-wrapper green-button ugb-ee16d32 ugb-button--mobile-aligned ugb-main-block\"><style>.ugb-ee16d32 .ugb-block-content{justify-content:center !important}.ugb-ee16d32 .ugb-button1 .ugb-button--inner{font-weight:bold !important}.ugb-ee16d32 .ugb-button1:hover{opacity:1}.ugb-ee16d32 .ugb-inner-block{text-align:center}@media screen and (min-width:768px){.ugb-ee16d32.ugb-button-wrapper{margin-bottom:0px !important}}@media screen and (max-width:768px){.ugb-ee16d32 .ugb-block-content{justify-content:center !important}.ugb-ee16d32 .ugb-inner-block{text-align:center}}<\/style><div class=\"ugb-inner-block\"><div class=\"ugb-block-content\"><div class=\"ugb-button-container\"><a class=\"ugb-button1 ugb-button ugb-button--size-normal\" href=\"https:\/\/varibox.best4u.dev\/pl\/skontaktuj-sie-z-nami\/\" rel=\"\" title=\"\"><span class=\"ugb-button--inner\">Skontaktuj si\u0119 z nami<\/span><\/a><\/div><\/div><\/div><\/div>\n<\/div><\/div><\/div><\/div><\/div><\/div>\n","protected":false},"excerpt":{"rendered":"<p>Pod\u0142\u0105czanie Safeline Performance Pod\u0142\u0105czanie Safeline Performance &#8211; Bezpieczny transport i magazynowanie to podstawowe zasady, dla kt\u00f3rych opracowano pojemniki IBC firmy VARIBOX. Aby zapewni\u0107 bezpiecze\u0144stwo podczas korzystania z naszych pojemnik\u00f3w, wszystkie pojemniki mog\u0105 by\u0107 wyposa\u017cone w system VARIBOX Safeline. System VARIBOX Safeline to \u0142atwy w u\u017cyciu system sk\u0142adaj\u0105cy si\u0119 z w\u0119\u017ca odci\u0105gowego w pojemniku, kt\u00f3ry mo\u017cna [&hellip;]<\/p>\n","protected":false},"author":1,"featured_media":27303,"parent":0,"menu_order":0,"comment_status":"open","ping_status":"open","template":"","meta":{"_acf_changed":false,"footnotes":""},"class_list":["post-57983","page","type-page","status-publish","has-post-thumbnail","hentry"],"blocksy_meta":{"styles_descriptor":{"styles":{"desktop":"","tablet":"","mobile":""},"google_fonts":[],"version":6}},"featured_image_urls_v2":{"full":["https:\/\/varibox.best4u.dev\/wp-content\/uploads\/2024\/10\/VARIBOX-Safeline-2.png",325,370,false],"thumbnail":["https:\/\/varibox.best4u.dev\/wp-content\/uploads\/2024\/10\/VARIBOX-Safeline-2-256x256.png",256,256,true],"medium":["https:\/\/varibox.best4u.dev\/wp-content\/uploads\/2024\/10\/VARIBOX-Safeline-2.png",325,370,false],"medium_large":["https:\/\/varibox.best4u.dev\/wp-content\/uploads\/2024\/10\/VARIBOX-Safeline-2.png",325,370,false],"large":["https:\/\/varibox.best4u.dev\/wp-content\/uploads\/2024\/10\/VARIBOX-Safeline-2.png",325,370,false],"1536x1536":["https:\/\/varibox.best4u.dev\/wp-content\/uploads\/2024\/10\/VARIBOX-Safeline-2.png",325,370,false],"2048x2048":["https:\/\/varibox.best4u.dev\/wp-content\/uploads\/2024\/10\/VARIBOX-Safeline-2.png",325,370,false],"woocommerce_archive_thumbnail":["https:\/\/varibox.best4u.dev\/wp-content\/uploads\/2024\/10\/VARIBOX-Safeline-2-270x307.png",270,307,true],"gform-image-choice-sm":["https:\/\/varibox.best4u.dev\/wp-content\/uploads\/2024\/10\/VARIBOX-Safeline-2.png",264,300,false],"gform-image-choice-md":["https:\/\/varibox.best4u.dev\/wp-content\/uploads\/2024\/10\/VARIBOX-Safeline-2.png",325,370,false],"gform-image-choice-lg":["https:\/\/varibox.best4u.dev\/wp-content\/uploads\/2024\/10\/VARIBOX-Safeline-2.png",325,370,false],"woocommerce_thumbnail":["https:\/\/varibox.best4u.dev\/wp-content\/uploads\/2024\/10\/VARIBOX-Safeline-2-270x307.png",270,307,true],"woocommerce_single":["https:\/\/varibox.best4u.dev\/wp-content\/uploads\/2024\/10\/VARIBOX-Safeline-2.png",325,370,false],"woocommerce_gallery_thumbnail":["https:\/\/varibox.best4u.dev\/wp-content\/uploads\/2024\/10\/VARIBOX-Safeline-2-100x100.png",100,100,true],"variation_swatches_image_size":["https:\/\/varibox.best4u.dev\/wp-content\/uploads\/2024\/10\/VARIBOX-Safeline-2-50x50.png",50,50,true],"variation_swatches_tooltip_size":["https:\/\/varibox.best4u.dev\/wp-content\/uploads\/2024\/10\/VARIBOX-Safeline-2-100x100.png",100,100,true]},"post_excerpt_stackable_v2":"<p>Pod\u0142\u0105czanie Safeline PerformancePod\u0142\u0105czanie Safeline Performance &#8211; Bezpieczny transport i magazynowanie to podstawowe zasady, dla kt\u00f3rych opracowano pojemniki IBC firmy VARIBOX. Aby zapewni\u0107 bezpiecze\u0144stwo podczas korzystania z naszych pojemnik\u00f3w, wszystkie pojemniki mog\u0105 by\u0107 wyposa\u017cone w system VARIBOX Safeline. System VARIBOX Safeline to \u0142atwy w u\u017cyciu system sk\u0142adaj\u0105cy si\u0119 z w\u0119\u017ca odci\u0105gowego w pojemniku, kt\u00f3ry mo\u017cna pod\u0142\u0105czy\u0107 do systemu za pomoc\u0105 z\u0142\u0105czki. Na tej stronie znajduje si\u0119 film jak pod\u0142\u0105cza\u0107 Safeline Performance Skontaktuj sie z nami Bezpieczniej Wielokrotnego u\u017cytku Zr\u00f3wnowa\u017cony WYDAJNO\u015a\u0106 VARIBOX Safeline Safeline Performance zosta\u0142 opracowany specjalnie w celu odci\u0105gania du\u017cych ilo\u015bci. System Performance ma wydajno\u015b\u0107 20 litr\u00f3w na minut\u0119. Safeline&hellip;<\/p>\n","category_list_v2":"","author_info_v2":{"name":"Best4u","url":"https:\/\/varibox.best4u.dev\/pl\/author\/best4u\/"},"comments_num_v2":"0 comments","acf":[],"_links":{"self":[{"href":"https:\/\/varibox.best4u.dev\/pl\/wp-json\/wp\/v2\/pages\/57983","targetHints":{"allow":["GET"]}}],"collection":[{"href":"https:\/\/varibox.best4u.dev\/pl\/wp-json\/wp\/v2\/pages"}],"about":[{"href":"https:\/\/varibox.best4u.dev\/pl\/wp-json\/wp\/v2\/types\/page"}],"author":[{"embeddable":true,"href":"https:\/\/varibox.best4u.dev\/pl\/wp-json\/wp\/v2\/users\/1"}],"replies":[{"embeddable":true,"href":"https:\/\/varibox.best4u.dev\/pl\/wp-json\/wp\/v2\/comments?post=57983"}],"version-history":[{"count":1,"href":"https:\/\/varibox.best4u.dev\/pl\/wp-json\/wp\/v2\/pages\/57983\/revisions"}],"predecessor-version":[{"id":57984,"href":"https:\/\/varibox.best4u.dev\/pl\/wp-json\/wp\/v2\/pages\/57983\/revisions\/57984"}],"wp:featuredmedia":[{"embeddable":true,"href":"https:\/\/varibox.best4u.dev\/pl\/wp-json\/wp\/v2\/media\/27303"}],"wp:attachment":[{"href":"https:\/\/varibox.best4u.dev\/pl\/wp-json\/wp\/v2\/media?parent=57983"}],"curies":[{"name":"wp","href":"https:\/\/api.w.org\/{rel}","templated":true}]}}