{"id":57974,"date":"2022-02-15T12:41:42","date_gmt":"2022-02-15T11:41:42","guid":{"rendered":"https:\/\/varibox.best4u.dev\/szkolenie-produktowe-varibox\/"},"modified":"2024-11-08T11:41:30","modified_gmt":"2024-11-08T10:41:30","slug":"szkolenie-produktowe-varibox","status":"publish","type":"page","link":"https:\/\/varibox.best4u.dev\/pl\/szkolenie-produktowe-varibox\/","title":{"rendered":"Szkolenie produktowe VARIBOX"},"content":{"rendered":"\n<div class=\"wp-block-ugb-columns ugb-columns ugb-0d5d96e ugb-columns--design-plain ugb-columns--columns-2 ugb-main-block\"><style>.ugb-0d5d96e > .ugb-inner-block > .ugb-block-content > .ugb-columns__item{grid-template-columns:1.40fr 0.60fr !important}@media screen and (min-width:768px){.ugb-0d5d96e.ugb-columns{margin-bottom:83px !important}}@media screen and (max-width:768px){.ugb-0d5d96e-content-wrapper{grid-row-gap:0 !important}}<\/style><div class=\"ugb-inner-block\"><div class=\"ugb-block-content\"><div class=\"ugb-columns__item ugb-0d5d96e-content-wrapper\">\n<div class=\"wp-block-ugb-column ugb-column ugb-b383129 ugb-column--design-plain ugb-main-block\"><div class=\"ugb-inner-block\"><div class=\"ugb-block-content\"><div class=\"ugb-column__item ugb-b383129-column-wrapper\"><div class=\"ugb-column__content-wrapper\">\n<div class=\"wp-block-ugb-heading ugb-heading wow animate__animated animate__fadeIn ugb-bcdb7f0 ugb-main-block\"><style>.ugb-bcdb7f0 .ugb-heading__subtitle{margin-bottom:-5px !important}<\/style><div class=\"ugb-inner-block\"><div class=\"ugb-block-content\"><h1 class=\"ugb-heading__title\"><strong>Szkolenie produktowe VARIBOX<\/strong><\/h1><p class=\"ugb-heading__subtitle\">W VARIBOX najbezpieczniejsza praca z chemikaliami jest najwy\u017cszym priorytetem. Wiedza na temat bezpiecze\u0144stwa jest niezb\u0119dna, dlatego stworzyli\u015bmy szkolenie produktowe VARIBOX. Owo specjalnie opracowane szkolenie ma na celu przyczynienie si\u0119 do bezpiecznej pracy z chemikaliami i rozpoznanie niebezpiecznych sytuacji dotycz\u0105cych po\u015brednich pojemnik\u00f3w masowych (DPPL)<\/p><\/div><\/div><\/div>\n\n\n\n<div class=\"wp-block-ugb-button ugb-button-wrapper green-button animate__animated animate__fadeIn ugb-64904df ugb-button--mobile-aligned ugb-main-block\"><style>.ugb-64904df .ugb-block-content{justify-content:flex-start !important}.ugb-64904df .ugb-button1 .ugb-button--inner{font-weight:bold !important}.ugb-64904df .ugb-button1:hover{opacity:1}.ugb-64904df .ugb-inner-block{text-align:left}@media screen and (min-width:768px){.ugb-64904df.ugb-button-wrapper{margin-bottom:0px !important}}@media screen and (max-width:768px){.ugb-64904df .ugb-block-content{justify-content:center !important}.ugb-64904df .ugb-inner-block{text-align:center}}<\/style><div class=\"ugb-inner-block\"><div class=\"ugb-block-content\"><div class=\"ugb-button-container\"><a class=\"ugb-button1 ugb-button ugb-button--size-normal\" href=\"https:\/\/varibox.best4u.dev\/pl\/skontaktuj-sie-z-nami\/\" rel=\"\" title=\"\"><span class=\"ugb-button--inner\">Skontaktuj si\u0119 z nami<\/span><\/a><\/div><\/div><\/div><\/div>\n<\/div><\/div><\/div><\/div><\/div>\n\n\n\n<div class=\"wp-block-ugb-column ugb-column ugb-e882f9a ugb-column--design-plain ugb-main-block\"><style>@media screen and (max-width:768px){.ugb-e882f9a .ugb-inner-block{text-align:center}}<\/style><div class=\"ugb-inner-block\"><div class=\"ugb-block-content\"><div class=\"ugb-column__item ugb-e882f9a-column-wrapper\"><div class=\"ugb-column__content-wrapper\">\n<figure class=\"wp-block-image size-full wow animate__animated animate__fadeIn\"><img decoding=\"async\" src=\"https:\/\/varibox.best4u.dev\/wp-content\/uploads\/2024\/10\/image-2.jpg\" alt=\"Szkolenie produktowe VARIBOX\" class=\"wp-image-175\"\/><\/figure>\n<\/div><\/div><\/div><\/div><\/div>\n<\/div><\/div><\/div><\/div>\n\n\n\n<div class=\"alignfull wp-block-ugb-container ugb-container ugb-25beaa0 ugb-container--v2 ugb-container--design-plain ugb-main-block ugb-main-block--inner-center ugb--has-block-background\"><style>.ugb-25beaa0.ugb-container{background-color:var(--theme-palette-color-7,#F9FAFB)}.ugb-25beaa0.ugb-container:before{background-color:var(--theme-palette-color-7,#F9FAFB)}@media screen and (min-width:768px){.ugb-25beaa0-content-wrapper.ugb-container__content-wrapper{width:85% !important}.ugb-25beaa0.ugb-container{margin-bottom:0px !important;padding-top:0px !important;padding-right:35px !important;padding-bottom:0px !important;padding-left:35px !important}}@media screen and (min-width:768px) and (max-width:1025px){.ugb-25beaa0-content-wrapper.ugb-container__content-wrapper{width:100% !important}}@media screen and (max-width:768px){.ugb-25beaa0.ugb-container{margin-bottom:0px !important;padding-top:0px !important;padding-right:18px !important;padding-bottom:0px !important;padding-left:18px !important}}@media screen and (min-width:768px){.ugb-25beaa0 > .ugb-inner-block > .ugb-block-content > *{padding-top:40px !important;padding-bottom:40px !important}}@media screen and (max-width:768px){.ugb-25beaa0 > .ugb-inner-block > .ugb-block-content > *{padding-top:35px !important;padding-bottom:0px !important}}<\/style><div class=\"ugb-inner-block ugb-inner-block--center\"><div class=\"ugb-block-content\"><div class=\"ugb-container__wrapper ugb-25beaa0-wrapper\"><div class=\"ugb-container__side\"><div class=\"ugb-container__content-wrapper ugb-25beaa0-content-wrapper\">\n<div class=\"aligncenter wp-block-ugb-columns ugb-columns top-icons-columns ugb-609d063 ugb-columns--design-plain ugb-columns--columns-3 ugb-main-block\"><style>.ugb-609d063-content-wrapper{grid-column-gap:15px !important}@media screen and (min-width:768px) and (max-width:1025px){.ugb-609d063-content-wrapper{grid-column-gap:0px !important}}@media screen and (max-width:768px){.ugb-609d063-content-wrapper{grid-row-gap:0 !important;grid-column-gap:0px !important}.ugb-609d063 .ugb-inner-block{text-align:center}.ugb-609d063.ugb-columns{margin-top:0px !important;margin-bottom:0px !important}}<\/style><div class=\"ugb-inner-block\"><div class=\"ugb-block-content\"><div class=\"ugb-columns__item ugb-609d063-content-wrapper\">\n<div class=\"wp-block-ugb-column ugb-column ugb-aa84cea ugb-column--design-plain ugb-main-block\"><div class=\"ugb-inner-block\"><div class=\"ugb-block-content\"><div class=\"ugb-column__item ugb-aa84cea-column-wrapper\"><div class=\"ugb-column__content-wrapper\">\n<div class=\"wp-block-group is-layout-flow wp-block-group-is-layout-flow\">\n<div class=\"wp-block-media-text alignwide is-stacked-on-mobile is-vertically-aligned-center content-pages-top-icons\" style=\"grid-template-columns:30% auto\"><figure class=\"wp-block-media-text__media\"><img decoding=\"async\" src=\"https:\/\/varibox.best4u.dev\/wp-content\/uploads\/2021\/12\/test.svg\" alt=\"\" class=\"wp-image-3005 size-full\"\/><\/figure><div class=\"wp-block-media-text__content\">\n<h4 class=\"wp-block-heading has-text-align-left has-medium-font-size\">Bezpieczniej<\/h4>\n<\/div><\/div>\n<\/div>\n<\/div><\/div><\/div><\/div><\/div>\n\n\n\n<div class=\"wp-block-ugb-column ugb-column ugb-a25ba9c ugb-column--design-plain ugb-main-block\"><div class=\"ugb-inner-block\"><div class=\"ugb-block-content\"><div class=\"ugb-column__item ugb-a25ba9c-column-wrapper\"><div class=\"ugb-column__content-wrapper\">\n<div class=\"wp-block-group is-layout-flow wp-block-group-is-layout-flow\">\n<div class=\"wp-block-media-text alignwide is-stacked-on-mobile is-vertically-aligned-center content-pages-top-icons\" style=\"grid-template-columns:30% auto\"><figure class=\"wp-block-media-text__media\"><img decoding=\"async\" src=\"https:\/\/varibox.best4u.dev\/wp-content\/uploads\/2021\/11\/reuseablility-green-1.svg\" alt=\"\" class=\"wp-image-1838 size-full\"\/><\/figure><div class=\"wp-block-media-text__content\">\n<h4 class=\"wp-block-heading has-text-align-left has-medium-font-size\">Wielokrotnego u\u017cytku<\/h4>\n<\/div><\/div>\n<\/div>\n<\/div><\/div><\/div><\/div><\/div>\n\n\n\n<div class=\"wp-block-ugb-column ugb-column ugb-ed3faa1 ugb-column--design-plain ugb-main-block\"><div class=\"ugb-inner-block\"><div class=\"ugb-block-content\"><div class=\"ugb-column__item ugb-ed3faa1-column-wrapper\"><div class=\"ugb-column__content-wrapper\">\n<div class=\"wp-block-group is-layout-flow wp-block-group-is-layout-flow\">\n<div class=\"wp-block-media-text alignwide is-stacked-on-mobile is-vertically-aligned-center content-pages-top-icons\" style=\"grid-template-columns:29% auto\"><figure class=\"wp-block-media-text__media\"><img decoding=\"async\" src=\"https:\/\/varibox.best4u.dev\/wp-content\/uploads\/2021\/11\/sustainability-green-1.svg\" alt=\"\" class=\"wp-image-1851 size-full\"\/><\/figure><div class=\"wp-block-media-text__content\">\n<h4 class=\"wp-block-heading has-text-align-left has-medium-font-size\">Zr\u00f3wnowa\u017cony<\/h4>\n<\/div><\/div>\n<\/div>\n<\/div><\/div><\/div><\/div><\/div>\n<\/div><\/div><\/div><\/div>\n<\/div><\/div><\/div><\/div><\/div><\/div>\n\n\n\n<h3 class=\"wp-block-heading\" id=\"diversity-of-topics\"><strong>R\u00f3\u017cnorodno\u015b\u0107 temat\u00f3w<\/strong><\/h3>\n\n\n\n<p>W VARIBOX bezpiecze\u0144stwo jest zawsze priorytetem numer 1. Ch\u0119tnie pomo\u017cemy w osi\u0105gni\u0119ciu cel\u00f3w bezpiecze\u0144stwa. Ch\u0119tnie oferujemy nasze szkolenia, kt\u00f3re pomog\u0105 bezpieczniej pracowa\u0107 z chemikaliami. Szkolenie produktowe VARIBOX podzielone jest na nast\u0119puj\u0105ce tematy:<\/p>\n\n\n\n<ul class=\"wp-block-list\">\n<li>Rozpoznanie niebezpiecze\u0144stw podczas wykorzystywania IBC;<\/li>\n\n\n\n<li>Wiedza na temat przepis\u00f3w dotycz\u0105cych przechowywania i transportu, kt\u00f3re maj\u0105 zastosowanie do IBC.<\/li>\n\n\n\n<li>Rozumienie znaku UN.<\/li>\n\n\n\n<li>Odpowiednie aspekty UN i ADR (przepisy dotycz\u0105ce przechowywania i transportu), kt\u00f3re maj\u0105 zastosowanie do IBC.<\/li>\n\n\n\n<li>R\u00f3\u017cnica mi\u0119dzy materia\u0142ami uszczelniaj\u0105cymi EPDM i Viton.<\/li>\n\n\n\n<li>Charakterystyka produktu VARIBOX.<\/li>\n\n\n\n<li>Bezpieczne korzystanie z VARIBOX.<\/li>\n\n\n\n<li>Bezpieczne pod\u0142\u0105czenie i od\u0142\u0105czenie VARIBOX.<\/li>\n\n\n\n<li>Przepisy dotycz\u0105ce odpowietrzania VARIBOX.<\/li>\n\n\n\n<li>Czyszczenie VARIBOX.<\/li>\n<\/ul>\n\n\n\n<p>Oczywi\u015bcie, opr\u00f3cz tych temat\u00f3w, konkretna sytuacja szkolonego jest r\u00f3wnie\u017c szeroko rozwa\u017cana.<\/p>\n\n\n\n<h3 class=\"wp-block-heading\" id=\"would-you-like-to-have-a-look-behind-the-scenes\"><strong>Rzut oka na to, co jest za kulisami<\/strong><\/h3>\n\n\n\n<p>Oto, co si\u0119 dzieje za kulisami Deventer. Szkolenie produktowe VARIBOX mo\u017cna \u015bledzi\u0107 w naszym zak\u0142adzie produkcyjnym VARIBOX w Deventer w Holandii. Lokalizacja w Deventer nadaje si\u0119 do szkole\u0144 grupowych. Ponadto mo\u017cna zobaczy\u0107, jak VARIBOX jest produkowany na naszej ergonomicznej linii produkcyjnej. Zapraszamy r\u00f3wnie\u017c do obejrzenia VARIBOX w naszym pokoju demonstracyjnym.<\/p>\n\n\n\n<h2 class=\"wp-block-heading\" id=\"varibox-product-training-on-location\"><strong>Szkolenie produktowe VARIBOX na miejscu<\/strong><\/h2>\n\n\n\n<p>Oto, co si\u0119 dzieje za kulisami Deventer. Szkolenie produktowe VARIBOX mo\u017cna \u015bledzi\u0107 w naszym zak\u0142adzie produkcyjnym VARIBOX w Deventer w Holandii. Lokalizacja w Deventer nadaje si\u0119 do szkole\u0144 grupowych. Ponadto mo\u017cna zobaczy\u0107, jak VARIBOX jest produkowany na naszej ergonomicznej linii produkcyjnej. Zapraszamy r\u00f3wnie\u017c do obejrzenia VARIBOX w naszym pokoju demonstracyjnym.<\/p>\n\n\n\n<div class=\"wp-block-stackable-heading stk-block-heading stk-block-heading--v2 stk-block stk-0ae7eb9\" id=\"szkolenie-produktowe-varibox-na-miejscu\" data-block-id=\"0ae7eb9\"><h2 class=\"stk-block-heading__text stk-block-heading--use-theme-margins\">Szkolenie produktowe VARIBOX na miejscu<\/h2><\/div>\n\n\n\n<p>Spotkanie u u\u017cytkownika na miejscu? To te\u017c jest mo\u017cliwe! Szkolenie mo\u017ce by\u0107 r\u00f3wnie\u017c prowadzone przez naszych opiekun\u00f3w klient\u00f3w. Ch\u0119tnie wyja\u015bniamy u u\u017cytkowania na miejscu, w jaki spos\u00f3b mo\u017cna bezpiecznie pracowa\u0107 z chemikaliami za pomoc\u0105 VARIBOX.<\/p>\n\n\n\n<figure class=\"wp-block-image size-full\"><img decoding=\"async\" src=\"https:\/\/varibox.best4u.dev\/wp-content\/uploads\/2024\/10\/Erfahrungsaustausch-Vion-Sifas-05-2019-1024x768-1.jpg\" alt=\"VARIBOX product training\" class=\"wp-image-8713\" title=\"VARIBOX product training\"\/><\/figure>\n\n\n\n<h3 class=\"wp-block-heading\" id=\"more-information\"><strong>Wi\u0119cej informacji o szkoleniu produktowym VARIBOX<\/strong><\/h3>\n\n\n\n<p>Potrzebne jest spotkanie? Lub potrzebna jest odpowied\u017a na jakie\u015b inne konkretne pytania, lub co\u015b wi\u0119cej o naszym VARIBOX FC lub VARIBOX SC? Prosimy o kontakt z nami: info@varibox-ibc.com lub zadzwo\u0144 +31 570 660 711.<\/p>\n\n\n\n<div class=\"wp-block-ugb-button ugb-button-wrapper green-button ugb-ee16d32 ugb-button--mobile-aligned ugb-main-block\"><style>.ugb-ee16d32 .ugb-block-content{justify-content:center !important}.ugb-ee16d32 .ugb-button1 .ugb-button--inner{font-weight:bold !important}.ugb-ee16d32 .ugb-button1:hover{opacity:1}.ugb-ee16d32 .ugb-inner-block{text-align:center}@media screen and (min-width:768px){.ugb-ee16d32.ugb-button-wrapper{margin-bottom:0px !important}}@media screen and (max-width:768px){.ugb-ee16d32 .ugb-block-content{justify-content:center !important}.ugb-ee16d32 .ugb-inner-block{text-align:center}}<\/style><div class=\"ugb-inner-block\"><div class=\"ugb-block-content\"><div class=\"ugb-button-container\"><a class=\"ugb-button1 ugb-button ugb-button--size-normal\" href=\"https:\/\/varibox.best4u.dev\/pl\/skontaktuj-sie-z-nami\/\" rel=\"\" title=\"\"><span class=\"ugb-button--inner\">Skontaktuj si\u0119 z nami<\/span><\/a><\/div><\/div><\/div><\/div>\n","protected":false},"excerpt":{"rendered":"<p>Szkolenie produktowe VARIBOX W VARIBOX najbezpieczniejsza praca z chemikaliami jest najwy\u017cszym priorytetem. Wiedza na temat bezpiecze\u0144stwa jest niezb\u0119dna, dlatego stworzyli\u015bmy szkolenie produktowe VARIBOX. Owo specjalnie opracowane szkolenie ma na celu przyczynienie si\u0119 do bezpiecznej pracy z chemikaliami i rozpoznanie niebezpiecznych sytuacji dotycz\u0105cych po\u015brednich pojemnik\u00f3w masowych (DPPL) Skontaktuj si\u0119 z nami R\u00f3\u017cnorodno\u015b\u0107 temat\u00f3w W VARIBOX bezpiecze\u0144stwo [&hellip;]<\/p>\n","protected":false},"author":1,"featured_media":29376,"parent":0,"menu_order":0,"comment_status":"open","ping_status":"open","template":"","meta":{"_acf_changed":false,"footnotes":""},"class_list":["post-57974","page","type-page","status-publish","has-post-thumbnail","hentry"],"blocksy_meta":{"styles_descriptor":{"styles":{"desktop":"","tablet":"","mobile":""},"google_fonts":[],"version":6}},"featured_image_urls_v2":{"full":["https:\/\/varibox.best4u.dev\/wp-content\/uploads\/2024\/10\/Erfahrungsaustausch-Vion-Sifas-05-2019-1024x768-1.jpg",1024,768,false],"thumbnail":["https:\/\/varibox.best4u.dev\/wp-content\/uploads\/2024\/10\/Erfahrungsaustausch-Vion-Sifas-05-2019-1024x768-1-256x256.jpg",256,256,true],"medium":["https:\/\/varibox.best4u.dev\/wp-content\/uploads\/2024\/10\/Erfahrungsaustausch-Vion-Sifas-05-2019-1024x768-1-512x384.jpg",512,384,true],"medium_large":["https:\/\/varibox.best4u.dev\/wp-content\/uploads\/2024\/10\/Erfahrungsaustausch-Vion-Sifas-05-2019-1024x768-1-768x576.jpg",768,576,true],"large":["https:\/\/varibox.best4u.dev\/wp-content\/uploads\/2024\/10\/Erfahrungsaustausch-Vion-Sifas-05-2019-1024x768-1.jpg",1024,768,false],"1536x1536":["https:\/\/varibox.best4u.dev\/wp-content\/uploads\/2024\/10\/Erfahrungsaustausch-Vion-Sifas-05-2019-1024x768-1.jpg",1024,768,false],"2048x2048":["https:\/\/varibox.best4u.dev\/wp-content\/uploads\/2024\/10\/Erfahrungsaustausch-Vion-Sifas-05-2019-1024x768-1.jpg",1024,768,false],"woocommerce_archive_thumbnail":["https:\/\/varibox.best4u.dev\/wp-content\/uploads\/2024\/10\/Erfahrungsaustausch-Vion-Sifas-05-2019-1024x768-1-270x203.jpg",270,203,true],"gform-image-choice-sm":["https:\/\/varibox.best4u.dev\/wp-content\/uploads\/2024\/10\/Erfahrungsaustausch-Vion-Sifas-05-2019-1024x768-1.jpg",300,225,false],"gform-image-choice-md":["https:\/\/varibox.best4u.dev\/wp-content\/uploads\/2024\/10\/Erfahrungsaustausch-Vion-Sifas-05-2019-1024x768-1.jpg",400,300,false],"gform-image-choice-lg":["https:\/\/varibox.best4u.dev\/wp-content\/uploads\/2024\/10\/Erfahrungsaustausch-Vion-Sifas-05-2019-1024x768-1.jpg",600,450,false],"woocommerce_thumbnail":["https:\/\/varibox.best4u.dev\/wp-content\/uploads\/2024\/10\/Erfahrungsaustausch-Vion-Sifas-05-2019-1024x768-1-270x203.jpg",270,203,true],"woocommerce_single":["https:\/\/varibox.best4u.dev\/wp-content\/uploads\/2024\/10\/Erfahrungsaustausch-Vion-Sifas-05-2019-1024x768-1.jpg",1024,768,false],"woocommerce_gallery_thumbnail":["https:\/\/varibox.best4u.dev\/wp-content\/uploads\/2024\/10\/Erfahrungsaustausch-Vion-Sifas-05-2019-1024x768-1-100x100.jpg",100,100,true],"variation_swatches_image_size":["https:\/\/varibox.best4u.dev\/wp-content\/uploads\/2024\/10\/Erfahrungsaustausch-Vion-Sifas-05-2019-1024x768-1-50x50.jpg",50,50,true],"variation_swatches_tooltip_size":["https:\/\/varibox.best4u.dev\/wp-content\/uploads\/2024\/10\/Erfahrungsaustausch-Vion-Sifas-05-2019-1024x768-1-100x100.jpg",100,100,true]},"post_excerpt_stackable_v2":"<p>Szkolenie produktowe VARIBOXW VARIBOX najbezpieczniejsza praca z chemikaliami jest najwy\u017cszym priorytetem. Wiedza na temat bezpiecze\u0144stwa jest niezb\u0119dna, dlatego stworzyli\u015bmy szkolenie produktowe VARIBOX. Owo specjalnie opracowane szkolenie ma na celu przyczynienie si\u0119 do bezpiecznej pracy z chemikaliami i rozpoznanie niebezpiecznych sytuacji dotycz\u0105cych po\u015brednich pojemnik\u00f3w masowych (DPPL) Skontaktuj si\u0119 z nami Bezpieczniej Wielokrotnego u\u017cytku Zr\u00f3wnowa\u017cony R\u00f3\u017cnorodno\u015b\u0107 temat\u00f3w W VARIBOX bezpiecze\u0144stwo jest zawsze priorytetem numer 1. Ch\u0119tnie pomo\u017cemy w osi\u0105gni\u0119ciu cel\u00f3w bezpiecze\u0144stwa. Ch\u0119tnie oferujemy nasze szkolenia, kt\u00f3re pomog\u0105 bezpieczniej pracowa\u0107 z chemikaliami. Szkolenie produktowe VARIBOX podzielone jest na nast\u0119puj\u0105ce tematy: Rozpoznanie niebezpiecze\u0144stw podczas wykorzystywania IBC; Wiedza na temat przepis\u00f3w dotycz\u0105cych przechowywania i transportu,&hellip;<\/p>\n","category_list_v2":"","author_info_v2":{"name":"Best4u","url":"https:\/\/varibox.best4u.dev\/pl\/author\/best4u\/"},"comments_num_v2":"0 comments","acf":[],"_links":{"self":[{"href":"https:\/\/varibox.best4u.dev\/pl\/wp-json\/wp\/v2\/pages\/57974","targetHints":{"allow":["GET"]}}],"collection":[{"href":"https:\/\/varibox.best4u.dev\/pl\/wp-json\/wp\/v2\/pages"}],"about":[{"href":"https:\/\/varibox.best4u.dev\/pl\/wp-json\/wp\/v2\/types\/page"}],"author":[{"embeddable":true,"href":"https:\/\/varibox.best4u.dev\/pl\/wp-json\/wp\/v2\/users\/1"}],"replies":[{"embeddable":true,"href":"https:\/\/varibox.best4u.dev\/pl\/wp-json\/wp\/v2\/comments?post=57974"}],"version-history":[{"count":1,"href":"https:\/\/varibox.best4u.dev\/pl\/wp-json\/wp\/v2\/pages\/57974\/revisions"}],"predecessor-version":[{"id":57975,"href":"https:\/\/varibox.best4u.dev\/pl\/wp-json\/wp\/v2\/pages\/57974\/revisions\/57975"}],"wp:featuredmedia":[{"embeddable":true,"href":"https:\/\/varibox.best4u.dev\/pl\/wp-json\/wp\/v2\/media\/29376"}],"wp:attachment":[{"href":"https:\/\/varibox.best4u.dev\/pl\/wp-json\/wp\/v2\/media?parent=57974"}],"curies":[{"name":"wp","href":"https:\/\/api.w.org\/{rel}","templated":true}]}}