{"id":63018,"date":"2024-11-19T15:34:47","date_gmt":"2024-11-19T14:34:47","guid":{"rendered":"https:\/\/varibox.best4u.dev\/product\/drumtainer\/"},"modified":"2025-10-21T14:50:19","modified_gmt":"2025-10-21T12:50:19","slug":"drumtainer","status":"publish","type":"product","link":"https:\/\/varibox.best4u.dev\/nl\/product\/drumtainer\/","title":{"rendered":"VARIBOX Drumtainer &#8211; Drum Container"},"content":{"rendered":"<h2 data-start=\"547\" data-end=\"626\">Drum container \u2013 veilige, mobiele en duurzame oplossing voor 200-liter vaten<\/h2>\n<p data-start=\"628\" data-end=\"1047\">De <strong data-start=\"631\" data-end=\"649\">drum container<\/strong> is een essentieel onderdeel van een veilige en effici\u00ebnte chemische supply chain. Binnen de wereld van chemicali\u00ebn en reinigingsmiddelen is de <strong data-start=\"793\" data-end=\"815\">VARIBOX Drumtainer<\/strong> d\u00e9 standaard voor verantwoord vervoer, opslag en gebruik van vaten van 200 tot 220 liter. Deze innovatieve, mobiele lekbak biedt maximale veiligheid, ergonomisch gebruiksgemak en duurzaamheid \u2014 van distributeur tot eindgebruiker.<\/p>\n<hr data-start=\"1049\" data-end=\"1052\" \/>\n<h3 data-start=\"1054\" data-end=\"1117\">De VARIBOX Drumtainer \u2013 mobiele lekbak voor 200-liter vaten<\/h3>\n<p data-start=\"1119\" data-end=\"1499\">De <strong data-start=\"1122\" data-end=\"1144\">VARIBOX Drumtainer<\/strong> is de mobiele lekbak die speciaal is ontwikkeld voor het veilig \u00e9n ergonomisch vervoeren van 200-liter vaten. Dankzij de ge\u00efntegreerde opvangbak is een aparte lekbak niet meer nodig.<br data-start=\"1327\" data-end=\"1330\" \/>U kunt de drum container overal neerzetten \u2014 in magazijnen, productieruimtes of technische installaties \u2014 zonder dat zware vaten hoeven te worden opgetild of overgeheveld. Voor distributeurs van chemicali\u00ebn en reinigingsmiddelen is de Drumtainer d\u00e9 oplossing om hun producten veilig en gebruiksklaar te leveren aan industri\u00eble klanten. De eindgebruiker hoeft enkel de Drumtainer aan te sluiten: <strong data-start=\"1724\" data-end=\"1751\">aansluiten, klaar, gaan<\/strong>.<\/p>\n<hr data-start=\"1754\" data-end=\"1757\" \/>\n<h3 data-start=\"1759\" data-end=\"1819\">Speciaal ontworpen voor eenvoudig en effici\u00ebnt transport<\/h3>\n<p data-start=\"1821\" data-end=\"2270\">De <a href=\"https:\/\/varibox.best4u.dev\/nl\/varibox_product\/varibox-drumtainer\/\">VARIBOX Drumtainer<\/a> is ontwikkeld om het werken met vaten eenvoudiger, sneller en veiliger te maken. De container kan op locatie worden verplaatst met een <strong data-start=\"1978\" data-end=\"2020\">vorkheftruck, palletwagen of handmatig<\/strong> dankzij de grote wielen en stevige RVS-handgrepen.<br data-start=\"2071\" data-end=\"2074\" \/>Het vat is licht gekanteld geplaatst in de container, waardoor het <strong data-start=\"2141\" data-end=\"2167\">bijna volledig geleegd<\/strong> kan worden. Dat voorkomt restvolume, vermindert afval en maakt het reinigen van het vat eenvoudiger.\u00a0Het ontwerp is niet stapelbaar, maar juist gericht op <strong data-start=\"2326\" data-end=\"2350\">maximale stabiliteit<\/strong>. Zo blijft het geheel stevig staan tijdens gebruik of transport, zelfs in dynamische omgevingen zoals productievloeren of logistieke hubs. Dankzij de compacte afmetingen \u2014 circa 600 mm breed, 800 mm lang en 1360 mm hoog \u2014 past de Drumtainer perfect binnen de footprint van een halve pallet. Ideaal voor ruimtebesparend gebruik en veilig transport in kleine ruimtes.<\/p>\n<hr data-start=\"2720\" data-end=\"2723\" \/>\n<h3 data-start=\"2725\" data-end=\"2760\">ADR-conform en DIBt-goedgekeurd<\/h3>\n<p data-start=\"2762\" data-end=\"3095\">De VARIBOX Drumtainer is niet zomaar een drum container: het is een <strong data-start=\"2830\" data-end=\"2878\">volwaardige oververpakking in de zin van ADR<\/strong> en beschikt over een <a href=\"https:\/\/www.dibt.de\/en\/\" target=\"_blank\" rel=\"noopener\"><strong data-start=\"2900\" data-end=\"2920\">DIBt-goedkeuring<\/strong><\/a>. In combinatie met een UN-gecertificeerd vat voldoet de Drumtainer volledig aan de nationale en internationale regelgeving voor opslag en transport van gevaarlijke stoffen.\u00a0De ingebouwde opvangbak (ca. 300 liter) biedt een extra veiligheidslaag: mocht een vat lekken, dan wordt de vloeistof automatisch opgevangen. Zo voldoet de Drumtainer aan de hoogste veiligheidsnormen voor zowel distributeurs als eindgebruikers in de industrie.<\/p>\n<hr data-start=\"3359\" data-end=\"3362\" \/>\n<h3 data-start=\"3364\" data-end=\"3424\">Perfect voor distributeurs \u00e9n industri\u00eble eindgebruikers<\/h3>\n<p data-start=\"3426\" data-end=\"3740\">De Drumtainer speelt een belangrijke rol in de keten tussen <strong data-start=\"3486\" data-end=\"3509\">chemiedistributeurs<\/strong> en <strong data-start=\"3513\" data-end=\"3538\">industri\u00eble bedrijven<\/strong>. Distributeurs vullen de vaten met hun chemicali\u00ebn of reinigingsmiddelen en plaatsen deze direct in de Drumtainer. Vervolgens wordt de container als complete, veilige eenheid geleverd aan de klant.\u00a0De eindgebruiker \u2014 bijvoorbeeld in de voedingsmiddelenindustrie, chemische productie of technische reiniging \u2014 hoeft het vat enkel nog <strong data-start=\"3877\" data-end=\"3895\">aan te sluiten<\/strong> op het eigen doseer- of afnamesysteem. Geen tillen, geen overschenken, geen aparte lekbak.<br data-start=\"3986\" data-end=\"3989\" \/>Deze aanpak maakt het hele proces veiliger, ergonomischer en effici\u00ebnter \u2014 en verkleint tegelijk de kans op morsen of blootstelling.<\/p>\n<hr data-start=\"4123\" data-end=\"4126\" \/>\n<h3 data-start=\"4128\" data-end=\"4181\">Voor het milieu \u2013 minder restvolume, minder afval<\/h3>\n<p data-start=\"4183\" data-end=\"4425\">De Drumtainer is niet alleen een veilige, maar ook een duurzame keuze. Doordat het vat licht gekanteld is, blijft er <strong data-start=\"4300\" data-end=\"4324\">minder restvloeistof<\/strong> achter. Dit betekent minder verspilling en schonere vaten die eenvoudiger gereinigd kunnen worden.\u00a0Zowel de <strong data-start=\"4436\" data-end=\"4457\">polyethyleen omverpakking<\/strong> als het <strong data-start=\"4466\" data-end=\"4479\">RVS-frame<\/strong> zijn volledig recyclebaar. En omdat de container jarenlang hergebruikt kan worden, past hij perfect in een <strong data-start=\"4587\" data-end=\"4622\">circulaire logistieke strategie<\/strong>. Met de VARIBOX Drumtainer kunnen distributeurs en industri\u00eble gebruikers hun processen optimaliseren \u00e9n hun ecologische voetafdruk verkleinen.<\/p>\n<hr data-start=\"4770\" data-end=\"4773\" \/>\n<h3 data-start=\"4775\" data-end=\"4819\">Belangrijkste kenmerken van de drum container in \u00e9\u00e9n oogopslag<\/h3>\n<ul data-start=\"4821\" data-end=\"5264\">\n<li data-start=\"4821\" data-end=\"4858\">\n<p data-start=\"4823\" data-end=\"4858\">Geschikt voor 200\u2013220 liter vaten<\/p>\n<\/li>\n<li data-start=\"4859\" data-end=\"4925\">\n<p data-start=\"4861\" data-end=\"4925\">Ingebouwde lekbak van ca. 300 liter \u2013 geen aparte opvang nodig<\/p>\n<\/li>\n<li data-start=\"4926\" data-end=\"4976\">\n<p data-start=\"4928\" data-end=\"4976\">Rotatiegegoten polyethyleen kuip met RVS-frame<\/p>\n<\/li>\n<li data-start=\"4977\" data-end=\"5012\">\n<p data-start=\"4979\" data-end=\"5012\">DIBt-goedgekeurd en ADR-conform<\/p>\n<\/li>\n<li data-start=\"5013\" data-end=\"5067\">\n<p data-start=\"5015\" data-end=\"5067\">Verplaatsbaar met heftruck, pompwagen of handmatig<\/p>\n<\/li>\n<li data-start=\"5068\" data-end=\"5119\">\n<p data-start=\"5070\" data-end=\"5119\">Licht gekanteld vat voor minimale restvloeistof<\/p>\n<\/li>\n<li data-start=\"5120\" data-end=\"5163\">\n<p data-start=\"5122\" data-end=\"5163\">Compact: footprint van een halve pallet<\/p>\n<\/li>\n<li data-start=\"5164\" data-end=\"5221\">\n<p data-start=\"5166\" data-end=\"5221\">Niet stapelbaar \u2013 ontworpen voor maximale stabiliteit<\/p>\n<\/li>\n<li data-start=\"5222\" data-end=\"5264\">\n<p data-start=\"5224\" data-end=\"5264\">Recyclebare en herbruikbare materialen<\/p>\n<\/li>\n<\/ul>\n<hr data-start=\"5266\" data-end=\"5269\" \/>\n<h3 data-start=\"5271\" data-end=\"5287\">Toepassingen<\/h3>\n<p data-start=\"5289\" data-end=\"5367\">De <strong data-start=\"5292\" data-end=\"5310\">drum container<\/strong> is geschikt voor uiteenlopende sectoren en toepassingen:<\/p>\n<ul data-start=\"5369\" data-end=\"5856\">\n<li data-start=\"5369\" data-end=\"5472\">\n<p data-start=\"5371\" data-end=\"5472\"><strong data-start=\"5371\" data-end=\"5398\">Chemische distributeurs<\/strong> die vloeistoffen en reinigingsmiddelen leveren aan industri\u00eble klanten.<\/p>\n<\/li>\n<li data-start=\"5473\" data-end=\"5562\">\n<p data-start=\"5475\" data-end=\"5562\"><strong data-start=\"5475\" data-end=\"5497\">Productiebedrijven<\/strong> die chemicali\u00ebn veilig willen gebruiken in doseerinstallaties.<\/p>\n<\/li>\n<li data-start=\"5563\" data-end=\"5663\">\n<p data-start=\"5565\" data-end=\"5663\"><strong data-start=\"5565\" data-end=\"5603\">Reinigings- en onderhoudsbedrijven<\/strong> die effici\u00ebnt willen werken met geconcentreerde middelen.<\/p>\n<\/li>\n<li data-start=\"5664\" data-end=\"5761\">\n<p data-start=\"5666\" data-end=\"5761\"><strong data-start=\"5666\" data-end=\"5717\">Voedingsmiddelen- en farmaceutische industrie\u00ebn<\/strong> waar hygi\u00ebne en veiligheid cruciaal zijn.<\/p>\n<\/li>\n<li data-start=\"5762\" data-end=\"5856\">\n<p data-start=\"5764\" data-end=\"5856\"><strong data-start=\"5764\" data-end=\"5795\">Ziekenhuizen en laboratoria<\/strong> die gevaarlijke stoffen veilig willen opslaan en hanteren.<\/p>\n<\/li>\n<\/ul>\n<hr data-start=\"5858\" data-end=\"5861\" \/>\n<h3 data-start=\"5863\" data-end=\"5890\">De voordelen van de drum container op een rij<\/h3>\n<ul data-start=\"5892\" data-end=\"6211\">\n<li data-start=\"5892\" data-end=\"5941\">\n<p data-start=\"5894\" data-end=\"5941\">\u2705 Volledig ADR-conform en DIBt-gecertificeerd<\/p>\n<\/li>\n<li data-start=\"5942\" data-end=\"5991\">\n<p data-start=\"5944\" data-end=\"5991\">\u2705 Ideaal voor distributeurs en eindgebruikers<\/p>\n<\/li>\n<li data-start=\"5992\" data-end=\"6042\">\n<p data-start=\"5994\" data-end=\"6042\">\u2705 Mobiele lekbak \u2013 geen aparte opvangbak nodig<\/p>\n<\/li>\n<li data-start=\"6043\" data-end=\"6083\">\n<p data-start=\"6045\" data-end=\"6083\">\u2705 Ergonomisch, geen tillen of morsen<\/p>\n<\/li>\n<li data-start=\"6084\" data-end=\"6124\">\n<p data-start=\"6086\" data-end=\"6124\">\u2705 Minder restvloeistof, minder afval<\/p>\n<\/li>\n<li data-start=\"6125\" data-end=\"6155\">\n<p data-start=\"6127\" data-end=\"6155\">\u2705 Herbruikbaar en duurzaam<\/p>\n<\/li>\n<li data-start=\"6156\" data-end=\"6211\">\n<p data-start=\"6158\" data-end=\"6211\">\u2705 Veilige, conforme en toekomstbestendige oplossing<\/p>\n<\/li>\n<\/ul>\n<hr data-start=\"6213\" data-end=\"6216\" \/>\n<h3 data-start=\"6218\" data-end=\"6231\">Conclusie<\/h3>\n<p data-start=\"6233\" data-end=\"6513\">De <strong data-start=\"6236\" data-end=\"6258\">VARIBOX Drumtainer<\/strong> is de slimme drum container voor distributeurs \u00e9n industri\u00eble gebruikers die werken met chemicali\u00ebn of reinigingsmiddelen. Van veilige levering tot eenvoudig gebruik: de Drumtainer maakt het hele proces veiliger, ergonomische en milieuvriendelijker. <strong data-start=\"6515\" data-end=\"6613\">VARIBOX Drumtainer \u2013 de mobiele drum container die veiligheid, effici\u00ebntie en duurzaamheid combineert. <\/strong><\/p>\n","protected":false},"excerpt":{"rendered":"<p>De VARIBOX Drumtainer is de mobiele lekbak voor 200-liter vaten. De Drumtainer is speciaal ontwikkeld voor het veilig en ergonomisch vervoeren van vaten.<\/p>\n<p><strong>Alleen in veelvoud van 2 bestelbaar<br \/>\nLevertijd 6 tot 8 weken<br \/>\n<\/strong><\/p>\n","protected":false},"featured_media":69303,"comment_status":"closed","ping_status":"closed","template":"","meta":{"_acf_changed":false},"product_brand":[],"product_cat":[907,213],"product_tag":[],"class_list":{"0":"post-63018","1":"product","2":"type-product","3":"status-publish","4":"has-post-thumbnail","6":"product_cat-drumtainer-nl","7":"product_cat-varibox-drumtainer-nl","8":"product_shipping_class-deventer-en","10":"first","11":"instock","12":"taxable","13":"shipping-taxable","14":"purchasable","15":"product-type-variable"},"featured_image_urls_v2":{"full":["https:\/\/varibox.best4u.dev\/wp-content\/uploads\/2024\/11\/ADR-Drum-Container.jpg",1024,674,false],"thumbnail":["https:\/\/varibox.best4u.dev\/wp-content\/uploads\/2024\/11\/ADR-Drum-Container-256x256.jpg",256,256,true],"medium":["https:\/\/varibox.best4u.dev\/wp-content\/uploads\/2024\/11\/ADR-Drum-Container-512x337.jpg",512,337,true],"medium_large":["https:\/\/varibox.best4u.dev\/wp-content\/uploads\/2024\/11\/ADR-Drum-Container-768x506.jpg",768,506,true],"large":["https:\/\/varibox.best4u.dev\/wp-content\/uploads\/2024\/11\/ADR-Drum-Container.jpg",1024,674,false],"1536x1536":["https:\/\/varibox.best4u.dev\/wp-content\/uploads\/2024\/11\/ADR-Drum-Container.jpg",1024,674,false],"2048x2048":["https:\/\/varibox.best4u.dev\/wp-content\/uploads\/2024\/11\/ADR-Drum-Container.jpg",1024,674,false],"woocommerce_archive_thumbnail":["https:\/\/varibox.best4u.dev\/wp-content\/uploads\/2024\/11\/ADR-Drum-Container-270x178.jpg",270,178,true],"gform-image-choice-sm":["https:\/\/varibox.best4u.dev\/wp-content\/uploads\/2024\/11\/ADR-Drum-Container.jpg",300,197,false],"gform-image-choice-md":["https:\/\/varibox.best4u.dev\/wp-content\/uploads\/2024\/11\/ADR-Drum-Container.jpg",400,263,false],"gform-image-choice-lg":["https:\/\/varibox.best4u.dev\/wp-content\/uploads\/2024\/11\/ADR-Drum-Container.jpg",600,395,false],"woocommerce_thumbnail":["https:\/\/varibox.best4u.dev\/wp-content\/uploads\/2024\/11\/ADR-Drum-Container-270x178.jpg",270,178,true],"woocommerce_single":["https:\/\/varibox.best4u.dev\/wp-content\/uploads\/2024\/11\/ADR-Drum-Container.jpg",1024,674,false],"woocommerce_gallery_thumbnail":["https:\/\/varibox.best4u.dev\/wp-content\/uploads\/2024\/11\/ADR-Drum-Container-100x100.jpg",100,100,true],"variation_swatches_image_size":["https:\/\/varibox.best4u.dev\/wp-content\/uploads\/2024\/11\/ADR-Drum-Container-50x50.jpg",50,50,true],"variation_swatches_tooltip_size":["https:\/\/varibox.best4u.dev\/wp-content\/uploads\/2024\/11\/ADR-Drum-Container-100x100.jpg",100,100,true]},"post_excerpt_stackable_v2":"<p>De VARIBOX Drumtainer is de mobiele lekbak voor 200-liter vaten. De Drumtainer is speciaal ontwikkeld voor het veilig en ergonomisch vervoeren van vaten.<\/p>\n<p><strong>Alleen in veelvoud van 2 bestelbaar<br \/>\nLevertijd 6 tot 8 weken<br \/>\n<\/strong><\/p>\n","category_list_v2":"","author_info_v2":{"name":"","url":""},"comments_num_v2":"0 comments","acf":[],"_links":{"self":[{"href":"https:\/\/varibox.best4u.dev\/nl\/wp-json\/wp\/v2\/product\/63018","targetHints":{"allow":["GET"]}}],"collection":[{"href":"https:\/\/varibox.best4u.dev\/nl\/wp-json\/wp\/v2\/product"}],"about":[{"href":"https:\/\/varibox.best4u.dev\/nl\/wp-json\/wp\/v2\/types\/product"}],"replies":[{"embeddable":true,"href":"https:\/\/varibox.best4u.dev\/nl\/wp-json\/wp\/v2\/comments?post=63018"}],"wp:featuredmedia":[{"embeddable":true,"href":"https:\/\/varibox.best4u.dev\/nl\/wp-json\/wp\/v2\/media\/69303"}],"wp:attachment":[{"href":"https:\/\/varibox.best4u.dev\/nl\/wp-json\/wp\/v2\/media?parent=63018"}],"wp:term":[{"taxonomy":"product_brand","embeddable":true,"href":"https:\/\/varibox.best4u.dev\/nl\/wp-json\/wp\/v2\/product_brand?post=63018"},{"taxonomy":"product_cat","embeddable":true,"href":"https:\/\/varibox.best4u.dev\/nl\/wp-json\/wp\/v2\/product_cat?post=63018"},{"taxonomy":"product_tag","embeddable":true,"href":"https:\/\/varibox.best4u.dev\/nl\/wp-json\/wp\/v2\/product_tag?post=63018"}],"curies":[{"name":"wp","href":"https:\/\/api.w.org\/{rel}","templated":true}]}}