{"id":68398,"date":"2025-06-25T09:10:10","date_gmt":"2025-06-25T07:10:10","guid":{"rendered":"https:\/\/varibox.best4u.dev\/?page_id=68398"},"modified":"2025-10-01T14:54:15","modified_gmt":"2025-10-01T12:54:15","slug":"retourvoorwaarden","status":"publish","type":"page","link":"https:\/\/varibox.best4u.dev\/nl\/retourvoorwaarden\/","title":{"rendered":"Retourvoorwaarden"},"content":{"rendered":"<div class=\"gb-container gb-container-f136fbdf\"><div class=\"gb-inside-container\">\n\n<h1 class=\"wp-block-heading\">Retourvoorwaarden<\/h1>\n\n\n\n<p>Dit is het offici\u00eble retourbeleid van <strong>Rotovia Deventer B.V.<\/strong> en <strong>Rotovia Montoir SAS<\/strong>.<br>Het is van toepassing op alle <strong>bestellingen die via onze webshop zijn geplaatst<\/strong>, om transparantie en duidelijkheid voor onze klanten te waarborgen.<\/p>\n\n\n\n<p><em>Dit retourbeleid is niet van toepassing op business-to-business (B2B) contracten die buiten de webshop zijn afgesloten.<\/em><\/p>\n\n\n\n<hr class=\"wp-block-separator has-alpha-channel-opacity\"\/>\n\n\n\n<p><strong>Geldigheid<\/strong><br>Dit retourbeleid geldt voor klanten uit de volgende landen: Oostenrijk, Belgi\u00eb, Zwitserland, Tsjechi\u00eb, Duitsland, Denemarken, Spanje, Finland, Frankrijk, Verenigd Koninkrijk, Hongarije, Ierland, Itali\u00eb, Nederland, Noorwegen, Polen, Portugal, Roemeni\u00eb en Zweden.<\/p>\n\n\n\n<hr class=\"wp-block-separator has-alpha-channel-opacity\"\/>\n\n\n\n<h3 class=\"wp-block-heading\">Retouren<\/h3>\n\n\n\n<p>Ja, wij accepteren retouren van zowel defecte als niet-defecte producten.<\/p>\n\n\n\n<ul class=\"wp-block-list\">\n<li><strong>Retourtermijn:<\/strong> binnen <strong>30 dagen na ontvangst<\/strong>.<\/li>\n\n\n\n<li><strong>Productconditie:<\/strong> alleen <strong>nieuwe en ongebruikte producten<\/strong> in de <strong>originele verpakking<\/strong> komen in aanmerking.<\/li>\n\n\n\n<li><strong>Uitzonderingen:<\/strong> maatwerkproducten en hygi\u00ebneproducten kunnen niet worden geretourneerd.<\/li>\n<\/ul>\n\n\n\n<hr class=\"wp-block-separator has-alpha-channel-opacity\"\/>\n\n\n\n<h3 class=\"wp-block-heading\">Wat moet ik doen om mijn producten te retourneren?<\/h3>\n\n\n\n<ol class=\"wp-block-list\">\n<li>Onderdelen moeten <strong>ongebruikt<\/strong> zijn.<\/li>\n\n\n\n<li>Meld je retour aan via het <strong>online retourformulier<\/strong> dat beschikbaar is op onze retourpagina.<\/li>\n\n\n\n<li>Verpak de producten zorgvuldig in de <strong>originele verpakking<\/strong>.<\/li>\n\n\n\n<li>Stuur het pakket terug naar onze locatie.<\/li>\n<\/ol>\n\n\n\n<hr class=\"wp-block-separator has-alpha-channel-opacity\"\/>\n\n\n\n<h3 class=\"wp-block-heading\">Kan ik de status van mijn retour volgen?<\/h3>\n\n\n\n<p>Het is momenteel <strong>niet mogelijk om de status van je retour online te volgen<\/strong>.<br>Wil je weten wat de status is? Neem dan contact met ons op via het formulier op onze <strong>contactpagina<\/strong>. Onze klantenservice helpt je zo snel mogelijk.<\/p>\n\n\n\n<hr class=\"wp-block-separator has-alpha-channel-opacity\"\/>\n\n\n\n<h3 class=\"wp-block-heading\">Is het mogelijk om mijn retour te laten ophalen?<\/h3>\n\n\n\n<p><strong>Nee, dit is helaas niet mogelijk.<\/strong><br>Je bent zelf verantwoordelijk voor het verzenden van de geretourneerde producten naar onze locatie.<\/p>\n\n\n\n<hr class=\"wp-block-separator has-alpha-channel-opacity\"\/>\n\n\n\n<h3 class=\"wp-block-heading\">Ik wil mijn retour wijzigen \u2013 wat moet ik doen?<\/h3>\n\n\n\n<p>Wanneer je je retour hebt geregistreerd via het online retourformulier, kan dit alleen nog gewijzigd worden door contact op te nemen met onze <strong>klantenservice<\/strong>.<br>Dit kan via het formulier op de <strong>contactpagina<\/strong>.<\/p>\n\n\n\n<hr class=\"wp-block-separator has-alpha-channel-opacity\"\/>\n\n\n\n<h3 class=\"wp-block-heading\">Ik heb een beschadigd of kapot product ontvangen \u2013 wat moet ik doen?<\/h3>\n\n\n\n<p>Wanneer je een beschadigd of kapot product ontvangt, vul dan het <strong>klachtenformulier<\/strong> in om dit te melden.<br>Onze klantenservice neemt zo snel mogelijk contact met je op om het probleem op te lossen.<\/p>\n\n\n\n<hr class=\"wp-block-separator has-alpha-channel-opacity\"\/>\n\n\n\n<h3 class=\"wp-block-heading\">Retourproces<\/h3>\n\n\n\n<ul class=\"wp-block-list\">\n<li><strong>Methode:<\/strong> retouren zijn uitsluitend <strong>per post<\/strong> mogelijk.<\/li>\n\n\n\n<li><strong>Retourlabel\/kosten:<\/strong> de klant is verantwoordelijk voor de verzendkosten.<\/li>\n\n\n\n<li><strong>Restocking fee:<\/strong> er worden <strong>geen extra kosten<\/strong> in rekening gebracht.<\/li>\n<\/ul>\n\n\n\n<hr class=\"wp-block-separator has-alpha-channel-opacity\"\/>\n\n\n\n<h3 class=\"wp-block-heading\">Terugbetaling<\/h3>\n\n\n\n<p>Wij verwerken terugbetalingen binnen <strong>30 dagen<\/strong> na ontvangst en controle van de retour.<br>Het bedrag wordt teruggestort via dezelfde betaalmethode die bij de bestelling is gebruikt.<\/p>\n\n\n\n<hr class=\"wp-block-separator has-alpha-channel-opacity\"\/>\n\n\n\n<h3 class=\"wp-block-heading\">Ruilingen<\/h3>\n\n\n\n<p>Ja, wij accepteren ruilingen. Neem binnen 30 dagen contact met ons op om een ruiling te regelen.<\/p>\n\n\n\n<hr class=\"wp-block-separator has-alpha-channel-opacity\"\/>\n\n\n\n<h3 class=\"wp-block-heading\">Contact<\/h3>\n\n\n\n<p>\ud83d\udce7 <strong><a>Info@varibox-ibc.com<\/a><\/strong><br>\ud83d\udcde <strong>+31 570 660711<\/strong><\/p>\n\n\n\n<p><strong>Laatste update:<\/strong> 1 oktober 2025<\/p>\n\n<\/div><\/div>","protected":false},"excerpt":{"rendered":"<p>Retourvoorwaarden Dit is het offici\u00eble retourbeleid van Rotovia Deventer B.V. en Rotovia Montoir SAS.Het is van toepassing op alle bestellingen die via onze webshop zijn geplaatst, om transparantie en duidelijkheid voor onze klanten te waarborgen. Dit retourbeleid is niet van toepassing op business-to-business (B2B) contracten die buiten de webshop zijn afgesloten. GeldigheidDit retourbeleid geldt voor [&hellip;]<\/p>\n","protected":false},"author":1,"featured_media":0,"parent":0,"menu_order":0,"comment_status":"closed","ping_status":"closed","template":"","meta":{"_acf_changed":false,"footnotes":""},"class_list":["post-68398","page","type-page","status-publish","hentry"],"blocksy_meta":[],"featured_image_urls_v2":{"full":"","thumbnail":"","medium":"","medium_large":"","large":"","1536x1536":"","2048x2048":"","woocommerce_archive_thumbnail":"","gform-image-choice-sm":"","gform-image-choice-md":"","gform-image-choice-lg":"","woocommerce_thumbnail":"","woocommerce_single":"","woocommerce_gallery_thumbnail":"","variation_swatches_image_size":"","variation_swatches_tooltip_size":""},"post_excerpt_stackable_v2":"<p>Retourvoorwaarden Dit is het offici\u00eble retourbeleid van Rotovia Deventer B.V. en Rotovia Montoir SAS.Het is van toepassing op alle bestellingen die via onze webshop zijn geplaatst, om transparantie en duidelijkheid voor onze klanten te waarborgen. Dit retourbeleid is niet van toepassing op business-to-business (B2B) contracten die buiten de webshop zijn afgesloten. GeldigheidDit retourbeleid geldt voor klanten uit de volgende landen: Oostenrijk, Belgi\u00eb, Zwitserland, Tsjechi\u00eb, Duitsland, Denemarken, Spanje, Finland, Frankrijk, Verenigd Koninkrijk, Hongarije, Ierland, Itali\u00eb, Nederland, Noorwegen, Polen, Portugal, Roemeni\u00eb en Zweden. Retouren Ja, wij accepteren retouren van zowel defecte als niet-defecte producten. Retourtermijn: binnen 30 dagen na ontvangst. Productconditie: alleen&hellip;<\/p>\n","category_list_v2":"","author_info_v2":{"name":"Best4u","url":"https:\/\/varibox.best4u.dev\/nl\/author\/best4u\/"},"comments_num_v2":"0 comments","acf":[],"_links":{"self":[{"href":"https:\/\/varibox.best4u.dev\/nl\/wp-json\/wp\/v2\/pages\/68398","targetHints":{"allow":["GET"]}}],"collection":[{"href":"https:\/\/varibox.best4u.dev\/nl\/wp-json\/wp\/v2\/pages"}],"about":[{"href":"https:\/\/varibox.best4u.dev\/nl\/wp-json\/wp\/v2\/types\/page"}],"author":[{"embeddable":true,"href":"https:\/\/varibox.best4u.dev\/nl\/wp-json\/wp\/v2\/users\/1"}],"replies":[{"embeddable":true,"href":"https:\/\/varibox.best4u.dev\/nl\/wp-json\/wp\/v2\/comments?post=68398"}],"version-history":[{"count":3,"href":"https:\/\/varibox.best4u.dev\/nl\/wp-json\/wp\/v2\/pages\/68398\/revisions"}],"predecessor-version":[{"id":70685,"href":"https:\/\/varibox.best4u.dev\/nl\/wp-json\/wp\/v2\/pages\/68398\/revisions\/70685"}],"wp:attachment":[{"href":"https:\/\/varibox.best4u.dev\/nl\/wp-json\/wp\/v2\/media?parent=68398"}],"curies":[{"name":"wp","href":"https:\/\/api.w.org\/{rel}","templated":true}]}}