{"id":68852,"date":"2023-03-22T13:50:00","date_gmt":"2023-03-22T12:50:00","guid":{"rendered":"https:\/\/varibox.best4u.dev\/product\/varibox-tappo-push-lock-per-vuoto-combi-vent\/"},"modified":"2025-09-02T08:24:42","modified_gmt":"2025-09-02T06:24:42","slug":"varibox-tappo-push-lock-per-vuoto-combi-vent","status":"publish","type":"product","link":"https:\/\/varibox.best4u.dev\/it\/prodotto\/varibox-tappo-push-lock-per-vuoto-combi-vent\/","title":{"rendered":"Set da 50 VARIBOX Tappo Push-Lock per vuoto \/ Combi-vent"},"content":{"rendered":"<p>Per proteggere ogni VARIBOX dall&#8217;acqua piovana \u00e8 necessario posizionare un tappo obbligatorio sull&#8217;aspiratore o sul combi-vent. Il tappo speciale \u00e8 realizzato in PE e il colore di ogni tappo \u00e8 bianco.<\/p>\n","protected":false},"excerpt":{"rendered":"<p>Per proteggere ogni VARIBOX dall&#8217;acqua piovana \u00e8 necessario applicare un tappo VARIBOX Push-Lock r Vacuum \/ Combi-vent obbligatorio sull&#8217;aspiratore o sul combi-vent.<\/p>\n","protected":false},"featured_media":68768,"comment_status":"closed","ping_status":"closed","template":"","meta":{"_acf_changed":false},"product_brand":[],"product_cat":[897,752,753,758,743,555,739,741],"product_tag":[],"class_list":{"0":"post-68852","1":"product","2":"type-product","3":"status-publish","4":"has-post-thumbnail","6":"product_cat-caps-varibox-fc-1000-it","7":"product_cat-caps-varibox-fc-800-2-it","8":"product_cat-caps-varibox-cc-250-2-it","9":"product_cat-caps-it","10":"product_cat-varibox-cc-250-it","11":"product_cat-varibox-drumtainer-it","12":"product_cat-varibox-fc-1000-it","13":"product_cat-varibox-fc-800-it","14":"product_shipping_class-deventer-en","15":"pa_packaging-unit-50-it","17":"first","18":"instock","19":"taxable","20":"shipping-taxable","21":"purchasable","22":"product-type-simple"},"featured_image_urls_v2":{"full":["https:\/\/varibox.best4u.dev\/wp-content\/uploads\/2023\/03\/Push-Lock-r-1.png",2000,1402,false],"thumbnail":["https:\/\/varibox.best4u.dev\/wp-content\/uploads\/2023\/03\/Push-Lock-r-1-256x256.png",256,256,true],"medium":["https:\/\/varibox.best4u.dev\/wp-content\/uploads\/2023\/03\/Push-Lock-r-1-512x359.png",512,359,true],"medium_large":["https:\/\/varibox.best4u.dev\/wp-content\/uploads\/2023\/03\/Push-Lock-r-1-768x538.png",768,538,true],"large":["https:\/\/varibox.best4u.dev\/wp-content\/uploads\/2023\/03\/Push-Lock-r-1-1024x718.png",1024,718,true],"1536x1536":["https:\/\/varibox.best4u.dev\/wp-content\/uploads\/2023\/03\/Push-Lock-r-1-1536x1077.png",1536,1077,true],"2048x2048":["https:\/\/varibox.best4u.dev\/wp-content\/uploads\/2023\/03\/Push-Lock-r-1.png",2000,1402,false],"woocommerce_archive_thumbnail":["https:\/\/varibox.best4u.dev\/wp-content\/uploads\/2023\/03\/Push-Lock-r-1-270x189.png",270,189,true],"gform-image-choice-sm":["https:\/\/varibox.best4u.dev\/wp-content\/uploads\/2023\/03\/Push-Lock-r-1.png",300,210,false],"gform-image-choice-md":["https:\/\/varibox.best4u.dev\/wp-content\/uploads\/2023\/03\/Push-Lock-r-1.png",400,280,false],"gform-image-choice-lg":["https:\/\/varibox.best4u.dev\/wp-content\/uploads\/2023\/03\/Push-Lock-r-1.png",600,421,false],"woocommerce_thumbnail":["https:\/\/varibox.best4u.dev\/wp-content\/uploads\/2023\/03\/Push-Lock-r-1-270x189.png",270,189,true],"woocommerce_single":["https:\/\/varibox.best4u.dev\/wp-content\/uploads\/2023\/03\/Push-Lock-r-1-1200x841.png",1200,841,true],"woocommerce_gallery_thumbnail":["https:\/\/varibox.best4u.dev\/wp-content\/uploads\/2023\/03\/Push-Lock-r-1-100x100.png",100,100,true],"variation_swatches_image_size":["https:\/\/varibox.best4u.dev\/wp-content\/uploads\/2023\/03\/Push-Lock-r-1-50x50.png",50,50,true],"variation_swatches_tooltip_size":["https:\/\/varibox.best4u.dev\/wp-content\/uploads\/2023\/03\/Push-Lock-r-1-100x100.png",100,100,true]},"post_excerpt_stackable_v2":"<p>Per proteggere ogni VARIBOX dall&#8217;acqua piovana \u00e8 necessario applicare un tappo VARIBOX Push-Lock r Vacuum \/ Combi-vent obbligatorio sull&#8217;aspiratore o sul combi-vent.<\/p>\n","category_list_v2":"","author_info_v2":{"name":"","url":""},"comments_num_v2":"0 comments","acf":[],"_links":{"self":[{"href":"https:\/\/varibox.best4u.dev\/it\/wp-json\/wp\/v2\/product\/68852","targetHints":{"allow":["GET"]}}],"collection":[{"href":"https:\/\/varibox.best4u.dev\/it\/wp-json\/wp\/v2\/product"}],"about":[{"href":"https:\/\/varibox.best4u.dev\/it\/wp-json\/wp\/v2\/types\/product"}],"replies":[{"embeddable":true,"href":"https:\/\/varibox.best4u.dev\/it\/wp-json\/wp\/v2\/comments?post=68852"}],"wp:featuredmedia":[{"embeddable":true,"href":"https:\/\/varibox.best4u.dev\/it\/wp-json\/wp\/v2\/media\/68768"}],"wp:attachment":[{"href":"https:\/\/varibox.best4u.dev\/it\/wp-json\/wp\/v2\/media?parent=68852"}],"wp:term":[{"taxonomy":"product_brand","embeddable":true,"href":"https:\/\/varibox.best4u.dev\/it\/wp-json\/wp\/v2\/product_brand?post=68852"},{"taxonomy":"product_cat","embeddable":true,"href":"https:\/\/varibox.best4u.dev\/it\/wp-json\/wp\/v2\/product_cat?post=68852"},{"taxonomy":"product_tag","embeddable":true,"href":"https:\/\/varibox.best4u.dev\/it\/wp-json\/wp\/v2\/product_tag?post=68852"}],"curies":[{"name":"wp","href":"https:\/\/api.w.org\/{rel}","templated":true}]}}