{"id":68846,"date":"2023-01-20T15:00:23","date_gmt":"2023-01-20T14:00:23","guid":{"rendered":"https:\/\/varibox.best4u.dev\/product\/varibox-fc-800-e-drumtainer-safeline-precision-epdm\/"},"modified":"2025-10-23T15:16:10","modified_gmt":"2025-10-23T13:16:10","slug":"varibox-fc-800-e-drumtainer-safeline-precision-epdm","status":"publish","type":"product","link":"https:\/\/varibox.best4u.dev\/it\/prodotto\/varibox-fc-800-e-drumtainer-safeline-precision-epdm\/","title":{"rendered":"VARIBOX FC 800 e Drumtainer Safeline Precision EPDM"},"content":{"rendered":"<p>Il tubo estrattore VARIBOX FC 800 e Drumtainer Safeline Precision EPDM \u00e8 realizzato in EPDM, PE e Hastelloy. Il tubo ha un colore neutro e il punto di connessione in alto \u00e8 rosso. Il tubo estrattore fa parte di un sistema facile da usare che pu\u00f2 essere collegato al tuo impianto utilizzando un accoppiatore Safeline. In questo modo il prodotto pu\u00f2 essere pompato fuori dalla VARIBOX senza aprire l&#8217;IBC. Questo garantisce che i prodotti chimici e i fumi tossici non possano uscire dall&#8217;IBC.<\/p>\n","protected":false},"excerpt":{"rendered":"<p>Il tubo estrattore VARIBOX FC 800 e Drumtainer Safeline Precision EPDM \u00e8 realizzato in EPDM, PE e Hastelloy. Il tubo ha un colore neutro e il punto di connessione in alto \u00e8 rosso. Il tubo estrattore fa parte di un sistema facile da usare che pu\u00f2 essere collegato al tuo impianto utilizzando un accoppiatore Safeline. [&hellip;]<\/p>\n","protected":false},"featured_media":63286,"comment_status":"closed","ping_status":"closed","template":"","meta":{"_acf_changed":false},"product_brand":[],"product_cat":[875,895,555,741],"product_tag":[],"class_list":{"0":"post-68846","1":"product","2":"type-product","3":"status-publish","4":"has-post-thumbnail","6":"product_cat-tubi-estrattori","7":"product_cat-extractor-tubes-varibox-drumtainer-2-it","8":"product_cat-varibox-drumtainer-it","9":"product_cat-varibox-fc-800-it","10":"product_shipping_class-deventer-en","11":"pa_packaging-unit-1-it","13":"first","14":"instock","15":"taxable","16":"shipping-taxable","17":"purchasable","18":"product-type-simple"},"featured_image_urls_v2":{"full":["https:\/\/varibox.best4u.dev\/wp-content\/uploads\/2022\/08\/slprea.png",600,400,false],"thumbnail":["https:\/\/varibox.best4u.dev\/wp-content\/uploads\/2022\/08\/slprea.png",256,171,false],"medium":["https:\/\/varibox.best4u.dev\/wp-content\/uploads\/2022\/08\/slprea.png",512,341,false],"medium_large":["https:\/\/varibox.best4u.dev\/wp-content\/uploads\/2022\/08\/slprea.png",600,400,false],"large":["https:\/\/varibox.best4u.dev\/wp-content\/uploads\/2022\/08\/slprea.png",600,400,false],"1536x1536":["https:\/\/varibox.best4u.dev\/wp-content\/uploads\/2022\/08\/slprea.png",600,400,false],"2048x2048":["https:\/\/varibox.best4u.dev\/wp-content\/uploads\/2022\/08\/slprea.png",600,400,false],"woocommerce_archive_thumbnail":["https:\/\/varibox.best4u.dev\/wp-content\/uploads\/2022\/08\/slprea-270x180.png",270,180,true],"gform-image-choice-sm":["https:\/\/varibox.best4u.dev\/wp-content\/uploads\/2022\/08\/slprea.png",300,200,false],"gform-image-choice-md":["https:\/\/varibox.best4u.dev\/wp-content\/uploads\/2022\/08\/slprea.png",400,267,false],"gform-image-choice-lg":["https:\/\/varibox.best4u.dev\/wp-content\/uploads\/2022\/08\/slprea.png",600,400,false],"woocommerce_thumbnail":["https:\/\/varibox.best4u.dev\/wp-content\/uploads\/2022\/08\/slprea.png",270,180,false],"woocommerce_single":["https:\/\/varibox.best4u.dev\/wp-content\/uploads\/2022\/08\/slprea.png",600,400,false],"woocommerce_gallery_thumbnail":["https:\/\/varibox.best4u.dev\/wp-content\/uploads\/2022\/08\/slprea-100x100.png",100,100,true],"variation_swatches_image_size":["https:\/\/varibox.best4u.dev\/wp-content\/uploads\/2022\/08\/slprea.png",50,33,false],"variation_swatches_tooltip_size":["https:\/\/varibox.best4u.dev\/wp-content\/uploads\/2022\/08\/slprea.png",100,67,false]},"post_excerpt_stackable_v2":"<p>Il tubo estrattore VARIBOX FC 800 e Drumtainer Safeline Precision EPDM \u00e8 realizzato in EPDM, PE e Hastelloy. Il tubo ha un colore neutro e il punto di connessione in alto \u00e8 rosso. Il tubo estrattore fa parte di un sistema facile da usare che pu\u00f2 essere collegato al tuo impianto utilizzando un accoppiatore Safeline. In questo modo il prodotto pu\u00f2 essere pompato fuori dalla VARIBOX senza aprire l&#8217;IBC. Questo garantisce che i prodotti chimici e i fumi tossici non possano uscire dall&#8217;IBC.<\/p>\n","category_list_v2":"","author_info_v2":{"name":"","url":""},"comments_num_v2":"0 comments","acf":[],"_links":{"self":[{"href":"https:\/\/varibox.best4u.dev\/it\/wp-json\/wp\/v2\/product\/68846","targetHints":{"allow":["GET"]}}],"collection":[{"href":"https:\/\/varibox.best4u.dev\/it\/wp-json\/wp\/v2\/product"}],"about":[{"href":"https:\/\/varibox.best4u.dev\/it\/wp-json\/wp\/v2\/types\/product"}],"replies":[{"embeddable":true,"href":"https:\/\/varibox.best4u.dev\/it\/wp-json\/wp\/v2\/comments?post=68846"}],"wp:featuredmedia":[{"embeddable":true,"href":"https:\/\/varibox.best4u.dev\/it\/wp-json\/wp\/v2\/media\/63286"}],"wp:attachment":[{"href":"https:\/\/varibox.best4u.dev\/it\/wp-json\/wp\/v2\/media?parent=68846"}],"wp:term":[{"taxonomy":"product_brand","embeddable":true,"href":"https:\/\/varibox.best4u.dev\/it\/wp-json\/wp\/v2\/product_brand?post=68846"},{"taxonomy":"product_cat","embeddable":true,"href":"https:\/\/varibox.best4u.dev\/it\/wp-json\/wp\/v2\/product_cat?post=68846"},{"taxonomy":"product_tag","embeddable":true,"href":"https:\/\/varibox.best4u.dev\/it\/wp-json\/wp\/v2\/product_tag?post=68846"}],"curies":[{"name":"wp","href":"https:\/\/api.w.org\/{rel}","templated":true}]}}