{"id":68830,"date":"2023-07-14T09:58:52","date_gmt":"2023-07-14T07:58:52","guid":{"rendered":"https:\/\/varibox.best4u.dev\/product\/varibox-fc-1000-safeline-performance-food-epdm\/"},"modified":"2023-07-14T09:58:52","modified_gmt":"2023-07-14T07:58:52","slug":"varibox-fc-1000-safeline-performance-food-epdm","status":"publish","type":"product","link":"https:\/\/varibox.best4u.dev\/it\/prodotto\/varibox-fc-1000-safeline-performance-food-epdm\/","title":{"rendered":"VARIBOX FC 1000 Safeline Performance Food EPDM"},"content":{"rendered":"<p>Il tubo estrattore EPDM per alimenti VARIBOX FC 1000 Safeline \u00e8 realizzato in EPDM, PE e acciaio inox 316. Il tubo ha un colore neutro e il punto di connessione in alto \u00e8 di colore azzurro. Il tubo estrattore fa parte di un sistema facile da usare che pu\u00f2 essere collegato al tuo impianto utilizzando un accoppiatore alimentare Safeline. In questo modo il prodotto pu\u00f2 essere pompato fuori dalla VARIBOX senza aprire l&#8217;IBC. Questo garantisce che i prodotti chimici e i fumi tossici non possano uscire dall&#8217;IBC.    <\/p>\n<p>Il tubo e l&#8217;alloggiamento sono in polietilene. La versione in EPDM ha una molla in acciaio inossidabile. Il tubo dell&#8217;estrattore Safeline Food EPDM ha un diametro interno di 24 mm. La capacit\u00e0 \u00e8 di 20 litri\/minuto.   <\/p>\n","protected":false},"excerpt":{"rendered":"<p>Il tubo estrattore EPDM della VARIBOX FC 1000 Safeline Food \u00e8 un tubo della VARIBOX che raggiunge il punto pi\u00f9 basso del contenitore interno.<\/p>\n","protected":false},"featured_media":68832,"comment_status":"closed","ping_status":"closed","template":"","meta":{"_acf_changed":false},"product_brand":[],"product_cat":[745,739],"product_tag":[],"class_list":{"0":"post-68830","1":"product","2":"type-product","3":"status-publish","4":"has-post-thumbnail","6":"product_cat-extractor-tubes-it","7":"product_cat-varibox-fc-1000-it","8":"product_shipping_class-deventer-en","9":"pa_packaging-unit-1-it","11":"first","12":"instock","13":"taxable","14":"shipping-taxable","15":"purchasable","16":"product-type-simple"},"featured_image_urls_v2":{"full":["https:\/\/varibox.best4u.dev\/wp-content\/uploads\/2023\/07\/VARIBOX-Safeline-Food-EPDM-extraction-point.png",1280,853,false],"thumbnail":["https:\/\/varibox.best4u.dev\/wp-content\/uploads\/2023\/07\/VARIBOX-Safeline-Food-EPDM-extraction-point-256x256.png",256,256,true],"medium":["https:\/\/varibox.best4u.dev\/wp-content\/uploads\/2023\/07\/VARIBOX-Safeline-Food-EPDM-extraction-point-512x341.png",512,341,true],"medium_large":["https:\/\/varibox.best4u.dev\/wp-content\/uploads\/2023\/07\/VARIBOX-Safeline-Food-EPDM-extraction-point-768x512.png",768,512,true],"large":["https:\/\/varibox.best4u.dev\/wp-content\/uploads\/2023\/07\/VARIBOX-Safeline-Food-EPDM-extraction-point-1024x682.png",1024,682,true],"1536x1536":["https:\/\/varibox.best4u.dev\/wp-content\/uploads\/2023\/07\/VARIBOX-Safeline-Food-EPDM-extraction-point.png",1280,853,false],"2048x2048":["https:\/\/varibox.best4u.dev\/wp-content\/uploads\/2023\/07\/VARIBOX-Safeline-Food-EPDM-extraction-point.png",1280,853,false],"woocommerce_archive_thumbnail":["https:\/\/varibox.best4u.dev\/wp-content\/uploads\/2023\/07\/VARIBOX-Safeline-Food-EPDM-extraction-point-270x180.png",270,180,true],"gform-image-choice-sm":["https:\/\/varibox.best4u.dev\/wp-content\/uploads\/2023\/07\/VARIBOX-Safeline-Food-EPDM-extraction-point.png",300,200,false],"gform-image-choice-md":["https:\/\/varibox.best4u.dev\/wp-content\/uploads\/2023\/07\/VARIBOX-Safeline-Food-EPDM-extraction-point.png",400,267,false],"gform-image-choice-lg":["https:\/\/varibox.best4u.dev\/wp-content\/uploads\/2023\/07\/VARIBOX-Safeline-Food-EPDM-extraction-point.png",600,400,false],"woocommerce_thumbnail":["https:\/\/varibox.best4u.dev\/wp-content\/uploads\/2023\/07\/VARIBOX-Safeline-Food-EPDM-extraction-point-270x180.png",270,180,true],"woocommerce_single":["https:\/\/varibox.best4u.dev\/wp-content\/uploads\/2023\/07\/VARIBOX-Safeline-Food-EPDM-extraction-point-1200x800.png",1200,800,true],"woocommerce_gallery_thumbnail":["https:\/\/varibox.best4u.dev\/wp-content\/uploads\/2023\/07\/VARIBOX-Safeline-Food-EPDM-extraction-point-100x100.png",100,100,true],"variation_swatches_image_size":["https:\/\/varibox.best4u.dev\/wp-content\/uploads\/2023\/07\/VARIBOX-Safeline-Food-EPDM-extraction-point-50x50.png",50,50,true],"variation_swatches_tooltip_size":["https:\/\/varibox.best4u.dev\/wp-content\/uploads\/2023\/07\/VARIBOX-Safeline-Food-EPDM-extraction-point-100x100.png",100,100,true]},"post_excerpt_stackable_v2":"<p>Il tubo estrattore EPDM della VARIBOX FC 1000 Safeline Food \u00e8 un tubo della VARIBOX che raggiunge il punto pi\u00f9 basso del contenitore interno.<\/p>\n","category_list_v2":"","author_info_v2":{"name":"","url":""},"comments_num_v2":"0 comments","acf":[],"_links":{"self":[{"href":"https:\/\/varibox.best4u.dev\/it\/wp-json\/wp\/v2\/product\/68830","targetHints":{"allow":["GET"]}}],"collection":[{"href":"https:\/\/varibox.best4u.dev\/it\/wp-json\/wp\/v2\/product"}],"about":[{"href":"https:\/\/varibox.best4u.dev\/it\/wp-json\/wp\/v2\/types\/product"}],"replies":[{"embeddable":true,"href":"https:\/\/varibox.best4u.dev\/it\/wp-json\/wp\/v2\/comments?post=68830"}],"wp:featuredmedia":[{"embeddable":true,"href":"https:\/\/varibox.best4u.dev\/it\/wp-json\/wp\/v2\/media\/68832"}],"wp:attachment":[{"href":"https:\/\/varibox.best4u.dev\/it\/wp-json\/wp\/v2\/media?parent=68830"}],"wp:term":[{"taxonomy":"product_brand","embeddable":true,"href":"https:\/\/varibox.best4u.dev\/it\/wp-json\/wp\/v2\/product_brand?post=68830"},{"taxonomy":"product_cat","embeddable":true,"href":"https:\/\/varibox.best4u.dev\/it\/wp-json\/wp\/v2\/product_cat?post=68830"},{"taxonomy":"product_tag","embeddable":true,"href":"https:\/\/varibox.best4u.dev\/it\/wp-json\/wp\/v2\/product_tag?post=68830"}],"curies":[{"name":"wp","href":"https:\/\/api.w.org\/{rel}","templated":true}]}}