{"id":68782,"date":"2024-04-08T13:23:38","date_gmt":"2024-04-08T11:23:38","guid":{"rendered":"https:\/\/varibox.best4u.dev\/product\/set-di-8-barre-di-rinforzo-a-muro-varibox-sc-800\/"},"modified":"2025-08-07T12:54:50","modified_gmt":"2025-08-07T10:54:50","slug":"set-di-8-barre-di-rinforzo-a-muro-varibox-sc-800","status":"publish","type":"product","link":"https:\/\/varibox.best4u.dev\/it\/prodotto\/set-di-8-barre-di-rinforzo-a-muro-varibox-sc-800\/","title":{"rendered":"Set di 8 barre di rinforzo a muro VARIBOX SC 800"},"content":{"rendered":"<p>Il rinforzo per pareti VARIBOX SC 800 \u00e8 una barra di sicurezza in metallo zincato che garantisce la sicurezza della struttura della VARIBOX. Come gi\u00e0 detto, le barre di rinforzo per pareti sono realizzate in metallo zincato. Il colore di queste barre \u00e8 argento. Ogni VARIBOX ha 8 barre di rinforzo.<\/p>\n","protected":false},"excerpt":{"rendered":"<p>Il rinforzo a parete VARIBOX SC 800 \u00e8 una barra di sicurezza in metallo zincato che garantisce la sicurezza della struttura della VARIBOX.<\/p>\n","protected":false},"featured_media":63187,"comment_status":"closed","ping_status":"closed","template":"","meta":{"_acf_changed":false},"product_brand":[],"product_cat":[898,868],"product_tag":[],"class_list":{"0":"post-68782","1":"product","2":"type-product","3":"status-publish","4":"has-post-thumbnail","6":"product_cat-metal-bars-varibox-sc-800-it","7":"product_cat-varibox-sc-800-it","8":"product_shipping_class-montoir","9":"pa_packaging-unit-8-it","11":"first","12":"instock","13":"taxable","14":"shipping-taxable","15":"purchasable","16":"product-type-simple"},"featured_image_urls_v2":{"full":["https:\/\/varibox.best4u.dev\/wp-content\/uploads\/2022\/08\/barsa-2.png",600,400,false],"thumbnail":["https:\/\/varibox.best4u.dev\/wp-content\/uploads\/2022\/08\/barsa-2-256x256.png",256,256,true],"medium":["https:\/\/varibox.best4u.dev\/wp-content\/uploads\/2022\/08\/barsa-2-512x341.png",512,341,true],"medium_large":["https:\/\/varibox.best4u.dev\/wp-content\/uploads\/2022\/08\/barsa-2.png",600,400,false],"large":["https:\/\/varibox.best4u.dev\/wp-content\/uploads\/2022\/08\/barsa-2.png",600,400,false],"1536x1536":["https:\/\/varibox.best4u.dev\/wp-content\/uploads\/2022\/08\/barsa-2.png",600,400,false],"2048x2048":["https:\/\/varibox.best4u.dev\/wp-content\/uploads\/2022\/08\/barsa-2.png",600,400,false],"woocommerce_archive_thumbnail":["https:\/\/varibox.best4u.dev\/wp-content\/uploads\/2022\/08\/barsa-2-270x180.png",270,180,true],"gform-image-choice-sm":["https:\/\/varibox.best4u.dev\/wp-content\/uploads\/2022\/08\/barsa-2.png",300,200,false],"gform-image-choice-md":["https:\/\/varibox.best4u.dev\/wp-content\/uploads\/2022\/08\/barsa-2.png",400,267,false],"gform-image-choice-lg":["https:\/\/varibox.best4u.dev\/wp-content\/uploads\/2022\/08\/barsa-2.png",600,400,false],"woocommerce_thumbnail":["https:\/\/varibox.best4u.dev\/wp-content\/uploads\/2022\/08\/barsa-2-270x180.png",270,180,true],"woocommerce_single":["https:\/\/varibox.best4u.dev\/wp-content\/uploads\/2022\/08\/barsa-2.png",600,400,false],"woocommerce_gallery_thumbnail":["https:\/\/varibox.best4u.dev\/wp-content\/uploads\/2022\/08\/barsa-2-100x100.png",100,100,true],"variation_swatches_image_size":["https:\/\/varibox.best4u.dev\/wp-content\/uploads\/2022\/08\/barsa-2-50x50.png",50,50,true],"variation_swatches_tooltip_size":["https:\/\/varibox.best4u.dev\/wp-content\/uploads\/2022\/08\/barsa-2-100x100.png",100,100,true]},"post_excerpt_stackable_v2":"<p>Il rinforzo a parete VARIBOX SC 800 \u00e8 una barra di sicurezza in metallo zincato che garantisce la sicurezza della struttura della VARIBOX.<\/p>\n","category_list_v2":"","author_info_v2":{"name":"","url":""},"comments_num_v2":"0 comments","acf":[],"_links":{"self":[{"href":"https:\/\/varibox.best4u.dev\/it\/wp-json\/wp\/v2\/product\/68782","targetHints":{"allow":["GET"]}}],"collection":[{"href":"https:\/\/varibox.best4u.dev\/it\/wp-json\/wp\/v2\/product"}],"about":[{"href":"https:\/\/varibox.best4u.dev\/it\/wp-json\/wp\/v2\/types\/product"}],"replies":[{"embeddable":true,"href":"https:\/\/varibox.best4u.dev\/it\/wp-json\/wp\/v2\/comments?post=68782"}],"wp:featuredmedia":[{"embeddable":true,"href":"https:\/\/varibox.best4u.dev\/it\/wp-json\/wp\/v2\/media\/63187"}],"wp:attachment":[{"href":"https:\/\/varibox.best4u.dev\/it\/wp-json\/wp\/v2\/media?parent=68782"}],"wp:term":[{"taxonomy":"product_brand","embeddable":true,"href":"https:\/\/varibox.best4u.dev\/it\/wp-json\/wp\/v2\/product_brand?post=68782"},{"taxonomy":"product_cat","embeddable":true,"href":"https:\/\/varibox.best4u.dev\/it\/wp-json\/wp\/v2\/product_cat?post=68782"},{"taxonomy":"product_tag","embeddable":true,"href":"https:\/\/varibox.best4u.dev\/it\/wp-json\/wp\/v2\/product_tag?post=68782"}],"curies":[{"name":"wp","href":"https:\/\/api.w.org\/{rel}","templated":true}]}}