{"id":68778,"date":"2024-04-08T13:23:37","date_gmt":"2024-04-08T11:23:37","guid":{"rendered":"https:\/\/varibox.best4u.dev\/product\/set-di-100-varibox-sc-sfiato-di-sovrapressione\/"},"modified":"2025-08-07T12:20:04","modified_gmt":"2025-08-07T10:20:04","slug":"set-di-100-varibox-sc-sfiato-di-sovrapressione","status":"publish","type":"product","link":"https:\/\/varibox.best4u.dev\/it\/prodotto\/set-di-100-varibox-sc-sfiato-di-sovrapressione\/","title":{"rendered":"Set di 100 VARIBOX SC Sfiato di sovrapressione"},"content":{"rendered":"<p>Lo sfiato di sovrapressione VARIBOX \u00e8 realizzato in PTFE, PP e PE, il colore \u00e8 bianco. La VARIBOX \u00e8 dotata di serie di un aeratore e di una presa di pressione. Lo sfiato di sovrapressione \u00e8 una membrana situata nel coperchio della VARIBOX. Questa membrana permette il passaggio di gas, ma non di liquidi. In questo modo, la valvola di sfiato equalizza la sovrapressione nei contenitori VARIBOX. Se nella VARIBOX si verifica una sovrapressione, il vapore fuoriesce gradualmente attraverso lo sfiato fino a quando non c&#8217;\u00e8 pi\u00f9 sovrapressione. Se si verifica una sottopressione, ad esempio a causa del raffreddamento del vapore in una VARIBOX, l&#8217;aria pu\u00f2 entrare gradualmente attraverso lo sfiato.<\/p>\n","protected":false},"excerpt":{"rendered":"<p>Lo sfiato di sovrapressione VARIBOX \u00e8 una membrana nel tappo a vite degli IBC VARIBOX.<\/p>\n","protected":false},"featured_media":63210,"comment_status":"closed","ping_status":"closed","template":"","meta":{"_acf_changed":false},"product_brand":[],"product_cat":[878,903,867,868],"product_tag":[],"class_list":{"0":"post-68778","1":"product","2":"type-product","3":"status-publish","4":"has-post-thumbnail","6":"product_cat-accessori-it","7":"product_cat-accessories-varibox-sc-1000-it","8":"product_cat-varibox-sc-1000-it","9":"product_cat-varibox-sc-800-it","10":"product_shipping_class-montoir","11":"pa_packaging-unit-100-it","13":"first","14":"instock","15":"taxable","16":"shipping-taxable","17":"purchasable","18":"product-type-simple"},"featured_image_urls_v2":{"full":["https:\/\/varibox.best4u.dev\/wp-content\/uploads\/2022\/08\/D38a.png",600,400,false],"thumbnail":["https:\/\/varibox.best4u.dev\/wp-content\/uploads\/2022\/08\/D38a.png",256,171,false],"medium":["https:\/\/varibox.best4u.dev\/wp-content\/uploads\/2022\/08\/D38a.png",512,341,false],"medium_large":["https:\/\/varibox.best4u.dev\/wp-content\/uploads\/2022\/08\/D38a.png",600,400,false],"large":["https:\/\/varibox.best4u.dev\/wp-content\/uploads\/2022\/08\/D38a.png",600,400,false],"1536x1536":["https:\/\/varibox.best4u.dev\/wp-content\/uploads\/2022\/08\/D38a.png",600,400,false],"2048x2048":["https:\/\/varibox.best4u.dev\/wp-content\/uploads\/2022\/08\/D38a.png",600,400,false],"woocommerce_archive_thumbnail":["https:\/\/varibox.best4u.dev\/wp-content\/uploads\/2022\/08\/D38a-270x180.png",270,180,true],"gform-image-choice-sm":["https:\/\/varibox.best4u.dev\/wp-content\/uploads\/2022\/08\/D38a.png",300,200,false],"gform-image-choice-md":["https:\/\/varibox.best4u.dev\/wp-content\/uploads\/2022\/08\/D38a.png",400,267,false],"gform-image-choice-lg":["https:\/\/varibox.best4u.dev\/wp-content\/uploads\/2022\/08\/D38a.png",600,400,false],"woocommerce_thumbnail":["https:\/\/varibox.best4u.dev\/wp-content\/uploads\/2022\/08\/D38a.png",270,180,false],"woocommerce_single":["https:\/\/varibox.best4u.dev\/wp-content\/uploads\/2022\/08\/D38a.png",600,400,false],"woocommerce_gallery_thumbnail":["https:\/\/varibox.best4u.dev\/wp-content\/uploads\/2022\/08\/D38a-100x100.png",100,100,true],"variation_swatches_image_size":["https:\/\/varibox.best4u.dev\/wp-content\/uploads\/2022\/08\/D38a.png",50,33,false],"variation_swatches_tooltip_size":["https:\/\/varibox.best4u.dev\/wp-content\/uploads\/2022\/08\/D38a.png",100,67,false]},"post_excerpt_stackable_v2":"<p>Lo sfiato di sovrapressione VARIBOX \u00e8 una membrana nel tappo a vite degli IBC VARIBOX.<\/p>\n","category_list_v2":"","author_info_v2":{"name":"","url":""},"comments_num_v2":"0 comments","acf":[],"_links":{"self":[{"href":"https:\/\/varibox.best4u.dev\/it\/wp-json\/wp\/v2\/product\/68778","targetHints":{"allow":["GET"]}}],"collection":[{"href":"https:\/\/varibox.best4u.dev\/it\/wp-json\/wp\/v2\/product"}],"about":[{"href":"https:\/\/varibox.best4u.dev\/it\/wp-json\/wp\/v2\/types\/product"}],"replies":[{"embeddable":true,"href":"https:\/\/varibox.best4u.dev\/it\/wp-json\/wp\/v2\/comments?post=68778"}],"wp:featuredmedia":[{"embeddable":true,"href":"https:\/\/varibox.best4u.dev\/it\/wp-json\/wp\/v2\/media\/63210"}],"wp:attachment":[{"href":"https:\/\/varibox.best4u.dev\/it\/wp-json\/wp\/v2\/media?parent=68778"}],"wp:term":[{"taxonomy":"product_brand","embeddable":true,"href":"https:\/\/varibox.best4u.dev\/it\/wp-json\/wp\/v2\/product_brand?post=68778"},{"taxonomy":"product_cat","embeddable":true,"href":"https:\/\/varibox.best4u.dev\/it\/wp-json\/wp\/v2\/product_cat?post=68778"},{"taxonomy":"product_tag","embeddable":true,"href":"https:\/\/varibox.best4u.dev\/it\/wp-json\/wp\/v2\/product_tag?post=68778"}],"curies":[{"name":"wp","href":"https:\/\/api.w.org\/{rel}","templated":true}]}}