{"id":68774,"date":"2024-06-14T09:44:22","date_gmt":"2024-06-14T07:44:22","guid":{"rendered":"https:\/\/varibox.best4u.dev\/product\/varibox-adattatore-safeline-per-chiave-dinamometrica\/"},"modified":"2026-01-21T15:34:33","modified_gmt":"2026-01-21T14:34:33","slug":"varibox-adattatore-safeline-per-chiave-dinamometrica","status":"publish","type":"product","link":"https:\/\/varibox.best4u.dev\/it\/prodotto\/varibox-adattatore-safeline-per-chiave-dinamometrica\/","title":{"rendered":"VARIBOX Adattatore Safeline per chiave dinamometrica"},"content":{"rendered":"<p>Prova la sicurezza con l&#8217;adattatore Safeline VARIBOX per chiavi dinamometriche da 3\/8&#8243;. Progettato per soddisfare gli standard pi\u00f9 elevati, questo adattatore \u00e8 un must per i professionisti. Realizzato con materiali di alta qualit\u00e0, garantisce un utilizzo prolungato nel tempo. La sicurezza \u00e8 fondamentale e l&#8217;adattatore VARIBOX Safeline eccelle in questo senso. Il meccanismo di bloccaggio sicuro fornisce un ulteriore livello di protezione, evitando scivolamenti o distacchi accidentali durante le attivit\u00e0.<\/p>\n","protected":false},"excerpt":{"rendered":"<p>Prova la sicurezza con l&#8217;adattatore Safeline VARIBOX per chiavi dinamometriche da 3\/8&#8243;. Progettato per soddisfare gli standard pi\u00f9 elevati, questo adattatore \u00e8 un must per i professionisti.<\/p>\n","protected":false},"featured_media":68776,"comment_status":"closed","ping_status":"closed","template":"","meta":{"_acf_changed":false},"product_brand":[],"product_cat":[744,740,742,749,875,745,895,746,743,555,739,741],"product_tag":[],"class_list":{"0":"post-68774","1":"product","2":"type-product","3":"status-publish","4":"has-post-thumbnail","6":"product_cat-accessories-varibox-cc-250-it","7":"product_cat-accessories-it","8":"product_cat-accessories-varibox-fc-800-it","9":"product_cat-accessories-varibox-drumtainer-it","10":"product_cat-tubi-estrattori","11":"product_cat-extractor-tubes-it","12":"product_cat-extractor-tubes-varibox-drumtainer-2-it","13":"product_cat-extractor-tubes-varibox-cc-250-it","14":"product_cat-varibox-cc-250-it","15":"product_cat-varibox-drumtainer-it","16":"product_cat-varibox-fc-1000-it","17":"product_cat-varibox-fc-800-it","18":"product_shipping_class-deventer-en","19":"pa_packaging-unit-1-it","21":"first","22":"instock","23":"taxable","24":"shipping-taxable","25":"purchasable","26":"product-type-simple"},"featured_image_urls_v2":{"full":["https:\/\/varibox.best4u.dev\/wp-content\/uploads\/2024\/06\/Tool-top.png",6000,4000,false],"thumbnail":["https:\/\/varibox.best4u.dev\/wp-content\/uploads\/2024\/06\/Tool-top-256x256.png",256,256,true],"medium":["https:\/\/varibox.best4u.dev\/wp-content\/uploads\/2024\/06\/Tool-top-512x341.png",512,341,true],"medium_large":["https:\/\/varibox.best4u.dev\/wp-content\/uploads\/2024\/06\/Tool-top-768x512.png",768,512,true],"large":["https:\/\/varibox.best4u.dev\/wp-content\/uploads\/2024\/06\/Tool-top-1024x683.png",1024,683,true],"1536x1536":["https:\/\/varibox.best4u.dev\/wp-content\/uploads\/2024\/06\/Tool-top-1536x1024.png",1536,1024,true],"2048x2048":["https:\/\/varibox.best4u.dev\/wp-content\/uploads\/2024\/06\/Tool-top-2048x1365.png",2048,1365,true],"woocommerce_archive_thumbnail":["https:\/\/varibox.best4u.dev\/wp-content\/uploads\/2024\/06\/Tool-top-270x180.png",270,180,true],"gform-image-choice-sm":["https:\/\/varibox.best4u.dev\/wp-content\/uploads\/2024\/06\/Tool-top.png",300,200,false],"gform-image-choice-md":["https:\/\/varibox.best4u.dev\/wp-content\/uploads\/2024\/06\/Tool-top.png",400,267,false],"gform-image-choice-lg":["https:\/\/varibox.best4u.dev\/wp-content\/uploads\/2024\/06\/Tool-top.png",600,400,false],"woocommerce_thumbnail":["https:\/\/varibox.best4u.dev\/wp-content\/uploads\/2024\/06\/Tool-top-270x180.png",270,180,true],"woocommerce_single":["https:\/\/varibox.best4u.dev\/wp-content\/uploads\/2024\/06\/Tool-top-1200x800.png",1200,800,true],"woocommerce_gallery_thumbnail":["https:\/\/varibox.best4u.dev\/wp-content\/uploads\/2024\/06\/Tool-top-100x100.png",100,100,true],"variation_swatches_image_size":["https:\/\/varibox.best4u.dev\/wp-content\/uploads\/2024\/06\/Tool-top-50x50.png",50,50,true],"variation_swatches_tooltip_size":["https:\/\/varibox.best4u.dev\/wp-content\/uploads\/2024\/06\/Tool-top-100x100.png",100,100,true]},"post_excerpt_stackable_v2":"<p>Prova la sicurezza con l&#8217;adattatore Safeline VARIBOX per chiavi dinamometriche da 3\/8&#8243;. Progettato per soddisfare gli standard pi\u00f9 elevati, questo adattatore \u00e8 un must per i professionisti.<\/p>\n","category_list_v2":"","author_info_v2":{"name":"","url":""},"comments_num_v2":"0 comments","acf":[],"_links":{"self":[{"href":"https:\/\/varibox.best4u.dev\/it\/wp-json\/wp\/v2\/product\/68774","targetHints":{"allow":["GET"]}}],"collection":[{"href":"https:\/\/varibox.best4u.dev\/it\/wp-json\/wp\/v2\/product"}],"about":[{"href":"https:\/\/varibox.best4u.dev\/it\/wp-json\/wp\/v2\/types\/product"}],"replies":[{"embeddable":true,"href":"https:\/\/varibox.best4u.dev\/it\/wp-json\/wp\/v2\/comments?post=68774"}],"wp:featuredmedia":[{"embeddable":true,"href":"https:\/\/varibox.best4u.dev\/it\/wp-json\/wp\/v2\/media\/68776"}],"wp:attachment":[{"href":"https:\/\/varibox.best4u.dev\/it\/wp-json\/wp\/v2\/media?parent=68774"}],"wp:term":[{"taxonomy":"product_brand","embeddable":true,"href":"https:\/\/varibox.best4u.dev\/it\/wp-json\/wp\/v2\/product_brand?post=68774"},{"taxonomy":"product_cat","embeddable":true,"href":"https:\/\/varibox.best4u.dev\/it\/wp-json\/wp\/v2\/product_cat?post=68774"},{"taxonomy":"product_tag","embeddable":true,"href":"https:\/\/varibox.best4u.dev\/it\/wp-json\/wp\/v2\/product_tag?post=68774"}],"curies":[{"name":"wp","href":"https:\/\/api.w.org\/{rel}","templated":true}]}}