{"id":68772,"date":"2024-04-08T13:23:38","date_gmt":"2024-04-08T11:23:38","guid":{"rendered":"https:\/\/varibox.best4u.dev\/product\/varibox-sc-tappo-a-vite-d160-viton-combi-vent\/"},"modified":"2025-08-07T12:31:46","modified_gmt":"2025-08-07T10:31:46","slug":"varibox-sc-tappo-a-vite-d160-viton-combi-vent","status":"publish","type":"product","link":"https:\/\/varibox.best4u.dev\/it\/prodotto\/varibox-sc-tappo-a-vite-d160-viton-combi-vent\/","title":{"rendered":"VARIBOX SC tappo a vite D160 Viton Combi-vent"},"content":{"rendered":"<p>Il tappo a vite VARIBOX D160 Viton combi-vent serve a chiudere l&#8217;apertura di riempimento. Questo tappo \u00e8 realizzato in Viton, PE, PTFE e PP e il suo colore \u00e8 verde. Il colore verde si abbina agli altri componenti verdi del sistema Safeline della VARIBOX. Questo tipo di tappo \u00e8 dotato di un combi-vent per la respirazione automatica in caso di vuoto o sovrapressione.<\/p>\n","protected":false},"excerpt":{"rendered":"<p>Il tappo a vite VARIBOX D160 Viton combi-vent serve a chiudere l&#8217;apertura di riempimento.<\/p>\n","protected":false},"featured_media":63340,"comment_status":"closed","ping_status":"closed","template":"","meta":{"_acf_changed":false},"product_brand":[],"product_cat":[874,905,867,868],"product_tag":[],"class_list":{"0":"post-68772","1":"product","2":"type-product","3":"status-publish","4":"has-post-thumbnail","6":"product_cat-tappi-a-vite-it","7":"product_cat-screwcaps-it","8":"product_cat-varibox-sc-1000-it","9":"product_cat-varibox-sc-800-it","10":"product_shipping_class-montoir","11":"pa_packaging-unit-1-it","13":"first","14":"instock","15":"taxable","16":"shipping-taxable","17":"purchasable","18":"product-type-simple"},"featured_image_urls_v2":{"full":["https:\/\/varibox.best4u.dev\/wp-content\/uploads\/2022\/08\/screwvya.png",600,400,false],"thumbnail":["https:\/\/varibox.best4u.dev\/wp-content\/uploads\/2022\/08\/screwvya.png",256,171,false],"medium":["https:\/\/varibox.best4u.dev\/wp-content\/uploads\/2022\/08\/screwvya.png",512,341,false],"medium_large":["https:\/\/varibox.best4u.dev\/wp-content\/uploads\/2022\/08\/screwvya.png",600,400,false],"large":["https:\/\/varibox.best4u.dev\/wp-content\/uploads\/2022\/08\/screwvya.png",600,400,false],"1536x1536":["https:\/\/varibox.best4u.dev\/wp-content\/uploads\/2022\/08\/screwvya.png",600,400,false],"2048x2048":["https:\/\/varibox.best4u.dev\/wp-content\/uploads\/2022\/08\/screwvya.png",600,400,false],"woocommerce_archive_thumbnail":["https:\/\/varibox.best4u.dev\/wp-content\/uploads\/2022\/08\/screwvya-270x180.png",270,180,true],"gform-image-choice-sm":["https:\/\/varibox.best4u.dev\/wp-content\/uploads\/2022\/08\/screwvya.png",300,200,false],"gform-image-choice-md":["https:\/\/varibox.best4u.dev\/wp-content\/uploads\/2022\/08\/screwvya.png",400,267,false],"gform-image-choice-lg":["https:\/\/varibox.best4u.dev\/wp-content\/uploads\/2022\/08\/screwvya.png",600,400,false],"woocommerce_thumbnail":["https:\/\/varibox.best4u.dev\/wp-content\/uploads\/2022\/08\/screwvya.png",270,180,false],"woocommerce_single":["https:\/\/varibox.best4u.dev\/wp-content\/uploads\/2022\/08\/screwvya.png",600,400,false],"woocommerce_gallery_thumbnail":["https:\/\/varibox.best4u.dev\/wp-content\/uploads\/2022\/08\/screwvya-100x100.png",100,100,true],"variation_swatches_image_size":["https:\/\/varibox.best4u.dev\/wp-content\/uploads\/2022\/08\/screwvya.png",50,33,false],"variation_swatches_tooltip_size":["https:\/\/varibox.best4u.dev\/wp-content\/uploads\/2022\/08\/screwvya.png",100,67,false]},"post_excerpt_stackable_v2":"<p>Il tappo a vite VARIBOX D160 Viton combi-vent serve a chiudere l&#8217;apertura di riempimento.<\/p>\n","category_list_v2":"","author_info_v2":{"name":"","url":""},"comments_num_v2":"0 comments","acf":[],"_links":{"self":[{"href":"https:\/\/varibox.best4u.dev\/it\/wp-json\/wp\/v2\/product\/68772","targetHints":{"allow":["GET"]}}],"collection":[{"href":"https:\/\/varibox.best4u.dev\/it\/wp-json\/wp\/v2\/product"}],"about":[{"href":"https:\/\/varibox.best4u.dev\/it\/wp-json\/wp\/v2\/types\/product"}],"replies":[{"embeddable":true,"href":"https:\/\/varibox.best4u.dev\/it\/wp-json\/wp\/v2\/comments?post=68772"}],"wp:featuredmedia":[{"embeddable":true,"href":"https:\/\/varibox.best4u.dev\/it\/wp-json\/wp\/v2\/media\/63340"}],"wp:attachment":[{"href":"https:\/\/varibox.best4u.dev\/it\/wp-json\/wp\/v2\/media?parent=68772"}],"wp:term":[{"taxonomy":"product_brand","embeddable":true,"href":"https:\/\/varibox.best4u.dev\/it\/wp-json\/wp\/v2\/product_brand?post=68772"},{"taxonomy":"product_cat","embeddable":true,"href":"https:\/\/varibox.best4u.dev\/it\/wp-json\/wp\/v2\/product_cat?post=68772"},{"taxonomy":"product_tag","embeddable":true,"href":"https:\/\/varibox.best4u.dev\/it\/wp-json\/wp\/v2\/product_tag?post=68772"}],"curies":[{"name":"wp","href":"https:\/\/api.w.org\/{rel}","templated":true}]}}