{"id":68695,"date":"2025-07-21T12:10:36","date_gmt":"2025-07-21T10:10:36","guid":{"rendered":"https:\/\/varibox.best4u.dev\/?post_type=product&#038;p=68695"},"modified":"2025-08-07T12:23:02","modified_gmt":"2025-08-07T10:23:02","slug":"tappo-adesivo-varibox-sc-combi-vent","status":"publish","type":"product","link":"https:\/\/varibox.best4u.dev\/it\/prodotto\/tappo-adesivo-varibox-sc-combi-vent\/","title":{"rendered":"Tappo adesivo VARIBOX SC Combi-vent"},"content":{"rendered":"<p>Ogni VARIBOX ha una forma di sfiato automatico. Questo adesivo VARIBOX SC tappo Combi-vent pu\u00f2 essere attaccato sul tappo del combi-vent. L&#8217;adesivo per il tappo del Combi-vent \u00e8 fatto di PE, il colore \u00e8 giallo. L&#8217;adesivo mostra che il coperchio \u00e8 realizzato con un combi-vent (sfiato per vuoto e sovrapressione).<\/p>\n","protected":false},"excerpt":{"rendered":"<p>Ogni VARIBOX ha una forma di sfiatatoio automatico. Questo tappo adesivo VARIBOX SC Combi-vent pu\u00f2 essere attaccato sul tappo del combi-vent.<\/p>\n","protected":false},"featured_media":63315,"comment_status":"closed","ping_status":"closed","template":"","meta":{"_acf_changed":false},"product_brand":[],"product_cat":[878,903,867,868],"product_tag":[887],"class_list":{"0":"post-68695","1":"product","2":"type-product","3":"status-publish","4":"has-post-thumbnail","6":"product_cat-accessori-it","7":"product_cat-accessories-varibox-sc-1000-it","8":"product_cat-varibox-sc-1000-it","9":"product_cat-varibox-sc-800-it","10":"product_tag-ecolab-it","11":"product_shipping_class-montoir","12":"pa_packaging-unit-50-it","14":"first","15":"instock","16":"taxable","17":"shipping-taxable","18":"purchasable","19":"product-type-simple"},"featured_image_urls_v2":{"full":["https:\/\/varibox.best4u.dev\/wp-content\/uploads\/2022\/08\/labelcombi.png",600,400,false],"thumbnail":["https:\/\/varibox.best4u.dev\/wp-content\/uploads\/2022\/08\/labelcombi.png",256,171,false],"medium":["https:\/\/varibox.best4u.dev\/wp-content\/uploads\/2022\/08\/labelcombi.png",512,341,false],"medium_large":["https:\/\/varibox.best4u.dev\/wp-content\/uploads\/2022\/08\/labelcombi.png",600,400,false],"large":["https:\/\/varibox.best4u.dev\/wp-content\/uploads\/2022\/08\/labelcombi.png",600,400,false],"1536x1536":["https:\/\/varibox.best4u.dev\/wp-content\/uploads\/2022\/08\/labelcombi.png",600,400,false],"2048x2048":["https:\/\/varibox.best4u.dev\/wp-content\/uploads\/2022\/08\/labelcombi.png",600,400,false],"woocommerce_archive_thumbnail":["https:\/\/varibox.best4u.dev\/wp-content\/uploads\/2022\/08\/labelcombi-270x180.png",270,180,true],"gform-image-choice-sm":["https:\/\/varibox.best4u.dev\/wp-content\/uploads\/2022\/08\/labelcombi.png",300,200,false],"gform-image-choice-md":["https:\/\/varibox.best4u.dev\/wp-content\/uploads\/2022\/08\/labelcombi.png",400,267,false],"gform-image-choice-lg":["https:\/\/varibox.best4u.dev\/wp-content\/uploads\/2022\/08\/labelcombi.png",600,400,false],"woocommerce_thumbnail":["https:\/\/varibox.best4u.dev\/wp-content\/uploads\/2022\/08\/labelcombi.png",270,180,false],"woocommerce_single":["https:\/\/varibox.best4u.dev\/wp-content\/uploads\/2022\/08\/labelcombi.png",600,400,false],"woocommerce_gallery_thumbnail":["https:\/\/varibox.best4u.dev\/wp-content\/uploads\/2022\/08\/labelcombi-100x100.png",100,100,true],"variation_swatches_image_size":["https:\/\/varibox.best4u.dev\/wp-content\/uploads\/2022\/08\/labelcombi.png",50,33,false],"variation_swatches_tooltip_size":["https:\/\/varibox.best4u.dev\/wp-content\/uploads\/2022\/08\/labelcombi.png",100,67,false]},"post_excerpt_stackable_v2":"<p>Ogni VARIBOX ha una forma di sfiatatoio automatico. Questo tappo adesivo VARIBOX SC Combi-vent pu\u00f2 essere attaccato sul tappo del combi-vent.<\/p>\n","category_list_v2":"","author_info_v2":{"name":"","url":""},"comments_num_v2":"0 comments","acf":[],"_links":{"self":[{"href":"https:\/\/varibox.best4u.dev\/it\/wp-json\/wp\/v2\/product\/68695","targetHints":{"allow":["GET"]}}],"collection":[{"href":"https:\/\/varibox.best4u.dev\/it\/wp-json\/wp\/v2\/product"}],"about":[{"href":"https:\/\/varibox.best4u.dev\/it\/wp-json\/wp\/v2\/types\/product"}],"replies":[{"embeddable":true,"href":"https:\/\/varibox.best4u.dev\/it\/wp-json\/wp\/v2\/comments?post=68695"}],"wp:featuredmedia":[{"embeddable":true,"href":"https:\/\/varibox.best4u.dev\/it\/wp-json\/wp\/v2\/media\/63315"}],"wp:attachment":[{"href":"https:\/\/varibox.best4u.dev\/it\/wp-json\/wp\/v2\/media?parent=68695"}],"wp:term":[{"taxonomy":"product_brand","embeddable":true,"href":"https:\/\/varibox.best4u.dev\/it\/wp-json\/wp\/v2\/product_brand?post=68695"},{"taxonomy":"product_cat","embeddable":true,"href":"https:\/\/varibox.best4u.dev\/it\/wp-json\/wp\/v2\/product_cat?post=68695"},{"taxonomy":"product_tag","embeddable":true,"href":"https:\/\/varibox.best4u.dev\/it\/wp-json\/wp\/v2\/product_tag?post=68695"}],"curies":[{"name":"wp","href":"https:\/\/api.w.org\/{rel}","templated":true}]}}