{"id":68447,"date":"2025-05-26T15:05:10","date_gmt":"2025-05-26T13:05:10","guid":{"rendered":"https:\/\/varibox.best4u.dev\/product\/varibox-fc-1000-cds-d14-tubo-estrattore-viton-con-valvola-di-fondo\/"},"modified":"2025-05-26T15:05:10","modified_gmt":"2025-05-26T13:05:10","slug":"varibox-fc-1000-cds-d14-tubo-estrattore-viton-con-valvola-di-fondo","status":"publish","type":"product","link":"https:\/\/varibox.best4u.dev\/it\/prodotto\/varibox-fc-1000-cds-d14-tubo-estrattore-viton-con-valvola-di-fondo\/","title":{"rendered":"VARIBOX FC 1000 CDS D14 tubo estrattore Viton con valvola di fondo"},"content":{"rendered":"<p>Il tubo estrattore CDS D14 (bianco&amp;tondo) Viton con valvola di fondo \u00e8 realizzato in Aflas, PE e Hastelloy. Il tubo ha un colore neutro e il punto di connessione in alto \u00e8 bianco. Il tubo estrattore fa parte di un sistema facile da usare che pu\u00f2 collegare il tuo sistema alla Varibox utilizzando un accoppiatore CDS. Questo permette di pompare il prodotto dalla VARIBOX senza aprire l&#8217;IBC. In questo modo si garantisce che i prodotti chimici e i fumi tossici non possano uscire dall&#8217;IBC.<\/p>\n","protected":false},"excerpt":{"rendered":"<p>Il tubo estrattore VARIBOX FC 1000 CDS D14 (bianco&amp;tondo) Viton con valvola di fondo \u00e8 un tubo della VARIBOX che raggiunge il punto pi\u00f9 basso del contenitore interno.<\/p>\n","protected":false},"featured_media":63266,"comment_status":"closed","ping_status":"closed","template":"","meta":{"_acf_changed":false},"product_brand":[],"product_cat":[745,739],"product_tag":[],"class_list":{"0":"post-68447","1":"product","2":"type-product","3":"status-publish","4":"has-post-thumbnail","6":"product_cat-extractor-tubes-it","7":"product_cat-varibox-fc-1000-it","8":"product_shipping_class-deventer-en","10":"first","11":"instock","12":"taxable","13":"shipping-taxable","14":"purchasable","15":"product-type-simple"},"featured_image_urls_v2":{"full":["https:\/\/varibox.best4u.dev\/wp-content\/uploads\/2022\/08\/cdsa.png",600,400,false],"thumbnail":["https:\/\/varibox.best4u.dev\/wp-content\/uploads\/2022\/08\/cdsa.png",256,171,false],"medium":["https:\/\/varibox.best4u.dev\/wp-content\/uploads\/2022\/08\/cdsa.png",512,341,false],"medium_large":["https:\/\/varibox.best4u.dev\/wp-content\/uploads\/2022\/08\/cdsa.png",600,400,false],"large":["https:\/\/varibox.best4u.dev\/wp-content\/uploads\/2022\/08\/cdsa.png",600,400,false],"1536x1536":["https:\/\/varibox.best4u.dev\/wp-content\/uploads\/2022\/08\/cdsa.png",600,400,false],"2048x2048":["https:\/\/varibox.best4u.dev\/wp-content\/uploads\/2022\/08\/cdsa.png",600,400,false],"woocommerce_archive_thumbnail":["https:\/\/varibox.best4u.dev\/wp-content\/uploads\/2022\/08\/cdsa-270x180.png",270,180,true],"gform-image-choice-sm":["https:\/\/varibox.best4u.dev\/wp-content\/uploads\/2022\/08\/cdsa.png",300,200,false],"gform-image-choice-md":["https:\/\/varibox.best4u.dev\/wp-content\/uploads\/2022\/08\/cdsa.png",400,267,false],"gform-image-choice-lg":["https:\/\/varibox.best4u.dev\/wp-content\/uploads\/2022\/08\/cdsa.png",600,400,false],"woocommerce_thumbnail":["https:\/\/varibox.best4u.dev\/wp-content\/uploads\/2022\/08\/cdsa.png",270,180,false],"woocommerce_single":["https:\/\/varibox.best4u.dev\/wp-content\/uploads\/2022\/08\/cdsa.png",600,400,false],"woocommerce_gallery_thumbnail":["https:\/\/varibox.best4u.dev\/wp-content\/uploads\/2022\/08\/cdsa-100x100.png",100,100,true],"variation_swatches_image_size":["https:\/\/varibox.best4u.dev\/wp-content\/uploads\/2022\/08\/cdsa.png",50,33,false],"variation_swatches_tooltip_size":["https:\/\/varibox.best4u.dev\/wp-content\/uploads\/2022\/08\/cdsa.png",100,67,false]},"post_excerpt_stackable_v2":"<p>Il tubo estrattore VARIBOX FC 1000 CDS D14 (bianco&amp;tondo) Viton con valvola di fondo \u00e8 un tubo della VARIBOX che raggiunge il punto pi\u00f9 basso del contenitore interno.<\/p>\n","category_list_v2":"","author_info_v2":{"name":"","url":""},"comments_num_v2":"0 comments","acf":[],"_links":{"self":[{"href":"https:\/\/varibox.best4u.dev\/it\/wp-json\/wp\/v2\/product\/68447","targetHints":{"allow":["GET"]}}],"collection":[{"href":"https:\/\/varibox.best4u.dev\/it\/wp-json\/wp\/v2\/product"}],"about":[{"href":"https:\/\/varibox.best4u.dev\/it\/wp-json\/wp\/v2\/types\/product"}],"replies":[{"embeddable":true,"href":"https:\/\/varibox.best4u.dev\/it\/wp-json\/wp\/v2\/comments?post=68447"}],"wp:featuredmedia":[{"embeddable":true,"href":"https:\/\/varibox.best4u.dev\/it\/wp-json\/wp\/v2\/media\/63266"}],"wp:attachment":[{"href":"https:\/\/varibox.best4u.dev\/it\/wp-json\/wp\/v2\/media?parent=68447"}],"wp:term":[{"taxonomy":"product_brand","embeddable":true,"href":"https:\/\/varibox.best4u.dev\/it\/wp-json\/wp\/v2\/product_brand?post=68447"},{"taxonomy":"product_cat","embeddable":true,"href":"https:\/\/varibox.best4u.dev\/it\/wp-json\/wp\/v2\/product_cat?post=68447"},{"taxonomy":"product_tag","embeddable":true,"href":"https:\/\/varibox.best4u.dev\/it\/wp-json\/wp\/v2\/product_tag?post=68447"}],"curies":[{"name":"wp","href":"https:\/\/api.w.org\/{rel}","templated":true}]}}