{"id":63351,"date":"2022-08-10T10:53:12","date_gmt":"2022-08-10T08:53:12","guid":{"rendered":"https:\/\/varibox.best4u.dev\/?post_type=product&#038;p=63351"},"modified":"2025-03-25T07:07:50","modified_gmt":"2025-03-25T06:07:50","slug":"sensore-di-livello-vuoto-varibox-fc-1000-epdm","status":"publish","type":"product","link":"https:\/\/varibox.best4u.dev\/it\/prodotto\/sensore-di-livello-vuoto-varibox-fc-1000-epdm\/","title":{"rendered":"Sensore di livello vuoto VARIBOX FC 1000 EPDM"},"content":{"rendered":"<p>Il sensore di livello vuoto VARIBOX FC 1000 EPDM \u00e8 realizzato in EPDM, PE, PP e PVC. Questo speciale sensore nel VARIBOX FC mostra quando il contenitore \u00e8 vuoto: rimane circa 1\/2 litro di liquido. Il tuo sistema pu\u00f2 essere collegato al sensore di livello vuoto, invia un segnale quando il VARIBOX FC \u00e8 vuoto, ad esempio spegnendo la tua pompa. Il sensore di vuoto ha un interruttore a galleggiante nel punto pi\u00f9 profondo del VARIBOX FC. Finch\u00e9 c&#8217;\u00e8 liquido nel VARIBOX FC, il galleggiante galleggia e il circuito elettrico \u00e8 chiuso (realizzato). Quando tutto il liquido \u00e8 stato pompato fuori dal VARIBOX FC, il galleggiante cade e interrompe il contatto.<\/p>\n","protected":false},"excerpt":{"rendered":"<p>Il sensore di livello vuoto VARIBOX FC 1000 EPDM \u00e8 uno speciale sensore presente nel VARIBOX FC che segnala quando il contenitore \u00e8 vuoto.<\/p>\n","protected":false},"featured_media":63371,"comment_status":"closed","ping_status":"closed","template":"","meta":{"_acf_changed":false},"product_brand":[],"product_cat":[747,739],"product_tag":[887],"class_list":{"0":"post-63351","1":"product","2":"type-product","3":"status-publish","4":"has-post-thumbnail","6":"product_cat-sensors-it","7":"product_cat-varibox-fc-1000-it","8":"product_tag-ecolab-it","9":"product_shipping_class-deventer-en","10":"pa_packaging-unit-1-it","12":"first","13":"instock","14":"taxable","15":"shipping-taxable","16":"purchasable","17":"product-type-simple"},"featured_image_urls_v2":{"full":["https:\/\/varibox.best4u.dev\/wp-content\/uploads\/2022\/08\/ela.png",600,400,false],"thumbnail":["https:\/\/varibox.best4u.dev\/wp-content\/uploads\/2022\/08\/ela-256x256.png",256,256,true],"medium":["https:\/\/varibox.best4u.dev\/wp-content\/uploads\/2022\/08\/ela-512x341.png",512,341,true],"medium_large":["https:\/\/varibox.best4u.dev\/wp-content\/uploads\/2022\/08\/ela.png",600,400,false],"large":["https:\/\/varibox.best4u.dev\/wp-content\/uploads\/2022\/08\/ela.png",600,400,false],"1536x1536":["https:\/\/varibox.best4u.dev\/wp-content\/uploads\/2022\/08\/ela.png",600,400,false],"2048x2048":["https:\/\/varibox.best4u.dev\/wp-content\/uploads\/2022\/08\/ela.png",600,400,false],"woocommerce_archive_thumbnail":["https:\/\/varibox.best4u.dev\/wp-content\/uploads\/2022\/08\/ela-270x180.png",270,180,true],"gform-image-choice-sm":["https:\/\/varibox.best4u.dev\/wp-content\/uploads\/2022\/08\/ela.png",300,200,false],"gform-image-choice-md":["https:\/\/varibox.best4u.dev\/wp-content\/uploads\/2022\/08\/ela.png",400,267,false],"gform-image-choice-lg":["https:\/\/varibox.best4u.dev\/wp-content\/uploads\/2022\/08\/ela.png",600,400,false],"woocommerce_thumbnail":["https:\/\/varibox.best4u.dev\/wp-content\/uploads\/2022\/08\/ela-270x180.png",270,180,true],"woocommerce_single":["https:\/\/varibox.best4u.dev\/wp-content\/uploads\/2022\/08\/ela.png",600,400,false],"woocommerce_gallery_thumbnail":["https:\/\/varibox.best4u.dev\/wp-content\/uploads\/2022\/08\/ela-100x100.png",100,100,true],"variation_swatches_image_size":["https:\/\/varibox.best4u.dev\/wp-content\/uploads\/2022\/08\/ela-50x50.png",50,50,true],"variation_swatches_tooltip_size":["https:\/\/varibox.best4u.dev\/wp-content\/uploads\/2022\/08\/ela-100x100.png",100,100,true]},"post_excerpt_stackable_v2":"<p>Il sensore di livello vuoto VARIBOX FC 1000 EPDM \u00e8 uno speciale sensore presente nel VARIBOX FC che segnala quando il contenitore \u00e8 vuoto.<\/p>\n","category_list_v2":"","author_info_v2":{"name":"","url":""},"comments_num_v2":"0 comments","acf":[],"_links":{"self":[{"href":"https:\/\/varibox.best4u.dev\/it\/wp-json\/wp\/v2\/product\/63351","targetHints":{"allow":["GET"]}}],"collection":[{"href":"https:\/\/varibox.best4u.dev\/it\/wp-json\/wp\/v2\/product"}],"about":[{"href":"https:\/\/varibox.best4u.dev\/it\/wp-json\/wp\/v2\/types\/product"}],"replies":[{"embeddable":true,"href":"https:\/\/varibox.best4u.dev\/it\/wp-json\/wp\/v2\/comments?post=63351"}],"wp:featuredmedia":[{"embeddable":true,"href":"https:\/\/varibox.best4u.dev\/it\/wp-json\/wp\/v2\/media\/63371"}],"wp:attachment":[{"href":"https:\/\/varibox.best4u.dev\/it\/wp-json\/wp\/v2\/media?parent=63351"}],"wp:term":[{"taxonomy":"product_brand","embeddable":true,"href":"https:\/\/varibox.best4u.dev\/it\/wp-json\/wp\/v2\/product_brand?post=63351"},{"taxonomy":"product_cat","embeddable":true,"href":"https:\/\/varibox.best4u.dev\/it\/wp-json\/wp\/v2\/product_cat?post=63351"},{"taxonomy":"product_tag","embeddable":true,"href":"https:\/\/varibox.best4u.dev\/it\/wp-json\/wp\/v2\/product_tag?post=63351"}],"curies":[{"name":"wp","href":"https:\/\/api.w.org\/{rel}","templated":true}]}}