{"id":63349,"date":"2022-08-10T10:53:12","date_gmt":"2022-08-10T08:53:12","guid":{"rendered":"https:\/\/varibox.best4u.dev\/?post_type=product&#038;p=63349"},"modified":"2025-08-07T13:05:54","modified_gmt":"2025-08-07T11:05:54","slug":"sensore-di-livello-pieno-varibox-epdm","status":"publish","type":"product","link":"https:\/\/varibox.best4u.dev\/it\/prodotto\/sensore-di-livello-pieno-varibox-epdm\/","title":{"rendered":"Sensore di livello pieno VARIBOX EPDM"},"content":{"rendered":"<p>Il sensore di livello pieno VARIBOX EPDM \u00e8 realizzato in EPDM, PE, PP e PVC. Questo speciale sensore nel VARIBOX mostra quando il contenitore \u00e8 pieno. Il tuo sistema pu\u00f2 essere collegato al sensore di livello pieno con un connettore contatore. Invia un segnale quando il VARIBOX \u00e8 pieno, ad esempio spegnendo la tua pompa. Il sensore di livello pieno ha un interruttore a galleggiante nel punto pi\u00f9 alto del VARIBOX. Se c&#8217;\u00e8 abbastanza liquido nel VARIBOX, sollever\u00e0 il galleggiante e l&#8217;interruttore interromper\u00e0 il circuito elettrico.<\/p>\n","protected":false},"excerpt":{"rendered":"<p>Il sensore di pieno VARIBOX EPDM \u00e8 uno speciale sensore presente nel VARIBOX che segnala quando il contenitore \u00e8 pieno.<\/p>\n","protected":false},"featured_media":63363,"comment_status":"closed","ping_status":"closed","template":"","meta":{"_acf_changed":false},"product_brand":[],"product_cat":[901,747,748,743,739,741],"product_tag":[],"class_list":{"0":"post-63349","1":"product","2":"type-product","3":"status-publish","4":"has-post-thumbnail","6":"product_cat-sensors-varibox-fc-800-it","7":"product_cat-sensors-it","8":"product_cat-sensors-varibox-cc-250-it","9":"product_cat-varibox-cc-250-it","10":"product_cat-varibox-fc-1000-it","11":"product_cat-varibox-fc-800-it","12":"product_shipping_class-deventer-en","13":"pa_packaging-unit-1-it","15":"first","16":"instock","17":"taxable","18":"shipping-taxable","19":"purchasable","20":"product-type-simple"},"featured_image_urls_v2":{"full":["https:\/\/varibox.best4u.dev\/wp-content\/uploads\/2022\/08\/fulla.png",600,400,false],"thumbnail":["https:\/\/varibox.best4u.dev\/wp-content\/uploads\/2022\/08\/fulla-256x256.png",256,256,true],"medium":["https:\/\/varibox.best4u.dev\/wp-content\/uploads\/2022\/08\/fulla-512x341.png",512,341,true],"medium_large":["https:\/\/varibox.best4u.dev\/wp-content\/uploads\/2022\/08\/fulla.png",600,400,false],"large":["https:\/\/varibox.best4u.dev\/wp-content\/uploads\/2022\/08\/fulla.png",600,400,false],"1536x1536":["https:\/\/varibox.best4u.dev\/wp-content\/uploads\/2022\/08\/fulla.png",600,400,false],"2048x2048":["https:\/\/varibox.best4u.dev\/wp-content\/uploads\/2022\/08\/fulla.png",600,400,false],"woocommerce_archive_thumbnail":["https:\/\/varibox.best4u.dev\/wp-content\/uploads\/2022\/08\/fulla-270x180.png",270,180,true],"gform-image-choice-sm":["https:\/\/varibox.best4u.dev\/wp-content\/uploads\/2022\/08\/fulla.png",300,200,false],"gform-image-choice-md":["https:\/\/varibox.best4u.dev\/wp-content\/uploads\/2022\/08\/fulla.png",400,267,false],"gform-image-choice-lg":["https:\/\/varibox.best4u.dev\/wp-content\/uploads\/2022\/08\/fulla.png",600,400,false],"woocommerce_thumbnail":["https:\/\/varibox.best4u.dev\/wp-content\/uploads\/2022\/08\/fulla-270x180.png",270,180,true],"woocommerce_single":["https:\/\/varibox.best4u.dev\/wp-content\/uploads\/2022\/08\/fulla.png",600,400,false],"woocommerce_gallery_thumbnail":["https:\/\/varibox.best4u.dev\/wp-content\/uploads\/2022\/08\/fulla-100x100.png",100,100,true],"variation_swatches_image_size":["https:\/\/varibox.best4u.dev\/wp-content\/uploads\/2022\/08\/fulla-50x50.png",50,50,true],"variation_swatches_tooltip_size":["https:\/\/varibox.best4u.dev\/wp-content\/uploads\/2022\/08\/fulla-100x100.png",100,100,true]},"post_excerpt_stackable_v2":"<p>Il sensore di pieno VARIBOX EPDM \u00e8 uno speciale sensore presente nel VARIBOX che segnala quando il contenitore \u00e8 pieno.<\/p>\n","category_list_v2":"","author_info_v2":{"name":"","url":""},"comments_num_v2":"0 comments","acf":[],"_links":{"self":[{"href":"https:\/\/varibox.best4u.dev\/it\/wp-json\/wp\/v2\/product\/63349","targetHints":{"allow":["GET"]}}],"collection":[{"href":"https:\/\/varibox.best4u.dev\/it\/wp-json\/wp\/v2\/product"}],"about":[{"href":"https:\/\/varibox.best4u.dev\/it\/wp-json\/wp\/v2\/types\/product"}],"replies":[{"embeddable":true,"href":"https:\/\/varibox.best4u.dev\/it\/wp-json\/wp\/v2\/comments?post=63349"}],"wp:featuredmedia":[{"embeddable":true,"href":"https:\/\/varibox.best4u.dev\/it\/wp-json\/wp\/v2\/media\/63363"}],"wp:attachment":[{"href":"https:\/\/varibox.best4u.dev\/it\/wp-json\/wp\/v2\/media?parent=63349"}],"wp:term":[{"taxonomy":"product_brand","embeddable":true,"href":"https:\/\/varibox.best4u.dev\/it\/wp-json\/wp\/v2\/product_brand?post=63349"},{"taxonomy":"product_cat","embeddable":true,"href":"https:\/\/varibox.best4u.dev\/it\/wp-json\/wp\/v2\/product_cat?post=63349"},{"taxonomy":"product_tag","embeddable":true,"href":"https:\/\/varibox.best4u.dev\/it\/wp-json\/wp\/v2\/product_tag?post=63349"}],"curies":[{"name":"wp","href":"https:\/\/api.w.org\/{rel}","templated":true}]}}