{"id":63314,"date":"2022-08-10T10:53:12","date_gmt":"2022-08-10T08:53:12","guid":{"rendered":"https:\/\/varibox.best4u.dev\/?post_type=product&#038;p=63314"},"modified":"2025-03-25T06:53:32","modified_gmt":"2025-03-25T05:53:32","slug":"tappo-adesivo-varibox-per-sfiato-del-vuoto","status":"publish","type":"product","link":"https:\/\/varibox.best4u.dev\/it\/prodotto\/tappo-adesivo-varibox-per-sfiato-del-vuoto\/","title":{"rendered":"Tappo adesivo VARIBOX per sfiato del vuoto"},"content":{"rendered":"<p>Ogni VARIBOX ha una forma di sfiato automatico. Questo tappo adesivo VARIBOX per sfiato del vuoto pu\u00f2 essere attaccato al tappo dello sfiato del vuoto. L&#8217;adesivo per il tappo dello sfiato del vuoto \u00e8 fatto di PE, il colore \u00e8 bianco. L&#8217;adesivo mostra che il coperchio \u00e8 realizzato solo con uno sfiato del vuoto.<\/p>\n","protected":false},"excerpt":{"rendered":"<p>Ogni VARIBOX ha una forma di sfiato automatico. Questo tappo adesivo VARIBOX per sfiato del vuoto pu\u00f2 essere attaccato al tappo dello sfiato del vuoto.<\/p>\n","protected":false},"featured_media":63318,"comment_status":"closed","ping_status":"closed","template":"","meta":{"_acf_changed":false},"product_brand":[],"product_cat":[744,740,742,743,739,741],"product_tag":[],"class_list":{"0":"post-63314","1":"product","2":"type-product","3":"status-publish","4":"has-post-thumbnail","6":"product_cat-accessories-varibox-cc-250-it","7":"product_cat-accessories-it","8":"product_cat-accessories-varibox-fc-800-it","9":"product_cat-varibox-cc-250-it","10":"product_cat-varibox-fc-1000-it","11":"product_cat-varibox-fc-800-it","12":"product_shipping_class-deventer-en","13":"pa_packaging-unit-50-it","15":"first","16":"instock","17":"taxable","18":"shipping-taxable","19":"purchasable","20":"product-type-simple"},"featured_image_urls_v2":{"full":["https:\/\/varibox.best4u.dev\/wp-content\/uploads\/2022\/08\/labelvac.png",600,400,false],"thumbnail":["https:\/\/varibox.best4u.dev\/wp-content\/uploads\/2022\/08\/labelvac.png",256,171,false],"medium":["https:\/\/varibox.best4u.dev\/wp-content\/uploads\/2022\/08\/labelvac.png",512,341,false],"medium_large":["https:\/\/varibox.best4u.dev\/wp-content\/uploads\/2022\/08\/labelvac.png",600,400,false],"large":["https:\/\/varibox.best4u.dev\/wp-content\/uploads\/2022\/08\/labelvac.png",600,400,false],"1536x1536":["https:\/\/varibox.best4u.dev\/wp-content\/uploads\/2022\/08\/labelvac.png",600,400,false],"2048x2048":["https:\/\/varibox.best4u.dev\/wp-content\/uploads\/2022\/08\/labelvac.png",600,400,false],"woocommerce_archive_thumbnail":["https:\/\/varibox.best4u.dev\/wp-content\/uploads\/2022\/08\/labelvac-270x180.png",270,180,true],"gform-image-choice-sm":["https:\/\/varibox.best4u.dev\/wp-content\/uploads\/2022\/08\/labelvac.png",300,200,false],"gform-image-choice-md":["https:\/\/varibox.best4u.dev\/wp-content\/uploads\/2022\/08\/labelvac.png",400,267,false],"gform-image-choice-lg":["https:\/\/varibox.best4u.dev\/wp-content\/uploads\/2022\/08\/labelvac.png",600,400,false],"woocommerce_thumbnail":["https:\/\/varibox.best4u.dev\/wp-content\/uploads\/2022\/08\/labelvac.png",270,180,false],"woocommerce_single":["https:\/\/varibox.best4u.dev\/wp-content\/uploads\/2022\/08\/labelvac.png",600,400,false],"woocommerce_gallery_thumbnail":["https:\/\/varibox.best4u.dev\/wp-content\/uploads\/2022\/08\/labelvac-100x100.png",100,100,true],"variation_swatches_image_size":["https:\/\/varibox.best4u.dev\/wp-content\/uploads\/2022\/08\/labelvac.png",50,33,false],"variation_swatches_tooltip_size":["https:\/\/varibox.best4u.dev\/wp-content\/uploads\/2022\/08\/labelvac.png",100,67,false]},"post_excerpt_stackable_v2":"<p>Ogni VARIBOX ha una forma di sfiato automatico. Questo tappo adesivo VARIBOX per sfiato del vuoto pu\u00f2 essere attaccato al tappo dello sfiato del vuoto.<\/p>\n","category_list_v2":"","author_info_v2":{"name":"","url":""},"comments_num_v2":"0 comments","acf":[],"_links":{"self":[{"href":"https:\/\/varibox.best4u.dev\/it\/wp-json\/wp\/v2\/product\/63314","targetHints":{"allow":["GET"]}}],"collection":[{"href":"https:\/\/varibox.best4u.dev\/it\/wp-json\/wp\/v2\/product"}],"about":[{"href":"https:\/\/varibox.best4u.dev\/it\/wp-json\/wp\/v2\/types\/product"}],"replies":[{"embeddable":true,"href":"https:\/\/varibox.best4u.dev\/it\/wp-json\/wp\/v2\/comments?post=63314"}],"wp:featuredmedia":[{"embeddable":true,"href":"https:\/\/varibox.best4u.dev\/it\/wp-json\/wp\/v2\/media\/63318"}],"wp:attachment":[{"href":"https:\/\/varibox.best4u.dev\/it\/wp-json\/wp\/v2\/media?parent=63314"}],"wp:term":[{"taxonomy":"product_brand","embeddable":true,"href":"https:\/\/varibox.best4u.dev\/it\/wp-json\/wp\/v2\/product_brand?post=63314"},{"taxonomy":"product_cat","embeddable":true,"href":"https:\/\/varibox.best4u.dev\/it\/wp-json\/wp\/v2\/product_cat?post=63314"},{"taxonomy":"product_tag","embeddable":true,"href":"https:\/\/varibox.best4u.dev\/it\/wp-json\/wp\/v2\/product_tag?post=63314"}],"curies":[{"name":"wp","href":"https:\/\/api.w.org\/{rel}","templated":true}]}}