{"id":63313,"date":"2022-08-10T10:53:12","date_gmt":"2022-08-10T08:53:12","guid":{"rendered":"https:\/\/varibox.best4u.dev\/?post_type=product&#038;p=63313"},"modified":"2025-03-25T06:52:21","modified_gmt":"2025-03-25T05:52:21","slug":"tappo-adesivo-varibox-combi-vent","status":"publish","type":"product","link":"https:\/\/varibox.best4u.dev\/it\/prodotto\/tappo-adesivo-varibox-combi-vent\/","title":{"rendered":"Tappo adesivo VARIBOX Combi-vent"},"content":{"rendered":"<p>Ogni VARIBOX ha una forma di sfiato automatico. Questo adesivo VARIBOX tappo Combi-vent pu\u00f2 essere attaccato sul tappo del combi-vent. L&#8217;adesivo per il tappo del Combi-vent \u00e8 fatto di PE, il colore \u00e8 giallo. L&#8217;adesivo mostra che il coperchio \u00e8 realizzato con un combi-vent (sfiato per vuoto e sovrapressione).<\/p>\n","protected":false},"excerpt":{"rendered":"<p>Ogni VARIBOX ha una forma di sfiatatoio automatico. Questo tappo adesivo VARIBOX Combi-vent pu\u00f2 essere attaccato sul tappo del combi-vent.<\/p>\n","protected":false},"featured_media":63315,"comment_status":"closed","ping_status":"closed","template":"","meta":{"_acf_changed":false},"product_brand":[],"product_cat":[744,740,742,743,739,741],"product_tag":[887],"class_list":{"0":"post-63313","1":"product","2":"type-product","3":"status-publish","4":"has-post-thumbnail","6":"product_cat-accessories-varibox-cc-250-it","7":"product_cat-accessories-it","8":"product_cat-accessories-varibox-fc-800-it","9":"product_cat-varibox-cc-250-it","10":"product_cat-varibox-fc-1000-it","11":"product_cat-varibox-fc-800-it","12":"product_tag-ecolab-it","13":"product_shipping_class-deventer-en","14":"pa_packaging-unit-50-it","16":"first","17":"instock","18":"taxable","19":"shipping-taxable","20":"purchasable","21":"product-type-simple"},"featured_image_urls_v2":{"full":["https:\/\/varibox.best4u.dev\/wp-content\/uploads\/2022\/08\/labelcombi.png",600,400,false],"thumbnail":["https:\/\/varibox.best4u.dev\/wp-content\/uploads\/2022\/08\/labelcombi.png",256,171,false],"medium":["https:\/\/varibox.best4u.dev\/wp-content\/uploads\/2022\/08\/labelcombi.png",512,341,false],"medium_large":["https:\/\/varibox.best4u.dev\/wp-content\/uploads\/2022\/08\/labelcombi.png",600,400,false],"large":["https:\/\/varibox.best4u.dev\/wp-content\/uploads\/2022\/08\/labelcombi.png",600,400,false],"1536x1536":["https:\/\/varibox.best4u.dev\/wp-content\/uploads\/2022\/08\/labelcombi.png",600,400,false],"2048x2048":["https:\/\/varibox.best4u.dev\/wp-content\/uploads\/2022\/08\/labelcombi.png",600,400,false],"woocommerce_archive_thumbnail":["https:\/\/varibox.best4u.dev\/wp-content\/uploads\/2022\/08\/labelcombi-270x180.png",270,180,true],"gform-image-choice-sm":["https:\/\/varibox.best4u.dev\/wp-content\/uploads\/2022\/08\/labelcombi.png",300,200,false],"gform-image-choice-md":["https:\/\/varibox.best4u.dev\/wp-content\/uploads\/2022\/08\/labelcombi.png",400,267,false],"gform-image-choice-lg":["https:\/\/varibox.best4u.dev\/wp-content\/uploads\/2022\/08\/labelcombi.png",600,400,false],"woocommerce_thumbnail":["https:\/\/varibox.best4u.dev\/wp-content\/uploads\/2022\/08\/labelcombi.png",270,180,false],"woocommerce_single":["https:\/\/varibox.best4u.dev\/wp-content\/uploads\/2022\/08\/labelcombi.png",600,400,false],"woocommerce_gallery_thumbnail":["https:\/\/varibox.best4u.dev\/wp-content\/uploads\/2022\/08\/labelcombi-100x100.png",100,100,true],"variation_swatches_image_size":["https:\/\/varibox.best4u.dev\/wp-content\/uploads\/2022\/08\/labelcombi.png",50,33,false],"variation_swatches_tooltip_size":["https:\/\/varibox.best4u.dev\/wp-content\/uploads\/2022\/08\/labelcombi.png",100,67,false]},"post_excerpt_stackable_v2":"<p>Ogni VARIBOX ha una forma di sfiatatoio automatico. Questo tappo adesivo VARIBOX Combi-vent pu\u00f2 essere attaccato sul tappo del combi-vent.<\/p>\n","category_list_v2":"","author_info_v2":{"name":"","url":""},"comments_num_v2":"0 comments","acf":[],"_links":{"self":[{"href":"https:\/\/varibox.best4u.dev\/it\/wp-json\/wp\/v2\/product\/63313","targetHints":{"allow":["GET"]}}],"collection":[{"href":"https:\/\/varibox.best4u.dev\/it\/wp-json\/wp\/v2\/product"}],"about":[{"href":"https:\/\/varibox.best4u.dev\/it\/wp-json\/wp\/v2\/types\/product"}],"replies":[{"embeddable":true,"href":"https:\/\/varibox.best4u.dev\/it\/wp-json\/wp\/v2\/comments?post=63313"}],"wp:featuredmedia":[{"embeddable":true,"href":"https:\/\/varibox.best4u.dev\/it\/wp-json\/wp\/v2\/media\/63315"}],"wp:attachment":[{"href":"https:\/\/varibox.best4u.dev\/it\/wp-json\/wp\/v2\/media?parent=63313"}],"wp:term":[{"taxonomy":"product_brand","embeddable":true,"href":"https:\/\/varibox.best4u.dev\/it\/wp-json\/wp\/v2\/product_brand?post=63313"},{"taxonomy":"product_cat","embeddable":true,"href":"https:\/\/varibox.best4u.dev\/it\/wp-json\/wp\/v2\/product_cat?post=63313"},{"taxonomy":"product_tag","embeddable":true,"href":"https:\/\/varibox.best4u.dev\/it\/wp-json\/wp\/v2\/product_tag?post=63313"}],"curies":[{"name":"wp","href":"https:\/\/api.w.org\/{rel}","templated":true}]}}