{"id":63272,"date":"2022-08-10T10:52:53","date_gmt":"2022-08-10T08:52:53","guid":{"rendered":"https:\/\/varibox.best4u.dev\/?post_type=product&#038;p=63272"},"modified":"2025-03-25T06:41:57","modified_gmt":"2025-03-25T05:41:57","slug":"varibox-cc-250-safeline-precision-epdm","status":"publish","type":"product","link":"https:\/\/varibox.best4u.dev\/it\/prodotto\/varibox-cc-250-safeline-precision-epdm\/","title":{"rendered":"VARIBOX CC 250 Safeline Precision EPDM"},"content":{"rendered":"<p>Il tubo di estrazione VARIBOX CC 250 Safeline Precision EPDM \u00e8 realizzato in EPDM, PE e acciaio inossidabile 316. Il tubo ha un colore neutro e il punto di collegamento sulla parte superiore \u00e8 rosso. Il tubo di estrazione fa parte di un sistema di facile utilizzo che pu\u00f2 collegare il tuo sistema al Varibox utilizzando un giunto Safeline. Ci\u00f2 consente di pompare il tuo prodotto fuori dal VARIBOX senza aprire l&#8217;IBC. Ci\u00f2 garantisce che i prodotti chimici e i fumi tossici non possano fuoriuscire dall&#8217;IBC.<\/p>\n","protected":false},"excerpt":{"rendered":"<p>Il tubo di estrazione VARIBOX CC 250 Safeline Precision EPDM \u00e8 un tubo nel VARIBOX che raggiunge il punto pi\u00f9 basso del contenitore interno<\/p>\n","protected":false},"featured_media":63286,"comment_status":"closed","ping_status":"closed","template":"","meta":{"_acf_changed":false},"product_brand":[],"product_cat":[746,743],"product_tag":[],"class_list":{"0":"post-63272","1":"product","2":"type-product","3":"status-publish","4":"has-post-thumbnail","6":"product_cat-extractor-tubes-varibox-cc-250-it","7":"product_cat-varibox-cc-250-it","8":"product_shipping_class-deventer-en","9":"pa_packaging-unit-1-it","11":"first","12":"instock","13":"taxable","14":"shipping-taxable","15":"purchasable","16":"product-type-simple"},"featured_image_urls_v2":{"full":["https:\/\/varibox.best4u.dev\/wp-content\/uploads\/2022\/08\/slprea.png",600,400,false],"thumbnail":["https:\/\/varibox.best4u.dev\/wp-content\/uploads\/2022\/08\/slprea.png",256,171,false],"medium":["https:\/\/varibox.best4u.dev\/wp-content\/uploads\/2022\/08\/slprea.png",512,341,false],"medium_large":["https:\/\/varibox.best4u.dev\/wp-content\/uploads\/2022\/08\/slprea.png",600,400,false],"large":["https:\/\/varibox.best4u.dev\/wp-content\/uploads\/2022\/08\/slprea.png",600,400,false],"1536x1536":["https:\/\/varibox.best4u.dev\/wp-content\/uploads\/2022\/08\/slprea.png",600,400,false],"2048x2048":["https:\/\/varibox.best4u.dev\/wp-content\/uploads\/2022\/08\/slprea.png",600,400,false],"woocommerce_archive_thumbnail":["https:\/\/varibox.best4u.dev\/wp-content\/uploads\/2022\/08\/slprea-270x180.png",270,180,true],"gform-image-choice-sm":["https:\/\/varibox.best4u.dev\/wp-content\/uploads\/2022\/08\/slprea.png",300,200,false],"gform-image-choice-md":["https:\/\/varibox.best4u.dev\/wp-content\/uploads\/2022\/08\/slprea.png",400,267,false],"gform-image-choice-lg":["https:\/\/varibox.best4u.dev\/wp-content\/uploads\/2022\/08\/slprea.png",600,400,false],"woocommerce_thumbnail":["https:\/\/varibox.best4u.dev\/wp-content\/uploads\/2022\/08\/slprea.png",270,180,false],"woocommerce_single":["https:\/\/varibox.best4u.dev\/wp-content\/uploads\/2022\/08\/slprea.png",600,400,false],"woocommerce_gallery_thumbnail":["https:\/\/varibox.best4u.dev\/wp-content\/uploads\/2022\/08\/slprea-100x100.png",100,100,true],"variation_swatches_image_size":["https:\/\/varibox.best4u.dev\/wp-content\/uploads\/2022\/08\/slprea.png",50,33,false],"variation_swatches_tooltip_size":["https:\/\/varibox.best4u.dev\/wp-content\/uploads\/2022\/08\/slprea.png",100,67,false]},"post_excerpt_stackable_v2":"<p>Il tubo di estrazione VARIBOX CC 250 Safeline Precision EPDM \u00e8 un tubo nel VARIBOX che raggiunge il punto pi\u00f9 basso del contenitore interno<\/p>\n","category_list_v2":"","author_info_v2":{"name":"","url":""},"comments_num_v2":"0 comments","acf":[],"_links":{"self":[{"href":"https:\/\/varibox.best4u.dev\/it\/wp-json\/wp\/v2\/product\/63272","targetHints":{"allow":["GET"]}}],"collection":[{"href":"https:\/\/varibox.best4u.dev\/it\/wp-json\/wp\/v2\/product"}],"about":[{"href":"https:\/\/varibox.best4u.dev\/it\/wp-json\/wp\/v2\/types\/product"}],"replies":[{"embeddable":true,"href":"https:\/\/varibox.best4u.dev\/it\/wp-json\/wp\/v2\/comments?post=63272"}],"wp:featuredmedia":[{"embeddable":true,"href":"https:\/\/varibox.best4u.dev\/it\/wp-json\/wp\/v2\/media\/63286"}],"wp:attachment":[{"href":"https:\/\/varibox.best4u.dev\/it\/wp-json\/wp\/v2\/media?parent=63272"}],"wp:term":[{"taxonomy":"product_brand","embeddable":true,"href":"https:\/\/varibox.best4u.dev\/it\/wp-json\/wp\/v2\/product_brand?post=63272"},{"taxonomy":"product_cat","embeddable":true,"href":"https:\/\/varibox.best4u.dev\/it\/wp-json\/wp\/v2\/product_cat?post=63272"},{"taxonomy":"product_tag","embeddable":true,"href":"https:\/\/varibox.best4u.dev\/it\/wp-json\/wp\/v2\/product_tag?post=63272"}],"curies":[{"name":"wp","href":"https:\/\/api.w.org\/{rel}","templated":true}]}}