{"id":63270,"date":"2022-08-10T10:52:53","date_gmt":"2022-08-10T08:52:53","guid":{"rendered":"https:\/\/varibox.best4u.dev\/?post_type=product&#038;p=63270"},"modified":"2025-08-05T16:43:25","modified_gmt":"2025-08-05T14:43:25","slug":"varibox-fc-800-e-drumtainer-safeline-precision-viton","status":"publish","type":"product","link":"https:\/\/varibox.best4u.dev\/it\/prodotto\/varibox-fc-800-e-drumtainer-safeline-precision-viton\/","title":{"rendered":"VARIBOX FC 800 e Drumtainer Safeline Precision Viton"},"content":{"rendered":"<p>Il tubo di estrazione VARIBOX FC e Drumtainer 800 Safeline Performance Viton \u00e8 realizzato in Aflas, PE e Hastelloy. Il tubo ha un colore neutro e il punto di collegamento in alto \u00e8 verde. Il tubo di estrazione fa parte di un sistema di facile utilizzo che pu\u00f2 collegare il tuo sistema al Varibox utilizzando un giunto Safeline. Ci\u00f2 consente di pompare il tuo prodotto fuori dal VARIBOX senza aprire l&#8217;IBC. Ci\u00f2 garantisce che i prodotti chimici e i fumi tossici non possano fuoriuscire dall&#8217;IBC.<\/p>\n","protected":false},"excerpt":{"rendered":"<p>Tubo estrattore VARIBOX FC 800 e Drumtainer CDS (bianco e rotondo) Il Viton \u00e8 un tubo nel VARIBOX che raggiunge il punto pi\u00f9 basso del contenitore interno<\/p>\n","protected":false},"featured_media":63266,"comment_status":"closed","ping_status":"closed","template":"","meta":{"_acf_changed":false},"product_brand":[],"product_cat":[875,895,555,741],"product_tag":[],"class_list":{"0":"post-63270","1":"product","2":"type-product","3":"status-publish","4":"has-post-thumbnail","6":"product_cat-tubi-estrattori","7":"product_cat-extractor-tubes-varibox-drumtainer-2-it","8":"product_cat-varibox-drumtainer-it","9":"product_cat-varibox-fc-800-it","10":"product_shipping_class-deventer-en","11":"pa_packaging-unit-1-it","13":"first","14":"instock","15":"taxable","16":"shipping-taxable","17":"purchasable","18":"product-type-simple"},"featured_image_urls_v2":{"full":["https:\/\/varibox.best4u.dev\/wp-content\/uploads\/2022\/08\/cdsa.png",600,400,false],"thumbnail":["https:\/\/varibox.best4u.dev\/wp-content\/uploads\/2022\/08\/cdsa.png",256,171,false],"medium":["https:\/\/varibox.best4u.dev\/wp-content\/uploads\/2022\/08\/cdsa.png",512,341,false],"medium_large":["https:\/\/varibox.best4u.dev\/wp-content\/uploads\/2022\/08\/cdsa.png",600,400,false],"large":["https:\/\/varibox.best4u.dev\/wp-content\/uploads\/2022\/08\/cdsa.png",600,400,false],"1536x1536":["https:\/\/varibox.best4u.dev\/wp-content\/uploads\/2022\/08\/cdsa.png",600,400,false],"2048x2048":["https:\/\/varibox.best4u.dev\/wp-content\/uploads\/2022\/08\/cdsa.png",600,400,false],"woocommerce_archive_thumbnail":["https:\/\/varibox.best4u.dev\/wp-content\/uploads\/2022\/08\/cdsa-270x180.png",270,180,true],"gform-image-choice-sm":["https:\/\/varibox.best4u.dev\/wp-content\/uploads\/2022\/08\/cdsa.png",300,200,false],"gform-image-choice-md":["https:\/\/varibox.best4u.dev\/wp-content\/uploads\/2022\/08\/cdsa.png",400,267,false],"gform-image-choice-lg":["https:\/\/varibox.best4u.dev\/wp-content\/uploads\/2022\/08\/cdsa.png",600,400,false],"woocommerce_thumbnail":["https:\/\/varibox.best4u.dev\/wp-content\/uploads\/2022\/08\/cdsa.png",270,180,false],"woocommerce_single":["https:\/\/varibox.best4u.dev\/wp-content\/uploads\/2022\/08\/cdsa.png",600,400,false],"woocommerce_gallery_thumbnail":["https:\/\/varibox.best4u.dev\/wp-content\/uploads\/2022\/08\/cdsa-100x100.png",100,100,true],"variation_swatches_image_size":["https:\/\/varibox.best4u.dev\/wp-content\/uploads\/2022\/08\/cdsa.png",50,33,false],"variation_swatches_tooltip_size":["https:\/\/varibox.best4u.dev\/wp-content\/uploads\/2022\/08\/cdsa.png",100,67,false]},"post_excerpt_stackable_v2":"<p>Tubo estrattore VARIBOX FC 800 e Drumtainer CDS (bianco e rotondo) Il Viton \u00e8 un tubo nel VARIBOX che raggiunge il punto pi\u00f9 basso del contenitore interno<\/p>\n","category_list_v2":"","author_info_v2":{"name":"","url":""},"comments_num_v2":"0 comments","acf":[],"_links":{"self":[{"href":"https:\/\/varibox.best4u.dev\/it\/wp-json\/wp\/v2\/product\/63270","targetHints":{"allow":["GET"]}}],"collection":[{"href":"https:\/\/varibox.best4u.dev\/it\/wp-json\/wp\/v2\/product"}],"about":[{"href":"https:\/\/varibox.best4u.dev\/it\/wp-json\/wp\/v2\/types\/product"}],"replies":[{"embeddable":true,"href":"https:\/\/varibox.best4u.dev\/it\/wp-json\/wp\/v2\/comments?post=63270"}],"wp:featuredmedia":[{"embeddable":true,"href":"https:\/\/varibox.best4u.dev\/it\/wp-json\/wp\/v2\/media\/63266"}],"wp:attachment":[{"href":"https:\/\/varibox.best4u.dev\/it\/wp-json\/wp\/v2\/media?parent=63270"}],"wp:term":[{"taxonomy":"product_brand","embeddable":true,"href":"https:\/\/varibox.best4u.dev\/it\/wp-json\/wp\/v2\/product_brand?post=63270"},{"taxonomy":"product_cat","embeddable":true,"href":"https:\/\/varibox.best4u.dev\/it\/wp-json\/wp\/v2\/product_cat?post=63270"},{"taxonomy":"product_tag","embeddable":true,"href":"https:\/\/varibox.best4u.dev\/it\/wp-json\/wp\/v2\/product_tag?post=63270"}],"curies":[{"name":"wp","href":"https:\/\/api.w.org\/{rel}","templated":true}]}}