{"id":63250,"date":"2022-08-10T10:52:53","date_gmt":"2022-08-10T08:52:53","guid":{"rendered":"https:\/\/varibox.best4u.dev\/?post_type=product&#038;p=63250"},"modified":"2025-03-25T06:36:08","modified_gmt":"2025-03-25T05:36:08","slug":"varibox-safeline-accoppiatore-viton","status":"publish","type":"product","link":"https:\/\/varibox.best4u.dev\/it\/prodotto\/varibox-safeline-accoppiatore-viton\/","title":{"rendered":"VARIBOX Safeline Accoppiatore Viton"},"content":{"rendered":"<p>Il VARIBOX Safeline Coupler Viton \u00e8 realizzato in Hastelloy e PVDF. Il VARIBOX Safeline Coupler Viton pu\u00f2 essere collegato alla parte superiore del tubo di estrazione Viton Safeline. Utilizzando il Safeline Coupler originale collegato al tuo sistema, il tubo di estrazione VARIBOX Safeline e il Safeline Coupler vengono aperti contemporaneamente. Ora il tuo prodotto pu\u00f2 fluire e l&#8217;aria pu\u00f2 entrare. Fumi e prodotti non possono fuoriuscire. Questa costruzione unica protegger\u00e0 le persone e l&#8217;ambiente durante l&#8217;uso.<\/p>\n","protected":false},"excerpt":{"rendered":"<p>Il giunto VARIBOX Safeline Viton crea una connessione a tenuta stagna quando si collega al tubo di estrazione Viton VARIBOX Safeline.<\/p>\n","protected":false},"featured_media":63255,"comment_status":"closed","ping_status":"closed","template":"","meta":{"_acf_changed":false},"product_brand":[],"product_cat":[884,751,754,757,743,555,739,741],"product_tag":[887],"class_list":{"0":"post-63250","1":"product","2":"type-product","3":"status-publish","4":"has-post-thumbnail","6":"product_cat-accoppiatori","7":"product_cat-couplers-varibox-fc-1000-it","8":"product_cat-couplers-varibox-cc-250-2-it","9":"product_cat-couplers-it","10":"product_cat-varibox-cc-250-it","11":"product_cat-varibox-drumtainer-it","12":"product_cat-varibox-fc-1000-it","13":"product_cat-varibox-fc-800-it","14":"product_tag-ecolab-it","15":"product_shipping_class-deventer-en","16":"pa_packaging-unit-1-it","18":"first","19":"onbackorder","20":"taxable","21":"shipping-taxable","22":"purchasable","23":"product-type-simple"},"featured_image_urls_v2":{"full":["https:\/\/varibox.best4u.dev\/wp-content\/uploads\/2022\/08\/coupslva.png",600,400,false],"thumbnail":["https:\/\/varibox.best4u.dev\/wp-content\/uploads\/2022\/08\/coupslva.png",256,171,false],"medium":["https:\/\/varibox.best4u.dev\/wp-content\/uploads\/2022\/08\/coupslva.png",512,341,false],"medium_large":["https:\/\/varibox.best4u.dev\/wp-content\/uploads\/2022\/08\/coupslva.png",600,400,false],"large":["https:\/\/varibox.best4u.dev\/wp-content\/uploads\/2022\/08\/coupslva.png",600,400,false],"1536x1536":["https:\/\/varibox.best4u.dev\/wp-content\/uploads\/2022\/08\/coupslva.png",600,400,false],"2048x2048":["https:\/\/varibox.best4u.dev\/wp-content\/uploads\/2022\/08\/coupslva.png",600,400,false],"woocommerce_archive_thumbnail":["https:\/\/varibox.best4u.dev\/wp-content\/uploads\/2022\/08\/coupslva-270x180.png",270,180,true],"gform-image-choice-sm":["https:\/\/varibox.best4u.dev\/wp-content\/uploads\/2022\/08\/coupslva.png",300,200,false],"gform-image-choice-md":["https:\/\/varibox.best4u.dev\/wp-content\/uploads\/2022\/08\/coupslva.png",400,267,false],"gform-image-choice-lg":["https:\/\/varibox.best4u.dev\/wp-content\/uploads\/2022\/08\/coupslva.png",600,400,false],"woocommerce_thumbnail":["https:\/\/varibox.best4u.dev\/wp-content\/uploads\/2022\/08\/coupslva.png",270,180,false],"woocommerce_single":["https:\/\/varibox.best4u.dev\/wp-content\/uploads\/2022\/08\/coupslva.png",600,400,false],"woocommerce_gallery_thumbnail":["https:\/\/varibox.best4u.dev\/wp-content\/uploads\/2022\/08\/coupslva-100x100.png",100,100,true],"variation_swatches_image_size":["https:\/\/varibox.best4u.dev\/wp-content\/uploads\/2022\/08\/coupslva.png",50,33,false],"variation_swatches_tooltip_size":["https:\/\/varibox.best4u.dev\/wp-content\/uploads\/2022\/08\/coupslva.png",100,67,false]},"post_excerpt_stackable_v2":"<p>Il giunto VARIBOX Safeline Viton crea una connessione a tenuta stagna quando si collega al tubo di estrazione Viton VARIBOX Safeline.<\/p>\n","category_list_v2":"","author_info_v2":{"name":"","url":""},"comments_num_v2":"0 comments","acf":[],"_links":{"self":[{"href":"https:\/\/varibox.best4u.dev\/it\/wp-json\/wp\/v2\/product\/63250","targetHints":{"allow":["GET"]}}],"collection":[{"href":"https:\/\/varibox.best4u.dev\/it\/wp-json\/wp\/v2\/product"}],"about":[{"href":"https:\/\/varibox.best4u.dev\/it\/wp-json\/wp\/v2\/types\/product"}],"replies":[{"embeddable":true,"href":"https:\/\/varibox.best4u.dev\/it\/wp-json\/wp\/v2\/comments?post=63250"}],"wp:featuredmedia":[{"embeddable":true,"href":"https:\/\/varibox.best4u.dev\/it\/wp-json\/wp\/v2\/media\/63255"}],"wp:attachment":[{"href":"https:\/\/varibox.best4u.dev\/it\/wp-json\/wp\/v2\/media?parent=63250"}],"wp:term":[{"taxonomy":"product_brand","embeddable":true,"href":"https:\/\/varibox.best4u.dev\/it\/wp-json\/wp\/v2\/product_brand?post=63250"},{"taxonomy":"product_cat","embeddable":true,"href":"https:\/\/varibox.best4u.dev\/it\/wp-json\/wp\/v2\/product_cat?post=63250"},{"taxonomy":"product_tag","embeddable":true,"href":"https:\/\/varibox.best4u.dev\/it\/wp-json\/wp\/v2\/product_tag?post=63250"}],"curies":[{"name":"wp","href":"https:\/\/api.w.org\/{rel}","templated":true}]}}