{"id":63249,"date":"2022-08-10T10:52:53","date_gmt":"2022-08-10T08:52:53","guid":{"rendered":"https:\/\/varibox.best4u.dev\/?post_type=product&#038;p=63249"},"modified":"2025-08-05T16:54:53","modified_gmt":"2025-08-05T14:54:53","slug":"tappo-di-copertura-varibox-safeline-viton","status":"publish","type":"product","link":"https:\/\/varibox.best4u.dev\/it\/prodotto\/tappo-di-copertura-varibox-safeline-viton\/","title":{"rendered":"Tappo di copertura VARIBOX Safeline Viton"},"content":{"rendered":"<p>Il cappuccio di copertura VARIBOX Safeline Performance Viton pu\u00f2 essere messo sul tubo di estrazione VARIBOX Safeline per protezione. Il cappuccio di copertura \u00e8 realizzato in PE e il colore di questo cappuccio \u00e8 verde, che si abbina al colore della versione Viton del sistema Safeline. Il cappuccio pu\u00f2 essere messo sul tubo di estrazione Safeline dai distributori di prodotti chimici per protezione durante il trasporto all&#8217;utente del VARIBOX.<\/p>\n","protected":false},"excerpt":{"rendered":"<p>Il tappo di copertura VARIBOX Safeline Performance Viton pu\u00f2 essere applicato al tubo di estrazione VARIBOX Safeline per proteggerlo.<\/p>\n","protected":false},"featured_media":63253,"comment_status":"closed","ping_status":"closed","template":"","meta":{"_acf_changed":false},"product_brand":[],"product_cat":[753,758,752,897,743,555,739,741],"product_tag":[887],"class_list":{"0":"post-63249","1":"product","2":"type-product","3":"status-publish","4":"has-post-thumbnail","6":"product_cat-caps-varibox-cc-250-2-it","7":"product_cat-caps-it","8":"product_cat-caps-varibox-fc-800-2-it","9":"product_cat-caps-varibox-fc-1000-it","10":"product_cat-varibox-cc-250-it","11":"product_cat-varibox-drumtainer-it","12":"product_cat-varibox-fc-1000-it","13":"product_cat-varibox-fc-800-it","14":"product_tag-ecolab-it","15":"product_shipping_class-deventer-en","16":"pa_packaging-unit-50-it","18":"first","19":"instock","20":"taxable","21":"shipping-taxable","22":"purchasable","23":"product-type-simple"},"featured_image_urls_v2":{"full":["https:\/\/varibox.best4u.dev\/wp-content\/uploads\/2022\/08\/capslva.png",600,400,false],"thumbnail":["https:\/\/varibox.best4u.dev\/wp-content\/uploads\/2022\/08\/capslva.png",256,171,false],"medium":["https:\/\/varibox.best4u.dev\/wp-content\/uploads\/2022\/08\/capslva.png",512,341,false],"medium_large":["https:\/\/varibox.best4u.dev\/wp-content\/uploads\/2022\/08\/capslva.png",600,400,false],"large":["https:\/\/varibox.best4u.dev\/wp-content\/uploads\/2022\/08\/capslva.png",600,400,false],"1536x1536":["https:\/\/varibox.best4u.dev\/wp-content\/uploads\/2022\/08\/capslva.png",600,400,false],"2048x2048":["https:\/\/varibox.best4u.dev\/wp-content\/uploads\/2022\/08\/capslva.png",600,400,false],"woocommerce_archive_thumbnail":["https:\/\/varibox.best4u.dev\/wp-content\/uploads\/2022\/08\/capslva-270x180.png",270,180,true],"gform-image-choice-sm":["https:\/\/varibox.best4u.dev\/wp-content\/uploads\/2022\/08\/capslva.png",300,200,false],"gform-image-choice-md":["https:\/\/varibox.best4u.dev\/wp-content\/uploads\/2022\/08\/capslva.png",400,267,false],"gform-image-choice-lg":["https:\/\/varibox.best4u.dev\/wp-content\/uploads\/2022\/08\/capslva.png",600,400,false],"woocommerce_thumbnail":["https:\/\/varibox.best4u.dev\/wp-content\/uploads\/2022\/08\/capslva.png",270,180,false],"woocommerce_single":["https:\/\/varibox.best4u.dev\/wp-content\/uploads\/2022\/08\/capslva.png",600,400,false],"woocommerce_gallery_thumbnail":["https:\/\/varibox.best4u.dev\/wp-content\/uploads\/2022\/08\/capslva-100x100.png",100,100,true],"variation_swatches_image_size":["https:\/\/varibox.best4u.dev\/wp-content\/uploads\/2022\/08\/capslva.png",50,33,false],"variation_swatches_tooltip_size":["https:\/\/varibox.best4u.dev\/wp-content\/uploads\/2022\/08\/capslva.png",100,67,false]},"post_excerpt_stackable_v2":"<p>Il tappo di copertura VARIBOX Safeline Performance Viton pu\u00f2 essere applicato al tubo di estrazione VARIBOX Safeline per proteggerlo.<\/p>\n","category_list_v2":"","author_info_v2":{"name":"","url":""},"comments_num_v2":"0 comments","acf":[],"_links":{"self":[{"href":"https:\/\/varibox.best4u.dev\/it\/wp-json\/wp\/v2\/product\/63249","targetHints":{"allow":["GET"]}}],"collection":[{"href":"https:\/\/varibox.best4u.dev\/it\/wp-json\/wp\/v2\/product"}],"about":[{"href":"https:\/\/varibox.best4u.dev\/it\/wp-json\/wp\/v2\/types\/product"}],"replies":[{"embeddable":true,"href":"https:\/\/varibox.best4u.dev\/it\/wp-json\/wp\/v2\/comments?post=63249"}],"wp:featuredmedia":[{"embeddable":true,"href":"https:\/\/varibox.best4u.dev\/it\/wp-json\/wp\/v2\/media\/63253"}],"wp:attachment":[{"href":"https:\/\/varibox.best4u.dev\/it\/wp-json\/wp\/v2\/media?parent=63249"}],"wp:term":[{"taxonomy":"product_brand","embeddable":true,"href":"https:\/\/varibox.best4u.dev\/it\/wp-json\/wp\/v2\/product_brand?post=63249"},{"taxonomy":"product_cat","embeddable":true,"href":"https:\/\/varibox.best4u.dev\/it\/wp-json\/wp\/v2\/product_cat?post=63249"},{"taxonomy":"product_tag","embeddable":true,"href":"https:\/\/varibox.best4u.dev\/it\/wp-json\/wp\/v2\/product_tag?post=63249"}],"curies":[{"name":"wp","href":"https:\/\/api.w.org\/{rel}","templated":true}]}}