{"id":63241,"date":"2022-08-10T10:52:53","date_gmt":"2022-08-10T08:52:53","guid":{"rendered":"https:\/\/varibox.best4u.dev\/?post_type=product&#038;p=63241"},"modified":"2025-10-23T14:47:29","modified_gmt":"2025-10-23T12:47:29","slug":"giunto-varibox-safeline-epdm","status":"publish","type":"product","link":"https:\/\/varibox.best4u.dev\/it\/prodotto\/giunto-varibox-safeline-epdm\/","title":{"rendered":"Giunto VARIBOX Safeline EPDM"},"content":{"rendered":"<p>Il VARIBOX Safeline Coupler EPDM \u00e8 realizzato in EPDM, Hastelloy e PVDF. Il VARIBOX Safeline Coupler EPDM pu\u00f2 essere collegato alla parte superiore del tubo di estrazione Safeline. Utilizzando il Safeline Coupler originale collegato al tuo sistema, il tubo di estrazione VARIBOX Safeline e il Safeline Coupler vengono aperti contemporaneamente. Il tuo prodotto pu\u00f2 ora fluire e l&#8217;aria pu\u00f2 entrare. Fumi e prodotti non possono fuoriuscire. Questa costruzione unica protegger\u00e0 le persone e l&#8217;ambiente durante l&#8217;uso.<\/p>\n","protected":false},"excerpt":{"rendered":"<p>Il giunto VARIBOX Safeline EPDM crea una connessione a tenuta stagna quando si collega al tubo di estrazione VARIBOX Safeline Performance.<\/p>\n","protected":false},"featured_media":63246,"comment_status":"closed","ping_status":"closed","template":"","meta":{"_acf_changed":false},"product_brand":[],"product_cat":[884,751,754,757,743,555,739,741],"product_tag":[],"class_list":{"0":"post-63241","1":"product","2":"type-product","3":"status-publish","4":"has-post-thumbnail","6":"product_cat-accoppiatori","7":"product_cat-couplers-varibox-fc-1000-it","8":"product_cat-couplers-varibox-cc-250-2-it","9":"product_cat-couplers-it","10":"product_cat-varibox-cc-250-it","11":"product_cat-varibox-drumtainer-it","12":"product_cat-varibox-fc-1000-it","13":"product_cat-varibox-fc-800-it","14":"product_shipping_class-deventer-en","15":"pa_packaging-unit-1-it","17":"first","18":"instock","19":"taxable","20":"shipping-taxable","21":"purchasable","22":"product-type-simple"},"featured_image_urls_v2":{"full":["https:\/\/varibox.best4u.dev\/wp-content\/uploads\/2022\/08\/coupslea.png",600,400,false],"thumbnail":["https:\/\/varibox.best4u.dev\/wp-content\/uploads\/2022\/08\/coupslea.png",256,171,false],"medium":["https:\/\/varibox.best4u.dev\/wp-content\/uploads\/2022\/08\/coupslea.png",512,341,false],"medium_large":["https:\/\/varibox.best4u.dev\/wp-content\/uploads\/2022\/08\/coupslea.png",600,400,false],"large":["https:\/\/varibox.best4u.dev\/wp-content\/uploads\/2022\/08\/coupslea.png",600,400,false],"1536x1536":["https:\/\/varibox.best4u.dev\/wp-content\/uploads\/2022\/08\/coupslea.png",600,400,false],"2048x2048":["https:\/\/varibox.best4u.dev\/wp-content\/uploads\/2022\/08\/coupslea.png",600,400,false],"woocommerce_archive_thumbnail":["https:\/\/varibox.best4u.dev\/wp-content\/uploads\/2022\/08\/coupslea-270x180.png",270,180,true],"gform-image-choice-sm":["https:\/\/varibox.best4u.dev\/wp-content\/uploads\/2022\/08\/coupslea.png",300,200,false],"gform-image-choice-md":["https:\/\/varibox.best4u.dev\/wp-content\/uploads\/2022\/08\/coupslea.png",400,267,false],"gform-image-choice-lg":["https:\/\/varibox.best4u.dev\/wp-content\/uploads\/2022\/08\/coupslea.png",600,400,false],"woocommerce_thumbnail":["https:\/\/varibox.best4u.dev\/wp-content\/uploads\/2022\/08\/coupslea.png",270,180,false],"woocommerce_single":["https:\/\/varibox.best4u.dev\/wp-content\/uploads\/2022\/08\/coupslea.png",600,400,false],"woocommerce_gallery_thumbnail":["https:\/\/varibox.best4u.dev\/wp-content\/uploads\/2022\/08\/coupslea-100x100.png",100,100,true],"variation_swatches_image_size":["https:\/\/varibox.best4u.dev\/wp-content\/uploads\/2022\/08\/coupslea.png",50,33,false],"variation_swatches_tooltip_size":["https:\/\/varibox.best4u.dev\/wp-content\/uploads\/2022\/08\/coupslea.png",100,67,false]},"post_excerpt_stackable_v2":"<p>Il giunto VARIBOX Safeline EPDM crea una connessione a tenuta stagna quando si collega al tubo di estrazione VARIBOX Safeline Performance.<\/p>\n","category_list_v2":"","author_info_v2":{"name":"","url":""},"comments_num_v2":"0 comments","acf":[],"_links":{"self":[{"href":"https:\/\/varibox.best4u.dev\/it\/wp-json\/wp\/v2\/product\/63241","targetHints":{"allow":["GET"]}}],"collection":[{"href":"https:\/\/varibox.best4u.dev\/it\/wp-json\/wp\/v2\/product"}],"about":[{"href":"https:\/\/varibox.best4u.dev\/it\/wp-json\/wp\/v2\/types\/product"}],"replies":[{"embeddable":true,"href":"https:\/\/varibox.best4u.dev\/it\/wp-json\/wp\/v2\/comments?post=63241"}],"wp:featuredmedia":[{"embeddable":true,"href":"https:\/\/varibox.best4u.dev\/it\/wp-json\/wp\/v2\/media\/63246"}],"wp:attachment":[{"href":"https:\/\/varibox.best4u.dev\/it\/wp-json\/wp\/v2\/media?parent=63241"}],"wp:term":[{"taxonomy":"product_brand","embeddable":true,"href":"https:\/\/varibox.best4u.dev\/it\/wp-json\/wp\/v2\/product_brand?post=63241"},{"taxonomy":"product_cat","embeddable":true,"href":"https:\/\/varibox.best4u.dev\/it\/wp-json\/wp\/v2\/product_cat?post=63241"},{"taxonomy":"product_tag","embeddable":true,"href":"https:\/\/varibox.best4u.dev\/it\/wp-json\/wp\/v2\/product_tag?post=63241"}],"curies":[{"name":"wp","href":"https:\/\/api.w.org\/{rel}","templated":true}]}}