{"id":63240,"date":"2022-08-10T10:52:53","date_gmt":"2022-08-10T08:52:53","guid":{"rendered":"https:\/\/varibox.best4u.dev\/?post_type=product&#038;p=63240"},"modified":"2025-03-25T06:32:34","modified_gmt":"2025-03-25T05:32:34","slug":"giunto-cds-bianco-e-rotondo-viton","status":"publish","type":"product","link":"https:\/\/varibox.best4u.dev\/it\/prodotto\/giunto-cds-bianco-e-rotondo-viton\/","title":{"rendered":"Giunto CDS (bianco e rotondo) Viton"},"content":{"rendered":"<p>Il giunto CDS Viton \u00e8 realizzato in Hastelloy e PVDF. Il giunto CDS Viton pu\u00f2 essere collegato alla parte superiore del tubo di estrazione CDS. Utilizzando il giunto CDS originale collegato al tuo sistema, il tubo di estrazione CDS Viton e il giunto CDS vengono aperti contemporaneamente. Ora il tuo prodotto pu\u00f2 fluire e l&#8217;aria pu\u00f2 entrare. Fumi e prodotti non possono fuoriuscire. Questa costruzione unica protegger\u00e0 le persone e l&#8217;ambiente durante l&#8217;uso.<\/p>\n","protected":false},"excerpt":{"rendered":"<p>Il giunto CDS Viton crea un collegamento a tenuta stagna quando si collega al tubo di estrazione CDS Viton.<\/p>\n","protected":false},"featured_media":63245,"comment_status":"closed","ping_status":"closed","template":"","meta":{"_acf_changed":false},"product_brand":[],"product_cat":[751,739],"product_tag":[],"class_list":{"0":"post-63240","1":"product","2":"type-product","3":"status-publish","4":"has-post-thumbnail","6":"product_cat-couplers-varibox-fc-1000-it","7":"product_cat-varibox-fc-1000-it","8":"product_shipping_class-deventer-en","9":"pa_packaging-unit-1-it","11":"first","12":"instock","13":"taxable","14":"shipping-taxable","15":"purchasable","16":"product-type-simple"},"featured_image_urls_v2":{"full":["https:\/\/varibox.best4u.dev\/wp-content\/uploads\/2022\/08\/coupcdseb.png",600,400,false],"thumbnail":["https:\/\/varibox.best4u.dev\/wp-content\/uploads\/2022\/08\/coupcdseb-256x256.png",256,256,true],"medium":["https:\/\/varibox.best4u.dev\/wp-content\/uploads\/2022\/08\/coupcdseb-512x341.png",512,341,true],"medium_large":["https:\/\/varibox.best4u.dev\/wp-content\/uploads\/2022\/08\/coupcdseb.png",600,400,false],"large":["https:\/\/varibox.best4u.dev\/wp-content\/uploads\/2022\/08\/coupcdseb.png",600,400,false],"1536x1536":["https:\/\/varibox.best4u.dev\/wp-content\/uploads\/2022\/08\/coupcdseb.png",600,400,false],"2048x2048":["https:\/\/varibox.best4u.dev\/wp-content\/uploads\/2022\/08\/coupcdseb.png",600,400,false],"woocommerce_archive_thumbnail":["https:\/\/varibox.best4u.dev\/wp-content\/uploads\/2022\/08\/coupcdseb-270x180.png",270,180,true],"gform-image-choice-sm":["https:\/\/varibox.best4u.dev\/wp-content\/uploads\/2022\/08\/coupcdseb.png",300,200,false],"gform-image-choice-md":["https:\/\/varibox.best4u.dev\/wp-content\/uploads\/2022\/08\/coupcdseb.png",400,267,false],"gform-image-choice-lg":["https:\/\/varibox.best4u.dev\/wp-content\/uploads\/2022\/08\/coupcdseb.png",600,400,false],"woocommerce_thumbnail":["https:\/\/varibox.best4u.dev\/wp-content\/uploads\/2022\/08\/coupcdseb-270x180.png",270,180,true],"woocommerce_single":["https:\/\/varibox.best4u.dev\/wp-content\/uploads\/2022\/08\/coupcdseb.png",600,400,false],"woocommerce_gallery_thumbnail":["https:\/\/varibox.best4u.dev\/wp-content\/uploads\/2022\/08\/coupcdseb-100x100.png",100,100,true],"variation_swatches_image_size":["https:\/\/varibox.best4u.dev\/wp-content\/uploads\/2022\/08\/coupcdseb-50x50.png",50,50,true],"variation_swatches_tooltip_size":["https:\/\/varibox.best4u.dev\/wp-content\/uploads\/2022\/08\/coupcdseb-100x100.png",100,100,true]},"post_excerpt_stackable_v2":"<p>Il giunto CDS Viton crea un collegamento a tenuta stagna quando si collega al tubo di estrazione CDS Viton.<\/p>\n","category_list_v2":"","author_info_v2":{"name":"","url":""},"comments_num_v2":"0 comments","acf":[],"_links":{"self":[{"href":"https:\/\/varibox.best4u.dev\/it\/wp-json\/wp\/v2\/product\/63240","targetHints":{"allow":["GET"]}}],"collection":[{"href":"https:\/\/varibox.best4u.dev\/it\/wp-json\/wp\/v2\/product"}],"about":[{"href":"https:\/\/varibox.best4u.dev\/it\/wp-json\/wp\/v2\/types\/product"}],"replies":[{"embeddable":true,"href":"https:\/\/varibox.best4u.dev\/it\/wp-json\/wp\/v2\/comments?post=63240"}],"wp:featuredmedia":[{"embeddable":true,"href":"https:\/\/varibox.best4u.dev\/it\/wp-json\/wp\/v2\/media\/63245"}],"wp:attachment":[{"href":"https:\/\/varibox.best4u.dev\/it\/wp-json\/wp\/v2\/media?parent=63240"}],"wp:term":[{"taxonomy":"product_brand","embeddable":true,"href":"https:\/\/varibox.best4u.dev\/it\/wp-json\/wp\/v2\/product_brand?post=63240"},{"taxonomy":"product_cat","embeddable":true,"href":"https:\/\/varibox.best4u.dev\/it\/wp-json\/wp\/v2\/product_cat?post=63240"},{"taxonomy":"product_tag","embeddable":true,"href":"https:\/\/varibox.best4u.dev\/it\/wp-json\/wp\/v2\/product_tag?post=63240"}],"curies":[{"name":"wp","href":"https:\/\/api.w.org\/{rel}","templated":true}]}}