{"id":63220,"date":"2022-08-10T10:52:38","date_gmt":"2022-08-10T08:52:38","guid":{"rendered":"https:\/\/varibox.best4u.dev\/?post_type=product&#038;p=63220"},"modified":"2025-03-25T06:27:26","modified_gmt":"2025-03-25T05:27:26","slug":"tubo-estrattore-varibox-fc-800-ns4-viton","status":"publish","type":"product","link":"https:\/\/varibox.best4u.dev\/it\/prodotto\/tubo-estrattore-varibox-fc-800-ns4-viton\/","title":{"rendered":"Tubo estrattore VARIBOX FC 800 NS4 Viton"},"content":{"rendered":"<p>Il tubo di estrazione VARIBOX FC 800 NS4 \u00e8 realizzato in VITON, PE, PP, TPV e Hastelloy. L&#8217;unit\u00e0 di imballaggio \u00e8 1, perch\u00e9 sono realizzati a mano. Sono appositamente progettati per il dosaggio fine. Il tubo di estrazione NS4 \u00e8 un tubo nel VARIBOX IBC che raggiunge il punto pi\u00f9 basso del contenitore interno. Un giunto pu\u00f2 essere collegato alla parte superiore del tubo di estrazione NS4. Il tubo di estrazione NS4 \u00e8 un&#8217;opzione sul VARIBOX che consente di pompare il prodotto fuori dal VARIBOX senza aprire il VARIBOX. Ci\u00f2 rende possibile lavorare in sicurezza con sostanze chimiche, fumi e sostanze chimiche non possono fuoriuscire dal VARIBOX. Per alcuni sistemi di dosaggio, \u00e8 richiesta una connessione di ritorno, questa \u00e8 una caratteristica standard sulla parte superiore del tubo di estrazione NS4.<\/p>\n","protected":false},"excerpt":{"rendered":"<p>Il tubo di estrazione VARIBOX FC 800 NS4 Viton \u00e8 un tubo nel VARIBOX IBC che raggiunge il punto pi\u00f9 basso del contenitore interno<\/p>\n","protected":false},"featured_media":63221,"comment_status":"closed","ping_status":"closed","template":"","meta":{"_acf_changed":false},"product_brand":[],"product_cat":[875,741],"product_tag":[],"class_list":{"0":"post-63220","1":"product","2":"type-product","3":"status-publish","4":"has-post-thumbnail","6":"product_cat-tubi-estrattori","7":"product_cat-varibox-fc-800-it","8":"product_shipping_class-deventer-en","9":"pa_packaging-unit-1-it","11":"first","12":"instock","13":"taxable","14":"shipping-taxable","15":"purchasable","16":"product-type-simple"},"featured_image_urls_v2":{"full":["https:\/\/varibox.best4u.dev\/wp-content\/uploads\/2022\/08\/ns4va.png",600,400,false],"thumbnail":["https:\/\/varibox.best4u.dev\/wp-content\/uploads\/2022\/08\/ns4va-256x256.png",256,256,true],"medium":["https:\/\/varibox.best4u.dev\/wp-content\/uploads\/2022\/08\/ns4va-512x341.png",512,341,true],"medium_large":["https:\/\/varibox.best4u.dev\/wp-content\/uploads\/2022\/08\/ns4va.png",600,400,false],"large":["https:\/\/varibox.best4u.dev\/wp-content\/uploads\/2022\/08\/ns4va.png",600,400,false],"1536x1536":["https:\/\/varibox.best4u.dev\/wp-content\/uploads\/2022\/08\/ns4va.png",600,400,false],"2048x2048":["https:\/\/varibox.best4u.dev\/wp-content\/uploads\/2022\/08\/ns4va.png",600,400,false],"woocommerce_archive_thumbnail":["https:\/\/varibox.best4u.dev\/wp-content\/uploads\/2022\/08\/ns4va-270x180.png",270,180,true],"gform-image-choice-sm":["https:\/\/varibox.best4u.dev\/wp-content\/uploads\/2022\/08\/ns4va.png",300,200,false],"gform-image-choice-md":["https:\/\/varibox.best4u.dev\/wp-content\/uploads\/2022\/08\/ns4va.png",400,267,false],"gform-image-choice-lg":["https:\/\/varibox.best4u.dev\/wp-content\/uploads\/2022\/08\/ns4va.png",600,400,false],"woocommerce_thumbnail":["https:\/\/varibox.best4u.dev\/wp-content\/uploads\/2022\/08\/ns4va-270x180.png",270,180,true],"woocommerce_single":["https:\/\/varibox.best4u.dev\/wp-content\/uploads\/2022\/08\/ns4va.png",600,400,false],"woocommerce_gallery_thumbnail":["https:\/\/varibox.best4u.dev\/wp-content\/uploads\/2022\/08\/ns4va-100x100.png",100,100,true],"variation_swatches_image_size":["https:\/\/varibox.best4u.dev\/wp-content\/uploads\/2022\/08\/ns4va-50x50.png",50,50,true],"variation_swatches_tooltip_size":["https:\/\/varibox.best4u.dev\/wp-content\/uploads\/2022\/08\/ns4va-100x100.png",100,100,true]},"post_excerpt_stackable_v2":"<p>Il tubo di estrazione VARIBOX FC 800 NS4 Viton \u00e8 un tubo nel VARIBOX IBC che raggiunge il punto pi\u00f9 basso del contenitore interno<\/p>\n","category_list_v2":"","author_info_v2":{"name":"","url":""},"comments_num_v2":"0 comments","acf":[],"_links":{"self":[{"href":"https:\/\/varibox.best4u.dev\/it\/wp-json\/wp\/v2\/product\/63220","targetHints":{"allow":["GET"]}}],"collection":[{"href":"https:\/\/varibox.best4u.dev\/it\/wp-json\/wp\/v2\/product"}],"about":[{"href":"https:\/\/varibox.best4u.dev\/it\/wp-json\/wp\/v2\/types\/product"}],"replies":[{"embeddable":true,"href":"https:\/\/varibox.best4u.dev\/it\/wp-json\/wp\/v2\/comments?post=63220"}],"wp:featuredmedia":[{"embeddable":true,"href":"https:\/\/varibox.best4u.dev\/it\/wp-json\/wp\/v2\/media\/63221"}],"wp:attachment":[{"href":"https:\/\/varibox.best4u.dev\/it\/wp-json\/wp\/v2\/media?parent=63220"}],"wp:term":[{"taxonomy":"product_brand","embeddable":true,"href":"https:\/\/varibox.best4u.dev\/it\/wp-json\/wp\/v2\/product_brand?post=63220"},{"taxonomy":"product_cat","embeddable":true,"href":"https:\/\/varibox.best4u.dev\/it\/wp-json\/wp\/v2\/product_cat?post=63220"},{"taxonomy":"product_tag","embeddable":true,"href":"https:\/\/varibox.best4u.dev\/it\/wp-json\/wp\/v2\/product_tag?post=63220"}],"curies":[{"name":"wp","href":"https:\/\/api.w.org\/{rel}","templated":true}]}}