{"id":63213,"date":"2022-08-10T10:52:38","date_gmt":"2022-08-10T08:52:38","guid":{"rendered":"https:\/\/varibox.best4u.dev\/?post_type=product&#038;p=63213"},"modified":"2025-03-25T06:25:24","modified_gmt":"2025-03-25T05:25:24","slug":"asta-di-livello-varibox-fc-1000","status":"publish","type":"product","link":"https:\/\/varibox.best4u.dev\/it\/prodotto\/asta-di-livello-varibox-fc-1000\/","title":{"rendered":"Asta di livello VARIBOX FC 1000"},"content":{"rendered":"<p>L&#8217;astina di livello VARIBOX FC 1000 \u00e8 realizzata in PE (polietilene). Il colore \u00e8 nero e l&#8217;unit\u00e0 di imballaggio per questo pezzo di ricambio \u00e8 di 10 pezzi. L&#8217;astina di livello \u00e8 utilizzata per verificare la presenza di perdite nel contenitore interno. Questo \u00e8 un processo molto semplice che pu\u00f2 essere eseguito in 4 passaggi. Innanzitutto, assicurati che VARIBOX sia pulito e che tu indossi i tuoi dispositivi di protezione individuale. Quindi rimuovi il tappo dell&#8217;apertura di ispezione. Il secondo passaggio \u00e8 rimuovere l&#8217;astina di livello dal contenitore. Quindi controlla l&#8217;astina di livello per eventuali fuoriuscite, se \u00e8 asciutta rimetti l&#8217;astina di livello nel contenitore. Il quarto e ultimo passaggio \u00e8 rimettere il tappo sull&#8217;apertura di ispezione.<\/p>\n","protected":false},"excerpt":{"rendered":"<p>L&#8217;astina di livello VARIBOX FC 1000 viene utilizzata per verificare eventuali perdite nel contenitore interno.<\/p>\n","protected":false},"featured_media":63214,"comment_status":"closed","ping_status":"closed","template":"","meta":{"_acf_changed":false},"product_brand":[],"product_cat":[740,739],"product_tag":[887],"class_list":{"0":"post-63213","1":"product","2":"type-product","3":"status-publish","4":"has-post-thumbnail","6":"product_cat-accessories-it","7":"product_cat-varibox-fc-1000-it","8":"product_tag-ecolab-it","9":"product_shipping_class-deventer-en","10":"pa_packaging-unit-10-it","12":"first","13":"instock","14":"taxable","15":"shipping-taxable","16":"purchasable","17":"product-type-simple"},"featured_image_urls_v2":{"full":["https:\/\/varibox.best4u.dev\/wp-content\/uploads\/2022\/08\/dipa.png",600,400,false],"thumbnail":["https:\/\/varibox.best4u.dev\/wp-content\/uploads\/2022\/08\/dipa-256x256.png",256,256,true],"medium":["https:\/\/varibox.best4u.dev\/wp-content\/uploads\/2022\/08\/dipa-512x341.png",512,341,true],"medium_large":["https:\/\/varibox.best4u.dev\/wp-content\/uploads\/2022\/08\/dipa.png",600,400,false],"large":["https:\/\/varibox.best4u.dev\/wp-content\/uploads\/2022\/08\/dipa.png",600,400,false],"1536x1536":["https:\/\/varibox.best4u.dev\/wp-content\/uploads\/2022\/08\/dipa.png",600,400,false],"2048x2048":["https:\/\/varibox.best4u.dev\/wp-content\/uploads\/2022\/08\/dipa.png",600,400,false],"woocommerce_archive_thumbnail":["https:\/\/varibox.best4u.dev\/wp-content\/uploads\/2022\/08\/dipa-270x180.png",270,180,true],"gform-image-choice-sm":["https:\/\/varibox.best4u.dev\/wp-content\/uploads\/2022\/08\/dipa.png",300,200,false],"gform-image-choice-md":["https:\/\/varibox.best4u.dev\/wp-content\/uploads\/2022\/08\/dipa.png",400,267,false],"gform-image-choice-lg":["https:\/\/varibox.best4u.dev\/wp-content\/uploads\/2022\/08\/dipa.png",600,400,false],"woocommerce_thumbnail":["https:\/\/varibox.best4u.dev\/wp-content\/uploads\/2022\/08\/dipa-270x180.png",270,180,true],"woocommerce_single":["https:\/\/varibox.best4u.dev\/wp-content\/uploads\/2022\/08\/dipa.png",600,400,false],"woocommerce_gallery_thumbnail":["https:\/\/varibox.best4u.dev\/wp-content\/uploads\/2022\/08\/dipa-100x100.png",100,100,true],"variation_swatches_image_size":["https:\/\/varibox.best4u.dev\/wp-content\/uploads\/2022\/08\/dipa-50x50.png",50,50,true],"variation_swatches_tooltip_size":["https:\/\/varibox.best4u.dev\/wp-content\/uploads\/2022\/08\/dipa-100x100.png",100,100,true]},"post_excerpt_stackable_v2":"<p>L&#8217;astina di livello VARIBOX FC 1000 viene utilizzata per verificare eventuali perdite nel contenitore interno.<\/p>\n","category_list_v2":"","author_info_v2":{"name":"","url":""},"comments_num_v2":"0 comments","acf":[],"_links":{"self":[{"href":"https:\/\/varibox.best4u.dev\/it\/wp-json\/wp\/v2\/product\/63213","targetHints":{"allow":["GET"]}}],"collection":[{"href":"https:\/\/varibox.best4u.dev\/it\/wp-json\/wp\/v2\/product"}],"about":[{"href":"https:\/\/varibox.best4u.dev\/it\/wp-json\/wp\/v2\/types\/product"}],"replies":[{"embeddable":true,"href":"https:\/\/varibox.best4u.dev\/it\/wp-json\/wp\/v2\/comments?post=63213"}],"wp:featuredmedia":[{"embeddable":true,"href":"https:\/\/varibox.best4u.dev\/it\/wp-json\/wp\/v2\/media\/63214"}],"wp:attachment":[{"href":"https:\/\/varibox.best4u.dev\/it\/wp-json\/wp\/v2\/media?parent=63213"}],"wp:term":[{"taxonomy":"product_brand","embeddable":true,"href":"https:\/\/varibox.best4u.dev\/it\/wp-json\/wp\/v2\/product_brand?post=63213"},{"taxonomy":"product_cat","embeddable":true,"href":"https:\/\/varibox.best4u.dev\/it\/wp-json\/wp\/v2\/product_cat?post=63213"},{"taxonomy":"product_tag","embeddable":true,"href":"https:\/\/varibox.best4u.dev\/it\/wp-json\/wp\/v2\/product_tag?post=63213"}],"curies":[{"name":"wp","href":"https:\/\/api.w.org\/{rel}","templated":true}]}}