{"id":63209,"date":"2022-08-10T10:52:38","date_gmt":"2022-08-10T08:52:38","guid":{"rendered":"https:\/\/varibox.best4u.dev\/?post_type=product&#038;p=63209"},"modified":"2025-03-25T06:22:32","modified_gmt":"2025-03-25T05:22:32","slug":"sfiato-sovrapressione-varibox","status":"publish","type":"product","link":"https:\/\/varibox.best4u.dev\/it\/prodotto\/sfiato-sovrapressione-varibox\/","title":{"rendered":"Sfiato sovrapressione VARIBOX"},"content":{"rendered":"<p>Lo sfiato di sovrapressione VARIBOX \u00e8 realizzato in PTFE, PP e PE, il colore \u00e8 bianco. VARIBOX ha un aeratore e uno sfiato di sicurezza di serie. Lo sfiato di sicurezza \u00e8 una membrana nel coperchio di VARIBOX. Questa membrana consente il passaggio del gas, ma non del liquido. Con questo lo sfiato di sicurezza equalizza la sovrapressione nei contenitori VARIBOX. Se si verifica una sovrapressione in VARIBOX, il vapore fuoriesce gradualmente attraverso lo sfiato di sicurezza fino a quando non c&#8217;\u00e8 pi\u00f9 sovrapressione. Se si verifica una sottopressione, ad esempio a causa del raffreddamento del vapore in un VARIBOX, l&#8217;aria pu\u00f2 fluire gradualmente attraverso lo sfiato di sicurezza.<\/p>\n","protected":false},"excerpt":{"rendered":"<p>Lo sfiato di sovrapressione VARIBOX \u00e8 una membrana nel tappo a vite dei contenitori IBC VARIBOX.<\/p>\n","protected":false},"featured_media":63210,"comment_status":"closed","ping_status":"closed","template":"","meta":{"_acf_changed":false},"product_brand":[],"product_cat":[744,740,742,743,739,741],"product_tag":[887],"class_list":{"0":"post-63209","1":"product","2":"type-product","3":"status-publish","4":"has-post-thumbnail","6":"product_cat-accessories-varibox-cc-250-it","7":"product_cat-accessories-it","8":"product_cat-accessories-varibox-fc-800-it","9":"product_cat-varibox-cc-250-it","10":"product_cat-varibox-fc-1000-it","11":"product_cat-varibox-fc-800-it","12":"product_tag-ecolab-it","13":"product_shipping_class-deventer-en","14":"pa_packaging-unit-100-it","16":"first","17":"instock","18":"taxable","19":"shipping-taxable","20":"purchasable","21":"product-type-simple"},"featured_image_urls_v2":{"full":["https:\/\/varibox.best4u.dev\/wp-content\/uploads\/2022\/08\/D38a.png",600,400,false],"thumbnail":["https:\/\/varibox.best4u.dev\/wp-content\/uploads\/2022\/08\/D38a.png",256,171,false],"medium":["https:\/\/varibox.best4u.dev\/wp-content\/uploads\/2022\/08\/D38a.png",512,341,false],"medium_large":["https:\/\/varibox.best4u.dev\/wp-content\/uploads\/2022\/08\/D38a.png",600,400,false],"large":["https:\/\/varibox.best4u.dev\/wp-content\/uploads\/2022\/08\/D38a.png",600,400,false],"1536x1536":["https:\/\/varibox.best4u.dev\/wp-content\/uploads\/2022\/08\/D38a.png",600,400,false],"2048x2048":["https:\/\/varibox.best4u.dev\/wp-content\/uploads\/2022\/08\/D38a.png",600,400,false],"woocommerce_archive_thumbnail":["https:\/\/varibox.best4u.dev\/wp-content\/uploads\/2022\/08\/D38a-270x180.png",270,180,true],"gform-image-choice-sm":["https:\/\/varibox.best4u.dev\/wp-content\/uploads\/2022\/08\/D38a.png",300,200,false],"gform-image-choice-md":["https:\/\/varibox.best4u.dev\/wp-content\/uploads\/2022\/08\/D38a.png",400,267,false],"gform-image-choice-lg":["https:\/\/varibox.best4u.dev\/wp-content\/uploads\/2022\/08\/D38a.png",600,400,false],"woocommerce_thumbnail":["https:\/\/varibox.best4u.dev\/wp-content\/uploads\/2022\/08\/D38a.png",270,180,false],"woocommerce_single":["https:\/\/varibox.best4u.dev\/wp-content\/uploads\/2022\/08\/D38a.png",600,400,false],"woocommerce_gallery_thumbnail":["https:\/\/varibox.best4u.dev\/wp-content\/uploads\/2022\/08\/D38a-100x100.png",100,100,true],"variation_swatches_image_size":["https:\/\/varibox.best4u.dev\/wp-content\/uploads\/2022\/08\/D38a.png",50,33,false],"variation_swatches_tooltip_size":["https:\/\/varibox.best4u.dev\/wp-content\/uploads\/2022\/08\/D38a.png",100,67,false]},"post_excerpt_stackable_v2":"<p>Lo sfiato di sovrapressione VARIBOX \u00e8 una membrana nel tappo a vite dei contenitori IBC VARIBOX.<\/p>\n","category_list_v2":"","author_info_v2":{"name":"","url":""},"comments_num_v2":"0 comments","acf":[],"_links":{"self":[{"href":"https:\/\/varibox.best4u.dev\/it\/wp-json\/wp\/v2\/product\/63209","targetHints":{"allow":["GET"]}}],"collection":[{"href":"https:\/\/varibox.best4u.dev\/it\/wp-json\/wp\/v2\/product"}],"about":[{"href":"https:\/\/varibox.best4u.dev\/it\/wp-json\/wp\/v2\/types\/product"}],"replies":[{"embeddable":true,"href":"https:\/\/varibox.best4u.dev\/it\/wp-json\/wp\/v2\/comments?post=63209"}],"wp:featuredmedia":[{"embeddable":true,"href":"https:\/\/varibox.best4u.dev\/it\/wp-json\/wp\/v2\/media\/63210"}],"wp:attachment":[{"href":"https:\/\/varibox.best4u.dev\/it\/wp-json\/wp\/v2\/media?parent=63209"}],"wp:term":[{"taxonomy":"product_brand","embeddable":true,"href":"https:\/\/varibox.best4u.dev\/it\/wp-json\/wp\/v2\/product_brand?post=63209"},{"taxonomy":"product_cat","embeddable":true,"href":"https:\/\/varibox.best4u.dev\/it\/wp-json\/wp\/v2\/product_cat?post=63209"},{"taxonomy":"product_tag","embeddable":true,"href":"https:\/\/varibox.best4u.dev\/it\/wp-json\/wp\/v2\/product_tag?post=63209"}],"curies":[{"name":"wp","href":"https:\/\/api.w.org\/{rel}","templated":true}]}}