{"id":63042,"date":"2024-11-19T15:34:47","date_gmt":"2024-11-19T14:34:47","guid":{"rendered":"https:\/\/varibox.best4u.dev\/product\/drumtainer\/"},"modified":"2025-07-21T16:11:46","modified_gmt":"2025-07-21T14:11:46","slug":"drumtainer","status":"publish","type":"product","link":"https:\/\/varibox.best4u.dev\/it\/prodotto\/drumtainer\/","title":{"rendered":"Drumtainer"},"content":{"rendered":"<p>Il VARIBOX Drumtainer \u00e8 il vassoio di raccolta mobile per fusti da 200 litri. Il Drumtainer \u00e8 stato appositamente sviluppato per il trasporto sicuro ed ergonomico dei fusti. Il sistema di contenimento delle fuoriuscite integrato nel Drumtainer elimina la necessit\u00e0 di un vassoio di raccolta separato: \u00e8 possibile posizionare il Drumtainer ovunque. Non \u00e8 pi\u00f9 necessario sollevare il pesante fusto per posizionarlo sul vassoio di raccolta obbligatorio.<\/p>\n<p>Appositamente progettato per un trasporto facile ed efficiente<br \/>\nIl Drumtainer \u00e8 un imballaggio esterno ai sensi dell&#8217;ADR e ha l&#8217;approvazione DIBt. Il Drumtainer soddisfa le normative nazionali e internazionali in materia di stoccaggio e trasporto, come l&#8217;ADR. Ma non \u00e8 tutto. In loco, il Drumtainer pu\u00f2 essere spostato con carrelli elevatori, transpallet e a mano. Le grandi ruote e le robuste maniglie rendono facile spostare il Drumtainer nel posto giusto. Collegare, pronto, via.<\/p>\n<p>Per l&#8217;ambiente<br \/>\nIl fusto nel Drumtainer \u00e8 leggermente inclinato, consentendo uno svuotamento quasi completo. Ci\u00f2 riduce il volume residuo nel fusto, diminuisce gli sprechi e facilita la pulizia. E tutto questo con un ingombro pari a mezzo pallet. Che si tratti di detergenti o prodotti chimici, con il Drumtainer potete imballare i vostri prodotti in modo estremamente efficiente.<\/p>\n","protected":false},"excerpt":{"rendered":"<p>Il VARIBOX Drumtainer \u00e8 il vassoio di raccolta mobile per fusti da 200 litri. Il Drumtainer \u00e8 stato appositamente sviluppato per il trasporto sicuro ed ergonomico dei fusti.<\/p>\n<p><strong>Pu\u00f2 essere ordinato solo in multipli di 2<\/strong><\/p>\n","protected":false},"featured_media":69306,"comment_status":"closed","ping_status":"closed","template":"","meta":{"_acf_changed":false},"product_brand":[],"product_cat":[551,555],"product_tag":[],"class_list":{"0":"post-63042","1":"product","2":"type-product","3":"status-publish","4":"has-post-thumbnail","6":"product_cat-drumtainer-it","7":"product_cat-varibox-drumtainer-it","8":"product_shipping_class-deventer-en","10":"first","11":"instock","12":"taxable","13":"shipping-taxable","14":"purchasable","15":"product-type-variable"},"featured_image_urls_v2":{"full":["https:\/\/varibox.best4u.dev\/wp-content\/uploads\/2024\/11\/ADR-Drum-Container.jpg",1024,674,false],"thumbnail":["https:\/\/varibox.best4u.dev\/wp-content\/uploads\/2024\/11\/ADR-Drum-Container-256x256.jpg",256,256,true],"medium":["https:\/\/varibox.best4u.dev\/wp-content\/uploads\/2024\/11\/ADR-Drum-Container-512x337.jpg",512,337,true],"medium_large":["https:\/\/varibox.best4u.dev\/wp-content\/uploads\/2024\/11\/ADR-Drum-Container-768x506.jpg",768,506,true],"large":["https:\/\/varibox.best4u.dev\/wp-content\/uploads\/2024\/11\/ADR-Drum-Container.jpg",1024,674,false],"1536x1536":["https:\/\/varibox.best4u.dev\/wp-content\/uploads\/2024\/11\/ADR-Drum-Container.jpg",1024,674,false],"2048x2048":["https:\/\/varibox.best4u.dev\/wp-content\/uploads\/2024\/11\/ADR-Drum-Container.jpg",1024,674,false],"woocommerce_archive_thumbnail":["https:\/\/varibox.best4u.dev\/wp-content\/uploads\/2024\/11\/ADR-Drum-Container-270x178.jpg",270,178,true],"gform-image-choice-sm":["https:\/\/varibox.best4u.dev\/wp-content\/uploads\/2024\/11\/ADR-Drum-Container.jpg",300,197,false],"gform-image-choice-md":["https:\/\/varibox.best4u.dev\/wp-content\/uploads\/2024\/11\/ADR-Drum-Container.jpg",400,263,false],"gform-image-choice-lg":["https:\/\/varibox.best4u.dev\/wp-content\/uploads\/2024\/11\/ADR-Drum-Container.jpg",600,395,false],"woocommerce_thumbnail":["https:\/\/varibox.best4u.dev\/wp-content\/uploads\/2024\/11\/ADR-Drum-Container-270x178.jpg",270,178,true],"woocommerce_single":["https:\/\/varibox.best4u.dev\/wp-content\/uploads\/2024\/11\/ADR-Drum-Container.jpg",1024,674,false],"woocommerce_gallery_thumbnail":["https:\/\/varibox.best4u.dev\/wp-content\/uploads\/2024\/11\/ADR-Drum-Container-100x100.jpg",100,100,true],"variation_swatches_image_size":["https:\/\/varibox.best4u.dev\/wp-content\/uploads\/2024\/11\/ADR-Drum-Container-50x50.jpg",50,50,true],"variation_swatches_tooltip_size":["https:\/\/varibox.best4u.dev\/wp-content\/uploads\/2024\/11\/ADR-Drum-Container-100x100.jpg",100,100,true]},"post_excerpt_stackable_v2":"<p>Il VARIBOX Drumtainer \u00e8 il vassoio di raccolta mobile per fusti da 200 litri. Il Drumtainer \u00e8 stato appositamente sviluppato per il trasporto sicuro ed ergonomico dei fusti.<\/p>\n<p><strong>Pu\u00f2 essere ordinato solo in multipli di 2<\/strong><\/p>\n","category_list_v2":"","author_info_v2":{"name":"","url":""},"comments_num_v2":"0 comments","acf":[],"_links":{"self":[{"href":"https:\/\/varibox.best4u.dev\/it\/wp-json\/wp\/v2\/product\/63042","targetHints":{"allow":["GET"]}}],"collection":[{"href":"https:\/\/varibox.best4u.dev\/it\/wp-json\/wp\/v2\/product"}],"about":[{"href":"https:\/\/varibox.best4u.dev\/it\/wp-json\/wp\/v2\/types\/product"}],"replies":[{"embeddable":true,"href":"https:\/\/varibox.best4u.dev\/it\/wp-json\/wp\/v2\/comments?post=63042"}],"wp:featuredmedia":[{"embeddable":true,"href":"https:\/\/varibox.best4u.dev\/it\/wp-json\/wp\/v2\/media\/69306"}],"wp:attachment":[{"href":"https:\/\/varibox.best4u.dev\/it\/wp-json\/wp\/v2\/media?parent=63042"}],"wp:term":[{"taxonomy":"product_brand","embeddable":true,"href":"https:\/\/varibox.best4u.dev\/it\/wp-json\/wp\/v2\/product_brand?post=63042"},{"taxonomy":"product_cat","embeddable":true,"href":"https:\/\/varibox.best4u.dev\/it\/wp-json\/wp\/v2\/product_cat?post=63042"},{"taxonomy":"product_tag","embeddable":true,"href":"https:\/\/varibox.best4u.dev\/it\/wp-json\/wp\/v2\/product_tag?post=63042"}],"curies":[{"name":"wp","href":"https:\/\/api.w.org\/{rel}","templated":true}]}}