{"id":63146,"date":"2025-02-04T14:08:20","date_gmt":"2025-02-04T13:08:20","guid":{"rendered":"https:\/\/varibox.best4u.dev\/?page_id=63146"},"modified":"2025-02-04T14:49:48","modified_gmt":"2025-02-04T13:49:48","slug":"il-servizio-di-manutenzione-varibox-sc","status":"publish","type":"page","link":"https:\/\/varibox.best4u.dev\/it\/il-servizio-di-manutenzione-varibox-sc\/","title":{"rendered":"Il Servizio di Manutenzione VARIBOX SC"},"content":{"rendered":"\n<h1 class=\"wp-block-heading\">Il Servizio di Manutenzione VARIBOX SC<\/h1>\n\n\n\n<p>In VARIBOX, crediamo in un futuro in cui prodotti chimici e detergenti siano confezionati in modo sicuro senza generare rifiuti. Il nostro Servizio di Manutenzione VARIBOX SC a Montoir riflette questo impegno, offrendo una soluzione che prolunga la durata dei vostri contenitori, mettendo al primo posto sicurezza, riutilizzabilit\u00e0 e sostenibilit\u00e0. Disponibile presso il nostro stabilimento VARIBOX a Montoir-de-Bretagne, in Francia, questo servizio garantisce che i vostri IBC VARIBOX Single Containment siano conformi, affidabili e pronti per l&#8217;uso.<\/p>\n\n\n\n<p><strong>Perch\u00e9 scegliere il Servizio di Manutenzione VARIBOX SC<\/strong><\/p>\n\n\n\n<p>Scegliendo il Servizio di Manutenzione VARIBOX SC, potrete beneficiare di una soluzione progettata per i settori pi\u00f9 esigenti. La nostra attenzione alla sicurezza e alla durata garantisce che i vostri contenitori rimangano in condizioni ottimali, rispettando le normative ADR. Con una durata fino a 10 anni, gli IBC VARIBOX SC sono progettati per un uso intensivo, assicurando prestazioni robuste e affidabili.<\/p>\n\n\n\n<p><strong>Vantaggi della manutenzione VARIBOX:<\/strong><\/p>\n\n\n\n<ul class=\"wp-block-list\">\n<li><strong>Facilit\u00e0 d\u2019uso:<\/strong> Un processo semplice e trasparente che vi consente di concentrarvi sul vostro core business.<\/li>\n\n\n\n<li><strong>Manutenzione di alta qualit\u00e0:<\/strong> Parti originali per garantire le migliori prestazioni dei vostri contenitori.<\/li>\n\n\n\n<li><strong>Conformit\u00e0 normativa:<\/strong> La manutenzione certificata ADR offre tranquillit\u00e0.<\/li>\n\n\n\n<li><strong>Reputazione del marchio migliorata:<\/strong> Dimostra il vostro impegno per la sostenibilit\u00e0 e la sicurezza.<\/li>\n<\/ul>\n\n\n\n<p><strong>Come funziona il Servizio di Manutenzione<\/strong><\/p>\n\n\n\n<p>Il nostro processo di manutenzione \u00e8 semplice e incarna i valori di VARIBOX: sicurezza, affidabilit\u00e0 e sostenibilit\u00e0. I clienti inviano i loro contenitori VARIBOX SC al nostro stabilimento a Montoir-de-Bretagne, dove ci occupiamo di tutto il resto. Il servizio include la sostituzione del contenitore interno, riparazioni dei componenti, ispezioni, certificazioni e gestione dei rifiuti. I materiali vecchi vengono riciclati in plastica per la produzione di nuovi contenitori, riducendo i rifiuti e promuovendo la sostenibilit\u00e0. Al termine, i contenitori possono essere ritirati con un certificato che ne estende l\u2019utilizzo per altri cinque anni, garantendo conformit\u00e0 ed efficienza.<\/p>\n\n\n\n<p><strong>Vantaggi per la vostra azienda<\/strong><\/p>\n\n\n\n<p>Il Servizio di Manutenzione VARIBOX SC non \u00e8 solo un intervento di manutenzione, ma una soluzione completa che supporta i vostri obiettivi operativi e ambientali.<\/p>\n\n\n\n<ul class=\"wp-block-list\">\n<li><strong>Durata estesa del contenitore:<\/strong> La manutenzione garantisce prestazioni durature, riducendo i costi di sostituzione.<\/li>\n\n\n\n<li><strong>Responsabilit\u00e0 ambientale:<\/strong> Promuove il riutilizzo e il riciclo, in linea con i principi dell\u2019economia circolare.<\/li>\n\n\n\n<li><strong>Risparmio sui costi:<\/strong> Riduce la necessit\u00e0 di nuovi contenitori e ottimizza l&#8217;uso delle risorse.<\/li>\n\n\n\n<li><strong>Sicurezza e conformit\u00e0:<\/strong> Mantiene la certificazione ADR e migliora la sicurezza operativa.<\/li>\n\n\n\n<li><strong>Affidabilit\u00e0 operativa:<\/strong> Garantisce che i vostri contenitori VARIBOX SC siano pronti per un uso intensivo.<\/li>\n<\/ul>\n\n\n\n<p>In VARIBOX, crediamo nel rendere il confezionamento di prodotti chimici e detergenti pi\u00f9 sicuro, riutilizzabile e riciclabile. Scegliendo il nostro Servizio di Manutenzione per il vostro VARIBOX Single Containment, ci aiutate a creare un futuro di operazioni sicure e sostenibili.<\/p>\n\n\n<script>\nvar gform;gform||(document.addEventListener(\"gform_main_scripts_loaded\",function(){gform.scriptsLoaded=!0}),document.addEventListener(\"gform\/theme\/scripts_loaded\",function(){gform.themeScriptsLoaded=!0}),window.addEventListener(\"DOMContentLoaded\",function(){gform.domLoaded=!0}),gform={domLoaded:!1,scriptsLoaded:!1,themeScriptsLoaded:!1,isFormEditor:()=>\"function\"==typeof InitializeEditor,callIfLoaded:function(o){return!(!gform.domLoaded||!gform.scriptsLoaded||!gform.themeScriptsLoaded&&!gform.isFormEditor()||(gform.isFormEditor()&&console.warn(\"The use of gform.initializeOnLoaded() is deprecated in the form editor context and will be removed in Gravity Forms 3.1.\"),o(),0))},initializeOnLoaded:function(o){gform.callIfLoaded(o)||(document.addEventListener(\"gform_main_scripts_loaded\",()=>{gform.scriptsLoaded=!0,gform.callIfLoaded(o)}),document.addEventListener(\"gform\/theme\/scripts_loaded\",()=>{gform.themeScriptsLoaded=!0,gform.callIfLoaded(o)}),window.addEventListener(\"DOMContentLoaded\",()=>{gform.domLoaded=!0,gform.callIfLoaded(o)}))},hooks:{action:{},filter:{}},addAction:function(o,r,e,t){gform.addHook(\"action\",o,r,e,t)},addFilter:function(o,r,e,t){gform.addHook(\"filter\",o,r,e,t)},doAction:function(o){gform.doHook(\"action\",o,arguments)},applyFilters:function(o){return gform.doHook(\"filter\",o,arguments)},removeAction:function(o,r){gform.removeHook(\"action\",o,r)},removeFilter:function(o,r,e){gform.removeHook(\"filter\",o,r,e)},addHook:function(o,r,e,t,n){null==gform.hooks[o][r]&&(gform.hooks[o][r]=[]);var d=gform.hooks[o][r];null==n&&(n=r+\"_\"+d.length),gform.hooks[o][r].push({tag:n,callable:e,priority:t=null==t?10:t})},doHook:function(r,o,e){var t;if(e=Array.prototype.slice.call(e,1),null!=gform.hooks[r][o]&&((o=gform.hooks[r][o]).sort(function(o,r){return o.priority-r.priority}),o.forEach(function(o){\"function\"!=typeof(t=o.callable)&&(t=window[t]),\"action\"==r?t.apply(null,e):e[0]=t.apply(null,e)})),\"filter\"==r)return e[0]},removeHook:function(o,r,t,n){var e;null!=gform.hooks[o][r]&&(e=(e=gform.hooks[o][r]).filter(function(o,r,e){return!!(null!=n&&n!=o.tag||null!=t&&t!=o.priority)}),gform.hooks[o][r]=e)}});\n<\/script>\n\n                <div class='gf_browser_gecko gform_wrapper gravity-theme gform-theme--no-framework' data-form-theme='gravity-theme' data-form-index='0' id='gform_wrapper_10' ><form method='post' enctype='multipart\/form-data'  id='gform_10'  action='\/it\/wp-json\/wp\/v2\/pages\/63146' data-formid='10' novalidate>\n                        <div class='gform-body gform_body'><div id='gform_fields_10' class='gform_fields top_label form_sublabel_below description_below validation_below'><div id=\"field_10_1\" class=\"gfield gfield--type-text gfield--input-type-text gfield_contains_required field_sublabel_below gfield--no-description field_description_below field_validation_below gfield_visibility_visible\"  ><label class='gfield_label gform-field-label' for='input_10_1'>Nome<span class=\"gfield_required\"><span class=\"gfield_required gfield_required_text\">(Obbligatorio)<\/span><\/span><\/label><div class='ginput_container ginput_container_text'><input name='input_1' id='input_10_1' type='text' value='' class='large'     aria-required=\"true\" aria-invalid=\"false\"   \/><\/div><\/div><div id=\"field_10_3\" class=\"gfield gfield--type-text gfield--input-type-text gfield--width-full field_sublabel_below gfield--no-description field_description_below field_validation_below gfield_visibility_visible\"  ><label class='gfield_label gform-field-label' for='input_10_3'>Azienda<\/label><div class='ginput_container ginput_container_text'><input name='input_3' id='input_10_3' type='text' value='' class='large'      aria-invalid=\"false\"   \/><\/div><\/div><div id=\"field_10_4\" class=\"gfield gfield--type-email gfield--input-type-email gfield--width-full gfield_contains_required field_sublabel_below gfield--no-description field_description_below field_validation_below gfield_visibility_visible\"  ><label class='gfield_label gform-field-label' for='input_10_4'>E-mail<span class=\"gfield_required\"><span class=\"gfield_required gfield_required_text\">(Obbligatorio)<\/span><\/span><\/label><div class='ginput_container ginput_container_email'>\n                            <input name='input_4' id='input_10_4' type='email' value='' class='large'    aria-required=\"true\" aria-invalid=\"false\"  \/>\n                        <\/div><\/div><div id=\"field_10_5\" class=\"gfield gfield--type-phone gfield--input-type-phone gfield--width-full field_sublabel_below gfield--no-description field_description_below field_validation_below gfield_visibility_visible\"  ><label class='gfield_label gform-field-label' for='input_10_5'>Telefono<\/label><div class='ginput_container ginput_container_phone'><input name='input_5' id='input_10_5' type='tel' value='' class='large'    aria-invalid=\"false\"   \/><\/div><\/div><div id=\"field_10_6\" class=\"gfield gfield--type-select gfield--input-type-select gfield--width-full gfield_contains_required field_sublabel_below gfield--no-description field_description_below field_validation_below gfield_visibility_visible\"  ><label class='gfield_label gform-field-label' for='input_10_6'>Prodotto<span class=\"gfield_required\"><span class=\"gfield_required gfield_required_text\">(Obbligatorio)<\/span><\/span><\/label><div class='ginput_container ginput_container_select'><select name='input_6' id='input_10_6' class='large gfield_select'    aria-required=\"true\" aria-invalid=\"false\" ><option value='VARIBOX SC 1000' >VARIBOX SC 1000<\/option><option value='VARIBOX SC 800' >VARIBOX SC 800<\/option><\/select><\/div><\/div><div id=\"field_10_7\" class=\"gfield gfield--type-number gfield--input-type-number gfield--width-full gfield_contains_required field_sublabel_below gfield--no-description field_description_below field_validation_below gfield_visibility_visible\"  ><label class='gfield_label gform-field-label' for='input_10_7'>Quantit\u00e0<span class=\"gfield_required\"><span class=\"gfield_required gfield_required_text\">(Obbligatorio)<\/span><\/span><\/label><div class='ginput_container ginput_container_number'><input name='input_7' id='input_10_7' type='number' step='any'   value='' class='large'     aria-required=\"true\" aria-invalid=\"false\"  \/><\/div><\/div><div id=\"field_10_8\" class=\"gfield gfield--type-textarea gfield--input-type-textarea gfield--width-full field_sublabel_below gfield--no-description field_description_below field_validation_below gfield_visibility_visible\"  ><label class='gfield_label gform-field-label' for='input_10_8'>Informazioni aggiuntive<\/label><div class='ginput_container ginput_container_textarea'><textarea name='input_8' id='input_10_8' class='textarea large'      aria-invalid=\"false\"   rows='10' cols='50'><\/textarea><\/div><\/div><fieldset id=\"field_10_9\" class=\"gfield gfield--type-consent gfield--type-choice gfield--input-type-consent gfield--width-full gfield_contains_required field_sublabel_below gfield--no-description field_description_below field_validation_below gfield_visibility_visible\"  ><legend class='gfield_label gform-field-label gfield_label_before_complex' >Condizioni<span class=\"gfield_required\"><span class=\"gfield_required gfield_required_text\">(Obbligatorio)<\/span><\/span><\/legend><div class='ginput_container ginput_container_consent'><input name='input_9.1' id='input_10_9_1' type='checkbox' value='1'   aria-required=\"true\" aria-invalid=\"false\"   \/> <label class=\"gform-field-label gform-field-label--type-inline gfield_consent_label\" for='input_10_9_1' >Accetto le <a href=\"https:\/\/varibox.best4u.dev\/conditions-and-restrictions\/\"> condizioni<\/a><\/label><input type='hidden' name='input_9.2' value='Accetto le &lt;a href=&quot;https:\/\/varibox.best4u.dev\/conditions-and-restrictions\/&quot;&gt; condizioni&lt;\/a&gt;' class='gform_hidden' \/><input type='hidden' name='input_9.3' value='6' class='gform_hidden' \/><\/div><\/fieldset><fieldset id=\"field_10_10\" class=\"gfield gfield--type-consent gfield--type-choice gfield--input-type-consent gfield--width-full gfield_contains_required field_sublabel_below gfield--no-description field_description_below field_validation_below gfield_visibility_visible\"  ><legend class='gfield_label gform-field-label gfield_label_before_complex' >Restrizioni<span class=\"gfield_required\"><span class=\"gfield_required gfield_required_text\">(Obbligatorio)<\/span><\/span><\/legend><div class='ginput_container ginput_container_consent'><input name='input_10.1' id='input_10_10_1' type='checkbox' value='1'   aria-required=\"true\" aria-invalid=\"false\"   \/> <label class=\"gform-field-label gform-field-label--type-inline gfield_consent_label\" for='input_10_10_1' >Rispetto le <a href=\"https:\/\/varibox.best4u.dev\/conditions-and-restrictions\/\"> restrizioni <\/a><\/label><input type='hidden' name='input_10.2' value='Rispetto le &lt;a href=&quot;https:\/\/varibox.best4u.dev\/conditions-and-restrictions\/&quot;&gt; restrizioni &lt;\/a&gt;' class='gform_hidden' \/><input type='hidden' name='input_10.3' value='6' class='gform_hidden' \/><\/div><\/fieldset><\/div><\/div>\n        <div class='gform-footer gform_footer top_label'> <input type='submit' id='gform_submit_button_10' class='gform_button button' onclick='gform.submission.handleButtonClick(this);' data-submission-type='submit' value='Submit'  \/> \n            <input type='hidden' class='gform_hidden' name='gform_submission_method' data-js='gform_submission_method_10' value='postback' \/>\n            <input type='hidden' class='gform_hidden' name='gform_theme' data-js='gform_theme_10' id='gform_theme_10' value='gravity-theme' \/>\n            <input type='hidden' class='gform_hidden' name='gform_style_settings' data-js='gform_style_settings_10' id='gform_style_settings_10' value='{&quot;inputPrimaryColor&quot;:&quot;#204ce5&quot;}' \/>\n            <input type='hidden' class='gform_hidden' name='is_submit_10' value='1' \/>\n            <input type='hidden' class='gform_hidden' name='gform_submit' value='10' \/>\n            \n            <input type='hidden' class='gform_hidden' name='gform_currency' data-currency='EUR' value='18rYRJqXQO4vWJYfMtocnQSMYs12v6yruCxIJb3sSowjhkIAB1r5ds0DwT3fO3bZVKn\/+hPjz4wkWecklid2fMgVPrEIhGOlAzBFNLEbZam7sTU=' \/>\n            <input type='hidden' class='gform_hidden' name='gform_unique_id' value='' \/>\n            <input type='hidden' class='gform_hidden' name='state_10' value='WyJ7XCI2XCI6W1wiNmQwMTQ0YmJiYTBmMzk4MTk3MDM0ODI1Yzc2OWVmYmZcIixcImIwNzg1OTg2MjQ3MDMwZWIzOWVmYzViZjBhOTAwYzI3XCJdLFwiOS4xXCI6XCI4MGM5ZDQ4Mjg0ZjZiOTAwZGY3NzBmMDA5MTkzMDI1OVwiLFwiOS4yXCI6XCI5OTgyMzg2OGNkOWMwZTc2NzJmNzkyYjc4MzUxNmQ1Y1wiLFwiOS4zXCI6XCJkYTAyYTk4YmYwMzU0MWI1NTllNDc2ZTE3NzkxOTk0NFwiLFwiMTAuMVwiOlwiODBjOWQ0ODI4NGY2YjkwMGRmNzcwZjAwOTE5MzAyNTlcIixcIjEwLjJcIjpcIjcxZjdhYTJjYTkxOGQyOTFiZjE1ZjM0ZGRkMzVhOTYyXCIsXCIxMC4zXCI6XCJkYTAyYTk4YmYwMzU0MWI1NTllNDc2ZTE3NzkxOTk0NFwifSIsIjkzYTBiNGVkYWZiYjk2YTg4NWU4MTA0OTE1NWJhNDE3Il0=' \/>\n            <input type='hidden' autocomplete='off' class='gform_hidden' name='gform_target_page_number_10' id='gform_target_page_number_10' value='0' \/>\n            <input type='hidden' autocomplete='off' class='gform_hidden' name='gform_source_page_number_10' id='gform_source_page_number_10' value='1' \/>\n            <input type='hidden' name='gform_field_values' value='' \/>\n            \n        <\/div>\n                        <\/form>\n                        <\/div><script>\ngform.initializeOnLoaded( function() {gformInitSpinner( 10, 'https:\/\/varibox.best4u.dev\/wp-content\/plugins\/gravityforms\/images\/spinner.svg', true );jQuery('#gform_ajax_frame_10').on('load',function(){var contents = jQuery(this).contents().find('*').html();var is_postback = contents.indexOf('GF_AJAX_POSTBACK') >= 0;if(!is_postback){return;}var form_content = jQuery(this).contents().find('#gform_wrapper_10');var is_confirmation = jQuery(this).contents().find('#gform_confirmation_wrapper_10').length > 0;var is_redirect = contents.indexOf('gformRedirect(){') >= 0;var is_form = form_content.length > 0 && ! is_redirect && ! is_confirmation;var mt = parseInt(jQuery('html').css('margin-top'), 10) + parseInt(jQuery('body').css('margin-top'), 10) + 100;if(is_form){jQuery('#gform_wrapper_10').html(form_content.html());if(form_content.hasClass('gform_validation_error')){jQuery('#gform_wrapper_10').addClass('gform_validation_error');} else {jQuery('#gform_wrapper_10').removeClass('gform_validation_error');}setTimeout( function() { \/* delay the scroll by 50 milliseconds to fix a bug in chrome *\/  }, 50 );if(window['gformInitDatepicker']) {gformInitDatepicker();}if(window['gformInitPriceFields']) {gformInitPriceFields();}var current_page = jQuery('#gform_source_page_number_10').val();gformInitSpinner( 10, 'https:\/\/varibox.best4u.dev\/wp-content\/plugins\/gravityforms\/images\/spinner.svg', true );jQuery(document).trigger('gform_page_loaded', [10, current_page]);window['gf_submitting_10'] = false;}else if(!is_redirect){var confirmation_content = jQuery(this).contents().find('.GF_AJAX_POSTBACK').html();if(!confirmation_content){confirmation_content = contents;}jQuery('#gform_wrapper_10').replaceWith(confirmation_content);jQuery(document).trigger('gform_confirmation_loaded', [10]);window['gf_submitting_10'] = false;wp.a11y.speak(jQuery('#gform_confirmation_message_10').text());}else{jQuery('#gform_10').append(contents);if(window['gformRedirect']) {gformRedirect();}}jQuery(document).trigger(\"gform_pre_post_render\", [{ formId: \"10\", currentPage: \"current_page\", abort: function() { this.preventDefault(); } }]);        if (event && event.defaultPrevented) {                return;        }        const gformWrapperDiv = document.getElementById( \"gform_wrapper_10\" );        if ( gformWrapperDiv ) {            const visibilitySpan = document.createElement( \"span\" );            visibilitySpan.id = \"gform_visibility_test_10\";            gformWrapperDiv.insertAdjacentElement( \"afterend\", visibilitySpan );        }        const visibilityTestDiv = document.getElementById( \"gform_visibility_test_10\" );        let postRenderFired = false;        function triggerPostRender() {            if ( postRenderFired ) {                return;            }            postRenderFired = true;            gform.core.triggerPostRenderEvents( 10, current_page );            if ( visibilityTestDiv ) {                visibilityTestDiv.parentNode.removeChild( visibilityTestDiv );            }        }        function debounce( func, wait, immediate ) {            var timeout;            return function() {                var context = this, args = arguments;                var later = function() {                    timeout = null;                    if ( !immediate ) func.apply( context, args );                };                var callNow = immediate && !timeout;                clearTimeout( timeout );                timeout = setTimeout( later, wait );                if ( callNow ) func.apply( context, args );            };        }        const debouncedTriggerPostRender = debounce( function() {            triggerPostRender();        }, 200 );        if ( visibilityTestDiv && visibilityTestDiv.offsetParent === null ) {            const observer = new MutationObserver( ( mutations ) => {                mutations.forEach( ( mutation ) => {                    if ( mutation.type === 'attributes' && visibilityTestDiv.offsetParent !== null ) {                        debouncedTriggerPostRender();                        observer.disconnect();                    }                });            });            observer.observe( document.body, {                attributes: true,                childList: false,                subtree: true,                attributeFilter: [ 'style', 'class' ],            });        } else {            triggerPostRender();        }    } );} );\n<\/script>\n","protected":false},"excerpt":{"rendered":"<p>Il Servizio di Manutenzione VARIBOX SC In VARIBOX, crediamo in un futuro in cui prodotti chimici e detergenti siano confezionati in modo sicuro senza generare rifiuti. Il nostro Servizio di Manutenzione VARIBOX SC a Montoir riflette questo impegno, offrendo una soluzione che prolunga la durata dei vostri contenitori, mettendo al primo posto sicurezza, riutilizzabilit\u00e0 e [&hellip;]<\/p>\n","protected":false},"author":1,"featured_media":0,"parent":0,"menu_order":0,"comment_status":"closed","ping_status":"closed","template":"","meta":{"_acf_changed":false,"footnotes":""},"class_list":["post-63146","page","type-page","status-publish","hentry"],"blocksy_meta":[],"featured_image_urls_v2":{"full":"","thumbnail":"","medium":"","medium_large":"","large":"","1536x1536":"","2048x2048":"","woocommerce_archive_thumbnail":"","gform-image-choice-sm":"","gform-image-choice-md":"","gform-image-choice-lg":"","woocommerce_thumbnail":"","woocommerce_single":"","woocommerce_gallery_thumbnail":"","variation_swatches_image_size":"","variation_swatches_tooltip_size":""},"post_excerpt_stackable_v2":"<p>Il Servizio di Manutenzione VARIBOX SC In VARIBOX, crediamo in un futuro in cui prodotti chimici e detergenti siano confezionati in modo sicuro senza generare rifiuti. Il nostro Servizio di Manutenzione VARIBOX SC a Montoir riflette questo impegno, offrendo una soluzione che prolunga la durata dei vostri contenitori, mettendo al primo posto sicurezza, riutilizzabilit\u00e0 e sostenibilit\u00e0. Disponibile presso il nostro stabilimento VARIBOX a Montoir-de-Bretagne, in Francia, questo servizio garantisce che i vostri IBC VARIBOX Single Containment siano conformi, affidabili e pronti per l&#8217;uso. Perch\u00e9 scegliere il Servizio di Manutenzione VARIBOX SC Scegliendo il Servizio di Manutenzione VARIBOX SC, potrete beneficiare&hellip;<\/p>\n","category_list_v2":"","author_info_v2":{"name":"Best4u","url":"https:\/\/varibox.best4u.dev\/it\/author\/best4u\/"},"comments_num_v2":"0 comments","acf":[],"_links":{"self":[{"href":"https:\/\/varibox.best4u.dev\/it\/wp-json\/wp\/v2\/pages\/63146","targetHints":{"allow":["GET"]}}],"collection":[{"href":"https:\/\/varibox.best4u.dev\/it\/wp-json\/wp\/v2\/pages"}],"about":[{"href":"https:\/\/varibox.best4u.dev\/it\/wp-json\/wp\/v2\/types\/page"}],"author":[{"embeddable":true,"href":"https:\/\/varibox.best4u.dev\/it\/wp-json\/wp\/v2\/users\/1"}],"replies":[{"embeddable":true,"href":"https:\/\/varibox.best4u.dev\/it\/wp-json\/wp\/v2\/comments?post=63146"}],"version-history":[{"count":1,"href":"https:\/\/varibox.best4u.dev\/it\/wp-json\/wp\/v2\/pages\/63146\/revisions"}],"predecessor-version":[{"id":63147,"href":"https:\/\/varibox.best4u.dev\/it\/wp-json\/wp\/v2\/pages\/63146\/revisions\/63147"}],"wp:attachment":[{"href":"https:\/\/varibox.best4u.dev\/it\/wp-json\/wp\/v2\/media?parent=63146"}],"curies":[{"name":"wp","href":"https:\/\/api.w.org\/{rel}","templated":true}]}}