{"id":62696,"date":"2022-02-13T10:00:33","date_gmt":"2022-02-13T09:00:33","guid":{"rendered":"https:\/\/varibox.best4u.dev\/idrossido-di-sodio-negli-ibc-varibox\/"},"modified":"2024-11-08T11:42:29","modified_gmt":"2024-11-08T10:42:29","slug":"idrossido-di-sodio-negli-ibc-varibox","status":"publish","type":"page","link":"https:\/\/varibox.best4u.dev\/it\/idrossido-di-sodio-negli-ibc-varibox\/","title":{"rendered":"Idrossido di sodio negli IBC VARIBOX"},"content":{"rendered":"\n<h1 class=\"wp-block-heading\" id=\"sodium-hydroxide-in-the-varibox-ibcs\">Idrossido di sodio negli IBC VARIBOX<\/h1>\n\n\n\n<p>Idrossido di sodio nelle IBC VARIBOX. Utilizzate gli IBC (Intermediate Bulk Containers) di VARIBOX per lo stoccaggio e il trasporto sicuro dell&#8217;idrossido di sodio. L&#8217;abbreviazione del prodotto chimico \u00e8 NaOH con il numero UN UN1824. L&#8217;idrossido di sodio \u00e8 noto anche come soluzione di idrossido di sodio, soda caustica o soda caustica liquida. Quando si utilizzano i nostri contenitori VARIBOX con l&#8217;idrossido di sodio, consigliamo di utilizzare una versione EPDM del contenitore. Per ulteriori informazioni su quando scegliere EPDM o Viton, consultare le nostre FAQ.<\/p>\n\n\n\n<figure class=\"wp-block-image size-full\"><img decoding=\"async\" src=\"https:\/\/varibox.best4u.dev\/wp-content\/uploads\/2024\/10\/VARIBOX-FC-top-straight-lowres.jpg\" alt=\"\" class=\"wp-image-2617\" title=\"Sodium hydroxide in the VARIBOX IBCs\"\/><\/figure>\n\n\n\n<h2 class=\"wp-block-heading\" id=\"safe-storage-of-caustic-soda-in-our-varibox-containers\">Stoccaggio sicuro della soda caustica nei nostri contenitori VARIBOX<\/h2>\n\n\n\n<p>La sicurezza \u00e8 la cosa pi\u00f9 importante nella distribuzione dei prodotti chimici. I contenitori VARIBOX sono stati progettati appositamente per migliorare la sicurezza durante l&#8217;uso e lo stoccaggio. Le numerose caratteristiche di sicurezza, come il sistema VARIBOX Safeline completamente chiuso, la protezione a doppia parete, il contenimento integrato delle fuoriuscite e la possibilit\u00e0 di avere colori diversi, vi aiuteranno come utilizzatori di soda caustica a conservarla e utilizzarla in modo sicuro in qualsiasi luogo desiderato.<\/p>\n\n\n\n<figure class=\"wp-block-image size-full is-resized\"><img decoding=\"async\" src=\"https:\/\/varibox.best4u.dev\/wp-content\/uploads\/2024\/10\/VARIBOX-CC-250-forklift-1024-1024x706-1-2.png\" alt=\"\" class=\"wp-image-2284\" style=\"width:840px;height:579px\" title=\"Sodium hydroxide in the VARIBOX IBCs\"\/><\/figure>\n\n\n\n<h3 class=\"wp-block-heading\" id=\"sodium-hydroxide-in-the-varibox-ibcs-1\">Idrossido di sodio negli IBC VARIBOX<\/h3>\n\n\n\n<p>Volete farvi consegnare l&#8217;idrossido di sodio nei contenitori VARIBOX? Potete chiedere al vostro fornitore di prodotti chimici la VARIBOX. Come gi\u00e0 detto, consigliamo di utilizzare la versione EPDM della VARIBOX. Le versioni EPDM hanno parti del contenitore di colore rosso: il tappo a vite, il tubo di estrazione del sistema Safeline e le controparti sono rossi.<\/p>\n\n\n\n<figure class=\"wp-block-image size-large\"><img decoding=\"async\" src=\"https:\/\/varibox.best4u.dev\/wp-content\/uploads\/2024\/10\/VariboxSC-YouTube-2048x1152-1-1024x576-3.png\" alt=\"\" class=\"wp-image-2282\" title=\"Containers\"\/><\/figure>\n\n\n\n<h2 class=\"wp-block-heading\" id=\"sodium-hydroxide-solution-in-the-container\">Soluzione di idrossido di sodio nel contenitore<\/h2>\n\n\n\n<p>Tutti i diversi IBC di VARIBOX sono omologati UN. Ci\u00f2 significa che i contenitori hanno superato diversi test per assicurarsi che possano essere utilizzati in modo sicuro durante l&#8217;intero processo di distribuzione dei prodotti chimici. Ma c&#8217;\u00e8 di pi\u00f9: se il vostro idrossido di sodio sar\u00e0 consegnato nelle VARIBOX FC 1000L o VARIBOX CC 250L avrete l&#8217;approvazione DIBt e rispetterete le normative AwSV in Germania e le normative PSG 15 e PGS 31 nei Paesi Bassi.<\/p>\n\n\n\n<h3 class=\"wp-block-heading\" id=\"more-information\">Ulteriori informazioni<\/h3>\n\n\n\n<p>Avete altre domande sugli IBC VARIBOX? Non esitate a contattarci all&#8217;indirizzo info@varibox-ibc.com o a chiamare il numero (+31) 0570-660-711. Volete che il vostro prodotto Idrossido di sodio sia consegnato nella VARIBOX? Chiedete al vostro fornitore di prodotti chimici quali sono le possibilit\u00e0.<\/p>\n\n\n\n<div style=\"height:60px\" aria-hidden=\"true\" class=\"wp-block-spacer\"><\/div>\n","protected":false},"excerpt":{"rendered":"<p>Idrossido di sodio negli IBC VARIBOX Idrossido di sodio nelle IBC VARIBOX. Utilizzate gli IBC (Intermediate Bulk Containers) di VARIBOX per lo stoccaggio e il trasporto sicuro dell&#8217;idrossido di sodio. L&#8217;abbreviazione del prodotto chimico \u00e8 NaOH con il numero UN UN1824. L&#8217;idrossido di sodio \u00e8 noto anche come soluzione di idrossido di sodio, soda caustica [&hellip;]<\/p>\n","protected":false},"author":1,"featured_media":27317,"parent":0,"menu_order":0,"comment_status":"open","ping_status":"open","template":"","meta":{"_acf_changed":false,"footnotes":""},"class_list":["post-62696","page","type-page","status-publish","has-post-thumbnail","hentry"],"blocksy_meta":{"styles_descriptor":{"styles":{"desktop":"","tablet":"","mobile":""},"google_fonts":[],"version":6}},"featured_image_urls_v2":{"full":["https:\/\/varibox.best4u.dev\/wp-content\/uploads\/2024\/10\/VARIBOX-Full-Containment-4.png",325,370,false],"thumbnail":["https:\/\/varibox.best4u.dev\/wp-content\/uploads\/2024\/10\/VARIBOX-Full-Containment-4-256x256.png",256,256,true],"medium":["https:\/\/varibox.best4u.dev\/wp-content\/uploads\/2024\/10\/VARIBOX-Full-Containment-4.png",325,370,false],"medium_large":["https:\/\/varibox.best4u.dev\/wp-content\/uploads\/2024\/10\/VARIBOX-Full-Containment-4.png",325,370,false],"large":["https:\/\/varibox.best4u.dev\/wp-content\/uploads\/2024\/10\/VARIBOX-Full-Containment-4.png",325,370,false],"1536x1536":["https:\/\/varibox.best4u.dev\/wp-content\/uploads\/2024\/10\/VARIBOX-Full-Containment-4.png",325,370,false],"2048x2048":["https:\/\/varibox.best4u.dev\/wp-content\/uploads\/2024\/10\/VARIBOX-Full-Containment-4.png",325,370,false],"woocommerce_archive_thumbnail":["https:\/\/varibox.best4u.dev\/wp-content\/uploads\/2024\/10\/VARIBOX-Full-Containment-4-270x307.png",270,307,true],"gform-image-choice-sm":["https:\/\/varibox.best4u.dev\/wp-content\/uploads\/2024\/10\/VARIBOX-Full-Containment-4.png",264,300,false],"gform-image-choice-md":["https:\/\/varibox.best4u.dev\/wp-content\/uploads\/2024\/10\/VARIBOX-Full-Containment-4.png",325,370,false],"gform-image-choice-lg":["https:\/\/varibox.best4u.dev\/wp-content\/uploads\/2024\/10\/VARIBOX-Full-Containment-4.png",325,370,false],"woocommerce_thumbnail":["https:\/\/varibox.best4u.dev\/wp-content\/uploads\/2024\/10\/VARIBOX-Full-Containment-4-270x307.png",270,307,true],"woocommerce_single":["https:\/\/varibox.best4u.dev\/wp-content\/uploads\/2024\/10\/VARIBOX-Full-Containment-4.png",325,370,false],"woocommerce_gallery_thumbnail":["https:\/\/varibox.best4u.dev\/wp-content\/uploads\/2024\/10\/VARIBOX-Full-Containment-4-100x100.png",100,100,true],"variation_swatches_image_size":["https:\/\/varibox.best4u.dev\/wp-content\/uploads\/2024\/10\/VARIBOX-Full-Containment-4-50x50.png",50,50,true],"variation_swatches_tooltip_size":["https:\/\/varibox.best4u.dev\/wp-content\/uploads\/2024\/10\/VARIBOX-Full-Containment-4-100x100.png",100,100,true]},"post_excerpt_stackable_v2":"<p>Idrossido di sodio negli IBC VARIBOX Idrossido di sodio nelle IBC VARIBOX. Utilizzate gli IBC (Intermediate Bulk Containers) di VARIBOX per lo stoccaggio e il trasporto sicuro dell&#8217;idrossido di sodio. L&#8217;abbreviazione del prodotto chimico \u00e8 NaOH con il numero UN UN1824. L&#8217;idrossido di sodio \u00e8 noto anche come soluzione di idrossido di sodio, soda caustica o soda caustica liquida. Quando si utilizzano i nostri contenitori VARIBOX con l&#8217;idrossido di sodio, consigliamo di utilizzare una versione EPDM del contenitore. Per ulteriori informazioni su quando scegliere EPDM o Viton, consultare le nostre FAQ. Stoccaggio sicuro della soda caustica nei nostri contenitori VARIBOX&hellip;<\/p>\n","category_list_v2":"","author_info_v2":{"name":"Best4u","url":"https:\/\/varibox.best4u.dev\/it\/author\/best4u\/"},"comments_num_v2":"0 comments","acf":[],"_links":{"self":[{"href":"https:\/\/varibox.best4u.dev\/it\/wp-json\/wp\/v2\/pages\/62696","targetHints":{"allow":["GET"]}}],"collection":[{"href":"https:\/\/varibox.best4u.dev\/it\/wp-json\/wp\/v2\/pages"}],"about":[{"href":"https:\/\/varibox.best4u.dev\/it\/wp-json\/wp\/v2\/types\/page"}],"author":[{"embeddable":true,"href":"https:\/\/varibox.best4u.dev\/it\/wp-json\/wp\/v2\/users\/1"}],"replies":[{"embeddable":true,"href":"https:\/\/varibox.best4u.dev\/it\/wp-json\/wp\/v2\/comments?post=62696"}],"version-history":[{"count":1,"href":"https:\/\/varibox.best4u.dev\/it\/wp-json\/wp\/v2\/pages\/62696\/revisions"}],"predecessor-version":[{"id":62697,"href":"https:\/\/varibox.best4u.dev\/it\/wp-json\/wp\/v2\/pages\/62696\/revisions\/62697"}],"wp:featuredmedia":[{"embeddable":true,"href":"https:\/\/varibox.best4u.dev\/it\/wp-json\/wp\/v2\/media\/27317"}],"wp:attachment":[{"href":"https:\/\/varibox.best4u.dev\/it\/wp-json\/wp\/v2\/media?parent=62696"}],"curies":[{"name":"wp","href":"https:\/\/api.w.org\/{rel}","templated":true}]}}