{"id":62296,"date":"2022-02-08T09:54:56","date_gmt":"2022-02-08T08:54:56","guid":{"rendered":"https:\/\/varibox.best4u.dev\/vantaggi-degli-ibc-riutilizzabili\/"},"modified":"2024-11-08T11:42:19","modified_gmt":"2024-11-08T10:42:19","slug":"vantaggi-degli-ibc-riutilizzabili","status":"publish","type":"page","link":"https:\/\/varibox.best4u.dev\/it\/vantaggi-degli-ibc-riutilizzabili\/","title":{"rendered":"Vantaggi degli IBC riutilizzabili"},"content":{"rendered":"\n<h1 class=\"wp-block-heading\" id=\"benefits-of-reusable-ibcs\">Vantaggi degli IBC riutilizzabili<\/h1>\n\n\n\n<p>Vantaggi degli IBC riutilizzabili &#8211; Un numero sempre maggiore di aziende \u00e8 alla ricerca di una maggiore efficienza delle risorse, nell&#8217;ambito della transizione verso un&#8217;economia circolare. Le aziende sono sempre pi\u00f9 interessate a trovare nuovi modi per migliorare la sostenibilit\u00e0 della loro catena di approvvigionamento. Se alcuni affermano che l&#8217;economia circolare consiste nel \u201cchiudere i cicli\u201d, la Fondazione Ellen MacArthur ha definito l&#8217;economia circolare come molto di pi\u00f9 della chiusura dei cicli.<\/p>\n\n\n\n<p>Sebbene i parametri economici e di sicurezza siano sempre importanti, vediamo una crescente importanza dei benefici ambientali. Di seguito sono elencati alcuni vantaggi che potrebbero derivare dall&#8217;applicazione di una strategia di \u201criutilizzo\u201d degli imballaggi IBC nelle operazioni quotidiane di un&#8217;azienda. L&#8217;acquisto di imballaggi \u201cprogettati per il riutilizzo\u201d contribuir\u00e0 ad amplificare i vantaggi elencati di seguito.<\/p>\n\n\n\n<h3 class=\"wp-block-heading\" id=\"safety-benefits-of-reusable-ibcs\">Vantaggi per la sicurezza degli IBC riutilizzabili<\/h3>\n\n\n\n<ul class=\"wp-block-list\">\n<li>Riduzione dei danni al prodotto durante il trasporto<\/li>\n\n\n\n<li>La valvola a sfera a prova di perdite \u00e8 equipaggiata rispetto alla valvola a farfalla, il che porta alla massima tranquillit\u00e0<\/li>\n\n\n\n<li>Il design interamente in plastica mantiene un elevato livello di igiene nei settori in cui \u00e8 richiesto, ad esempio quello alimentare e farmaceutico.<\/li>\n\n\n\n<li>Il pallet per impieghi gravosi e l&#8217;impronta ISO standardizzata consentono un impilamento facile e sicuro, conforme alle normative ADR.<\/li>\n\n\n\n<li>Fornire al proprietario dell&#8217;imballaggio servizi di lunga durata. Il marchio che detiene la propriet\u00e0 dell&#8217;imballaggio IBC ha interesse a procurarsi un imballaggio il pi\u00f9 resistente e duraturo possibile.<\/li>\n\n\n\n<li>Si \u00e8 visto che gli utenti finali associano gli imballaggi riutilizzabili all&#8217;immagine di sostenibilit\u00e0 di un marchio.<\/li>\n<\/ul>\n\n\n\n<h3 class=\"wp-block-heading\" id=\"end-of-life-benefits\">Prestazioni di fine vita<\/h3>\n\n\n\n<ul class=\"wp-block-list\">\n<li>Il contenitore esterno, il coperchio e il pallet diventano materiale riciclabile dopo 10 anni di utilizzo intensivo. Ci\u00f2 si traduce in meno rifiuti da gestire per il riciclaggio o lo smaltimento.<\/li>\n\n\n\n<li>Rispetto agli IBC standard, che hanno una vita pi\u00f9 breve, la VARIBOX deve essere riciclata una sola volta. Si risparmia manodopera, tempo e si riducono i costi legati alla preparazione dei rifiuti per il riciclaggio, al riciclaggio stesso e allo smaltimento.<\/li>\n<\/ul>\n\n\n\n<h3 class=\"wp-block-heading\" id=\"environmental-benefits-of-reusable-ibcs\">Vantaggi ambientali degli IBC riutilizzabili<\/h3>\n\n\n\n<p>Il \u201criutilizzo\u201d \u00e8 una strategia efficace di economia circolare e sostiene l&#8217;obiettivo di sostenibilit\u00e0 di un&#8217;azienda. \u00c8 stato riconosciuto dalla Ellen MacArthur Foundation che: \u201cgli imballaggi riutilizzabili sono una parte fondamentale della soluzione per eliminare l&#8217;inquinamento da plastica\u201d. Di seguito sono elencati alcuni dei vantaggi ambientali offerti dai contenitori intermedi riutilizzabili:<\/p>\n\n\n\n<ul class=\"wp-block-list\">\n<li>Prevenzione dell&#8217;inquinamento, grazie alla riduzione della necessit\u00e0 di raccogliere nuove materie prime ed energia.<\/li>\n\n\n\n<li>Efficienza dei materiali, perch\u00e9 sono necessarie meno unit\u00e0 di imballaggio per realizzare lo stesso numero di viaggi tra un distributore e il suo utente finale<\/li>\n\n\n\n<li>Riduce il materiale utilizzato per gli imballaggi<\/li>\n\n\n\n<li>Consente di utilizzare al meglio gli imballaggi<\/li>\n\n\n\n<li>Riduce le emissioni di gas serra che contribuiscono al cambiamento climatico globale, secondo l&#8217;agenzia per la protezione dell&#8217;ambiente degli Stati Uniti.<\/li>\n\n\n\n<li>Riduce la quantit\u00e0 di rifiuti che devono essere riciclati o inviati a discariche e inceneritori.<\/li>\n<\/ul>\n\n\n\n<h3 class=\"wp-block-heading\" id=\"financial-benefits-of-reusable-ibcs\">Vantaggi finanziari degli IBC riutilizzabili<\/h3>\n\n\n\n<p>Il riutilizzo degli imballaggi per le attivit\u00e0 Business to Business (B2B) pu\u00f2 portare a significativi risparmi sui costi a lungo termine. Quando si esaminano gli imballaggi riutilizzabili e i relativi aspetti economici, \u00e8 importante tenere presente i seguenti punti. Mentre un imballaggio monouso viene venduto una volta e un \u201cIBC standard\u201d viene venduto\/utilizzato per un numero limitato di volte, l&#8217;IBC riutilizzabile, ad esempio VARIBOX, viene venduto\/utilizzato per un numero illimitato di volte, per un periodo definito. \u00c8 considerato un bene per l&#8217;azienda che ne mantiene la propriet\u00e0 e consente a questa azienda di realizzare pi\u00f9 ricavi per IBC rispetto a qualsiasi altra soluzione. Perch\u00e9 vendere gli imballaggi per il trasporto una sola volta quando \u00e8 possibile utilizzarli innumerevoli volte per generare ricavi?<\/p>\n\n\n\n<p>Anche il numero di viaggi \u00e8 un aspetto importante da considerare. Un IBC riutilizzabile \u00e8 progettato per mantenersi nelle stesse condizioni, indipendentemente dal numero di volte in cui viene utilizzato. C&#8217;\u00e8 un chiaro incentivo ad aumentare il numero di viaggi per ogni IBC riutilizzabile, poich\u00e9 non c&#8217;\u00e8 una limitazione di viaggi in un periodo definito. Questa \u00e8 una delle diverse opzioni possibili per ottenere l&#8217;efficienza del prodotto e generare un migliore ritorno sull&#8217;investimento. In confronto, un IBC standard che ha un uso limitato, pi\u00f9 lo si usa, pi\u00f9 si degrada e ha possibilit\u00e0 di guasti. Non c&#8217;\u00e8 alcun incentivo ad aumentare le prestazioni in termini di viaggi, poich\u00e9 l&#8217;IBC standard dovr\u00e0 essere sostituito pi\u00f9 rapidamente.<\/p>\n\n\n\n<p>Un aspetto importante dei materiali riutilizzabili \u00e8 il loro valore, legato alle prestazioni che possono raggiungere con una durata massima. Nel caso degli IBC per sostanze chimiche pericolose, il limite di durata \u00e8 stabilito dalla normativa UN\/ADR:<\/p>\n\n\n\n<ul class=\"wp-block-list\">\n<li>Il contenitore interno deve essere ispezionato visivamente e sottoposto a prova di pressione ogni 2,5 anni.<\/li>\n\n\n\n<li>Il contenitore interno deve essere cambiato dopo un massimo di 5* anni e deve essere testato a pressione.<\/li>\n<\/ul>\n\n\n\n<p>Il valore di questo tipo di IBC deriva dal fatto che dura fino a 5 anni e le sue condizioni non si degradano con il tempo o con i viaggi.<\/p>\n\n\n\n<p>*Per l&#8217;acido fluoridrico e l&#8217;acido nitrico con una concentrazione superiore al 55%, la normativa ADR richiede la sostituzione del contenitore interno dopo 2 anni.<\/p>\n\n\n\n<p>Nei punti che seguono, spieghiamo brevemente alcuni dei motivi per cui gli IBC riutilizzabili sono preziosi per i distributori di prodotti chimici:<\/p>\n\n\n\n<ul class=\"wp-block-list\">\n<li>Costo per viaggio: gli IBC riutilizzabili hanno una vita utile pi\u00f9 lunga, il che si traduce in un costo di imballaggio inferiore per viaggio<\/li>\n\n\n\n<li>Riduzione del valore totale di propriet\u00e0 dell&#8217;imballaggio: i costi degli IBC riutilizzabili possono essere distribuiti su molti anni. L&#8217;IBC riutilizzabile di lunga durata ha un costo per viaggio inferiore rispetto all&#8217;alternativa IBC standard. Con una riduzione delle spese di sostituzione, riparazione e trasporto associate a un IBC standard, l&#8217;IBC riutilizzabile si ripaga da solo dopo un paio di viaggi.<\/li>\n\n\n\n<li>Risparmi sulla gestione della flotta di IBC: poich\u00e9 un&#8217;azienda potrebbe aver bisogno di meno unit\u00e0 di imballaggio per trasportare la stessa quantit\u00e0 di sostanze chimiche, la flotta \u00e8 pi\u00f9 piccola e i costi relativi alla gestione della flotta sono ridotti.<\/li>\n\n\n\n<li>Si crea un incentivo ad aumentare il numero di viaggi per IBC, poich\u00e9 l&#8217;IBC riutilizzabile non si degrada con il tempo o il numero di viaggi. Un&#8217;azienda che aumenta il numero di viaggi per IBC genera maggiori ricavi per costo unitario. Tenendo presente che il costo di acquisizione di un IBC standard o riutilizzabile \u00e8 fisso, c&#8217;\u00e8 un incentivo ad aumentare il numero di viaggi per diminuire il costo per viaggio, non appena l&#8217;ultimo non \u00e8 superiore al costo di acquisizione.<\/li>\n<\/ul>\n\n\n\n<h3 class=\"wp-block-heading\" id=\"reusable-ibc-packaging-and-circular-economy\">Imballaggi IBC riutilizzabili ed economia circolare :<\/h3>\n\n\n\n<p>Il riutilizzo dell&#8217;IBC conserva una parte maggiore del suo valore intrinseco rispetto al riciclaggio, che in genere \u00e8 pi\u00f9 costoso e richiede un maggiore dispendio di energia. Questo si riferisce al \u201cpotere del cerchio interno\u201d, l&#8217;attivit\u00e0 di riutilizzo di un prodotto o di un imballaggio \u00e8 spesso preferita, dal punto di vista dell&#8217;economia circolare.<\/p>\n\n\n\n<p>Rispetto al riciclaggio, una strategia di imballaggio riutilizzabile pu\u00f2 essere un&#8217;alternativa pi\u00f9 efficiente per ridurre l&#8217;impatto delle risorse e dell&#8217;energia utilizzate, evitando le emissioni di gas serra.<\/p>\n\n\n\n<p>Inoltre, pi\u00f9 a lungo si possono riutilizzare gli IBC, meno se ne avranno bisogno per realizzare lo stesso numero di cicli di utilizzo. Nel complesso, il riutilizzo degli imballaggi riduce i costi e le emissioni, oltre a fornire ai proprietari e agli utenti finali ulteriori vantaggi qualitativi.<\/p>\n\n\n\n<p>In tutto il mondo sta crescendo l&#8217;interesse ad affrontare le sfide della riduzione dell&#8217;uso dei materiali e dei rifiuti di imballaggio, attraverso lo sviluppo di un sistema di imballaggio riutilizzabile.<\/p>\n\n\n\n<p>I vantaggi dei materiali riutilizzabili dipendono da aspetti chiave come la distanza di trasporto (soprattutto per la logistica inversa), la regolarit\u00e0 delle consegne, la standardizzazione, i tassi di restituzione, l&#8217;impatto dello smistamento, della pulizia e della manutenzione, l&#8217;impatto sul danneggiamento dei prodotti. Se ben gestiti, si traducono in risparmi sui costi, ad esempio uno studio ha dimostrato che un container riutilizzabile per il trasporto di merci all&#8217;interno della catena di fornitura internazionale \u00e8 economicamente vantaggioso.<\/p>\n\n\n\n<h3 class=\"wp-block-heading\" id=\"more-information\">Ulteriori informazioni<\/h3>\n\n\n\n<p>Avete domande sui vantaggi degli IBC riutilizzabili o desiderate ulteriori informazioni? Non esitate a contattarci via e-mail all&#8217;indirizzo info@varibox-ibc.com o per telefono al numero +31 570 660 711.<\/p>\n\n\n\n<div style=\"height:60px\" aria-hidden=\"true\" class=\"wp-block-spacer\"><\/div>\n","protected":false},"excerpt":{"rendered":"<p>Vantaggi degli IBC riutilizzabili Vantaggi degli IBC riutilizzabili &#8211; Un numero sempre maggiore di aziende \u00e8 alla ricerca di una maggiore efficienza delle risorse, nell&#8217;ambito della transizione verso un&#8217;economia circolare. Le aziende sono sempre pi\u00f9 interessate a trovare nuovi modi per migliorare la sostenibilit\u00e0 della loro catena di approvvigionamento. Se alcuni affermano che l&#8217;economia circolare [&hellip;]<\/p>\n","protected":false},"author":1,"featured_media":28090,"parent":0,"menu_order":0,"comment_status":"open","ping_status":"open","template":"","meta":{"_acf_changed":false,"footnotes":""},"class_list":["post-62296","page","type-page","status-publish","has-post-thumbnail","hentry"],"blocksy_meta":{"styles_descriptor":{"styles":{"desktop":"","tablet":"","mobile":""},"google_fonts":[],"version":6}},"featured_image_urls_v2":{"full":["https:\/\/varibox.best4u.dev\/wp-content\/uploads\/2024\/10\/VARIBOX-Single-Containment-1-2.png",325,370,false],"thumbnail":["https:\/\/varibox.best4u.dev\/wp-content\/uploads\/2024\/10\/VARIBOX-Single-Containment-1-2-256x256.png",256,256,true],"medium":["https:\/\/varibox.best4u.dev\/wp-content\/uploads\/2024\/10\/VARIBOX-Single-Containment-1-2.png",325,370,false],"medium_large":["https:\/\/varibox.best4u.dev\/wp-content\/uploads\/2024\/10\/VARIBOX-Single-Containment-1-2.png",325,370,false],"large":["https:\/\/varibox.best4u.dev\/wp-content\/uploads\/2024\/10\/VARIBOX-Single-Containment-1-2.png",325,370,false],"1536x1536":["https:\/\/varibox.best4u.dev\/wp-content\/uploads\/2024\/10\/VARIBOX-Single-Containment-1-2.png",325,370,false],"2048x2048":["https:\/\/varibox.best4u.dev\/wp-content\/uploads\/2024\/10\/VARIBOX-Single-Containment-1-2.png",325,370,false],"woocommerce_archive_thumbnail":["https:\/\/varibox.best4u.dev\/wp-content\/uploads\/2024\/10\/VARIBOX-Single-Containment-1-2-270x307.png",270,307,true],"gform-image-choice-sm":["https:\/\/varibox.best4u.dev\/wp-content\/uploads\/2024\/10\/VARIBOX-Single-Containment-1-2.png",264,300,false],"gform-image-choice-md":["https:\/\/varibox.best4u.dev\/wp-content\/uploads\/2024\/10\/VARIBOX-Single-Containment-1-2.png",325,370,false],"gform-image-choice-lg":["https:\/\/varibox.best4u.dev\/wp-content\/uploads\/2024\/10\/VARIBOX-Single-Containment-1-2.png",325,370,false],"woocommerce_thumbnail":["https:\/\/varibox.best4u.dev\/wp-content\/uploads\/2024\/10\/VARIBOX-Single-Containment-1-2-270x307.png",270,307,true],"woocommerce_single":["https:\/\/varibox.best4u.dev\/wp-content\/uploads\/2024\/10\/VARIBOX-Single-Containment-1-2.png",325,370,false],"woocommerce_gallery_thumbnail":["https:\/\/varibox.best4u.dev\/wp-content\/uploads\/2024\/10\/VARIBOX-Single-Containment-1-2-100x100.png",100,100,true],"variation_swatches_image_size":["https:\/\/varibox.best4u.dev\/wp-content\/uploads\/2024\/10\/VARIBOX-Single-Containment-1-2-50x50.png",50,50,true],"variation_swatches_tooltip_size":["https:\/\/varibox.best4u.dev\/wp-content\/uploads\/2024\/10\/VARIBOX-Single-Containment-1-2-100x100.png",100,100,true]},"post_excerpt_stackable_v2":"<p>Vantaggi degli IBC riutilizzabili Vantaggi degli IBC riutilizzabili &#8211; Un numero sempre maggiore di aziende \u00e8 alla ricerca di una maggiore efficienza delle risorse, nell&#8217;ambito della transizione verso un&#8217;economia circolare. Le aziende sono sempre pi\u00f9 interessate a trovare nuovi modi per migliorare la sostenibilit\u00e0 della loro catena di approvvigionamento. Se alcuni affermano che l&#8217;economia circolare consiste nel \u201cchiudere i cicli\u201d, la Fondazione Ellen MacArthur ha definito l&#8217;economia circolare come molto di pi\u00f9 della chiusura dei cicli. Sebbene i parametri economici e di sicurezza siano sempre importanti, vediamo una crescente importanza dei benefici ambientali. Di seguito sono elencati alcuni vantaggi che&hellip;<\/p>\n","category_list_v2":"","author_info_v2":{"name":"Best4u","url":"https:\/\/varibox.best4u.dev\/it\/author\/best4u\/"},"comments_num_v2":"0 comments","acf":[],"_links":{"self":[{"href":"https:\/\/varibox.best4u.dev\/it\/wp-json\/wp\/v2\/pages\/62296","targetHints":{"allow":["GET"]}}],"collection":[{"href":"https:\/\/varibox.best4u.dev\/it\/wp-json\/wp\/v2\/pages"}],"about":[{"href":"https:\/\/varibox.best4u.dev\/it\/wp-json\/wp\/v2\/types\/page"}],"author":[{"embeddable":true,"href":"https:\/\/varibox.best4u.dev\/it\/wp-json\/wp\/v2\/users\/1"}],"replies":[{"embeddable":true,"href":"https:\/\/varibox.best4u.dev\/it\/wp-json\/wp\/v2\/comments?post=62296"}],"version-history":[{"count":1,"href":"https:\/\/varibox.best4u.dev\/it\/wp-json\/wp\/v2\/pages\/62296\/revisions"}],"predecessor-version":[{"id":62304,"href":"https:\/\/varibox.best4u.dev\/it\/wp-json\/wp\/v2\/pages\/62296\/revisions\/62304"}],"wp:featuredmedia":[{"embeddable":true,"href":"https:\/\/varibox.best4u.dev\/it\/wp-json\/wp\/v2\/media\/28090"}],"wp:attachment":[{"href":"https:\/\/varibox.best4u.dev\/it\/wp-json\/wp\/v2\/media?parent=62296"}],"curies":[{"name":"wp","href":"https:\/\/api.w.org\/{rel}","templated":true}]}}