{"id":61768,"date":"2021-11-23T16:44:32","date_gmt":"2021-11-23T15:44:32","guid":{"rendered":"https:\/\/varibox.best4u.dev\/collegare-il-sensore-di-livello\/"},"modified":"2024-11-08T11:42:07","modified_gmt":"2024-11-08T10:42:07","slug":"collegare-il-sensore-di-livello","status":"publish","type":"page","link":"https:\/\/varibox.best4u.dev\/it\/collegare-il-sensore-di-livello\/","title":{"rendered":"Collegare il sensore di livello"},"content":{"rendered":"\n<div class=\"wp-block-ugb-columns ugb-columns ugb-0d5d96e ugb-columns--design-plain ugb-columns--columns-2 ugb-main-block\"><style>.ugb-0d5d96e > .ugb-inner-block > .ugb-block-content > .ugb-columns__item{grid-template-columns:1.40fr 0.60fr !important}@media screen and (min-width:768px){.ugb-0d5d96e.ugb-columns{margin-bottom:83px !important}}@media screen and (max-width:768px){.ugb-0d5d96e-content-wrapper{grid-row-gap:0 !important}}<\/style><div class=\"ugb-inner-block\"><div class=\"ugb-block-content\"><div class=\"ugb-columns__item ugb-0d5d96e-content-wrapper\">\n<div class=\"wp-block-ugb-column ugb-column ugb-b383129 ugb-column--design-plain ugb-main-block\"><div class=\"ugb-inner-block\"><div class=\"ugb-block-content\"><div class=\"ugb-column__item ugb-b383129-column-wrapper\"><div class=\"ugb-column__content-wrapper\">\n<div class=\"wp-block-ugb-heading ugb-heading wow animate__animated animate__fadeIn ugb-bcdb7f0 ugb-main-block\"><style>.ugb-bcdb7f0 .ugb-heading__subtitle{margin-bottom:-5px !important}<\/style><div class=\"ugb-inner-block\"><div class=\"ugb-block-content\"><h1 class=\"ugb-heading__title\">Collegare il sensore di livello<\/h1><p class=\"ugb-heading__subtitle\">In questa pagina troverete un video su come collegare il vostro sistema di pompaggio al sensore di livello degli IBC VARIBOX a doppia parete. Esistono tre diversi sensori di livello: il sensore di vuoto, il sensore di basso livello e il sensore di pieno. Il video seguente mostra come collegare e scollegare i sensori.<\/p><\/div><\/div><\/div>\n\n\n\n<div class=\"wp-block-ugb-button ugb-button-wrapper green-button wow animate__animated animate__fadeIn ugb-6689757 ugb-button--mobile-aligned ugb-main-block\"><style>.ugb-6689757 .ugb-block-content{justify-content:flex-start !important}.ugb-6689757 .ugb-button1 .ugb-button--inner{font-weight:bold !important}.ugb-6689757 .ugb-button1:hover{opacity:1}.ugb-6689757 .ugb-inner-block{text-align:left}@media screen and (min-width:768px){.ugb-6689757.ugb-button-wrapper{margin-bottom:0px !important}}@media screen and (max-width:768px){.ugb-6689757 .ugb-block-content{justify-content:center !important}.ugb-6689757 .ugb-inner-block{text-align:center}}<\/style><div class=\"ugb-inner-block\"><div class=\"ugb-block-content\"><div class=\"ugb-button-container\"><a class=\"ugb-button1 ugb-button ugb-button--size-normal\" href=\"https:\/\/varibox.best4u.dev\/it\/contattateci\/\" rel=\"\" title=\"\"><span class=\"ugb-button--inner\">Contattate<\/span><\/a><\/div><\/div><\/div><\/div>\n<\/div><\/div><\/div><\/div><\/div>\n\n\n\n<div class=\"wp-block-ugb-column ugb-column ugb-e882f9a ugb-column--design-plain ugb-main-block\"><style>@media screen and (max-width:768px){.ugb-e882f9a .ugb-inner-block{text-align:center}}<\/style><div class=\"ugb-inner-block\"><div class=\"ugb-block-content\"><div class=\"ugb-column__item ugb-e882f9a-column-wrapper\"><div class=\"ugb-column__content-wrapper\">\n<figure class=\"wp-block-image size-full wow animate__animated animate__fadeIn\"><img decoding=\"async\" width=\"325\" height=\"370\" src=\"https:\/\/varibox.best4u.dev\/wp-content\/uploads\/2024\/10\/Connect-the-level-sensor-2.png\" alt=\"Connect the level sensor\" class=\"wp-image-11891\"\/><\/figure>\n<\/div><\/div><\/div><\/div><\/div>\n<\/div><\/div><\/div><\/div>\n\n\n\n<div class=\"alignfull wp-block-ugb-container ugb-container ugb-25beaa0 ugb-container--v2 ugb-container--design-plain ugb-main-block ugb-main-block--inner-center ugb--has-block-background\"><style>.ugb-25beaa0.ugb-container{background-color:var(--theme-palette-color-7,#F9FAFB)}.ugb-25beaa0.ugb-container:before{background-color:var(--theme-palette-color-7,#F9FAFB)}@media screen and (min-width:768px){.ugb-25beaa0-content-wrapper.ugb-container__content-wrapper{width:85% !important}.ugb-25beaa0.ugb-container{margin-bottom:0px !important;padding-top:0px !important;padding-right:35px !important;padding-bottom:0px !important;padding-left:35px !important}}@media screen and (min-width:768px) and (max-width:1025px){.ugb-25beaa0-content-wrapper.ugb-container__content-wrapper{width:100% !important}}@media screen and (max-width:768px){.ugb-25beaa0.ugb-container{margin-bottom:0px !important;padding-top:0px !important;padding-right:18px !important;padding-bottom:0px !important;padding-left:18px !important}}@media screen and (min-width:768px){.ugb-25beaa0 > .ugb-inner-block > .ugb-block-content > *{padding-top:40px !important;padding-bottom:40px !important}}@media screen and (max-width:768px){.ugb-25beaa0 > .ugb-inner-block > .ugb-block-content > *{padding-top:35px !important;padding-bottom:0px !important}}<\/style><div class=\"ugb-inner-block ugb-inner-block--center\"><div class=\"ugb-block-content\"><div class=\"ugb-container__wrapper ugb-25beaa0-wrapper\"><div class=\"ugb-container__side\"><div class=\"ugb-container__content-wrapper ugb-25beaa0-content-wrapper\">\n<div class=\"aligncenter wp-block-ugb-columns ugb-columns top-icons-columns ugb-609d063 ugb-columns--design-plain ugb-columns--columns-3 ugb-main-block\"><style>.ugb-609d063-content-wrapper{grid-column-gap:15px !important}@media screen and (min-width:768px) and (max-width:1025px){.ugb-609d063-content-wrapper{grid-column-gap:0px !important}}@media screen and (max-width:768px){.ugb-609d063-content-wrapper{grid-row-gap:0 !important;grid-column-gap:0px !important}.ugb-609d063 .ugb-inner-block{text-align:center}.ugb-609d063.ugb-columns{margin-top:0px !important;margin-bottom:0px !important}}<\/style><div class=\"ugb-inner-block\"><div class=\"ugb-block-content\"><div class=\"ugb-columns__item ugb-609d063-content-wrapper\">\n<div class=\"wp-block-ugb-column ugb-column ugb-aa84cea ugb-column--design-plain ugb-main-block\"><div class=\"ugb-inner-block\"><div class=\"ugb-block-content\"><div class=\"ugb-column__item ugb-aa84cea-column-wrapper\"><div class=\"ugb-column__content-wrapper\">\n<div class=\"wp-block-group is-layout-flow wp-block-group-is-layout-flow\">\n<div class=\"wp-block-media-text alignwide is-stacked-on-mobile is-vertically-aligned-center content-pages-top-icons\" style=\"grid-template-columns:30% auto\"><figure class=\"wp-block-media-text__media\"><img decoding=\"async\" src=\"https:\/\/varibox.best4u.dev\/wp-content\/uploads\/2021\/12\/test.svg\" alt=\"\" class=\"wp-image-3005 size-full\"\/><\/figure><div class=\"wp-block-media-text__content\">\n<h4 class=\"wp-block-heading has-text-align-left has-medium-font-size\">Pi\u00f9 sicuro<\/h4>\n<\/div><\/div>\n<\/div>\n<\/div><\/div><\/div><\/div><\/div>\n\n\n\n<div class=\"wp-block-ugb-column ugb-column ugb-a25ba9c ugb-column--design-plain ugb-main-block\"><div class=\"ugb-inner-block\"><div class=\"ugb-block-content\"><div class=\"ugb-column__item ugb-a25ba9c-column-wrapper\"><div class=\"ugb-column__content-wrapper\">\n<div class=\"wp-block-group is-layout-flow wp-block-group-is-layout-flow\">\n<div class=\"wp-block-media-text alignwide is-stacked-on-mobile is-vertically-aligned-center content-pages-top-icons\" style=\"grid-template-columns:30% auto\"><figure class=\"wp-block-media-text__media\"><img decoding=\"async\" src=\"https:\/\/varibox.best4u.dev\/wp-content\/uploads\/2021\/11\/reuseablility-green-1.svg\" alt=\"\" class=\"wp-image-1838 size-full\"\/><\/figure><div class=\"wp-block-media-text__content\">\n<h4 class=\"wp-block-heading has-text-align-left has-medium-font-size\">Riutilizzabile<\/h4>\n<\/div><\/div>\n<\/div>\n<\/div><\/div><\/div><\/div><\/div>\n\n\n\n<div class=\"wp-block-ugb-column ugb-column ugb-ed3faa1 ugb-column--design-plain ugb-main-block\"><div class=\"ugb-inner-block\"><div class=\"ugb-block-content\"><div class=\"ugb-column__item ugb-ed3faa1-column-wrapper\"><div class=\"ugb-column__content-wrapper\">\n<div class=\"wp-block-group is-layout-flow wp-block-group-is-layout-flow\">\n<div class=\"wp-block-media-text alignwide is-stacked-on-mobile is-vertically-aligned-center content-pages-top-icons\" style=\"grid-template-columns:29% auto\"><figure class=\"wp-block-media-text__media\"><img decoding=\"async\" src=\"https:\/\/varibox.best4u.dev\/wp-content\/uploads\/2021\/11\/sustainability-green-1.svg\" alt=\"\" class=\"wp-image-1851 size-full\"\/><\/figure><div class=\"wp-block-media-text__content\">\n<h4 class=\"wp-block-heading has-text-align-left has-medium-font-size\">Sostenibile<\/h4>\n<\/div><\/div>\n<\/div>\n<\/div><\/div><\/div><\/div><\/div>\n<\/div><\/div><\/div><\/div>\n<\/div><\/div><\/div><\/div><\/div><\/div>\n\n\n\n<div class=\"alignfull wp-block-ugb-container ugb-container ugb-0591a81 ugb-container--v2 ugb-container--design-plain ugb-main-block ugb-main-block--inner-center ugb--has-block-background ugb--has-background-overlay\"><style>.ugb-0591a81.ugb-container{background-color:var(--theme-palette-color-8,#f8fafc)}.ugb-0591a81.ugb-container:before{background-image:linear-gradient(180deg,var(--theme-palette-color-8,#f8fafc) 0%,#ffffff 100%)}@media screen and (min-width:768px){.ugb-0591a81.ugb-container{padding-top:0px !important;padding-right:35px !important;padding-bottom:0px !important;padding-left:35px !important}}@media screen and (min-width:768px){.ugb-0591a81 > .ugb-inner-block > .ugb-block-content > *{padding-top:64px !important;padding-bottom:64px !important}}<\/style><div class=\"ugb-inner-block ugb-inner-block--center\"><div class=\"ugb-block-content\"><div class=\"ugb-container__wrapper ugb-0591a81-wrapper\"><div class=\"ugb-container__side\"><div class=\"ugb-container__content-wrapper ugb-0591a81-content-wrapper\">\n<figure class=\"wp-block-embed alignfull is-type-video is-provider-youtube wp-block-embed-youtube wp-embed-aspect-16-9 wp-has-aspect-ratio\"><div class=\"wp-block-embed__wrapper\">\n<iframe title=\"Connect the level sensor on the VARIBOX FC\" width=\"1200\" height=\"675\" src=\"https:\/\/www.youtube.com\/embed\/a9YXBxthses?feature=oembed\" frameborder=\"0\" allow=\"accelerometer; autoplay; clipboard-write; encrypted-media; gyroscope; picture-in-picture; web-share\" referrerpolicy=\"strict-origin-when-cross-origin\" allowfullscreen><\/iframe>\n<\/div><\/figure>\n\n\n\n<div class=\"wp-block-ugb-heading ugb-heading wow animate__animated animate__fadeIn ugb-435a208 ugb-main-block\"><style>.ugb-435a208 .ugb-heading__title{text-align:center}.ugb-435a208 .ugb-inner-block{text-align:center}<\/style><div class=\"ugb-inner-block\"><div class=\"ugb-block-content\"><h2 class=\"ugb-heading__title\">Collegare il sensore di livello<\/h2><p class=\"ugb-heading__subtitle\">Sulla parte superiore della VARIBOX \u00e8 presente un collegamento a spina. Qui \u00e8 possibile collegare un cavo con la spina a 2 poli corretta. Per prima cosa, rimuovere il coperchio dal collegamento a spina e quindi posizionare la spina sul collegamento. La spina pu\u00f2 essere inserita in un solo modo, come si pu\u00f2 vedere dalla fessura e dal bordo corrispondente. Dopo l&#8217;inserimento, la spina pu\u00f2 essere fissata stringendo la ghiera che la circonda.<\/p><\/div><\/div><\/div>\n\n\n\n<div class=\"wp-block-ugb-heading ugb-heading wow animate__animated animate__fadeIn ugb-92ba1e7 ugb-main-block\"><style>.ugb-92ba1e7 .ugb-heading__title{text-align:center}.ugb-92ba1e7 .ugb-inner-block{text-align:center}<\/style><div class=\"ugb-inner-block\"><div class=\"ugb-block-content\"><h2 class=\"ugb-heading__title\">Il sensore di vuoto<\/h2><p class=\"ugb-heading__subtitle\">Il sensore di vuoto \u00e8 un sensore nella VARIBOX (opzione) che sa quando la VARIBOX FC \u00e8 quasi vuota: quando rimane circa 1 litro di liquido. \u00c8 possibile collegare il sistema al sensore di vuoto che invia un segnale quando la VARIBOX \u00e8 quasi vuota e pu\u00f2 spegnere automaticamente una pompa.<\/p><\/div><\/div><\/div>\n\n\n\n<div class=\"wp-block-ugb-heading ugb-heading wow animate__animated animate__fadeIn ugb-e35ce43 ugb-main-block\"><style>.ugb-e35ce43 .ugb-heading__title{text-align:center}.ugb-e35ce43 .ugb-inner-block{text-align:center}<\/style><div class=\"ugb-inner-block\"><div class=\"ugb-block-content\"><h2 class=\"ugb-heading__title\">Il sensore di livello basso<\/h2><p class=\"ugb-heading__subtitle\">Il sensore di livello basso \u00e8 un sensore nella VARIBOX (opzione) che sa quando ci sono circa 50 litri di contenuto residuo nella VARIBOX Un sistema pu\u00f2 essere collegato al sensore di livello basso, che emette un segnale o spegne la pompa.<\/p><\/div><\/div><\/div>\n\n\n\n<div class=\"wp-block-ugb-heading ugb-heading wow animate__animated animate__fadeIn ugb-7602a6a ugb-main-block\"><style>.ugb-7602a6a .ugb-heading__title{text-align:center}.ugb-7602a6a .ugb-inner-block{text-align:center}<\/style><div class=\"ugb-inner-block\"><div class=\"ugb-block-content\"><h2 class=\"ugb-heading__title\">Il sensore completo<\/h2><p class=\"ugb-heading__subtitle\">Il sensore di pieno \u00e8 un sensore nella VARIBOX che sa quando la VARIBOX \u00e8 quasi piena: rimangono circa 25 litri di capacit\u00e0. Al sensore di pieno pu\u00f2 essere collegato un sistema che emette un segnale quando la VARIBOX \u00e8 piena o che spegne una pompa.<\/p><\/div><\/div><\/div>\n\n\n\n<div class=\"wp-block-ugb-heading ugb-heading wow animate__animated animate__fadeIn ugb-9704b92 ugb-main-block\"><style>.ugb-9704b92 .ugb-heading__title{text-align:center}.ugb-9704b92 .ugb-inner-block{text-align:center}<\/style><div class=\"ugb-inner-block\"><div class=\"ugb-block-content\"><h2 class=\"ugb-heading__title\">Il diagramma di collegamento<\/h2><p class=\"ugb-heading__subtitle\">Questo schema fornisce indicazioni su come configurare l&#8217;installazione in relazione al sensore di livello in una VARIBOX IBC. I sensori possono essere utilizzati per disattivare il sistema di pompaggio e\/o per fornire un allarme su cui agire.<\/p><\/div><\/div><\/div>\n\n\n\n<figure class=\"wp-block-image size-full wow animate__animated animate__fadeIn\"><img decoding=\"async\" src=\"https:\/\/varibox.best4u.dev\/wp-content\/uploads\/2024\/10\/Connection-diagram-sensors-VARIBOX-1024x725-1.png\" alt=\"\" class=\"wp-image-2321\"\/><\/figure>\n\n\n\n<div class=\"wp-block-ugb-heading ugb-heading wow animate__animated animate__fadeIn ugb-09fcf35 ugb-main-block\"><style>.ugb-09fcf35 .ugb-heading__title{text-align:center;margin-bottom:24px !important}.ugb-09fcf35 .ugb-heading__subtitle{text-align:center;margin-bottom:64px !important}.ugb-09fcf35 .ugb-inner-block{text-align:center}@media screen and (min-width:768px){.ugb-09fcf35.ugb-heading{margin-bottom:0px !important}}@media screen and (max-width:1025px){.ugb-09fcf35 .ugb-heading__title{text-align:center}.ugb-09fcf35 .ugb-inner-block{text-align:center}}@media screen and (max-width:768px){.ugb-09fcf35 .ugb-heading__title{text-align:center}.ugb-09fcf35 .ugb-heading__subtitle{text-align:center}.ugb-09fcf35 .ugb-inner-block{text-align:center}}<\/style><div class=\"ugb-inner-block\"><div class=\"ugb-block-content\"><h4 class=\"ugb-heading__title\">Non \u00e8 stato possibile trovare la risposta nel video che collega il sensore di livello?<\/h4><p class=\"ugb-heading__subtitle\">Sappiamo che gli IBC VARIBOX, sicuri e riutilizzabili, vengono utilizzati per molte applicazioni diverse in molti mercati diversi. Pertanto, \u00e8 possibile che la vostra domanda\/risposta non sia inclusa nella sezione di supporto. In tal caso, contattate il nostro Servizio Clienti, che sar\u00e0 lieto di aiutarvi.<\/p><\/div><\/div><\/div>\n\n\n\n<div class=\"wp-block-ugb-button ugb-button-wrapper green-button wow animate__animated animate__fadeIn ugb-981475f ugb-button--mobile-aligned ugb-main-block\"><style>.ugb-981475f .ugb-block-content{justify-content:center !important}.ugb-981475f .ugb-button1 .ugb-button--inner{font-weight:bold !important}.ugb-981475f .ugb-button1:hover{opacity:1}.ugb-981475f .ugb-inner-block{text-align:center}@media screen and (max-width:768px){.ugb-981475f .ugb-block-content{justify-content:center !important}.ugb-981475f .ugb-inner-block{text-align:center}}<\/style><div class=\"ugb-inner-block\"><div class=\"ugb-block-content\"><div class=\"ugb-button-container\"><a class=\"ugb-button1 ugb-button ugb-button--size-normal\" href=\"https:\/\/varibox.best4u.dev\/it\/contattateci\/\" rel=\"\" title=\"\"><span class=\"ugb-button--inner\">Contattate<\/span><\/a><\/div><\/div><\/div><\/div>\n<\/div><\/div><\/div><\/div><\/div><\/div>\n","protected":false},"excerpt":{"rendered":"<p>Collegare il sensore di livello In questa pagina troverete un video su come collegare il vostro sistema di pompaggio al sensore di livello degli IBC VARIBOX a doppia parete. Esistono tre diversi sensori di livello: il sensore di vuoto, il sensore di basso livello e il sensore di pieno. Il video seguente mostra come collegare [&hellip;]<\/p>\n","protected":false},"author":1,"featured_media":28638,"parent":0,"menu_order":0,"comment_status":"open","ping_status":"open","template":"","meta":{"_acf_changed":false,"footnotes":""},"class_list":["post-61768","page","type-page","status-publish","has-post-thumbnail","hentry"],"blocksy_meta":{"styles_descriptor":{"styles":{"desktop":"","tablet":"","mobile":""},"google_fonts":[],"version":6}},"featured_image_urls_v2":{"full":["https:\/\/varibox.best4u.dev\/wp-content\/uploads\/2024\/10\/Aansluitschema-melders-VARIBOX-1024x698-1.png",1024,698,false],"thumbnail":["https:\/\/varibox.best4u.dev\/wp-content\/uploads\/2024\/10\/Aansluitschema-melders-VARIBOX-1024x698-1-256x256.png",256,256,true],"medium":["https:\/\/varibox.best4u.dev\/wp-content\/uploads\/2024\/10\/Aansluitschema-melders-VARIBOX-1024x698-1-512x349.png",512,349,true],"medium_large":["https:\/\/varibox.best4u.dev\/wp-content\/uploads\/2024\/10\/Aansluitschema-melders-VARIBOX-1024x698-1-768x524.png",768,524,true],"large":["https:\/\/varibox.best4u.dev\/wp-content\/uploads\/2024\/10\/Aansluitschema-melders-VARIBOX-1024x698-1.png",1024,698,false],"1536x1536":["https:\/\/varibox.best4u.dev\/wp-content\/uploads\/2024\/10\/Aansluitschema-melders-VARIBOX-1024x698-1.png",1024,698,false],"2048x2048":["https:\/\/varibox.best4u.dev\/wp-content\/uploads\/2024\/10\/Aansluitschema-melders-VARIBOX-1024x698-1.png",1024,698,false],"woocommerce_archive_thumbnail":["https:\/\/varibox.best4u.dev\/wp-content\/uploads\/2024\/10\/Aansluitschema-melders-VARIBOX-1024x698-1-270x184.png",270,184,true],"gform-image-choice-sm":["https:\/\/varibox.best4u.dev\/wp-content\/uploads\/2024\/10\/Aansluitschema-melders-VARIBOX-1024x698-1.png",300,204,false],"gform-image-choice-md":["https:\/\/varibox.best4u.dev\/wp-content\/uploads\/2024\/10\/Aansluitschema-melders-VARIBOX-1024x698-1.png",400,273,false],"gform-image-choice-lg":["https:\/\/varibox.best4u.dev\/wp-content\/uploads\/2024\/10\/Aansluitschema-melders-VARIBOX-1024x698-1.png",600,409,false],"woocommerce_thumbnail":["https:\/\/varibox.best4u.dev\/wp-content\/uploads\/2024\/10\/Aansluitschema-melders-VARIBOX-1024x698-1-270x184.png",270,184,true],"woocommerce_single":["https:\/\/varibox.best4u.dev\/wp-content\/uploads\/2024\/10\/Aansluitschema-melders-VARIBOX-1024x698-1.png",1024,698,false],"woocommerce_gallery_thumbnail":["https:\/\/varibox.best4u.dev\/wp-content\/uploads\/2024\/10\/Aansluitschema-melders-VARIBOX-1024x698-1-100x100.png",100,100,true],"variation_swatches_image_size":["https:\/\/varibox.best4u.dev\/wp-content\/uploads\/2024\/10\/Aansluitschema-melders-VARIBOX-1024x698-1-50x50.png",50,50,true],"variation_swatches_tooltip_size":["https:\/\/varibox.best4u.dev\/wp-content\/uploads\/2024\/10\/Aansluitschema-melders-VARIBOX-1024x698-1-100x100.png",100,100,true]},"post_excerpt_stackable_v2":"<p>Collegare il sensore di livelloIn questa pagina troverete un video su come collegare il vostro sistema di pompaggio al sensore di livello degli IBC VARIBOX a doppia parete. Esistono tre diversi sensori di livello: il sensore di vuoto, il sensore di basso livello e il sensore di pieno. Il video seguente mostra come collegare e scollegare i sensori. Contattate Pi\u00f9 sicuro Riutilizzabile Sostenibile Collegare il sensore di livelloSulla parte superiore della VARIBOX \u00e8 presente un collegamento a spina. Qui \u00e8 possibile collegare un cavo con la spina a 2 poli corretta. Per prima cosa, rimuovere il coperchio dal collegamento a&hellip;<\/p>\n","category_list_v2":"","author_info_v2":{"name":"Best4u","url":"https:\/\/varibox.best4u.dev\/it\/author\/best4u\/"},"comments_num_v2":"0 comments","acf":[],"_links":{"self":[{"href":"https:\/\/varibox.best4u.dev\/it\/wp-json\/wp\/v2\/pages\/61768","targetHints":{"allow":["GET"]}}],"collection":[{"href":"https:\/\/varibox.best4u.dev\/it\/wp-json\/wp\/v2\/pages"}],"about":[{"href":"https:\/\/varibox.best4u.dev\/it\/wp-json\/wp\/v2\/types\/page"}],"author":[{"embeddable":true,"href":"https:\/\/varibox.best4u.dev\/it\/wp-json\/wp\/v2\/users\/1"}],"replies":[{"embeddable":true,"href":"https:\/\/varibox.best4u.dev\/it\/wp-json\/wp\/v2\/comments?post=61768"}],"version-history":[{"count":1,"href":"https:\/\/varibox.best4u.dev\/it\/wp-json\/wp\/v2\/pages\/61768\/revisions"}],"predecessor-version":[{"id":61769,"href":"https:\/\/varibox.best4u.dev\/it\/wp-json\/wp\/v2\/pages\/61768\/revisions\/61769"}],"wp:featuredmedia":[{"embeddable":true,"href":"https:\/\/varibox.best4u.dev\/it\/wp-json\/wp\/v2\/media\/28638"}],"wp:attachment":[{"href":"https:\/\/varibox.best4u.dev\/it\/wp-json\/wp\/v2\/media?parent=61768"}],"curies":[{"name":"wp","href":"https:\/\/api.w.org\/{rel}","templated":true}]}}