{"id":61750,"date":"2021-11-23T16:37:42","date_gmt":"2021-11-23T15:37:42","guid":{"rendered":"https:\/\/varibox.best4u.dev\/collegare-laccoppiatore-ns4\/"},"modified":"2024-11-08T11:42:06","modified_gmt":"2024-11-08T10:42:06","slug":"collegare-laccoppiatore-ns4","status":"publish","type":"page","link":"https:\/\/varibox.best4u.dev\/it\/collegare-laccoppiatore-ns4\/","title":{"rendered":"Collegare l&#8217;accoppiatore NS4"},"content":{"rendered":"\n<div class=\"wp-block-ugb-columns ugb-columns ugb-0d5d96e ugb-columns--design-plain ugb-columns--columns-2 ugb-main-block\"><style>.ugb-0d5d96e > .ugb-inner-block > .ugb-block-content > .ugb-columns__item{grid-template-columns:1.40fr 0.60fr !important}@media screen and (min-width:768px){.ugb-0d5d96e.ugb-columns{margin-bottom:83px !important}}@media screen and (max-width:768px){.ugb-0d5d96e-content-wrapper{grid-row-gap:0 !important}}<\/style><div class=\"ugb-inner-block\"><div class=\"ugb-block-content\"><div class=\"ugb-columns__item ugb-0d5d96e-content-wrapper\">\n<div class=\"wp-block-ugb-column ugb-column ugb-b383129 ugb-column--design-plain ugb-main-block\"><div class=\"ugb-inner-block\"><div class=\"ugb-block-content\"><div class=\"ugb-column__item ugb-b383129-column-wrapper\"><div class=\"ugb-column__content-wrapper\">\n<div class=\"wp-block-ugb-heading ugb-heading wow animate__animated animate__fadeIn ugb-bcdb7f0 ugb-main-block\"><style>.ugb-bcdb7f0 .ugb-heading__subtitle{margin-bottom:-5px !important}<\/style><div class=\"ugb-inner-block\"><div class=\"ugb-block-content\"><h1 class=\"ugb-heading__title\">Collegare l&#8217;accoppiatore NS4 <\/h1><p class=\"ugb-heading__subtitle\">In questa pagina troverete un video su come collegare l&#8217;accoppiatore NS4 al nostro IBC (Intermediate Bulk Container). Gli IBC VARIBOX a doppia parete sono stati appositamente progettati per aumentare la sicurezza in molti mercati diversi. Il loro design unico crea un sistema completamente chiuso che evita il contatto con le sostanze chimiche. Per estrarre il prodotto chimico dall&#8217;IBC \u00e8 semplice: basta inserire il contro-accoppiatore proveniente dal sistema di pompaggio nel tubo di estrazione della VARIBOX. Sono disponibili diversi tubi estrattori per la VARIBOX, come il VARIBOX Safeline Performance e Precision e il tubo estrattore NS4.<\/p><\/div><\/div><\/div>\n\n\n\n<div class=\"wp-block-ugb-button ugb-button-wrapper green-button wow animate__animated animate__fadeIn ugb-6689757 ugb-button--mobile-aligned ugb-main-block\"><style>.ugb-6689757 .ugb-block-content{justify-content:flex-start !important}.ugb-6689757 .ugb-button1 .ugb-button--inner{font-weight:bold !important}.ugb-6689757 .ugb-button1:hover{opacity:1}.ugb-6689757 .ugb-inner-block{text-align:left}@media screen and (min-width:768px){.ugb-6689757.ugb-button-wrapper{margin-bottom:0px !important}}@media screen and (max-width:768px){.ugb-6689757 .ugb-block-content{justify-content:center !important}.ugb-6689757 .ugb-inner-block{text-align:center}}<\/style><div class=\"ugb-inner-block\"><div class=\"ugb-block-content\"><div class=\"ugb-button-container\"><a class=\"ugb-button1 ugb-button ugb-button--size-normal\" href=\"https:\/\/varibox.best4u.dev\/it\/contattateci\/\" rel=\"\" title=\"\"><span class=\"ugb-button--inner\">Contattate<\/span><\/a><\/div><\/div><\/div><\/div>\n<\/div><\/div><\/div><\/div><\/div>\n\n\n\n<div class=\"wp-block-ugb-column ugb-column ugb-e882f9a ugb-column--design-plain ugb-main-block\"><style>@media screen and (max-width:768px){.ugb-e882f9a .ugb-inner-block{text-align:center}}<\/style><div class=\"ugb-inner-block\"><div class=\"ugb-block-content\"><div class=\"ugb-column__item ugb-e882f9a-column-wrapper\"><div class=\"ugb-column__content-wrapper\">\n<figure class=\"wp-block-image size-full wow animate__animated animate__fadeIn\"><img decoding=\"async\" width=\"325\" height=\"370\" src=\"https:\/\/varibox.best4u.dev\/wp-content\/uploads\/2024\/10\/Connect-the-NS4-Coupler-2.png\" alt=\"Connect the NS4 Coupler\" class=\"wp-image-11896\"\/><\/figure>\n<\/div><\/div><\/div><\/div><\/div>\n<\/div><\/div><\/div><\/div>\n\n\n\n<div class=\"alignfull wp-block-ugb-container ugb-container ugb-25beaa0 ugb-container--v2 ugb-container--design-plain ugb-main-block ugb-main-block--inner-center ugb--has-block-background\"><style>.ugb-25beaa0.ugb-container{background-color:var(--theme-palette-color-7,#F9FAFB)}.ugb-25beaa0.ugb-container:before{background-color:var(--theme-palette-color-7,#F9FAFB)}@media screen and (min-width:768px){.ugb-25beaa0-content-wrapper.ugb-container__content-wrapper{width:85% !important}.ugb-25beaa0.ugb-container{margin-bottom:0px !important;padding-top:0px !important;padding-right:35px !important;padding-bottom:0px !important;padding-left:35px !important}}@media screen and (min-width:768px) and (max-width:1025px){.ugb-25beaa0-content-wrapper.ugb-container__content-wrapper{width:100% !important}}@media screen and (max-width:768px){.ugb-25beaa0.ugb-container{margin-bottom:0px !important;padding-top:0px !important;padding-right:18px !important;padding-bottom:0px !important;padding-left:18px !important}}@media screen and (min-width:768px){.ugb-25beaa0 > .ugb-inner-block > .ugb-block-content > *{padding-top:40px !important;padding-bottom:40px !important}}@media screen and (max-width:768px){.ugb-25beaa0 > .ugb-inner-block > .ugb-block-content > *{padding-top:35px !important;padding-bottom:0px !important}}<\/style><div class=\"ugb-inner-block ugb-inner-block--center\"><div class=\"ugb-block-content\"><div class=\"ugb-container__wrapper ugb-25beaa0-wrapper\"><div class=\"ugb-container__side\"><div class=\"ugb-container__content-wrapper ugb-25beaa0-content-wrapper\">\n<div class=\"aligncenter wp-block-ugb-columns ugb-columns top-icons-columns ugb-609d063 ugb-columns--design-plain ugb-columns--columns-3 ugb-main-block\"><style>.ugb-609d063-content-wrapper{grid-column-gap:15px !important}@media screen and (min-width:768px) and (max-width:1025px){.ugb-609d063-content-wrapper{grid-column-gap:0px !important}}@media screen and (max-width:768px){.ugb-609d063-content-wrapper{grid-row-gap:0 !important;grid-column-gap:0px !important}.ugb-609d063 .ugb-inner-block{text-align:center}.ugb-609d063.ugb-columns{margin-top:0px !important;margin-bottom:0px !important}}<\/style><div class=\"ugb-inner-block\"><div class=\"ugb-block-content\"><div class=\"ugb-columns__item ugb-609d063-content-wrapper\">\n<div class=\"wp-block-ugb-column ugb-column ugb-aa84cea ugb-column--design-plain ugb-main-block\"><div class=\"ugb-inner-block\"><div class=\"ugb-block-content\"><div class=\"ugb-column__item ugb-aa84cea-column-wrapper\"><div class=\"ugb-column__content-wrapper\">\n<div class=\"wp-block-group is-layout-flow wp-block-group-is-layout-flow\">\n<div class=\"wp-block-media-text alignwide is-stacked-on-mobile is-vertically-aligned-center content-pages-top-icons\" style=\"grid-template-columns:30% auto\"><figure class=\"wp-block-media-text__media\"><img decoding=\"async\" src=\"https:\/\/varibox.best4u.dev\/wp-content\/uploads\/2021\/12\/test.svg\" alt=\"\" class=\"wp-image-3005 size-full\"\/><\/figure><div class=\"wp-block-media-text__content\">\n<h4 class=\"wp-block-heading has-text-align-left has-medium-font-size\">Pi\u00f9 sicuro<\/h4>\n<\/div><\/div>\n<\/div>\n<\/div><\/div><\/div><\/div><\/div>\n\n\n\n<div class=\"wp-block-ugb-column ugb-column ugb-a25ba9c ugb-column--design-plain ugb-main-block\"><div class=\"ugb-inner-block\"><div class=\"ugb-block-content\"><div class=\"ugb-column__item ugb-a25ba9c-column-wrapper\"><div class=\"ugb-column__content-wrapper\">\n<div class=\"wp-block-group is-layout-flow wp-block-group-is-layout-flow\">\n<div class=\"wp-block-media-text alignwide is-stacked-on-mobile is-vertically-aligned-center content-pages-top-icons\" style=\"grid-template-columns:30% auto\"><figure class=\"wp-block-media-text__media\"><img decoding=\"async\" src=\"https:\/\/varibox.best4u.dev\/wp-content\/uploads\/2021\/11\/reuseablility-green-1.svg\" alt=\"\" class=\"wp-image-1838 size-full\"\/><\/figure><div class=\"wp-block-media-text__content\">\n<h4 class=\"wp-block-heading has-text-align-left has-medium-font-size\">Riutilizzabile<\/h4>\n<\/div><\/div>\n<\/div>\n<\/div><\/div><\/div><\/div><\/div>\n\n\n\n<div class=\"wp-block-ugb-column ugb-column ugb-ed3faa1 ugb-column--design-plain ugb-main-block\"><div class=\"ugb-inner-block\"><div class=\"ugb-block-content\"><div class=\"ugb-column__item ugb-ed3faa1-column-wrapper\"><div class=\"ugb-column__content-wrapper\">\n<div class=\"wp-block-group is-layout-flow wp-block-group-is-layout-flow\">\n<div class=\"wp-block-media-text alignwide is-stacked-on-mobile is-vertically-aligned-center content-pages-top-icons\" style=\"grid-template-columns:29% auto\"><figure class=\"wp-block-media-text__media\"><img decoding=\"async\" src=\"https:\/\/varibox.best4u.dev\/wp-content\/uploads\/2021\/11\/sustainability-green-1.svg\" alt=\"\" class=\"wp-image-1851 size-full\"\/><\/figure><div class=\"wp-block-media-text__content\">\n<h4 class=\"wp-block-heading has-text-align-left has-medium-font-size\">Sostenibile<\/h4>\n<\/div><\/div>\n<\/div>\n<\/div><\/div><\/div><\/div><\/div>\n<\/div><\/div><\/div><\/div>\n<\/div><\/div><\/div><\/div><\/div><\/div>\n\n\n\n<div class=\"alignfull wp-block-ugb-container ugb-container ugb-0591a81 ugb-container--v2 ugb-container--design-plain ugb-main-block ugb-main-block--inner-center ugb--has-block-background ugb--has-background-overlay\"><style>.ugb-0591a81.ugb-container{background-color:var(--theme-palette-color-8,#f8fafc)}.ugb-0591a81.ugb-container:before{background-image:linear-gradient(180deg,var(--theme-palette-color-8,#f8fafc) 0%,#ffffff 100%)}@media screen and (min-width:768px){.ugb-0591a81-content-wrapper.ugb-container__content-wrapper{width:70% !important}.ugb-0591a81.ugb-container{padding-top:0px !important;padding-right:35px !important;padding-bottom:0px !important;padding-left:35px !important}}@media screen and (min-width:768px){.ugb-0591a81 > .ugb-inner-block > .ugb-block-content > *{padding-top:64px !important;padding-bottom:64px !important}}<\/style><div class=\"ugb-inner-block ugb-inner-block--center\"><div class=\"ugb-block-content\"><div class=\"ugb-container__wrapper ugb-0591a81-wrapper\"><div class=\"ugb-container__side\"><div class=\"ugb-container__content-wrapper ugb-0591a81-content-wrapper\">\n<div class=\"wp-block-ugb-heading ugb-heading wow animate__animated animate__fadeIn ugb-c0402a0 ugb-main-block\"><style>.ugb-c0402a0 .ugb-heading__title{text-align:center}.ugb-c0402a0 .ugb-inner-block{text-align:center}@media screen and (min-width:768px){.ugb-c0402a0.ugb-heading{margin-top:-45px !important}}<\/style><div class=\"ugb-inner-block\"><div class=\"ugb-block-content\"><h2 class=\"ugb-heading__title\">The NS4 video<\/h2><\/div><\/div><\/div>\n\n\n\n<figure class=\"wp-block-embed alignfull is-type-video is-provider-youtube wp-block-embed-youtube wow animate__animated animate__fadeIn wp-embed-aspect-16-9 wp-has-aspect-ratio\"><div class=\"wp-block-embed__wrapper\">\n<iframe title=\"Connecting the NS4 coupler on to your VARIBOX FC\" width=\"1200\" height=\"675\" src=\"https:\/\/www.youtube.com\/embed\/IEkTP_om5Ak?feature=oembed\" frameborder=\"0\" allow=\"accelerometer; autoplay; clipboard-write; encrypted-media; gyroscope; picture-in-picture; web-share\" referrerpolicy=\"strict-origin-when-cross-origin\" allowfullscreen><\/iframe>\n<\/div><\/figure>\n\n\n\n<div class=\"wp-block-ugb-heading ugb-heading wow animate__animated animate__fadeIn ugb-2a92cde ugb-main-block\"><style>.ugb-2a92cde .ugb-heading__title{text-align:center;margin-bottom:24px !important}.ugb-2a92cde .ugb-heading__subtitle{margin-bottom:64px !important}.ugb-2a92cde .ugb-inner-block{text-align:center}@media screen and (min-width:768px){.ugb-2a92cde.ugb-heading{margin-top:75px !important;margin-bottom:0px !important}}@media screen and (max-width:1025px){.ugb-2a92cde .ugb-heading__title{text-align:center}.ugb-2a92cde .ugb-inner-block{text-align:center}}@media screen and (max-width:768px){.ugb-2a92cde .ugb-heading__title{text-align:center}.ugb-2a92cde .ugb-heading__subtitle{text-align:center}.ugb-2a92cde .ugb-inner-block{text-align:center}}<\/style><div class=\"ugb-inner-block\"><div class=\"ugb-block-content\"><h2 class=\"ugb-heading__title\">Collegare l&#8217;accoppiatore NS4 al nostro IBC<\/h2><p class=\"ugb-heading__subtitle\">Il tubo di estrazione NS4 \u00e8 un tubo della VARIBOX che raggiunge il punto pi\u00f9 basso del contenitore interno. Al tubo di estrazione NS4 pu\u00f2 essere collegato un accoppiatore. Con la VARIBOX, un tubo di estrazione NS4 \u00e8 un&#8217;opzione che consente di pompare il prodotto fuori dalla VARIBOX senza aprire la VARIBOX. Ci\u00f2 consente di lavorare in sicurezza con le sostanze chimiche e di evitare che fumi e prodotti chimici tossici fuoriescano dal contenitore della VARIBOX. Per alcuni sistemi di dosaggio \u00e8 necessaria una connessione di ritorno. Questa \u00e8 una funzione standard del tubo estrattore NS4.<\/p><\/div><\/div><\/div>\n\n\n\n<div class=\"wp-block-ugb-heading ugb-heading wow animate__animated animate__fadeIn ugb-283302e ugb-main-block\"><style>.ugb-283302e .ugb-heading__title{text-align:center}.ugb-283302e .ugb-inner-block{text-align:center}<\/style><div class=\"ugb-inner-block\"><div class=\"ugb-block-content\"><h2 class=\"ugb-heading__title\">Il minimo residuo dopo lo svuotamento<\/h2><p class=\"ugb-heading__subtitle\">Nella VARIBOX rimane pochissimo prodotto, perch\u00e9 il tubo estrattore NS4 si trova nel punto pi\u00f9 basso del contenitore interno. La manipolazione e il trasporto della VARIBOX vuota sono quindi pi\u00f9 sicuri. Dopo lo svuotamento, nella VARIBOX rimangono circa 0,1 litri. Nel tubo di estrazione NS4 rimane meno di 0,1 litri. Queste quantit\u00e0 si riferiscono all&#8217;acqua e variano a seconda del prodotto chimico. Inoltre, il tubo estrattore NS4 \u00e8 stato sviluppato per essere utilizzato con una variet\u00e0 di prodotti chimici. Il tubo estrattore NS4 \u00e8 resistente alla maggior parte delle sostanze chimiche, ma \u00e8 molto importante scegliere la versione corretta.<\/p><\/div><\/div><\/div>\n\n\n\n<div class=\"wp-block-ugb-heading ugb-heading wow animate__animated animate__fadeIn ugb-09fcf35 ugb-main-block\"><style>.ugb-09fcf35 .ugb-heading__title{text-align:center;margin-bottom:24px !important}.ugb-09fcf35 .ugb-heading__subtitle{text-align:center;margin-bottom:64px !important}.ugb-09fcf35 .ugb-inner-block{text-align:center}@media screen and (min-width:768px){.ugb-09fcf35.ugb-heading{margin-bottom:0px !important}}@media screen and (max-width:1025px){.ugb-09fcf35 .ugb-heading__title{text-align:center}.ugb-09fcf35 .ugb-inner-block{text-align:center}}@media screen and (max-width:768px){.ugb-09fcf35 .ugb-heading__title{text-align:center}.ugb-09fcf35 .ugb-heading__subtitle{text-align:center}.ugb-09fcf35 .ugb-inner-block{text-align:center}}<\/style><div class=\"ugb-inner-block\"><div class=\"ugb-block-content\"><h5 class=\"ugb-heading__title\">Non hai trovato la tua risposta nel video Collegare l&#8217;accoppiatore NS4?<\/h5><p class=\"ugb-heading__subtitle\">Sappiamo che gli IBC VARIBOX, sicuri e riutilizzabili, vengono utilizzati per molte applicazioni diverse in molti mercati diversi. Pertanto, \u00e8 possibile che la vostra domanda\/risposta non sia inclusa nella sezione di supporto. In tal caso, contattate il nostro Servizio Clienti, che sar\u00e0 lieto di aiutarvi.<\/p><\/div><\/div><\/div>\n\n\n\n<div class=\"wp-block-ugb-button ugb-button-wrapper green-button wow animate__animated animate__fadeIn ugb-981475f ugb-button--mobile-aligned ugb-main-block\"><style>.ugb-981475f .ugb-block-content{justify-content:center !important}.ugb-981475f .ugb-button1 .ugb-button--inner{font-weight:bold !important}.ugb-981475f .ugb-button1:hover{opacity:1}.ugb-981475f .ugb-inner-block{text-align:center}@media screen and (max-width:768px){.ugb-981475f .ugb-block-content{justify-content:center !important}.ugb-981475f .ugb-inner-block{text-align:center}}<\/style><div class=\"ugb-inner-block\"><div class=\"ugb-block-content\"><div class=\"ugb-button-container\"><a class=\"ugb-button1 ugb-button ugb-button--size-normal\" href=\"https:\/\/varibox.best4u.dev\/it\/contattateci\/\" rel=\"\" title=\"\"><span class=\"ugb-button--inner\">Contattate<\/span><\/a><\/div><\/div><\/div><\/div>\n<\/div><\/div><\/div><\/div><\/div><\/div>\n","protected":false},"excerpt":{"rendered":"<p>Collegare l&#8217;accoppiatore NS4 In questa pagina troverete un video su come collegare l&#8217;accoppiatore NS4 al nostro IBC (Intermediate Bulk Container). Gli IBC VARIBOX a doppia parete sono stati appositamente progettati per aumentare la sicurezza in molti mercati diversi. Il loro design unico crea un sistema completamente chiuso che evita il contatto con le sostanze chimiche. [&hellip;]<\/p>\n","protected":false},"author":1,"featured_media":28097,"parent":0,"menu_order":0,"comment_status":"open","ping_status":"open","template":"","meta":{"_acf_changed":false,"footnotes":""},"class_list":["post-61750","page","type-page","status-publish","has-post-thumbnail","hentry"],"blocksy_meta":{"styles_descriptor":{"styles":{"desktop":"","tablet":"","mobile":""},"google_fonts":[],"version":6}},"featured_image_urls_v2":{"full":["https:\/\/varibox.best4u.dev\/wp-content\/uploads\/2024\/10\/Connect-the-NS4-Coupler-2.png",325,370,false],"thumbnail":["https:\/\/varibox.best4u.dev\/wp-content\/uploads\/2024\/10\/Connect-the-NS4-Coupler-2-256x256.png",256,256,true],"medium":["https:\/\/varibox.best4u.dev\/wp-content\/uploads\/2024\/10\/Connect-the-NS4-Coupler-2.png",325,370,false],"medium_large":["https:\/\/varibox.best4u.dev\/wp-content\/uploads\/2024\/10\/Connect-the-NS4-Coupler-2.png",325,370,false],"large":["https:\/\/varibox.best4u.dev\/wp-content\/uploads\/2024\/10\/Connect-the-NS4-Coupler-2.png",325,370,false],"1536x1536":["https:\/\/varibox.best4u.dev\/wp-content\/uploads\/2024\/10\/Connect-the-NS4-Coupler-2.png",325,370,false],"2048x2048":["https:\/\/varibox.best4u.dev\/wp-content\/uploads\/2024\/10\/Connect-the-NS4-Coupler-2.png",325,370,false],"woocommerce_archive_thumbnail":["https:\/\/varibox.best4u.dev\/wp-content\/uploads\/2024\/10\/Connect-the-NS4-Coupler-2-270x307.png",270,307,true],"gform-image-choice-sm":["https:\/\/varibox.best4u.dev\/wp-content\/uploads\/2024\/10\/Connect-the-NS4-Coupler-2.png",264,300,false],"gform-image-choice-md":["https:\/\/varibox.best4u.dev\/wp-content\/uploads\/2024\/10\/Connect-the-NS4-Coupler-2.png",325,370,false],"gform-image-choice-lg":["https:\/\/varibox.best4u.dev\/wp-content\/uploads\/2024\/10\/Connect-the-NS4-Coupler-2.png",325,370,false],"woocommerce_thumbnail":["https:\/\/varibox.best4u.dev\/wp-content\/uploads\/2024\/10\/Connect-the-NS4-Coupler-2-270x307.png",270,307,true],"woocommerce_single":["https:\/\/varibox.best4u.dev\/wp-content\/uploads\/2024\/10\/Connect-the-NS4-Coupler-2.png",325,370,false],"woocommerce_gallery_thumbnail":["https:\/\/varibox.best4u.dev\/wp-content\/uploads\/2024\/10\/Connect-the-NS4-Coupler-2-100x100.png",100,100,true],"variation_swatches_image_size":["https:\/\/varibox.best4u.dev\/wp-content\/uploads\/2024\/10\/Connect-the-NS4-Coupler-2-50x50.png",50,50,true],"variation_swatches_tooltip_size":["https:\/\/varibox.best4u.dev\/wp-content\/uploads\/2024\/10\/Connect-the-NS4-Coupler-2-100x100.png",100,100,true]},"post_excerpt_stackable_v2":"<p>Collegare l&#8217;accoppiatore NS4 In questa pagina troverete un video su come collegare l&#8217;accoppiatore NS4 al nostro IBC (Intermediate Bulk Container). Gli IBC VARIBOX a doppia parete sono stati appositamente progettati per aumentare la sicurezza in molti mercati diversi. Il loro design unico crea un sistema completamente chiuso che evita il contatto con le sostanze chimiche. Per estrarre il prodotto chimico dall&#8217;IBC \u00e8 semplice: basta inserire il contro-accoppiatore proveniente dal sistema di pompaggio nel tubo di estrazione della VARIBOX. Sono disponibili diversi tubi estrattori per la VARIBOX, come il VARIBOX Safeline Performance e Precision e il tubo estrattore NS4. Contattate Pi\u00f9&hellip;<\/p>\n","category_list_v2":"","author_info_v2":{"name":"Best4u","url":"https:\/\/varibox.best4u.dev\/it\/author\/best4u\/"},"comments_num_v2":"0 comments","acf":[],"_links":{"self":[{"href":"https:\/\/varibox.best4u.dev\/it\/wp-json\/wp\/v2\/pages\/61750","targetHints":{"allow":["GET"]}}],"collection":[{"href":"https:\/\/varibox.best4u.dev\/it\/wp-json\/wp\/v2\/pages"}],"about":[{"href":"https:\/\/varibox.best4u.dev\/it\/wp-json\/wp\/v2\/types\/page"}],"author":[{"embeddable":true,"href":"https:\/\/varibox.best4u.dev\/it\/wp-json\/wp\/v2\/users\/1"}],"replies":[{"embeddable":true,"href":"https:\/\/varibox.best4u.dev\/it\/wp-json\/wp\/v2\/comments?post=61750"}],"version-history":[{"count":1,"href":"https:\/\/varibox.best4u.dev\/it\/wp-json\/wp\/v2\/pages\/61750\/revisions"}],"predecessor-version":[{"id":61751,"href":"https:\/\/varibox.best4u.dev\/it\/wp-json\/wp\/v2\/pages\/61750\/revisions\/61751"}],"wp:featuredmedia":[{"embeddable":true,"href":"https:\/\/varibox.best4u.dev\/it\/wp-json\/wp\/v2\/media\/28097"}],"wp:attachment":[{"href":"https:\/\/varibox.best4u.dev\/it\/wp-json\/wp\/v2\/media?parent=61750"}],"curies":[{"name":"wp","href":"https:\/\/api.w.org\/{rel}","templated":true}]}}