{"id":61741,"date":"2021-12-22T13:32:36","date_gmt":"2021-12-22T12:32:36","guid":{"rendered":"https:\/\/varibox.best4u.dev\/collegamento-safeline-performance\/"},"modified":"2024-11-08T11:42:06","modified_gmt":"2024-11-08T10:42:06","slug":"collegamento-safeline-performance","status":"publish","type":"page","link":"https:\/\/varibox.best4u.dev\/it\/collegamento-safeline-performance\/","title":{"rendered":"Collegamento Safeline Performance"},"content":{"rendered":"\n<div class=\"wp-block-ugb-columns ugb-columns ugb-0d5d96e ugb-columns--design-plain ugb-columns--columns-2 ugb-main-block\"><style>.ugb-0d5d96e > .ugb-inner-block > .ugb-block-content > .ugb-columns__item{grid-template-columns:1.40fr 0.60fr !important}@media screen and (min-width:768px){.ugb-0d5d96e.ugb-columns{margin-bottom:83px !important}}@media screen and (max-width:768px){.ugb-0d5d96e-content-wrapper{grid-row-gap:0 !important}}<\/style><div class=\"ugb-inner-block\"><div class=\"ugb-block-content\"><div class=\"ugb-columns__item ugb-0d5d96e-content-wrapper\">\n<div class=\"wp-block-ugb-column ugb-column ugb-b383129 ugb-column--design-plain ugb-main-block\"><div class=\"ugb-inner-block\"><div class=\"ugb-block-content\"><div class=\"ugb-column__item ugb-b383129-column-wrapper\"><div class=\"ugb-column__content-wrapper\">\n<div class=\"wp-block-ugb-heading ugb-heading wow animate__animated animate__fadeIn ugb-bcdb7f0 ugb-main-block\"><style>.ugb-bcdb7f0 .ugb-heading__subtitle{margin-bottom:-5px !important}<\/style><div class=\"ugb-inner-block\"><div class=\"ugb-block-content\"><h1 class=\"ugb-heading__title\">Collegamento Safeline Performance<\/h1><p class=\"ugb-heading__subtitle\">Collegamento Safeline Performance &#8211; La sicurezza del trasporto e dello stoccaggio sono i principi base per cui sono stati sviluppati i contenitori intermedi per rinfuse (IBC) di VARIBOX. Per garantire la sicurezza nell&#8217;utilizzo dei nostri contenitori, tutti i contenitori possono essere dotati del sistema VARIBOX Safeline. Il sistema VARIBOX Safeline \u00e8 un sistema facile da usare che consiste in un tubo di estrazione nel container che pu\u00f2 essere collegato al vostro sistema tramite un accoppiatore. In questa pagina \u00e8 disponibile un video sul collegamento del sistema Safeline Performance.<\/p><\/div><\/div><\/div>\n\n\n\n<div class=\"wp-block-ugb-button ugb-button-wrapper green-button wow animate__animated animate__fadeIn ugb-be91b71 ugb-button--mobile-aligned ugb-main-block\"><style>.ugb-be91b71 .ugb-block-content{justify-content:flex-start !important}.ugb-be91b71 .ugb-button1 .ugb-button--inner{font-weight:bold !important}.ugb-be91b71 .ugb-button1:hover{opacity:1}.ugb-be91b71 .ugb-inner-block{text-align:left}@media screen and (min-width:768px){.ugb-be91b71.ugb-button-wrapper{margin-bottom:0px !important}}@media screen and (max-width:768px){.ugb-be91b71 .ugb-block-content{justify-content:center !important}.ugb-be91b71 .ugb-inner-block{text-align:center}}<\/style><div class=\"ugb-inner-block\"><div class=\"ugb-block-content\"><div class=\"ugb-button-container\"><a class=\"ugb-button1 ugb-button ugb-button--size-normal\" href=\"https:\/\/varibox.best4u.dev\/it\/contattateci\/\" rel=\"\" title=\"\"><span class=\"ugb-button--inner\">Contattate<\/span><\/a><\/div><\/div><\/div><\/div>\n<\/div><\/div><\/div><\/div><\/div>\n\n\n\n<div class=\"wp-block-ugb-column ugb-column ugb-e882f9a ugb-column--design-plain ugb-main-block\"><style>@media screen and (max-width:768px){.ugb-e882f9a .ugb-inner-block{text-align:center}}<\/style><div class=\"ugb-inner-block\"><div class=\"ugb-block-content\"><div class=\"ugb-column__item ugb-e882f9a-column-wrapper\"><div class=\"ugb-column__content-wrapper\">\n<figure class=\"wp-block-image size-full wow animate__animated animate__fadeIn\"><img decoding=\"async\" src=\"https:\/\/varibox.best4u.dev\/wp-content\/uploads\/2024\/10\/VARIBOX-Safeline-2.png\" alt=\"FAQ VARIBOX Safeline Preformance\" class=\"wp-image-10792\"\/><\/figure>\n<\/div><\/div><\/div><\/div><\/div>\n<\/div><\/div><\/div><\/div>\n\n\n\n<div class=\"alignfull wp-block-ugb-container ugb-container ugb-25beaa0 ugb-container--v2 ugb-container--design-plain ugb-main-block ugb-main-block--inner-center ugb--has-block-background\"><style>.ugb-25beaa0.ugb-container{background-color:var(--theme-palette-color-7,#F9FAFB)}.ugb-25beaa0.ugb-container:before{background-color:var(--theme-palette-color-7,#F9FAFB)}@media screen and (min-width:768px){.ugb-25beaa0-content-wrapper.ugb-container__content-wrapper{width:85% !important}.ugb-25beaa0.ugb-container{margin-bottom:0px !important;padding-top:0px !important;padding-right:35px !important;padding-bottom:0px !important;padding-left:35px !important}}@media screen and (min-width:768px) and (max-width:1025px){.ugb-25beaa0-content-wrapper.ugb-container__content-wrapper{width:100% !important}}@media screen and (max-width:768px){.ugb-25beaa0.ugb-container{margin-bottom:0px !important;padding-top:0px !important;padding-right:18px !important;padding-bottom:0px !important;padding-left:18px !important}}@media screen and (min-width:768px){.ugb-25beaa0 > .ugb-inner-block > .ugb-block-content > *{padding-top:40px !important;padding-bottom:40px !important}}@media screen and (max-width:768px){.ugb-25beaa0 > .ugb-inner-block > .ugb-block-content > *{padding-top:35px !important;padding-bottom:0px !important}}<\/style><div class=\"ugb-inner-block ugb-inner-block--center\"><div class=\"ugb-block-content\"><div class=\"ugb-container__wrapper ugb-25beaa0-wrapper\"><div class=\"ugb-container__side\"><div class=\"ugb-container__content-wrapper ugb-25beaa0-content-wrapper\">\n<div class=\"aligncenter wp-block-ugb-columns ugb-columns top-icons-columns ugb-609d063 ugb-columns--design-plain ugb-columns--columns-3 ugb-main-block\"><style>.ugb-609d063-content-wrapper{grid-column-gap:15px !important}@media screen and (min-width:768px) and (max-width:1025px){.ugb-609d063-content-wrapper{grid-column-gap:0px !important}}@media screen and (max-width:768px){.ugb-609d063-content-wrapper{grid-row-gap:0 !important;grid-column-gap:0px !important}.ugb-609d063 .ugb-inner-block{text-align:center}.ugb-609d063.ugb-columns{margin-top:0px !important;margin-bottom:0px !important}}<\/style><div class=\"ugb-inner-block\"><div class=\"ugb-block-content\"><div class=\"ugb-columns__item ugb-609d063-content-wrapper\">\n<div class=\"wp-block-ugb-column ugb-column ugb-aa84cea ugb-column--design-plain ugb-main-block\"><div class=\"ugb-inner-block\"><div class=\"ugb-block-content\"><div class=\"ugb-column__item ugb-aa84cea-column-wrapper\"><div class=\"ugb-column__content-wrapper\">\n<div class=\"wp-block-group is-layout-flow wp-block-group-is-layout-flow\">\n<div class=\"wp-block-media-text alignwide is-stacked-on-mobile is-vertically-aligned-center content-pages-top-icons\" style=\"grid-template-columns:30% auto\"><figure class=\"wp-block-media-text__media\"><img decoding=\"async\" src=\"https:\/\/varibox.best4u.dev\/wp-content\/uploads\/2021\/12\/test.svg\" alt=\"\" class=\"wp-image-3005 size-full\"\/><\/figure><div class=\"wp-block-media-text__content\">\n<h4 class=\"wp-block-heading has-text-align-left has-medium-font-size\">Pi\u00f9 sicuro<\/h4>\n<\/div><\/div>\n<\/div>\n<\/div><\/div><\/div><\/div><\/div>\n\n\n\n<div class=\"wp-block-ugb-column ugb-column ugb-a25ba9c ugb-column--design-plain ugb-main-block\"><div class=\"ugb-inner-block\"><div class=\"ugb-block-content\"><div class=\"ugb-column__item ugb-a25ba9c-column-wrapper\"><div class=\"ugb-column__content-wrapper\">\n<div class=\"wp-block-group is-layout-flow wp-block-group-is-layout-flow\">\n<div class=\"wp-block-media-text alignwide is-stacked-on-mobile is-vertically-aligned-center content-pages-top-icons\" style=\"grid-template-columns:30% auto\"><figure class=\"wp-block-media-text__media\"><img decoding=\"async\" src=\"https:\/\/varibox.best4u.dev\/wp-content\/uploads\/2021\/11\/reuseablility-green-1.svg\" alt=\"\" class=\"wp-image-1838 size-full\"\/><\/figure><div class=\"wp-block-media-text__content\">\n<h4 class=\"wp-block-heading has-text-align-left has-medium-font-size\">Riutilizzabile<\/h4>\n<\/div><\/div>\n<\/div>\n<\/div><\/div><\/div><\/div><\/div>\n\n\n\n<div class=\"wp-block-ugb-column ugb-column ugb-ed3faa1 ugb-column--design-plain ugb-main-block\"><div class=\"ugb-inner-block\"><div class=\"ugb-block-content\"><div class=\"ugb-column__item ugb-ed3faa1-column-wrapper\"><div class=\"ugb-column__content-wrapper\">\n<div class=\"wp-block-group is-layout-flow wp-block-group-is-layout-flow\">\n<div class=\"wp-block-media-text alignwide is-stacked-on-mobile is-vertically-aligned-center content-pages-top-icons\" style=\"grid-template-columns:29% auto\"><figure class=\"wp-block-media-text__media\"><img decoding=\"async\" src=\"https:\/\/varibox.best4u.dev\/wp-content\/uploads\/2021\/11\/sustainability-green-1.svg\" alt=\"\" class=\"wp-image-1851 size-full\"\/><\/figure><div class=\"wp-block-media-text__content\">\n<h4 class=\"wp-block-heading has-text-align-left has-medium-font-size\">Sostenibile<\/h4>\n<\/div><\/div>\n<\/div>\n<\/div><\/div><\/div><\/div><\/div>\n<\/div><\/div><\/div><\/div>\n<\/div><\/div><\/div><\/div><\/div><\/div>\n\n\n\n<div class=\"alignfull wp-block-ugb-container ugb-container ugb-0591a81 ugb-container--v2 ugb-container--design-plain ugb-main-block ugb-main-block--inner-center ugb--has-block-background ugb--has-background-overlay\"><style>.ugb-0591a81.ugb-container{background-color:var(--theme-palette-color-8,#f8fafc)}.ugb-0591a81.ugb-container:before{background-image:linear-gradient(180deg,var(--theme-palette-color-8,#f8fafc) 0%,#ffffff 100%)}@media screen and (min-width:768px){.ugb-0591a81-content-wrapper.ugb-container__content-wrapper{width:70% !important}.ugb-0591a81.ugb-container{padding-top:0px !important;padding-right:35px !important;padding-bottom:0px !important;padding-left:35px !important}}@media screen and (min-width:768px){.ugb-0591a81 > .ugb-inner-block > .ugb-block-content > *{padding-top:64px !important;padding-bottom:64px !important}}<\/style><div class=\"ugb-inner-block ugb-inner-block--center\"><div class=\"ugb-block-content\"><div class=\"ugb-container__wrapper ugb-0591a81-wrapper\"><div class=\"ugb-container__side\"><div class=\"ugb-container__content-wrapper ugb-0591a81-content-wrapper\">\n<h2 class=\"wp-block-heading wow animate__animated animate__fadeIn\" id=\"varibox-safeline-performance\">VARIBOX Safeline Performance<\/h2>\n\n\n\n<p>Safeline Performance \u00e8 stato sviluppato appositamente per estrarre volumi elevati. Il sistema Performance ha una capacit\u00e0 di 20 litri al minuto. Safeline Performance \u00e8 disponibile in EPDM e Viton. Sia i tubi che gli alloggiamenti sono realizzati in polietilene. La versione in EPDM ha un colore rosso e una forma rotonda. L&#8217;accoppiatore che deve essere collegato al punto di connessione \u00e8 anch&#8217;esso <strong>di colore rosso e di forma rotonda<\/strong>. La versione in Viton \u00e8 di colore verde e ha una forma dodecagonale. L&#8217;accoppiatore da collegare al punto di connessione \u00e8 anch&#8217;esso <strong>di colore verde e di forma dodecagonale<\/strong>. Questa differenza \u00e8 stata fatta per eliminare il rischio di connessioni errate. Dopo l&#8217;uso, nella VARIBOX rimangono solo 0,1 litri di residui. Nel tubo di estrazione rimangono solo 0,4 litri. Queste quantit\u00e0 si riferiscono all&#8217;acqua e variano in base alle condizioni e al tipo di prodotto chimico.<\/p>\n\n\n\n<figure class=\"wp-block-embed is-type-rich is-provider-handler-delloggetto-incorporato wp-block-embed-handler-delloggetto-incorporato wow animate__animated animate__fadeIn wp-embed-aspect-16-9 wp-has-aspect-ratio\"><div class=\"wp-block-embed__wrapper\">\n<iframe title=\"Connecting VARIBOX Safeline Performance\" width=\"1200\" height=\"675\" src=\"https:\/\/www.youtube.com\/embed\/2PE2cr39T6Y?feature=oembed\" frameborder=\"0\" allow=\"accelerometer; autoplay; clipboard-write; encrypted-media; gyroscope; picture-in-picture; web-share\" referrerpolicy=\"strict-origin-when-cross-origin\" allowfullscreen><\/iframe>\n<\/div><\/figure>\n\n\n\n<h3 class=\"wp-block-heading wow animate__animated animate__fadeIn\" id=\"safeline-safe-and-simple\">Safeline &#8211; safe and simple&nbsp;<\/h3>\n\n\n\n<p>Come appena descritto, il sistema VARIBOX Safeline \u00e8 un sistema facile da usare, composto da tubi estrattori nel contenitore che possono essere collegati al sistema tramite un accoppiatore. Il sistema Safeline \u00e8 completamente chiuso. Ci\u00f2 significa che la VARIBOX non deve essere aperta durante il trasporto o l&#8217;uso. Il fornitore riempie la VARIBOX dotata di sistema Safeline presso la sua sede. Il tubo di estrazione e le altre opzioni presenti nel contenitore vengono preparate per l&#8217;uso e la VARIBOX viene quindi sigillata. Grazie a questo processo completo, il contenitore rimane completamente chiuso durante il trasporto. Questo garantisce la sicurezza durante il carico e il trasporto.<\/p>\n\n\n\n<p>Al momento della consegna, la VARIBOX \u00e8 ancora chiusa. \u00c8 possibile trasportare in sicurezza la VARIBOX dal camion con un carrello elevatore o un transpallet. La VARIBOX pu\u00f2 poi essere collocata in qualsiasi luogo desiderato, poich\u00e9 il contenitore \u00e8 dotato di un sistema di contenimento delle fuoriuscite integrato. Quando la VARIBOX viene utilizzata, non \u00e8 necessario aprire il contenitore. \u00c8 sufficiente collegare una coppia al punto di connessione sulla parte superiore della VARIBOX. Non \u00e8 quindi necessario intervenire sul tappo a vite o sul contenitore stesso. Questo garantisce che voi e i vostri colleghi non possiate entrare in contatto con le sostanze chimiche.<\/p>\n\n\n\n<p>Quando il contenitore viene completamente svuotato con il sistema Safeline, non \u00e8 necessario aprirlo. Anche quando si scollega la VARIBOX, non \u00e8 necessario intervenire sul tappo a vite o sul contenitore stesso. \u00c8 sufficiente sganciare l&#8217;accoppiatore dal punto di connessione sulla parte superiore del contenitore. \u00c8 quindi possibile spostare il contenitore in tutta sicurezza, perch\u00e9 il design unico lascia meno di 1 litro di residui. In questo modo la VARIBOX pu\u00f2 essere trasportata in modo sicuro al fornitore. Poich\u00e9 il sistema VARIBOX Safeline \u00e8 un sistema chiuso, \u00e8 anche plausibile che nulla possa entrare nella VARIBOX. Questo vi d\u00e0 la possibilit\u00e0 di saltare il processo di pulizia.<\/p>\n\n\n\n<h5 class=\"wp-block-heading has-text-align-center wow animate__animated animate__fadeIn\" id=\"couldn-t-find-your-answer-in-the-video-connecting-safeline-performance\">Non hai trovato la tua risposta nel video Collegamento Safeline Performance?<\/h5>\n\n\n\n<p>Sappiamo che gli IBC VARIBOX, sicuri e riutilizzabili, vengono utilizzati per molte applicazioni diverse in molti mercati diversi. Pertanto, \u00e8 possibile che la vostra domanda\/risposta non sia inclusa nella sezione di supporto. In tal caso, contattate il nostro Servizio Clienti, che sar\u00e0 lieto di aiutarvi.<\/p>\n\n\n\n<div class=\"wp-block-ugb-button ugb-button-wrapper green-button ugb-ee16d32 ugb-button--mobile-aligned ugb-main-block\"><style>.ugb-ee16d32 .ugb-block-content{justify-content:center !important}.ugb-ee16d32 .ugb-button1 .ugb-button--inner{font-weight:bold !important}.ugb-ee16d32 .ugb-button1:hover{opacity:1}.ugb-ee16d32 .ugb-inner-block{text-align:center}@media screen and (min-width:768px){.ugb-ee16d32.ugb-button-wrapper{margin-bottom:0px !important}}@media screen and (max-width:768px){.ugb-ee16d32 .ugb-block-content{justify-content:center !important}.ugb-ee16d32 .ugb-inner-block{text-align:center}}<\/style><div class=\"ugb-inner-block\"><div class=\"ugb-block-content\"><div class=\"ugb-button-container\"><a class=\"ugb-button1 ugb-button ugb-button--size-normal\" href=\"https:\/\/varibox.best4u.dev\/it\/contattateci\/\" rel=\"\" title=\"\"><span class=\"ugb-button--inner\">Contattate<\/span><\/a><\/div><\/div><\/div><\/div>\n<\/div><\/div><\/div><\/div><\/div><\/div>\n","protected":false},"excerpt":{"rendered":"<p>Collegamento Safeline Performance Collegamento Safeline Performance &#8211; La sicurezza del trasporto e dello stoccaggio sono i principi base per cui sono stati sviluppati i contenitori intermedi per rinfuse (IBC) di VARIBOX. Per garantire la sicurezza nell&#8217;utilizzo dei nostri contenitori, tutti i contenitori possono essere dotati del sistema VARIBOX Safeline. Il sistema VARIBOX Safeline \u00e8 un [&hellip;]<\/p>\n","protected":false},"author":1,"featured_media":27302,"parent":0,"menu_order":0,"comment_status":"open","ping_status":"open","template":"","meta":{"_acf_changed":false,"footnotes":""},"class_list":["post-61741","page","type-page","status-publish","has-post-thumbnail","hentry"],"blocksy_meta":{"styles_descriptor":{"styles":{"desktop":"","tablet":"","mobile":""},"google_fonts":[],"version":6}},"featured_image_urls_v2":{"full":["https:\/\/varibox.best4u.dev\/wp-content\/uploads\/2024\/10\/VARIBOX-Safeline-2.png",325,370,false],"thumbnail":["https:\/\/varibox.best4u.dev\/wp-content\/uploads\/2024\/10\/VARIBOX-Safeline-2-256x256.png",256,256,true],"medium":["https:\/\/varibox.best4u.dev\/wp-content\/uploads\/2024\/10\/VARIBOX-Safeline-2.png",325,370,false],"medium_large":["https:\/\/varibox.best4u.dev\/wp-content\/uploads\/2024\/10\/VARIBOX-Safeline-2.png",325,370,false],"large":["https:\/\/varibox.best4u.dev\/wp-content\/uploads\/2024\/10\/VARIBOX-Safeline-2.png",325,370,false],"1536x1536":["https:\/\/varibox.best4u.dev\/wp-content\/uploads\/2024\/10\/VARIBOX-Safeline-2.png",325,370,false],"2048x2048":["https:\/\/varibox.best4u.dev\/wp-content\/uploads\/2024\/10\/VARIBOX-Safeline-2.png",325,370,false],"woocommerce_archive_thumbnail":["https:\/\/varibox.best4u.dev\/wp-content\/uploads\/2024\/10\/VARIBOX-Safeline-2-270x307.png",270,307,true],"gform-image-choice-sm":["https:\/\/varibox.best4u.dev\/wp-content\/uploads\/2024\/10\/VARIBOX-Safeline-2.png",264,300,false],"gform-image-choice-md":["https:\/\/varibox.best4u.dev\/wp-content\/uploads\/2024\/10\/VARIBOX-Safeline-2.png",325,370,false],"gform-image-choice-lg":["https:\/\/varibox.best4u.dev\/wp-content\/uploads\/2024\/10\/VARIBOX-Safeline-2.png",325,370,false],"woocommerce_thumbnail":["https:\/\/varibox.best4u.dev\/wp-content\/uploads\/2024\/10\/VARIBOX-Safeline-2-270x307.png",270,307,true],"woocommerce_single":["https:\/\/varibox.best4u.dev\/wp-content\/uploads\/2024\/10\/VARIBOX-Safeline-2.png",325,370,false],"woocommerce_gallery_thumbnail":["https:\/\/varibox.best4u.dev\/wp-content\/uploads\/2024\/10\/VARIBOX-Safeline-2-100x100.png",100,100,true],"variation_swatches_image_size":["https:\/\/varibox.best4u.dev\/wp-content\/uploads\/2024\/10\/VARIBOX-Safeline-2-50x50.png",50,50,true],"variation_swatches_tooltip_size":["https:\/\/varibox.best4u.dev\/wp-content\/uploads\/2024\/10\/VARIBOX-Safeline-2-100x100.png",100,100,true]},"post_excerpt_stackable_v2":"<p>Collegamento Safeline PerformanceCollegamento Safeline Performance &#8211; La sicurezza del trasporto e dello stoccaggio sono i principi base per cui sono stati sviluppati i contenitori intermedi per rinfuse (IBC) di VARIBOX. Per garantire la sicurezza nell&#8217;utilizzo dei nostri contenitori, tutti i contenitori possono essere dotati del sistema VARIBOX Safeline. Il sistema VARIBOX Safeline \u00e8 un sistema facile da usare che consiste in un tubo di estrazione nel container che pu\u00f2 essere collegato al vostro sistema tramite un accoppiatore. In questa pagina \u00e8 disponibile un video sul collegamento del sistema Safeline Performance. Contattate Pi\u00f9 sicuro Riutilizzabile Sostenibile VARIBOX Safeline Performance Safeline Performance&hellip;<\/p>\n","category_list_v2":"","author_info_v2":{"name":"Best4u","url":"https:\/\/varibox.best4u.dev\/it\/author\/best4u\/"},"comments_num_v2":"0 comments","acf":[],"_links":{"self":[{"href":"https:\/\/varibox.best4u.dev\/it\/wp-json\/wp\/v2\/pages\/61741","targetHints":{"allow":["GET"]}}],"collection":[{"href":"https:\/\/varibox.best4u.dev\/it\/wp-json\/wp\/v2\/pages"}],"about":[{"href":"https:\/\/varibox.best4u.dev\/it\/wp-json\/wp\/v2\/types\/page"}],"author":[{"embeddable":true,"href":"https:\/\/varibox.best4u.dev\/it\/wp-json\/wp\/v2\/users\/1"}],"replies":[{"embeddable":true,"href":"https:\/\/varibox.best4u.dev\/it\/wp-json\/wp\/v2\/comments?post=61741"}],"version-history":[{"count":1,"href":"https:\/\/varibox.best4u.dev\/it\/wp-json\/wp\/v2\/pages\/61741\/revisions"}],"predecessor-version":[{"id":61742,"href":"https:\/\/varibox.best4u.dev\/it\/wp-json\/wp\/v2\/pages\/61741\/revisions\/61742"}],"wp:featuredmedia":[{"embeddable":true,"href":"https:\/\/varibox.best4u.dev\/it\/wp-json\/wp\/v2\/media\/27302"}],"wp:attachment":[{"href":"https:\/\/varibox.best4u.dev\/it\/wp-json\/wp\/v2\/media?parent=61741"}],"curies":[{"name":"wp","href":"https:\/\/api.w.org\/{rel}","templated":true}]}}