{"id":61266,"date":"2022-02-15T12:41:42","date_gmt":"2022-02-15T11:41:42","guid":{"rendered":"https:\/\/varibox.best4u.dev\/formazione-sui-prodotti-varibox\/"},"modified":"2024-11-08T11:42:02","modified_gmt":"2024-11-08T10:42:02","slug":"formazione-sui-prodotti-varibox","status":"publish","type":"page","link":"https:\/\/varibox.best4u.dev\/it\/formazione-sui-prodotti-varibox\/","title":{"rendered":"Formazione sui prodotti VARIBOX"},"content":{"rendered":"\n<div class=\"wp-block-ugb-columns ugb-columns ugb-0d5d96e ugb-columns--design-plain ugb-columns--columns-2 ugb-main-block\"><style>.ugb-0d5d96e > .ugb-inner-block > .ugb-block-content > .ugb-columns__item{grid-template-columns:1.40fr 0.60fr !important}@media screen and (min-width:768px){.ugb-0d5d96e.ugb-columns{margin-bottom:83px !important}}@media screen and (max-width:768px){.ugb-0d5d96e-content-wrapper{grid-row-gap:0 !important}}<\/style><div class=\"ugb-inner-block\"><div class=\"ugb-block-content\"><div class=\"ugb-columns__item ugb-0d5d96e-content-wrapper\">\n<div class=\"wp-block-ugb-column ugb-column ugb-b383129 ugb-column--design-plain ugb-main-block\"><div class=\"ugb-inner-block\"><div class=\"ugb-block-content\"><div class=\"ugb-column__item ugb-b383129-column-wrapper\"><div class=\"ugb-column__content-wrapper\">\n<div class=\"wp-block-ugb-heading ugb-heading wow animate__animated animate__fadeIn ugb-bcdb7f0 ugb-main-block\"><style>.ugb-bcdb7f0 .ugb-heading__subtitle{margin-bottom:-5px !important}<\/style><div class=\"ugb-inner-block\"><div class=\"ugb-block-content\"><h1 class=\"ugb-heading__title\">Formazione sui prodotti VARIBOX<\/h1><p class=\"ugb-heading__subtitle\">Per VARIBOX lavorare in sicurezza con i prodotti chimici \u00e8 una priorit\u00e0 assoluta. La conoscenza della sicurezza \u00e8 essenziale, ecco perch\u00e9 abbiamo creato il corso di formazione sui prodotti VARIBOX. Questa formazione appositamente sviluppata ha l&#8217;obiettivo di contribuire a lavorare in sicurezza con i prodotti chimici e a riconoscere le situazioni di pericolo relative agli Intermediate Bulk Containers (IBC).<\/p><\/div><\/div><\/div>\n\n\n\n<div class=\"wp-block-ugb-button ugb-button-wrapper green-button wow animate__animated animate__fadeIn ugb-592e0a0 ugb-button--mobile-aligned ugb-main-block\"><style>.ugb-592e0a0 .ugb-block-content{justify-content:flex-start !important}.ugb-592e0a0 .ugb-button1 .ugb-button--inner{font-weight:bold !important}.ugb-592e0a0 .ugb-button1:hover{opacity:1}.ugb-592e0a0 .ugb-inner-block{text-align:left}@media screen and (min-width:768px){.ugb-592e0a0.ugb-button-wrapper{margin-bottom:0px !important}}@media screen and (max-width:768px){.ugb-592e0a0 .ugb-block-content{justify-content:center !important}.ugb-592e0a0 .ugb-inner-block{text-align:center}}<\/style><div class=\"ugb-inner-block\"><div class=\"ugb-block-content\"><div class=\"ugb-button-container\"><a class=\"ugb-button1 ugb-button ugb-button--size-normal\" href=\"https:\/\/varibox.best4u.dev\/it\/contattateci\/\" rel=\"\" title=\"\"><span class=\"ugb-button--inner\">Contattaci<\/span><\/a><\/div><\/div><\/div><\/div>\n<\/div><\/div><\/div><\/div><\/div>\n\n\n\n<div class=\"wp-block-ugb-column ugb-column ugb-e882f9a ugb-column--design-plain ugb-main-block\"><style>@media screen and (max-width:768px){.ugb-e882f9a .ugb-inner-block{text-align:center}}<\/style><div class=\"ugb-inner-block\"><div class=\"ugb-block-content\"><div class=\"ugb-column__item ugb-e882f9a-column-wrapper\"><div class=\"ugb-column__content-wrapper\">\n<figure class=\"wp-block-image size-full wow animate__animated animate__fadeIn\"><img decoding=\"async\" src=\"https:\/\/varibox.best4u.dev\/wp-content\/uploads\/2024\/10\/image-2.jpg\" alt=\"\" class=\"wp-image-175\"\/><\/figure>\n<\/div><\/div><\/div><\/div><\/div>\n<\/div><\/div><\/div><\/div>\n\n\n\n<div class=\"alignfull wp-block-ugb-container ugb-container ugb-25beaa0 ugb-container--v2 ugb-container--design-plain ugb-main-block ugb-main-block--inner-center ugb--has-block-background\"><style>.ugb-25beaa0.ugb-container{background-color:var(--theme-palette-color-7,#F9FAFB)}.ugb-25beaa0.ugb-container:before{background-color:var(--theme-palette-color-7,#F9FAFB)}@media screen and (min-width:768px){.ugb-25beaa0-content-wrapper.ugb-container__content-wrapper{width:85% !important}.ugb-25beaa0.ugb-container{margin-bottom:0px !important;padding-top:0px !important;padding-right:35px !important;padding-bottom:0px !important;padding-left:35px !important}}@media screen and (min-width:768px) and (max-width:1025px){.ugb-25beaa0-content-wrapper.ugb-container__content-wrapper{width:100% !important}}@media screen and (max-width:768px){.ugb-25beaa0.ugb-container{margin-bottom:0px !important;padding-top:0px !important;padding-right:18px !important;padding-bottom:0px !important;padding-left:18px !important}}@media screen and (min-width:768px){.ugb-25beaa0 > .ugb-inner-block > .ugb-block-content > *{padding-top:40px !important;padding-bottom:40px !important}}@media screen and (max-width:768px){.ugb-25beaa0 > .ugb-inner-block > .ugb-block-content > *{padding-top:35px !important;padding-bottom:0px !important}}<\/style><div class=\"ugb-inner-block ugb-inner-block--center\"><div class=\"ugb-block-content\"><div class=\"ugb-container__wrapper ugb-25beaa0-wrapper\"><div class=\"ugb-container__side\"><div class=\"ugb-container__content-wrapper ugb-25beaa0-content-wrapper\">\n<div class=\"aligncenter wp-block-ugb-columns ugb-columns top-icons-columns ugb-609d063 ugb-columns--design-plain ugb-columns--columns-3 ugb-main-block\"><style>.ugb-609d063-content-wrapper{grid-column-gap:15px !important}@media screen and (min-width:768px) and (max-width:1025px){.ugb-609d063-content-wrapper{grid-column-gap:0px !important}}@media screen and (max-width:768px){.ugb-609d063-content-wrapper{grid-row-gap:0 !important;grid-column-gap:0px !important}.ugb-609d063 .ugb-inner-block{text-align:center}.ugb-609d063.ugb-columns{margin-top:0px !important;margin-bottom:0px !important}}<\/style><div class=\"ugb-inner-block\"><div class=\"ugb-block-content\"><div class=\"ugb-columns__item ugb-609d063-content-wrapper\">\n<div class=\"wp-block-ugb-column ugb-column ugb-aa84cea ugb-column--design-plain ugb-main-block\"><div class=\"ugb-inner-block\"><div class=\"ugb-block-content\"><div class=\"ugb-column__item ugb-aa84cea-column-wrapper\"><div class=\"ugb-column__content-wrapper\">\n<div class=\"wp-block-group is-layout-flow wp-block-group-is-layout-flow\">\n<div class=\"wp-block-media-text alignwide is-stacked-on-mobile is-vertically-aligned-center content-pages-top-icons\" style=\"grid-template-columns:30% auto\"><figure class=\"wp-block-media-text__media\"><img decoding=\"async\" src=\"https:\/\/varibox.best4u.dev\/wp-content\/uploads\/2021\/12\/test.svg\" alt=\"\" class=\"wp-image-3005 size-full\"\/><\/figure><div class=\"wp-block-media-text__content\">\n<h4 class=\"wp-block-heading has-text-align-left has-medium-font-size\">Pi\u00f9 sicuro<\/h4>\n<\/div><\/div>\n<\/div>\n<\/div><\/div><\/div><\/div><\/div>\n\n\n\n<div class=\"wp-block-ugb-column ugb-column ugb-a25ba9c ugb-column--design-plain ugb-main-block\"><div class=\"ugb-inner-block\"><div class=\"ugb-block-content\"><div class=\"ugb-column__item ugb-a25ba9c-column-wrapper\"><div class=\"ugb-column__content-wrapper\">\n<div class=\"wp-block-group is-layout-flow wp-block-group-is-layout-flow\">\n<div class=\"wp-block-media-text alignwide is-stacked-on-mobile is-vertically-aligned-center content-pages-top-icons\" style=\"grid-template-columns:30% auto\"><figure class=\"wp-block-media-text__media\"><img decoding=\"async\" src=\"https:\/\/varibox.best4u.dev\/wp-content\/uploads\/2021\/11\/reuseablility-green-1.svg\" alt=\"\" class=\"wp-image-1838 size-full\"\/><\/figure><div class=\"wp-block-media-text__content\">\n<h4 class=\"wp-block-heading has-text-align-left has-medium-font-size\">Riutilizzabile<\/h4>\n<\/div><\/div>\n<\/div>\n<\/div><\/div><\/div><\/div><\/div>\n\n\n\n<div class=\"wp-block-ugb-column ugb-column ugb-ed3faa1 ugb-column--design-plain ugb-main-block\"><div class=\"ugb-inner-block\"><div class=\"ugb-block-content\"><div class=\"ugb-column__item ugb-ed3faa1-column-wrapper\"><div class=\"ugb-column__content-wrapper\">\n<div class=\"wp-block-group is-layout-flow wp-block-group-is-layout-flow\">\n<div class=\"wp-block-media-text alignwide is-stacked-on-mobile is-vertically-aligned-center content-pages-top-icons\" style=\"grid-template-columns:29% auto\"><figure class=\"wp-block-media-text__media\"><img decoding=\"async\" src=\"https:\/\/varibox.best4u.dev\/wp-content\/uploads\/2021\/11\/sustainability-green-1.svg\" alt=\"\" class=\"wp-image-1851 size-full\"\/><\/figure><div class=\"wp-block-media-text__content\">\n<h4 class=\"wp-block-heading has-text-align-left has-medium-font-size\">Sostenibile<\/h4>\n<\/div><\/div>\n<\/div>\n<\/div><\/div><\/div><\/div><\/div>\n<\/div><\/div><\/div><\/div>\n<\/div><\/div><\/div><\/div><\/div><\/div>\n\n\n\n<h3 class=\"wp-block-heading\" id=\"diversity-of-topics\">Diversit\u00e0 di argomenti<\/h3>\n\n\n\n<p>In VARIBOX, la sicurezza \u00e8 sempre la priorit\u00e0 numero 1. Siamo felici di aiutarvi a raggiungere i vostri obiettivi di sicurezza. Siamo lieti di offrirvi la nostra formazione per aiutarvi a lavorare in sicurezza con i prodotti chimici. La formazione sui prodotti VARIBOX \u00e8 suddivisa nei seguenti argomenti:<\/p>\n\n\n\n<ul class=\"wp-block-list\">\n<li>Riconoscere situazioni pericolose con gli IBC<\/li>\n\n\n\n<li>Conoscenza delle normative di stoccaggio e trasporto applicabili agli IBC.<\/li>\n\n\n\n<li>Lettura del marchio ONU.<\/li>\n\n\n\n<li>Gli aspetti rilevanti delle normative ONU e ADR (regolamenti per stoccaggio e trasporto) applicabili agli IBC.<\/li>\n\n\n\n<li>Differenza tra i materiali di tenuta EPDM e Viton.<\/li>\n\n\n\n<li>Le caratteristiche del prodotto VARIBOX.<\/li>\n\n\n\n<li>L&#8217;uso sicuro del VARIBOX.<\/li>\n\n\n\n<li>Il collegamento e scollegamento sicuro dei raccordi sul VARIBOX.<\/li>\n\n\n\n<li>Le normative riguardanti la sfiato del VARIBOX.<\/li>\n\n\n\n<li>Pulizia del VARIBOX.<\/li>\n<\/ul>\n\n\n\n<p>Ovviamente, oltre a questi argomenti, viene considerata ampiamente la tua situazione specifica.<\/p>\n\n\n\n<h3 class=\"wp-block-heading\" id=\"would-you-like-to-have-a-look-behind-the-scenes\">Vuoi dare un&#8217;occhiata dietro le quinte?<\/h3>\n\n\n\n<p>Vuoi dare un&#8217;occhiata dietro le quinte a Deventer? \u00c8 possibile seguire la formazione sui prodotti VARIBOX nella nostra sede di produzione VARIBOX a Deventer, nei Paesi Bassi. La sede di Deventer \u00e8 adatta per sessioni di formazione di gruppo. Inoltre, puoi vedere come il VARIBOX viene prodotto nella nostra linea di produzione ergonomica. Vogliamo anche invitarti a vedere il VARIBOX nella nostra sala demo.<\/p>\n\n\n\n<h2 class=\"wp-block-heading\" id=\"varibox-product-training-on-location\">Formazione sui prodotti VARIBOX in loco<\/h2>\n\n\n\n<p>Preferisci l&#8217;incontro in loco? Anche questo \u00e8 possibile! La formazione pu\u00f2 essere fornita dai nostri account manager. Siamo lieti di spiegarti in loco come lavorare in sicurezza con le sostanze chimiche utilizzando il VARIBOX.<\/p>\n\n\n\n<figure class=\"wp-block-image size-full\"><img decoding=\"async\" src=\"https:\/\/varibox.best4u.dev\/wp-content\/uploads\/2024\/10\/Erfahrungsaustausch-Vion-Sifas-05-2019-1024x768-1.jpg\" alt=\"VARIBOX product training\" class=\"wp-image-8713\" title=\"VARIBOX product training\"\/><\/figure>\n\n\n\n<h3 class=\"wp-block-heading\" id=\"more-information\">Maggiori informazioni sulla formazione sui prodotti VARIBOX<\/h3>\n\n\n\n<p>Vuoi prendere un appuntamento? Hai altre domande specifiche o vuoi saperne di pi\u00f9 sui nostri VARIBOX FC o VARIBOX SC? Contattaci: <a>info@varibox-ibc.com<\/a> o chiama +31 570 660 711.<\/p>\n\n\n\n<div class=\"wp-block-ugb-button ugb-button-wrapper green-button ugb-ee16d32 ugb-button--mobile-aligned ugb-main-block\"><style>.ugb-ee16d32 .ugb-block-content{justify-content:center !important}.ugb-ee16d32 .ugb-button1 .ugb-button--inner{font-weight:bold !important}.ugb-ee16d32 .ugb-button1:hover{opacity:1}.ugb-ee16d32 .ugb-inner-block{text-align:center}@media screen and (min-width:768px){.ugb-ee16d32.ugb-button-wrapper{margin-bottom:0px !important}}@media screen and (max-width:768px){.ugb-ee16d32 .ugb-block-content{justify-content:center !important}.ugb-ee16d32 .ugb-inner-block{text-align:center}}<\/style><div class=\"ugb-inner-block\"><div class=\"ugb-block-content\"><div class=\"ugb-button-container\"><a class=\"ugb-button1 ugb-button ugb-button--size-normal\" href=\"https:\/\/varibox.best4u.dev\/it\/contattateci\/\" rel=\"\" title=\"\"><span class=\"ugb-button--inner\">Contattaci<\/span><\/a><\/div><\/div><\/div><\/div>\n","protected":false},"excerpt":{"rendered":"<p>Formazione sui prodotti VARIBOX Per VARIBOX lavorare in sicurezza con i prodotti chimici \u00e8 una priorit\u00e0 assoluta. La conoscenza della sicurezza \u00e8 essenziale, ecco perch\u00e9 abbiamo creato il corso di formazione sui prodotti VARIBOX. Questa formazione appositamente sviluppata ha l&#8217;obiettivo di contribuire a lavorare in sicurezza con i prodotti chimici e a riconoscere le situazioni [&hellip;]<\/p>\n","protected":false},"author":1,"featured_media":29375,"parent":0,"menu_order":0,"comment_status":"open","ping_status":"open","template":"","meta":{"_acf_changed":false,"footnotes":""},"class_list":["post-61266","page","type-page","status-publish","has-post-thumbnail","hentry"],"blocksy_meta":{"styles_descriptor":{"styles":{"desktop":"","tablet":"","mobile":""},"google_fonts":[],"version":6}},"featured_image_urls_v2":{"full":["https:\/\/varibox.best4u.dev\/wp-content\/uploads\/2024\/10\/Erfahrungsaustausch-Vion-Sifas-05-2019-1024x768-1.jpg",1024,768,false],"thumbnail":["https:\/\/varibox.best4u.dev\/wp-content\/uploads\/2024\/10\/Erfahrungsaustausch-Vion-Sifas-05-2019-1024x768-1-256x256.jpg",256,256,true],"medium":["https:\/\/varibox.best4u.dev\/wp-content\/uploads\/2024\/10\/Erfahrungsaustausch-Vion-Sifas-05-2019-1024x768-1-512x384.jpg",512,384,true],"medium_large":["https:\/\/varibox.best4u.dev\/wp-content\/uploads\/2024\/10\/Erfahrungsaustausch-Vion-Sifas-05-2019-1024x768-1-768x576.jpg",768,576,true],"large":["https:\/\/varibox.best4u.dev\/wp-content\/uploads\/2024\/10\/Erfahrungsaustausch-Vion-Sifas-05-2019-1024x768-1.jpg",1024,768,false],"1536x1536":["https:\/\/varibox.best4u.dev\/wp-content\/uploads\/2024\/10\/Erfahrungsaustausch-Vion-Sifas-05-2019-1024x768-1.jpg",1024,768,false],"2048x2048":["https:\/\/varibox.best4u.dev\/wp-content\/uploads\/2024\/10\/Erfahrungsaustausch-Vion-Sifas-05-2019-1024x768-1.jpg",1024,768,false],"woocommerce_archive_thumbnail":["https:\/\/varibox.best4u.dev\/wp-content\/uploads\/2024\/10\/Erfahrungsaustausch-Vion-Sifas-05-2019-1024x768-1-270x203.jpg",270,203,true],"gform-image-choice-sm":["https:\/\/varibox.best4u.dev\/wp-content\/uploads\/2024\/10\/Erfahrungsaustausch-Vion-Sifas-05-2019-1024x768-1.jpg",300,225,false],"gform-image-choice-md":["https:\/\/varibox.best4u.dev\/wp-content\/uploads\/2024\/10\/Erfahrungsaustausch-Vion-Sifas-05-2019-1024x768-1.jpg",400,300,false],"gform-image-choice-lg":["https:\/\/varibox.best4u.dev\/wp-content\/uploads\/2024\/10\/Erfahrungsaustausch-Vion-Sifas-05-2019-1024x768-1.jpg",600,450,false],"woocommerce_thumbnail":["https:\/\/varibox.best4u.dev\/wp-content\/uploads\/2024\/10\/Erfahrungsaustausch-Vion-Sifas-05-2019-1024x768-1-270x203.jpg",270,203,true],"woocommerce_single":["https:\/\/varibox.best4u.dev\/wp-content\/uploads\/2024\/10\/Erfahrungsaustausch-Vion-Sifas-05-2019-1024x768-1.jpg",1024,768,false],"woocommerce_gallery_thumbnail":["https:\/\/varibox.best4u.dev\/wp-content\/uploads\/2024\/10\/Erfahrungsaustausch-Vion-Sifas-05-2019-1024x768-1-100x100.jpg",100,100,true],"variation_swatches_image_size":["https:\/\/varibox.best4u.dev\/wp-content\/uploads\/2024\/10\/Erfahrungsaustausch-Vion-Sifas-05-2019-1024x768-1-50x50.jpg",50,50,true],"variation_swatches_tooltip_size":["https:\/\/varibox.best4u.dev\/wp-content\/uploads\/2024\/10\/Erfahrungsaustausch-Vion-Sifas-05-2019-1024x768-1-100x100.jpg",100,100,true]},"post_excerpt_stackable_v2":"<p>Formazione sui prodotti VARIBOXPer VARIBOX lavorare in sicurezza con i prodotti chimici \u00e8 una priorit\u00e0 assoluta. La conoscenza della sicurezza \u00e8 essenziale, ecco perch\u00e9 abbiamo creato il corso di formazione sui prodotti VARIBOX. Questa formazione appositamente sviluppata ha l&#8217;obiettivo di contribuire a lavorare in sicurezza con i prodotti chimici e a riconoscere le situazioni di pericolo relative agli Intermediate Bulk Containers (IBC). Contattaci Pi\u00f9 sicuro Riutilizzabile Sostenibile Diversit\u00e0 di argomenti In VARIBOX, la sicurezza \u00e8 sempre la priorit\u00e0 numero 1. Siamo felici di aiutarvi a raggiungere i vostri obiettivi di sicurezza. Siamo lieti di offrirvi la nostra formazione per aiutarvi&hellip;<\/p>\n","category_list_v2":"","author_info_v2":{"name":"Best4u","url":"https:\/\/varibox.best4u.dev\/it\/author\/best4u\/"},"comments_num_v2":"0 comments","acf":[],"_links":{"self":[{"href":"https:\/\/varibox.best4u.dev\/it\/wp-json\/wp\/v2\/pages\/61266","targetHints":{"allow":["GET"]}}],"collection":[{"href":"https:\/\/varibox.best4u.dev\/it\/wp-json\/wp\/v2\/pages"}],"about":[{"href":"https:\/\/varibox.best4u.dev\/it\/wp-json\/wp\/v2\/types\/page"}],"author":[{"embeddable":true,"href":"https:\/\/varibox.best4u.dev\/it\/wp-json\/wp\/v2\/users\/1"}],"replies":[{"embeddable":true,"href":"https:\/\/varibox.best4u.dev\/it\/wp-json\/wp\/v2\/comments?post=61266"}],"version-history":[{"count":1,"href":"https:\/\/varibox.best4u.dev\/it\/wp-json\/wp\/v2\/pages\/61266\/revisions"}],"predecessor-version":[{"id":61267,"href":"https:\/\/varibox.best4u.dev\/it\/wp-json\/wp\/v2\/pages\/61266\/revisions\/61267"}],"wp:featuredmedia":[{"embeddable":true,"href":"https:\/\/varibox.best4u.dev\/it\/wp-json\/wp\/v2\/media\/29375"}],"wp:attachment":[{"href":"https:\/\/varibox.best4u.dev\/it\/wp-json\/wp\/v2\/media?parent=61266"}],"curies":[{"name":"wp","href":"https:\/\/api.w.org\/{rel}","templated":true}]}}